{"id":107,"date":"2025-12-18T07:08:05","date_gmt":"2025-12-18T07:08:05","guid":{"rendered":"https:\/\/fairmonthanoi.accorv2prod2.decms.eu\/spa-wellness\/"},"modified":"2026-01-21T06:20:38","modified_gmt":"2026-01-21T06:20:38","slug":"spa-wellness","status":"publish","type":"page","link":"https:\/\/www.fairmonthanoi.com\/vi\/spa-wellness\/","title":{"rendered":"CH\u0102M S\u00d3C S\u1ee8C KH\u1eceE"},"content":{"rendered":"<p>T\u1ea1i Fairmont Hanoi, ch\u0103m s\u00f3c kh\u00f4ng ch\u1ec9 l\u00e0 s\u1ef1 th\u01b0 gi\u00e3n, m\u00e0 l\u00e0 h\u00e0nh tr\u00ecnh c\u1ee7a c\u00e2n b\u1eb1ng, v\u1ebb \u0111\u1eb9p v\u00e0 nh\u1eefng kho\u1ea3ng d\u1eebng c\u00f3 ch\u1ee7 \u0111\u00edch. T\u1eeb Cirua Bathhouse r\u1ed9ng m\u1edf, Fairmont Spa y\u00ean t\u0129nh \u0111\u1ebfn Fairmont Fit tr\u00e0n \u0111\u1ea7y n\u0103ng l\u01b0\u1ee3ng, m\u1ed7i kh\u00f4ng gian \u0111\u1ec1u m\u1eddi Qu\u00fd kh\u00e1ch ch\u1eadm l\u1ea1i \u0111\u1ec3 k\u1ebft n\u1ed1i v\u1edbi ch\u00ednh m\u00ecnh. Li\u1ec7u ph\u00e1p t\u1eafm nhi\u1ec7t, tr\u1ecb li\u1ec7u \u0111a gi\u00e1c quan, nghi th\u1ee9c hammam v\u00e0 chuy\u1ec3n \u0111\u1ed9ng ch\u00e1nh ni\u1ec7m c\u00f9ng h\u00f2a quy\u1ec7n trong m\u1ed9t h\u1ec7 sinh th\u00e1i ch\u0103m s\u00f3c s\u1ee9c kh\u1ecfe to\u00e0n di\u1ec7n. D\u00f9 Qu\u00fd kh\u00e1ch t\u00ecm ki\u1ebfm s\u1ef1 th\u01b0 gi\u00e3n s\u00e2u, ch\u0103m s\u00f3c c\u00e1 nh\u00e2n tinh t\u1ebf hay ngu\u1ed3n n\u0103ng l\u01b0\u1ee3ng t\u00e1i t\u1ea1o, th\u1ebf gi\u1edbi wellness t\u1ea1i Fairmont Hanoi \u0111\u01b0\u1ee3c thi\u1ebft k\u1ebf \u0111\u1ec3 ph\u1ee5c h\u1ed3i, n\u00e2ng t\u1ea7m v\u00e0 t\u00e1i c\u00e2n b\u1eb1ng c\u1ea3 th\u1ec3 ch\u1ea5t l\u1eabn tinh th\u1ea7n.<\/p>\n","protected":false},"excerpt":{"rendered":"<p>T\u1ea1i Fairmont Hanoi, ch\u0103m s\u00f3c kh\u00f4ng ch\u1ec9 l\u00e0 s\u1ef1 th\u01b0 gi\u00e3n, m\u00e0 l\u00e0 h\u00e0nh tr\u00ecnh c\u1ee7a c\u00e2n b\u1eb1ng, v\u1ebb \u0111\u1eb9p v\u00e0 nh\u1eefng kho\u1ea3ng d\u1eebng c\u00f3 ch\u1ee7 \u0111\u00edch. T\u1eeb Cirua Bathhouse r\u1ed9ng m\u1edf, Fairmont Spa y\u00ean t\u0129nh \u0111\u1ebfn Fairmont Fit tr\u00e0n \u0111\u1ea7y n\u0103ng l\u01b0\u1ee3ng, m\u1ed7i kh\u00f4ng gian \u0111\u1ec1u m\u1eddi Qu\u00fd kh\u00e1ch ch\u1eadm l\u1ea1i \u0111\u1ec3 k\u1ebft n\u1ed1i [&hellip;]<\/p>\n","protected":false},"author":30,"featured_media":0,"parent":0,"menu_order":0,"comment_status":"closed","ping_status":"closed","template":"","meta":{"footnotes":""},"categories":[],"class_list":["post-107","page","type-page","status-publish","hentry"],"acf":[],"yoast_head":"<!-- This site is optimized with the Yoast SEO plugin v26.9 - https:\/\/yoast.com\/product\/yoast-seo-wordpress\/ -->\n<title>Spa &amp; Wellness t\u1ea1i Fairmont Hanoi | Cirua Bathhouse, Fairmont Fit &amp; Spa<\/title>\n<meta name=\"description\" content=\"Kh\u00e1m ph\u00e1 tr\u1ea3i nghi\u1ec7m ch\u0103m s\u00f3c s\u1ee9c kh\u1ecfe to\u00e0n di\u1ec7n t\u1ea1i Fairmont Hanoi v\u1edbi Cirua Bathhouse, c\u00e1c li\u1ec7u tr\u00ecnh tinh t\u1ebf t\u1ea1i Fairmont Spa v\u00e0 ch\u01b0\u01a1ng tr\u00ecnh v\u1eadn \u0111\u1ed9ng gi\u00e0u n\u0103ng l\u01b0\u1ee3ng t\u1ea1i Fairmont Fit\" \/>\n<meta name=\"robots\" content=\"index, follow, max-snippet:-1, max-image-preview:large, max-video-preview:-1\" \/>\n<link rel=\"canonical\" href=\"https:\/\/www.fairmonthanoi.com\/vi\/spa-wellness\/\" \/>\n<meta property=\"og:locale\" content=\"vi_VN\" \/>\n<meta property=\"og:type\" content=\"article\" \/>\n<meta property=\"og:title\" content=\"Spa &amp; Wellness t\u1ea1i Fairmont Hanoi | Cirua Bathhouse, Fairmont Fit &amp; Spa\" \/>\n<meta property=\"og:description\" content=\"Kh\u00e1m ph\u00e1 tr\u1ea3i nghi\u1ec7m ch\u0103m s\u00f3c s\u1ee9c kh\u1ecfe to\u00e0n di\u1ec7n t\u1ea1i Fairmont Hanoi v\u1edbi Cirua Bathhouse, c\u00e1c li\u1ec7u tr\u00ecnh tinh t\u1ebf t\u1ea1i Fairmont Spa v\u00e0 ch\u01b0\u01a1ng tr\u00ecnh v\u1eadn \u0111\u1ed9ng gi\u00e0u n\u0103ng l\u01b0\u1ee3ng t\u1ea1i Fairmont Fit\" \/>\n<meta property=\"og:url\" content=\"https:\/\/www.fairmonthanoi.com\/vi\/spa-wellness\/\" \/>\n<meta property=\"og:site_name\" content=\"Fairmont Hanoi\" \/>\n<meta property=\"article:modified_time\" content=\"2026-01-21T06:20:38+00:00\" \/>\n<meta name=\"twitter:card\" content=\"summary_large_image\" \/>\n<meta name=\"twitter:label1\" content=\"Est. reading time\" \/>\n\t<meta name=\"twitter:data1\" content=\"1 minute\" \/>\n<script type=\"application\/ld+json\" class=\"yoast-schema-graph\">{\"@context\":\"https:\/\/schema.org\",\"@graph\":[{\"@type\":\"WebPage\",\"@id\":\"https:\/\/www.fairmonthanoi.com\/vi\/spa-wellness\/\",\"url\":\"https:\/\/www.fairmonthanoi.com\/vi\/spa-wellness\/\",\"name\":\"Spa & Wellness t\u1ea1i Fairmont Hanoi | Cirua Bathhouse, Fairmont Fit & Spa\",\"isPartOf\":{\"@id\":\"https:\/\/www.fairmonthanoi.com\/#website\"},\"datePublished\":\"2025-12-18T07:08:05+00:00\",\"dateModified\":\"2026-01-21T06:20:38+00:00\",\"description\":\"Kh\u00e1m ph\u00e1 tr\u1ea3i nghi\u1ec7m ch\u0103m s\u00f3c s\u1ee9c kh\u1ecfe to\u00e0n di\u1ec7n t\u1ea1i Fairmont Hanoi v\u1edbi Cirua Bathhouse, c\u00e1c li\u1ec7u tr\u00ecnh tinh t\u1ebf t\u1ea1i Fairmont Spa v\u00e0 ch\u01b0\u01a1ng tr\u00ecnh v\u1eadn \u0111\u1ed9ng gi\u00e0u n\u0103ng l\u01b0\u1ee3ng t\u1ea1i Fairmont Fit\",\"breadcrumb\":{\"@id\":\"https:\/\/www.fairmonthanoi.com\/vi\/spa-wellness\/#breadcrumb\"},\"inLanguage\":\"vi-VN\",\"potentialAction\":[{\"@type\":\"ReadAction\",\"target\":[\"https:\/\/www.fairmonthanoi.com\/vi\/spa-wellness\/\"]}]},{\"@type\":\"BreadcrumbList\",\"@id\":\"https:\/\/www.fairmonthanoi.com\/vi\/spa-wellness\/#breadcrumb\",\"itemListElement\":[{\"@type\":\"ListItem\",\"position\":1,\"name\":\"Home\",\"item\":\"https:\/\/www.fairmonthanoi.com\/vi\/\"},{\"@type\":\"ListItem\",\"position\":2,\"name\":\"CH\u0102M S\u00d3C S\u1ee8C KH\u1eceE\"}]},{\"@type\":\"WebSite\",\"@id\":\"https:\/\/www.fairmonthanoi.com\/#website\",\"url\":\"https:\/\/www.fairmonthanoi.com\/\",\"name\":\"Fairmont Hanoi\",\"description\":\"\",\"potentialAction\":[{\"@type\":\"SearchAction\",\"target\":{\"@type\":\"EntryPoint\",\"urlTemplate\":\"https:\/\/www.fairmonthanoi.com\/?s={search_term_string}\"},\"query-input\":{\"@type\":\"PropertyValueSpecification\",\"valueRequired\":true,\"valueName\":\"search_term_string\"}}],\"inLanguage\":\"vi-VN\"}]}<\/script>\n<!-- \/ Yoast SEO plugin. -->","yoast_head_json":{"title":"Spa & Wellness t\u1ea1i Fairmont Hanoi | Cirua Bathhouse, Fairmont Fit & Spa","description":"Kh\u00e1m ph\u00e1 tr\u1ea3i nghi\u1ec7m ch\u0103m s\u00f3c s\u1ee9c kh\u1ecfe to\u00e0n di\u1ec7n t\u1ea1i Fairmont Hanoi v\u1edbi Cirua Bathhouse, c\u00e1c li\u1ec7u tr\u00ecnh tinh t\u1ebf t\u1ea1i Fairmont Spa v\u00e0 ch\u01b0\u01a1ng tr\u00ecnh v\u1eadn \u0111\u1ed9ng gi\u00e0u n\u0103ng l\u01b0\u1ee3ng t\u1ea1i Fairmont Fit","robots":{"index":"index","follow":"follow","max-snippet":"max-snippet:-1","max-image-preview":"max-image-preview:large","max-video-preview":"max-video-preview:-1"},"canonical":"https:\/\/www.fairmonthanoi.com\/vi\/spa-wellness\/","og_locale":"vi_VN","og_type":"article","og_title":"Spa & Wellness t\u1ea1i Fairmont Hanoi | Cirua Bathhouse, Fairmont Fit & Spa","og_description":"Kh\u00e1m ph\u00e1 tr\u1ea3i nghi\u1ec7m ch\u0103m s\u00f3c s\u1ee9c kh\u1ecfe to\u00e0n di\u1ec7n t\u1ea1i Fairmont Hanoi v\u1edbi Cirua Bathhouse, c\u00e1c li\u1ec7u tr\u00ecnh tinh t\u1ebf t\u1ea1i Fairmont Spa v\u00e0 ch\u01b0\u01a1ng tr\u00ecnh v\u1eadn \u0111\u1ed9ng gi\u00e0u n\u0103ng l\u01b0\u1ee3ng t\u1ea1i Fairmont Fit","og_url":"https:\/\/www.fairmonthanoi.com\/vi\/spa-wellness\/","og_site_name":"Fairmont Hanoi","article_modified_time":"2026-01-21T06:20:38+00:00","twitter_card":"summary_large_image","twitter_misc":{"Est. reading time":"1 minute"},"schema":{"@context":"https:\/\/schema.org","@graph":[{"@type":"WebPage","@id":"https:\/\/www.fairmonthanoi.com\/vi\/spa-wellness\/","url":"https:\/\/www.fairmonthanoi.com\/vi\/spa-wellness\/","name":"Spa & Wellness t\u1ea1i Fairmont Hanoi | Cirua Bathhouse, Fairmont Fit & Spa","isPartOf":{"@id":"https:\/\/www.fairmonthanoi.com\/#website"},"datePublished":"2025-12-18T07:08:05+00:00","dateModified":"2026-01-21T06:20:38+00:00","description":"Kh\u00e1m ph\u00e1 tr\u1ea3i nghi\u1ec7m ch\u0103m s\u00f3c s\u1ee9c kh\u1ecfe to\u00e0n di\u1ec7n t\u1ea1i Fairmont Hanoi v\u1edbi Cirua Bathhouse, c\u00e1c li\u1ec7u tr\u00ecnh tinh t\u1ebf t\u1ea1i Fairmont Spa v\u00e0 ch\u01b0\u01a1ng tr\u00ecnh v\u1eadn \u0111\u1ed9ng gi\u00e0u n\u0103ng l\u01b0\u1ee3ng t\u1ea1i Fairmont Fit","breadcrumb":{"@id":"https:\/\/www.fairmonthanoi.com\/vi\/spa-wellness\/#breadcrumb"},"inLanguage":"vi-VN","potentialAction":[{"@type":"ReadAction","target":["https:\/\/www.fairmonthanoi.com\/vi\/spa-wellness\/"]}]},{"@type":"BreadcrumbList","@id":"https:\/\/www.fairmonthanoi.com\/vi\/spa-wellness\/#breadcrumb","itemListElement":[{"@type":"ListItem","position":1,"name":"Home","item":"https:\/\/www.fairmonthanoi.com\/vi\/"},{"@type":"ListItem","position":2,"name":"CH\u0102M S\u00d3C S\u1ee8C KH\u1eceE"}]},{"@type":"WebSite","@id":"https:\/\/www.fairmonthanoi.com\/#website","url":"https:\/\/www.fairmonthanoi.com\/","name":"Fairmont Hanoi","description":"","potentialAction":[{"@type":"SearchAction","target":{"@type":"EntryPoint","urlTemplate":"https:\/\/www.fairmonthanoi.com\/?s={search_term_string}"},"query-input":{"@type":"PropertyValueSpecification","valueRequired":true,"valueName":"search_term_string"}}],"inLanguage":"vi-VN"}]}},"_links":{"self":[{"href":"https:\/\/www.fairmonthanoi.com\/vi\/wp-json\/wp\/v2\/pages\/107","targetHints":{"allow":["GET"]}}],"collection":[{"href":"https:\/\/www.fairmonthanoi.com\/vi\/wp-json\/wp\/v2\/pages"}],"about":[{"href":"https:\/\/www.fairmonthanoi.com\/vi\/wp-json\/wp\/v2\/types\/page"}],"author":[{"embeddable":true,"href":"https:\/\/www.fairmonthanoi.com\/vi\/wp-json\/wp\/v2\/users\/30"}],"replies":[{"embeddable":true,"href":"https:\/\/www.fairmonthanoi.com\/vi\/wp-json\/wp\/v2\/comments?post=107"}],"version-history":[{"count":0,"href":"https:\/\/www.fairmonthanoi.com\/vi\/wp-json\/wp\/v2\/pages\/107\/revisions"}],"wp:attachment":[{"href":"https:\/\/www.fairmonthanoi.com\/vi\/wp-json\/wp\/v2\/media?parent=107"}],"wp:term":[{"taxonomy":"category","embeddable":true,"href":"https:\/\/www.fairmonthanoi.com\/vi\/wp-json\/wp\/v2\/categories?post=107"}],"curies":[{"name":"wp","href":"https:\/\/api.w.org\/{rel}","templated":true}]}}