{"id":109,"date":"2025-12-18T07:15:52","date_gmt":"2025-12-18T07:15:52","guid":{"rendered":"https:\/\/fairmonthanoi.accorv2prod2.decms.eu\/spa-wellness\/fairmont-spa\/"},"modified":"2026-04-06T01:41:53","modified_gmt":"2026-04-06T01:41:53","slug":"fairmont-spa","status":"publish","type":"page","link":"https:\/\/www.fairmonthanoi.com\/vi\/spa-wellness\/fairmont-spa\/","title":{"rendered":"Fairmont Spa"},"content":{"rendered":"<p style=\"text-align: center\">T\u1ea1i Fairmont Spa(Khai tr\u01b0\u01a1ng ng\u00e0y 1 th\u00e1ng 5 n\u0103m 2026), m\u1ed7i li\u1ec7u tr\u00ecnh \u0111\u1ec1u \u0111\u01b0\u1ee3c ch\u0103m ch\u00fat nh\u1eb1m gi\u00fap Qu\u00fd kh\u00e1ch t\u00e1i c\u00e2n b\u1eb1ng th\u00e2n &#8211; t\u00e2m &#8211; tr\u00ed. L\u1ea5y c\u1ea3m h\u1ee9ng t\u1eeb tri\u1ebft l\u00fd tr\u1ecb li\u1ec7u \u0110\u00f4ng \u2013 T\u00e2y, \u0111\u1ed9i ng\u0169 tr\u1ecb li\u1ec7u vi\u00ean tuy\u1ec3n ch\u1ecdn v\u00e0 c\u00e1 nh\u00e2n h\u00f3a t\u1eebng nghi th\u1ee9c th\u00f4ng qua li\u1ec7u ph\u00e1p massage \u0111\u1eb7c tr\u01b0ng, ch\u0103m s\u00f3c da m\u1eb7t ph\u1ee5c h\u1ed3i, tr\u1ecb li\u1ec7u c\u01a1 th\u1ec3 v\u00e0 nh\u1eefng h\u00e0nh tr\u00ecnh spa th\u01b0 gi\u00e3n s\u00e2u.<br \/>\nKh\u00f4ng gian spa g\u1ed3m 10 ph\u00f2ng tr\u1ecb li\u1ec7u y\u00ean t\u0129nh, v\u1edbi ph\u00f2ng d\u00e0nh ri\u00eang c\u1eb7p \u0111\u00f4i v\u00e0 khu th\u01b0 gi\u00e3n ri\u00eang t\u01b0, c\u00f9ng Spa Caf\u00e9 ch\u00fa tr\u1ecdng ch\u0103m s\u00f3c s\u1ee9c kh\u1ecfe v\u1edbi nh\u1eefng l\u1ef1a ch\u1ecdn nh\u1eb9 nh\u00e0ng, l\u00e0nh m\u1ea1nh. M\u1ed7i chi ti\u1ebft \u0111\u1ec1u m\u1eddi g\u1ecdi Qu\u00fd kh\u00e1ch ch\u1eadm l\u1ea1i, t\u00e1i s\u1eafp x\u1ebfp c\u00e1c gi\u00e1c quan v\u00e0 tr\u1edf v\u1ec1 tr\u1ea1ng th\u00e1i an y\u00ean, minh tri\u1ebft.<\/p>\n","protected":false},"excerpt":{"rendered":"<p>T\u1ea1i Fairmont Spa(Khai tr\u01b0\u01a1ng ng\u00e0y 1 th\u00e1ng 5 n\u0103m 2026), m\u1ed7i li\u1ec7u tr\u00ecnh \u0111\u1ec1u \u0111\u01b0\u1ee3c ch\u0103m ch\u00fat nh\u1eb1m gi\u00fap Qu\u00fd kh\u00e1ch t\u00e1i c\u00e2n b\u1eb1ng th\u00e2n &#8211; t\u00e2m &#8211; tr\u00ed. L\u1ea5y c\u1ea3m h\u1ee9ng t\u1eeb tri\u1ebft l\u00fd tr\u1ecb li\u1ec7u \u0110\u00f4ng \u2013 T\u00e2y, \u0111\u1ed9i ng\u0169 tr\u1ecb li\u1ec7u vi\u00ean tuy\u1ec3n ch\u1ecdn v\u00e0 c\u00e1 nh\u00e2n h\u00f3a t\u1eebng nghi th\u1ee9c th\u00f4ng [&hellip;]<\/p>\n","protected":false},"author":30,"featured_media":0,"parent":107,"menu_order":0,"comment_status":"closed","ping_status":"closed","template":"template-spa.php","meta":{"footnotes":""},"categories":[],"class_list":["post-109","page","type-page","status-publish","hentry"],"acf":[],"yoast_head":"<!-- This site is optimized with the Yoast SEO plugin v26.9 - https:\/\/yoast.com\/product\/yoast-seo-wordpress\/ -->\n<title>Fairmont Spa Hanoi | Li\u1ec7u Tr\u00ecnh Tinh T\u1ebf &amp; Nghi Th\u1ee9c Ch\u0103m S\u00f3c S\u1ee9c Kh\u1ecfe To\u00e0n Di\u1ec7n<\/title>\n<meta name=\"description\" content=\"Tr\u1ea3i nghi\u1ec7m ch\u0103m s\u00f3c s\u1ee9c kh\u1ecfe \u0111\u01b0\u1ee3c c\u00e1 nh\u00e2n h\u00f3a t\u1ea1i Fairmont Spa Hanoi v\u1edbi massage \u0111\u1eb7c tr\u01b0ng, ch\u0103m s\u00f3c da m\u1eb7t, li\u1ec7u ph\u00e1p h\u01b0\u01a1ng th\u01a1m, 10 ph\u00f2ng tr\u1ecb li\u1ec7u y\u00ean t\u0129nh c\u00f9ng Spa Caf\u00e9 th\u01b0 th\u00e1i\" \/>\n<meta name=\"robots\" content=\"index, follow, max-snippet:-1, max-image-preview:large, max-video-preview:-1\" \/>\n<link rel=\"canonical\" href=\"https:\/\/www.fairmonthanoi.com\/vi\/spa-wellness\/fairmont-spa\/\" \/>\n<meta property=\"og:locale\" content=\"vi_VN\" \/>\n<meta property=\"og:type\" content=\"article\" \/>\n<meta property=\"og:title\" content=\"Fairmont Spa Hanoi | Li\u1ec7u Tr\u00ecnh Tinh T\u1ebf &amp; Nghi Th\u1ee9c Ch\u0103m S\u00f3c S\u1ee9c Kh\u1ecfe To\u00e0n Di\u1ec7n\" \/>\n<meta property=\"og:description\" content=\"Tr\u1ea3i nghi\u1ec7m ch\u0103m s\u00f3c s\u1ee9c kh\u1ecfe \u0111\u01b0\u1ee3c c\u00e1 nh\u00e2n h\u00f3a t\u1ea1i Fairmont Spa Hanoi v\u1edbi massage \u0111\u1eb7c tr\u01b0ng, ch\u0103m s\u00f3c da m\u1eb7t, li\u1ec7u ph\u00e1p h\u01b0\u01a1ng th\u01a1m, 10 ph\u00f2ng tr\u1ecb li\u1ec7u y\u00ean t\u0129nh c\u00f9ng Spa Caf\u00e9 th\u01b0 th\u00e1i\" \/>\n<meta property=\"og:url\" content=\"https:\/\/www.fairmonthanoi.com\/vi\/spa-wellness\/fairmont-spa\/\" \/>\n<meta property=\"og:site_name\" content=\"Fairmont Hanoi\" \/>\n<meta property=\"article:modified_time\" content=\"2026-04-06T01:41:53+00:00\" \/>\n<meta name=\"twitter:card\" content=\"summary_large_image\" \/>\n<meta name=\"twitter:label1\" content=\"Est. reading time\" \/>\n\t<meta name=\"twitter:data1\" content=\"1 minute\" \/>\n<script type=\"application\/ld+json\" class=\"yoast-schema-graph\">{\"@context\":\"https:\/\/schema.org\",\"@graph\":[{\"@type\":\"WebPage\",\"@id\":\"https:\/\/www.fairmonthanoi.com\/vi\/spa-wellness\/fairmont-spa\/\",\"url\":\"https:\/\/www.fairmonthanoi.com\/vi\/spa-wellness\/fairmont-spa\/\",\"name\":\"Fairmont Spa Hanoi | Li\u1ec7u Tr\u00ecnh Tinh T\u1ebf & Nghi Th\u1ee9c Ch\u0103m S\u00f3c S\u1ee9c Kh\u1ecfe To\u00e0n Di\u1ec7n\",\"isPartOf\":{\"@id\":\"https:\/\/www.fairmonthanoi.com\/#website\"},\"datePublished\":\"2025-12-18T07:15:52+00:00\",\"dateModified\":\"2026-04-06T01:41:53+00:00\",\"description\":\"Tr\u1ea3i nghi\u1ec7m ch\u0103m s\u00f3c s\u1ee9c kh\u1ecfe \u0111\u01b0\u1ee3c c\u00e1 nh\u00e2n h\u00f3a t\u1ea1i Fairmont Spa Hanoi v\u1edbi massage \u0111\u1eb7c tr\u01b0ng, ch\u0103m s\u00f3c da m\u1eb7t, li\u1ec7u ph\u00e1p h\u01b0\u01a1ng th\u01a1m, 10 ph\u00f2ng tr\u1ecb li\u1ec7u y\u00ean t\u0129nh c\u00f9ng Spa Caf\u00e9 th\u01b0 th\u00e1i\",\"breadcrumb\":{\"@id\":\"https:\/\/www.fairmonthanoi.com\/vi\/spa-wellness\/fairmont-spa\/#breadcrumb\"},\"inLanguage\":\"vi-VN\",\"potentialAction\":[{\"@type\":\"ReadAction\",\"target\":[\"https:\/\/www.fairmonthanoi.com\/vi\/spa-wellness\/fairmont-spa\/\"]}]},{\"@type\":\"BreadcrumbList\",\"@id\":\"https:\/\/www.fairmonthanoi.com\/vi\/spa-wellness\/fairmont-spa\/#breadcrumb\",\"itemListElement\":[{\"@type\":\"ListItem\",\"position\":1,\"name\":\"Home\",\"item\":\"https:\/\/www.fairmonthanoi.com\/vi\/\"},{\"@type\":\"ListItem\",\"position\":2,\"name\":\"CH\u0102M S\u00d3C S\u1ee8C KH\u1eceE\",\"item\":\"https:\/\/www.fairmonthanoi.com\/vi\/spa-wellness\/\"},{\"@type\":\"ListItem\",\"position\":3,\"name\":\"Fairmont Spa\"}]},{\"@type\":\"WebSite\",\"@id\":\"https:\/\/www.fairmonthanoi.com\/#website\",\"url\":\"https:\/\/www.fairmonthanoi.com\/\",\"name\":\"Fairmont Hanoi\",\"description\":\"\",\"potentialAction\":[{\"@type\":\"SearchAction\",\"target\":{\"@type\":\"EntryPoint\",\"urlTemplate\":\"https:\/\/www.fairmonthanoi.com\/?s={search_term_string}\"},\"query-input\":{\"@type\":\"PropertyValueSpecification\",\"valueRequired\":true,\"valueName\":\"search_term_string\"}}],\"inLanguage\":\"vi-VN\"}]}<\/script>\n<!-- \/ Yoast SEO plugin. -->","yoast_head_json":{"title":"Fairmont Spa Hanoi | Li\u1ec7u Tr\u00ecnh Tinh T\u1ebf & Nghi Th\u1ee9c Ch\u0103m S\u00f3c S\u1ee9c Kh\u1ecfe To\u00e0n Di\u1ec7n","description":"Tr\u1ea3i nghi\u1ec7m ch\u0103m s\u00f3c s\u1ee9c kh\u1ecfe \u0111\u01b0\u1ee3c c\u00e1 nh\u00e2n h\u00f3a t\u1ea1i Fairmont Spa Hanoi v\u1edbi massage \u0111\u1eb7c tr\u01b0ng, ch\u0103m s\u00f3c da m\u1eb7t, li\u1ec7u ph\u00e1p h\u01b0\u01a1ng th\u01a1m, 10 ph\u00f2ng tr\u1ecb li\u1ec7u y\u00ean t\u0129nh c\u00f9ng Spa Caf\u00e9 th\u01b0 th\u00e1i","robots":{"index":"index","follow":"follow","max-snippet":"max-snippet:-1","max-image-preview":"max-image-preview:large","max-video-preview":"max-video-preview:-1"},"canonical":"https:\/\/www.fairmonthanoi.com\/vi\/spa-wellness\/fairmont-spa\/","og_locale":"vi_VN","og_type":"article","og_title":"Fairmont Spa Hanoi | Li\u1ec7u Tr\u00ecnh Tinh T\u1ebf & Nghi Th\u1ee9c Ch\u0103m S\u00f3c S\u1ee9c Kh\u1ecfe To\u00e0n Di\u1ec7n","og_description":"Tr\u1ea3i nghi\u1ec7m ch\u0103m s\u00f3c s\u1ee9c kh\u1ecfe \u0111\u01b0\u1ee3c c\u00e1 nh\u00e2n h\u00f3a t\u1ea1i Fairmont Spa Hanoi v\u1edbi massage \u0111\u1eb7c tr\u01b0ng, ch\u0103m s\u00f3c da m\u1eb7t, li\u1ec7u ph\u00e1p h\u01b0\u01a1ng th\u01a1m, 10 ph\u00f2ng tr\u1ecb li\u1ec7u y\u00ean t\u0129nh c\u00f9ng Spa Caf\u00e9 th\u01b0 th\u00e1i","og_url":"https:\/\/www.fairmonthanoi.com\/vi\/spa-wellness\/fairmont-spa\/","og_site_name":"Fairmont Hanoi","article_modified_time":"2026-04-06T01:41:53+00:00","twitter_card":"summary_large_image","twitter_misc":{"Est. reading time":"1 minute"},"schema":{"@context":"https:\/\/schema.org","@graph":[{"@type":"WebPage","@id":"https:\/\/www.fairmonthanoi.com\/vi\/spa-wellness\/fairmont-spa\/","url":"https:\/\/www.fairmonthanoi.com\/vi\/spa-wellness\/fairmont-spa\/","name":"Fairmont Spa Hanoi | Li\u1ec7u Tr\u00ecnh Tinh T\u1ebf & Nghi Th\u1ee9c Ch\u0103m S\u00f3c S\u1ee9c Kh\u1ecfe To\u00e0n Di\u1ec7n","isPartOf":{"@id":"https:\/\/www.fairmonthanoi.com\/#website"},"datePublished":"2025-12-18T07:15:52+00:00","dateModified":"2026-04-06T01:41:53+00:00","description":"Tr\u1ea3i nghi\u1ec7m ch\u0103m s\u00f3c s\u1ee9c kh\u1ecfe \u0111\u01b0\u1ee3c c\u00e1 nh\u00e2n h\u00f3a t\u1ea1i Fairmont Spa Hanoi v\u1edbi massage \u0111\u1eb7c tr\u01b0ng, ch\u0103m s\u00f3c da m\u1eb7t, li\u1ec7u ph\u00e1p h\u01b0\u01a1ng th\u01a1m, 10 ph\u00f2ng tr\u1ecb li\u1ec7u y\u00ean t\u0129nh c\u00f9ng Spa Caf\u00e9 th\u01b0 th\u00e1i","breadcrumb":{"@id":"https:\/\/www.fairmonthanoi.com\/vi\/spa-wellness\/fairmont-spa\/#breadcrumb"},"inLanguage":"vi-VN","potentialAction":[{"@type":"ReadAction","target":["https:\/\/www.fairmonthanoi.com\/vi\/spa-wellness\/fairmont-spa\/"]}]},{"@type":"BreadcrumbList","@id":"https:\/\/www.fairmonthanoi.com\/vi\/spa-wellness\/fairmont-spa\/#breadcrumb","itemListElement":[{"@type":"ListItem","position":1,"name":"Home","item":"https:\/\/www.fairmonthanoi.com\/vi\/"},{"@type":"ListItem","position":2,"name":"CH\u0102M S\u00d3C S\u1ee8C KH\u1eceE","item":"https:\/\/www.fairmonthanoi.com\/vi\/spa-wellness\/"},{"@type":"ListItem","position":3,"name":"Fairmont Spa"}]},{"@type":"WebSite","@id":"https:\/\/www.fairmonthanoi.com\/#website","url":"https:\/\/www.fairmonthanoi.com\/","name":"Fairmont Hanoi","description":"","potentialAction":[{"@type":"SearchAction","target":{"@type":"EntryPoint","urlTemplate":"https:\/\/www.fairmonthanoi.com\/?s={search_term_string}"},"query-input":{"@type":"PropertyValueSpecification","valueRequired":true,"valueName":"search_term_string"}}],"inLanguage":"vi-VN"}]}},"_links":{"self":[{"href":"https:\/\/www.fairmonthanoi.com\/vi\/wp-json\/wp\/v2\/pages\/109","targetHints":{"allow":["GET"]}}],"collection":[{"href":"https:\/\/www.fairmonthanoi.com\/vi\/wp-json\/wp\/v2\/pages"}],"about":[{"href":"https:\/\/www.fairmonthanoi.com\/vi\/wp-json\/wp\/v2\/types\/page"}],"author":[{"embeddable":true,"href":"https:\/\/www.fairmonthanoi.com\/vi\/wp-json\/wp\/v2\/users\/30"}],"replies":[{"embeddable":true,"href":"https:\/\/www.fairmonthanoi.com\/vi\/wp-json\/wp\/v2\/comments?post=109"}],"version-history":[{"count":0,"href":"https:\/\/www.fairmonthanoi.com\/vi\/wp-json\/wp\/v2\/pages\/109\/revisions"}],"up":[{"embeddable":true,"href":"https:\/\/www.fairmonthanoi.com\/vi\/wp-json\/wp\/v2\/pages\/107"}],"wp:attachment":[{"href":"https:\/\/www.fairmonthanoi.com\/vi\/wp-json\/wp\/v2\/media?parent=109"}],"wp:term":[{"taxonomy":"category","embeddable":true,"href":"https:\/\/www.fairmonthanoi.com\/vi\/wp-json\/wp\/v2\/categories?post=109"}],"curies":[{"name":"wp","href":"https:\/\/api.w.org\/{rel}","templated":true}]}}