{"id":113,"date":"2025-12-18T07:39:13","date_gmt":"2025-12-18T07:39:13","guid":{"rendered":"https:\/\/fairmonthanoi.accorv2prod2.decms.eu\/spa-wellness\/cirua-bathhouse\/"},"modified":"2026-01-21T06:23:56","modified_gmt":"2026-01-21T06:23:56","slug":"cirua-bathhouse","status":"publish","type":"page","link":"https:\/\/www.fairmonthanoi.com\/vi\/spa-wellness\/cirua-bathhouse\/","title":{"rendered":"CIRUA BATHHOUSE"},"content":{"rendered":"<p>\u1ea8n d\u01b0\u1edbi nh\u1ecbp s\u1ed1ng \u0111\u00f4 th\u1ecb H\u00e0 N\u1ed9i, m\u1ed9t chi\u1ec1u kh\u00f4ng gian m\u1edbi c\u1ee7a s\u1ef1 ph\u1ee5c h\u1ed3i d\u1ea7n m\u1edf ra, n\u01a1i \u0111\u01b0\u1ee3c \u0111\u1ecbnh h\u00ecnh b\u1edfi s\u1ef1 t\u0129nh t\u1ea1i, v\u1ebb \u0111\u1eb9p s\u00e2u l\u1eafng v\u00e0 thi\u1ebft k\u1ebf c\u00f3 ch\u1ee7 \u0111\u00edch. Cirua Bathhouse l\u00e0 khu ch\u0103m s\u00f3c s\u1ee9c kh\u1ecfe mang t\u00ednh t\u1ed5ng h\u00f2a, n\u01a1i li\u1ec7u ph\u00e1p t\u1eafm nhi\u1ec7t, nghi th\u1ee9c spa v\u00e0 chuy\u1ec3n \u0111\u1ed9ng ch\u00e1nh ni\u1ec7m h\u00f2a quy\u1ec7n trong m\u1ed9t d\u00f2ng ch\u1ea3y li\u1ec1n m\u1ea1ch v\u00e0 tinh t\u1ebf.<br \/>\nGi\u1eefa H\u00e0 N\u1ed9i kh\u00f4ng ng\u1eebng d\u1ecbch chuy\u1ec3n, Cirua mang \u0111\u1ebfn chi\u1ec1u s\u00e2u hi\u1ebfm c\u00f3, s\u1ef1 ri\u00eang t\u01b0 tuy\u1ec7t \u0111\u1ed1i v\u00e0 tr\u1ea3i nghi\u1ec7m tr\u00f4i ch\u1ea3y, d\u00e0nh cho nh\u1eefng v\u1ecb kh\u00e1ch tinh tuy\u1ec3n, nh\u1eefng ng\u01b0\u1eddi t\u00ecm ki\u1ebfm kh\u00f4ng gian \u0111\u1ed3ng \u0111i\u1ec7u v\u1edbi nh\u1ecbp s\u1ed1ng c\u1ee7a m\u00ecnh, thay v\u00ec l\u00e0m gi\u00e1n \u0111o\u1ea1n n\u00f3.<br \/>\nT\u1ea1i \u0111\u00e2y, m\u1ecdi c\u1ea3m gi\u00e1c \u0111\u1ec1u chuy\u1ec3n \u0111\u1ed9ng t\u1ef1 nhi\u00ean: t\u1eeb nhi\u1ec7t \u1ea5m sang m\u00e1t l\u00e0nh, t\u0129nh l\u1eb7ng th\u00e0nh rung c\u1ea3m, v\u00e0 an y\u00ean h\u00f3a ngu\u1ed3n n\u0103ng l\u01b0\u1ee3ng m\u1edbi, \u0111\u00e1nh th\u1ee9c s\u1ef1 c\u00e2n b\u1eb1ng tr\u1ecdn v\u1eb9n t\u1eeb b\u00ean trong.<\/p>\n","protected":false},"excerpt":{"rendered":"<p>\u1ea8n d\u01b0\u1edbi nh\u1ecbp s\u1ed1ng \u0111\u00f4 th\u1ecb H\u00e0 N\u1ed9i, m\u1ed9t chi\u1ec1u kh\u00f4ng gian m\u1edbi c\u1ee7a s\u1ef1 ph\u1ee5c h\u1ed3i d\u1ea7n m\u1edf ra, n\u01a1i \u0111\u01b0\u1ee3c \u0111\u1ecbnh h\u00ecnh b\u1edfi s\u1ef1 t\u0129nh t\u1ea1i, v\u1ebb \u0111\u1eb9p s\u00e2u l\u1eafng v\u00e0 thi\u1ebft k\u1ebf c\u00f3 ch\u1ee7 \u0111\u00edch. Cirua Bathhouse l\u00e0 khu ch\u0103m s\u00f3c s\u1ee9c kh\u1ecfe mang t\u00ednh t\u1ed5ng h\u00f2a, n\u01a1i li\u1ec7u ph\u00e1p t\u1eafm nhi\u1ec7t, [&hellip;]<\/p>\n","protected":false},"author":30,"featured_media":0,"parent":107,"menu_order":2,"comment_status":"closed","ping_status":"closed","template":"template-spa.php","meta":{"footnotes":""},"categories":[],"class_list":["post-113","page","type-page","status-publish","hentry"],"acf":[],"yoast_head":"<!-- This site is optimized with the Yoast SEO plugin v26.9 - https:\/\/yoast.com\/product\/yoast-seo-wordpress\/ -->\n<title>Cirua Bathhouse Hanoi | L\u1ed9 Tr\u00ecnh T\u1eafm Nhi\u1ec7t, Th\u1ee7y Li\u1ec7u Ph\u00e1p &amp; H\u1ed3 Th\u1ee7y L\u1ef1c<\/title>\n<meta name=\"description\" content=\"Kh\u00f4ng gian 3.500 m\u00b2 d\u00e0nh cho li\u1ec7u ph\u00e1p t\u1eafm nhi\u1ec7t, h\u1ed3 th\u1ee7y l\u1ef1c, k\u00e9n thi\u1ec1n \u0111\u1ecbnh, v\u00f2i sen Vichy c\u00f9ng ch\u01b0\u01a1ng tr\u00ecnh h\u1ed9i vi\u00ean, n\u01a1i m\u1ed7i d\u00f2ng ch\u1ea3y d\u1eabn l\u1ed1i \u0111\u1ebfn s\u1ef1 th\u01b0 gi\u00e3n v\u00e0 ph\u1ee5c h\u1ed3i tr\u1ecdn v\u1eb9n.\" \/>\n<meta name=\"robots\" content=\"index, follow, max-snippet:-1, max-image-preview:large, max-video-preview:-1\" \/>\n<link rel=\"canonical\" href=\"https:\/\/www.fairmonthanoi.com\/vi\/spa-wellness\/cirua-bathhouse\/\" \/>\n<meta property=\"og:locale\" content=\"vi_VN\" \/>\n<meta property=\"og:type\" content=\"article\" \/>\n<meta property=\"og:title\" content=\"Cirua Bathhouse Hanoi | L\u1ed9 Tr\u00ecnh T\u1eafm Nhi\u1ec7t, Th\u1ee7y Li\u1ec7u Ph\u00e1p &amp; H\u1ed3 Th\u1ee7y L\u1ef1c\" \/>\n<meta property=\"og:description\" content=\"Kh\u00f4ng gian 3.500 m\u00b2 d\u00e0nh cho li\u1ec7u ph\u00e1p t\u1eafm nhi\u1ec7t, h\u1ed3 th\u1ee7y l\u1ef1c, k\u00e9n thi\u1ec1n \u0111\u1ecbnh, v\u00f2i sen Vichy c\u00f9ng ch\u01b0\u01a1ng tr\u00ecnh h\u1ed9i vi\u00ean, n\u01a1i m\u1ed7i d\u00f2ng ch\u1ea3y d\u1eabn l\u1ed1i \u0111\u1ebfn s\u1ef1 th\u01b0 gi\u00e3n v\u00e0 ph\u1ee5c h\u1ed3i tr\u1ecdn v\u1eb9n.\" \/>\n<meta property=\"og:url\" content=\"https:\/\/www.fairmonthanoi.com\/vi\/spa-wellness\/cirua-bathhouse\/\" \/>\n<meta property=\"og:site_name\" content=\"Fairmont Hanoi\" \/>\n<meta property=\"article:modified_time\" content=\"2026-01-21T06:23:56+00:00\" \/>\n<meta name=\"twitter:card\" content=\"summary_large_image\" \/>\n<meta name=\"twitter:label1\" content=\"Est. reading time\" \/>\n\t<meta name=\"twitter:data1\" content=\"1 minute\" \/>\n<script type=\"application\/ld+json\" class=\"yoast-schema-graph\">{\"@context\":\"https:\/\/schema.org\",\"@graph\":[{\"@type\":\"WebPage\",\"@id\":\"https:\/\/www.fairmonthanoi.com\/vi\/spa-wellness\/cirua-bathhouse\/\",\"url\":\"https:\/\/www.fairmonthanoi.com\/vi\/spa-wellness\/cirua-bathhouse\/\",\"name\":\"Cirua Bathhouse Hanoi | L\u1ed9 Tr\u00ecnh T\u1eafm Nhi\u1ec7t, Th\u1ee7y Li\u1ec7u Ph\u00e1p & H\u1ed3 Th\u1ee7y L\u1ef1c\",\"isPartOf\":{\"@id\":\"https:\/\/www.fairmonthanoi.com\/#website\"},\"datePublished\":\"2025-12-18T07:39:13+00:00\",\"dateModified\":\"2026-01-21T06:23:56+00:00\",\"description\":\"Kh\u00f4ng gian 3.500 m\u00b2 d\u00e0nh cho li\u1ec7u ph\u00e1p t\u1eafm nhi\u1ec7t, h\u1ed3 th\u1ee7y l\u1ef1c, k\u00e9n thi\u1ec1n \u0111\u1ecbnh, v\u00f2i sen Vichy c\u00f9ng ch\u01b0\u01a1ng tr\u00ecnh h\u1ed9i vi\u00ean, n\u01a1i m\u1ed7i d\u00f2ng ch\u1ea3y d\u1eabn l\u1ed1i \u0111\u1ebfn s\u1ef1 th\u01b0 gi\u00e3n v\u00e0 ph\u1ee5c h\u1ed3i tr\u1ecdn v\u1eb9n.\",\"breadcrumb\":{\"@id\":\"https:\/\/www.fairmonthanoi.com\/vi\/spa-wellness\/cirua-bathhouse\/#breadcrumb\"},\"inLanguage\":\"vi-VN\",\"potentialAction\":[{\"@type\":\"ReadAction\",\"target\":[\"https:\/\/www.fairmonthanoi.com\/vi\/spa-wellness\/cirua-bathhouse\/\"]}]},{\"@type\":\"BreadcrumbList\",\"@id\":\"https:\/\/www.fairmonthanoi.com\/vi\/spa-wellness\/cirua-bathhouse\/#breadcrumb\",\"itemListElement\":[{\"@type\":\"ListItem\",\"position\":1,\"name\":\"Home\",\"item\":\"https:\/\/www.fairmonthanoi.com\/vi\/\"},{\"@type\":\"ListItem\",\"position\":2,\"name\":\"CH\u0102M S\u00d3C S\u1ee8C KH\u1eceE\",\"item\":\"https:\/\/www.fairmonthanoi.com\/vi\/spa-wellness\/\"},{\"@type\":\"ListItem\",\"position\":3,\"name\":\"CIRUA BATHHOUSE\"}]},{\"@type\":\"WebSite\",\"@id\":\"https:\/\/www.fairmonthanoi.com\/#website\",\"url\":\"https:\/\/www.fairmonthanoi.com\/\",\"name\":\"Fairmont Hanoi\",\"description\":\"\",\"potentialAction\":[{\"@type\":\"SearchAction\",\"target\":{\"@type\":\"EntryPoint\",\"urlTemplate\":\"https:\/\/www.fairmonthanoi.com\/?s={search_term_string}\"},\"query-input\":{\"@type\":\"PropertyValueSpecification\",\"valueRequired\":true,\"valueName\":\"search_term_string\"}}],\"inLanguage\":\"vi-VN\"}]}<\/script>\n<!-- \/ Yoast SEO plugin. -->","yoast_head_json":{"title":"Cirua Bathhouse Hanoi | L\u1ed9 Tr\u00ecnh T\u1eafm Nhi\u1ec7t, Th\u1ee7y Li\u1ec7u Ph\u00e1p & H\u1ed3 Th\u1ee7y L\u1ef1c","description":"Kh\u00f4ng gian 3.500 m\u00b2 d\u00e0nh cho li\u1ec7u ph\u00e1p t\u1eafm nhi\u1ec7t, h\u1ed3 th\u1ee7y l\u1ef1c, k\u00e9n thi\u1ec1n \u0111\u1ecbnh, v\u00f2i sen Vichy c\u00f9ng ch\u01b0\u01a1ng tr\u00ecnh h\u1ed9i vi\u00ean, n\u01a1i m\u1ed7i d\u00f2ng ch\u1ea3y d\u1eabn l\u1ed1i \u0111\u1ebfn s\u1ef1 th\u01b0 gi\u00e3n v\u00e0 ph\u1ee5c h\u1ed3i tr\u1ecdn v\u1eb9n.","robots":{"index":"index","follow":"follow","max-snippet":"max-snippet:-1","max-image-preview":"max-image-preview:large","max-video-preview":"max-video-preview:-1"},"canonical":"https:\/\/www.fairmonthanoi.com\/vi\/spa-wellness\/cirua-bathhouse\/","og_locale":"vi_VN","og_type":"article","og_title":"Cirua Bathhouse Hanoi | L\u1ed9 Tr\u00ecnh T\u1eafm Nhi\u1ec7t, Th\u1ee7y Li\u1ec7u Ph\u00e1p & H\u1ed3 Th\u1ee7y L\u1ef1c","og_description":"Kh\u00f4ng gian 3.500 m\u00b2 d\u00e0nh cho li\u1ec7u ph\u00e1p t\u1eafm nhi\u1ec7t, h\u1ed3 th\u1ee7y l\u1ef1c, k\u00e9n thi\u1ec1n \u0111\u1ecbnh, v\u00f2i sen Vichy c\u00f9ng ch\u01b0\u01a1ng tr\u00ecnh h\u1ed9i vi\u00ean, n\u01a1i m\u1ed7i d\u00f2ng ch\u1ea3y d\u1eabn l\u1ed1i \u0111\u1ebfn s\u1ef1 th\u01b0 gi\u00e3n v\u00e0 ph\u1ee5c h\u1ed3i tr\u1ecdn v\u1eb9n.","og_url":"https:\/\/www.fairmonthanoi.com\/vi\/spa-wellness\/cirua-bathhouse\/","og_site_name":"Fairmont Hanoi","article_modified_time":"2026-01-21T06:23:56+00:00","twitter_card":"summary_large_image","twitter_misc":{"Est. reading time":"1 minute"},"schema":{"@context":"https:\/\/schema.org","@graph":[{"@type":"WebPage","@id":"https:\/\/www.fairmonthanoi.com\/vi\/spa-wellness\/cirua-bathhouse\/","url":"https:\/\/www.fairmonthanoi.com\/vi\/spa-wellness\/cirua-bathhouse\/","name":"Cirua Bathhouse Hanoi | L\u1ed9 Tr\u00ecnh T\u1eafm Nhi\u1ec7t, Th\u1ee7y Li\u1ec7u Ph\u00e1p & H\u1ed3 Th\u1ee7y L\u1ef1c","isPartOf":{"@id":"https:\/\/www.fairmonthanoi.com\/#website"},"datePublished":"2025-12-18T07:39:13+00:00","dateModified":"2026-01-21T06:23:56+00:00","description":"Kh\u00f4ng gian 3.500 m\u00b2 d\u00e0nh cho li\u1ec7u ph\u00e1p t\u1eafm nhi\u1ec7t, h\u1ed3 th\u1ee7y l\u1ef1c, k\u00e9n thi\u1ec1n \u0111\u1ecbnh, v\u00f2i sen Vichy c\u00f9ng ch\u01b0\u01a1ng tr\u00ecnh h\u1ed9i vi\u00ean, n\u01a1i m\u1ed7i d\u00f2ng ch\u1ea3y d\u1eabn l\u1ed1i \u0111\u1ebfn s\u1ef1 th\u01b0 gi\u00e3n v\u00e0 ph\u1ee5c h\u1ed3i tr\u1ecdn v\u1eb9n.","breadcrumb":{"@id":"https:\/\/www.fairmonthanoi.com\/vi\/spa-wellness\/cirua-bathhouse\/#breadcrumb"},"inLanguage":"vi-VN","potentialAction":[{"@type":"ReadAction","target":["https:\/\/www.fairmonthanoi.com\/vi\/spa-wellness\/cirua-bathhouse\/"]}]},{"@type":"BreadcrumbList","@id":"https:\/\/www.fairmonthanoi.com\/vi\/spa-wellness\/cirua-bathhouse\/#breadcrumb","itemListElement":[{"@type":"ListItem","position":1,"name":"Home","item":"https:\/\/www.fairmonthanoi.com\/vi\/"},{"@type":"ListItem","position":2,"name":"CH\u0102M S\u00d3C S\u1ee8C KH\u1eceE","item":"https:\/\/www.fairmonthanoi.com\/vi\/spa-wellness\/"},{"@type":"ListItem","position":3,"name":"CIRUA BATHHOUSE"}]},{"@type":"WebSite","@id":"https:\/\/www.fairmonthanoi.com\/#website","url":"https:\/\/www.fairmonthanoi.com\/","name":"Fairmont Hanoi","description":"","potentialAction":[{"@type":"SearchAction","target":{"@type":"EntryPoint","urlTemplate":"https:\/\/www.fairmonthanoi.com\/?s={search_term_string}"},"query-input":{"@type":"PropertyValueSpecification","valueRequired":true,"valueName":"search_term_string"}}],"inLanguage":"vi-VN"}]}},"_links":{"self":[{"href":"https:\/\/www.fairmonthanoi.com\/vi\/wp-json\/wp\/v2\/pages\/113","targetHints":{"allow":["GET"]}}],"collection":[{"href":"https:\/\/www.fairmonthanoi.com\/vi\/wp-json\/wp\/v2\/pages"}],"about":[{"href":"https:\/\/www.fairmonthanoi.com\/vi\/wp-json\/wp\/v2\/types\/page"}],"author":[{"embeddable":true,"href":"https:\/\/www.fairmonthanoi.com\/vi\/wp-json\/wp\/v2\/users\/30"}],"replies":[{"embeddable":true,"href":"https:\/\/www.fairmonthanoi.com\/vi\/wp-json\/wp\/v2\/comments?post=113"}],"version-history":[{"count":0,"href":"https:\/\/www.fairmonthanoi.com\/vi\/wp-json\/wp\/v2\/pages\/113\/revisions"}],"up":[{"embeddable":true,"href":"https:\/\/www.fairmonthanoi.com\/vi\/wp-json\/wp\/v2\/pages\/107"}],"wp:attachment":[{"href":"https:\/\/www.fairmonthanoi.com\/vi\/wp-json\/wp\/v2\/media?parent=113"}],"wp:term":[{"taxonomy":"category","embeddable":true,"href":"https:\/\/www.fairmonthanoi.com\/vi\/wp-json\/wp\/v2\/categories?post=113"}],"curies":[{"name":"wp","href":"https:\/\/api.w.org\/{rel}","templated":true}]}}