{"id":117,"date":"2025-12-18T07:46:51","date_gmt":"2025-12-18T07:46:51","guid":{"rendered":"https:\/\/fairmonthanoi.accorv2prod2.decms.eu\/event-conference\/"},"modified":"2025-12-18T07:49:01","modified_gmt":"2025-12-18T07:49:01","slug":"event-conference","status":"publish","type":"page","link":"https:\/\/www.fairmonthanoi.com\/vi\/event-conference\/","title":{"rendered":"H\u1ed8I NGH\u1eca &#038; S\u1ef0 KI\u1ec6N"},"content":{"rendered":"<p>T\u1eeb h\u1ed9i ngh\u1ecb qu\u1ed1c t\u1ebf \u0111\u1ebfn l\u1ec5 c\u01b0\u1edbi tr\u00e1ng l\u1ec7 mang \u0111\u1eadm b\u1ea3n s\u1eafc, m\u1ed7i s\u1ef1 ki\u1ec7n t\u1ea1i Fairmont Hanoi \u0111\u1ec1u g\u00f3p th\u00eam m\u1ed9t ch\u01b0\u01a1ng m\u1edbi cho c\u00e2u chuy\u1ec7n kh\u00f4ng ng\u1eebng chuy\u1ec3n m\u00ecnh c\u1ee7a Th\u1ee7 \u0111\u00f4. S\u1ef1 h\u00f2a quy\u1ec7n gi\u1eefa c\u00f4ng ngh\u1ec7 hi\u1ec7n \u0111\u1ea1i, ngh\u1ec7 thu\u1eadt Vi\u1ec7t tinh t\u1ebf v\u00e0 d\u1ecbch v\u1ee5 chu\u1ea9n m\u1ef1c t\u1ea1o n\u00ean nh\u1eefng kho\u1ea3nh kh\u1eafc h\u1ed9i t\u1ee5 \u0111\u00e1ng nh\u1edb.<\/p>\n<p>Grand Ballroom 1.100 m\u00b2 v\u1edbi tr\u1ea7n cao 7,4 m v\u00e0 h\u1ec7 th\u1ed1ng \u00e1nh s\u00e1ng linh ho\u1ea1t l\u00e0 l\u1ef1a ch\u1ecdn l\u00fd t\u01b0\u1edfng cho s\u1ef1 ki\u1ec7n quy m\u00f4 l\u1edbn. Signature Ballroom 300 m\u00b2 n\u1ed5i b\u1eadt v\u1edbi b\u1ebfp tr\u00ecnh di\u1ec5n v\u00e0 3D mapping, trong khi Junior Ballroom 260 m\u00b2 ng\u1eadp tr\u00e0n \u00e1nh s\u00e1ng t\u1ef1 nhi\u00ean, b\u1ed1 c\u1ee5c linh ho\u1ea1t. Ho\u00e0n thi\u1ec7n tr\u1ea3i nghi\u1ec7m l\u00e0 6 ph\u00f2ng h\u1ecdp cao c\u1ea5p c\u00f9ng c\u00e1c kh\u00f4ng gian k\u1ebft n\u1ed1i trang nh\u00e3, mang \u0111\u1ebfn d\u00f2ng ch\u1ea3y li\u1ec1n m\u1ea1ch cho m\u1ecdi cu\u1ed9c g\u1eb7p g\u1ee1.<\/p>\n","protected":false},"excerpt":{"rendered":"<p>T\u1eeb h\u1ed9i ngh\u1ecb qu\u1ed1c t\u1ebf \u0111\u1ebfn l\u1ec5 c\u01b0\u1edbi tr\u00e1ng l\u1ec7 mang \u0111\u1eadm b\u1ea3n s\u1eafc, m\u1ed7i s\u1ef1 ki\u1ec7n t\u1ea1i Fairmont Hanoi \u0111\u1ec1u g\u00f3p th\u00eam m\u1ed9t ch\u01b0\u01a1ng m\u1edbi cho c\u00e2u chuy\u1ec7n kh\u00f4ng ng\u1eebng chuy\u1ec3n m\u00ecnh c\u1ee7a Th\u1ee7 \u0111\u00f4. S\u1ef1 h\u00f2a quy\u1ec7n gi\u1eefa c\u00f4ng ngh\u1ec7 hi\u1ec7n \u0111\u1ea1i, ngh\u1ec7 thu\u1eadt Vi\u1ec7t tinh t\u1ebf v\u00e0 d\u1ecbch v\u1ee5 chu\u1ea9n m\u1ef1c t\u1ea1o [&hellip;]<\/p>\n","protected":false},"author":30,"featured_media":0,"parent":0,"menu_order":0,"comment_status":"closed","ping_status":"closed","template":"template-meetings.php","meta":{"footnotes":""},"categories":[],"class_list":["post-117","page","type-page","status-publish","hentry"],"acf":[],"yoast_head":"<!-- This site is optimized with the Yoast SEO plugin v26.9 - https:\/\/yoast.com\/product\/yoast-seo-wordpress\/ -->\n<title>Fairmont Hanoi | \u0110i\u1ec3m \u0111\u1ebfn c\u1ee7a kho\u1ea3nh kh\u1eafc \u0111\u00e1ng nh\u1edb<\/title>\n<meta name=\"description\" content=\"T\u1ed5 ch\u1ee9c s\u1ef1 ki\u1ec7n \u0111\u1eb3ng c\u1ea5p t\u1ea1i Fairmont Hanoi v\u1edbi Grand Ballroom 1.100 m\u00b2, Signature 300 m\u00b2, Junior 260 m\u00b2 c\u00f9ng 6 ph\u00f2ng h\u1ecdp cao c\u1ea5p.\" \/>\n<meta name=\"robots\" content=\"index, follow, max-snippet:-1, max-image-preview:large, max-video-preview:-1\" \/>\n<link rel=\"canonical\" href=\"https:\/\/www.fairmonthanoi.com\/vi\/event-conference\/\" \/>\n<meta property=\"og:locale\" content=\"vi_VN\" \/>\n<meta property=\"og:type\" content=\"article\" \/>\n<meta property=\"og:title\" content=\"Fairmont Hanoi | \u0110i\u1ec3m \u0111\u1ebfn c\u1ee7a kho\u1ea3nh kh\u1eafc \u0111\u00e1ng nh\u1edb\" \/>\n<meta property=\"og:description\" content=\"T\u1ed5 ch\u1ee9c s\u1ef1 ki\u1ec7n \u0111\u1eb3ng c\u1ea5p t\u1ea1i Fairmont Hanoi v\u1edbi Grand Ballroom 1.100 m\u00b2, Signature 300 m\u00b2, Junior 260 m\u00b2 c\u00f9ng 6 ph\u00f2ng h\u1ecdp cao c\u1ea5p.\" \/>\n<meta property=\"og:url\" content=\"https:\/\/www.fairmonthanoi.com\/vi\/event-conference\/\" \/>\n<meta property=\"og:site_name\" content=\"Fairmont Hanoi\" \/>\n<meta property=\"article:modified_time\" content=\"2025-12-18T07:49:01+00:00\" \/>\n<meta name=\"twitter:card\" content=\"summary_large_image\" \/>\n<meta name=\"twitter:label1\" content=\"Est. reading time\" \/>\n\t<meta name=\"twitter:data1\" content=\"1 minute\" \/>\n<script type=\"application\/ld+json\" class=\"yoast-schema-graph\">{\"@context\":\"https:\/\/schema.org\",\"@graph\":[{\"@type\":\"WebPage\",\"@id\":\"https:\/\/www.fairmonthanoi.com\/vi\/event-conference\/\",\"url\":\"https:\/\/www.fairmonthanoi.com\/vi\/event-conference\/\",\"name\":\"Fairmont Hanoi | \u0110i\u1ec3m \u0111\u1ebfn c\u1ee7a kho\u1ea3nh kh\u1eafc \u0111\u00e1ng nh\u1edb\",\"isPartOf\":{\"@id\":\"https:\/\/www.fairmonthanoi.com\/#website\"},\"datePublished\":\"2025-12-18T07:46:51+00:00\",\"dateModified\":\"2025-12-18T07:49:01+00:00\",\"description\":\"T\u1ed5 ch\u1ee9c s\u1ef1 ki\u1ec7n \u0111\u1eb3ng c\u1ea5p t\u1ea1i Fairmont Hanoi v\u1edbi Grand Ballroom 1.100 m\u00b2, Signature 300 m\u00b2, Junior 260 m\u00b2 c\u00f9ng 6 ph\u00f2ng h\u1ecdp cao c\u1ea5p.\",\"breadcrumb\":{\"@id\":\"https:\/\/www.fairmonthanoi.com\/vi\/event-conference\/#breadcrumb\"},\"inLanguage\":\"vi-VN\",\"potentialAction\":[{\"@type\":\"ReadAction\",\"target\":[\"https:\/\/www.fairmonthanoi.com\/vi\/event-conference\/\"]}]},{\"@type\":\"BreadcrumbList\",\"@id\":\"https:\/\/www.fairmonthanoi.com\/vi\/event-conference\/#breadcrumb\",\"itemListElement\":[{\"@type\":\"ListItem\",\"position\":1,\"name\":\"Home\",\"item\":\"https:\/\/www.fairmonthanoi.com\/vi\/\"},{\"@type\":\"ListItem\",\"position\":2,\"name\":\"H\u1ed8I NGH\u1eca &#038; S\u1ef0 KI\u1ec6N\"}]},{\"@type\":\"WebSite\",\"@id\":\"https:\/\/www.fairmonthanoi.com\/#website\",\"url\":\"https:\/\/www.fairmonthanoi.com\/\",\"name\":\"Fairmont Hanoi\",\"description\":\"\",\"potentialAction\":[{\"@type\":\"SearchAction\",\"target\":{\"@type\":\"EntryPoint\",\"urlTemplate\":\"https:\/\/www.fairmonthanoi.com\/?s={search_term_string}\"},\"query-input\":{\"@type\":\"PropertyValueSpecification\",\"valueRequired\":true,\"valueName\":\"search_term_string\"}}],\"inLanguage\":\"vi-VN\"}]}<\/script>\n<!-- \/ Yoast SEO plugin. -->","yoast_head_json":{"title":"Fairmont Hanoi | \u0110i\u1ec3m \u0111\u1ebfn c\u1ee7a kho\u1ea3nh kh\u1eafc \u0111\u00e1ng nh\u1edb","description":"T\u1ed5 ch\u1ee9c s\u1ef1 ki\u1ec7n \u0111\u1eb3ng c\u1ea5p t\u1ea1i Fairmont Hanoi v\u1edbi Grand Ballroom 1.100 m\u00b2, Signature 300 m\u00b2, Junior 260 m\u00b2 c\u00f9ng 6 ph\u00f2ng h\u1ecdp cao c\u1ea5p.","robots":{"index":"index","follow":"follow","max-snippet":"max-snippet:-1","max-image-preview":"max-image-preview:large","max-video-preview":"max-video-preview:-1"},"canonical":"https:\/\/www.fairmonthanoi.com\/vi\/event-conference\/","og_locale":"vi_VN","og_type":"article","og_title":"Fairmont Hanoi | \u0110i\u1ec3m \u0111\u1ebfn c\u1ee7a kho\u1ea3nh kh\u1eafc \u0111\u00e1ng nh\u1edb","og_description":"T\u1ed5 ch\u1ee9c s\u1ef1 ki\u1ec7n \u0111\u1eb3ng c\u1ea5p t\u1ea1i Fairmont Hanoi v\u1edbi Grand Ballroom 1.100 m\u00b2, Signature 300 m\u00b2, Junior 260 m\u00b2 c\u00f9ng 6 ph\u00f2ng h\u1ecdp cao c\u1ea5p.","og_url":"https:\/\/www.fairmonthanoi.com\/vi\/event-conference\/","og_site_name":"Fairmont Hanoi","article_modified_time":"2025-12-18T07:49:01+00:00","twitter_card":"summary_large_image","twitter_misc":{"Est. reading time":"1 minute"},"schema":{"@context":"https:\/\/schema.org","@graph":[{"@type":"WebPage","@id":"https:\/\/www.fairmonthanoi.com\/vi\/event-conference\/","url":"https:\/\/www.fairmonthanoi.com\/vi\/event-conference\/","name":"Fairmont Hanoi | \u0110i\u1ec3m \u0111\u1ebfn c\u1ee7a kho\u1ea3nh kh\u1eafc \u0111\u00e1ng nh\u1edb","isPartOf":{"@id":"https:\/\/www.fairmonthanoi.com\/#website"},"datePublished":"2025-12-18T07:46:51+00:00","dateModified":"2025-12-18T07:49:01+00:00","description":"T\u1ed5 ch\u1ee9c s\u1ef1 ki\u1ec7n \u0111\u1eb3ng c\u1ea5p t\u1ea1i Fairmont Hanoi v\u1edbi Grand Ballroom 1.100 m\u00b2, Signature 300 m\u00b2, Junior 260 m\u00b2 c\u00f9ng 6 ph\u00f2ng h\u1ecdp cao c\u1ea5p.","breadcrumb":{"@id":"https:\/\/www.fairmonthanoi.com\/vi\/event-conference\/#breadcrumb"},"inLanguage":"vi-VN","potentialAction":[{"@type":"ReadAction","target":["https:\/\/www.fairmonthanoi.com\/vi\/event-conference\/"]}]},{"@type":"BreadcrumbList","@id":"https:\/\/www.fairmonthanoi.com\/vi\/event-conference\/#breadcrumb","itemListElement":[{"@type":"ListItem","position":1,"name":"Home","item":"https:\/\/www.fairmonthanoi.com\/vi\/"},{"@type":"ListItem","position":2,"name":"H\u1ed8I NGH\u1eca &#038; S\u1ef0 KI\u1ec6N"}]},{"@type":"WebSite","@id":"https:\/\/www.fairmonthanoi.com\/#website","url":"https:\/\/www.fairmonthanoi.com\/","name":"Fairmont Hanoi","description":"","potentialAction":[{"@type":"SearchAction","target":{"@type":"EntryPoint","urlTemplate":"https:\/\/www.fairmonthanoi.com\/?s={search_term_string}"},"query-input":{"@type":"PropertyValueSpecification","valueRequired":true,"valueName":"search_term_string"}}],"inLanguage":"vi-VN"}]}},"_links":{"self":[{"href":"https:\/\/www.fairmonthanoi.com\/vi\/wp-json\/wp\/v2\/pages\/117","targetHints":{"allow":["GET"]}}],"collection":[{"href":"https:\/\/www.fairmonthanoi.com\/vi\/wp-json\/wp\/v2\/pages"}],"about":[{"href":"https:\/\/www.fairmonthanoi.com\/vi\/wp-json\/wp\/v2\/types\/page"}],"author":[{"embeddable":true,"href":"https:\/\/www.fairmonthanoi.com\/vi\/wp-json\/wp\/v2\/users\/30"}],"replies":[{"embeddable":true,"href":"https:\/\/www.fairmonthanoi.com\/vi\/wp-json\/wp\/v2\/comments?post=117"}],"version-history":[{"count":0,"href":"https:\/\/www.fairmonthanoi.com\/vi\/wp-json\/wp\/v2\/pages\/117\/revisions"}],"wp:attachment":[{"href":"https:\/\/www.fairmonthanoi.com\/vi\/wp-json\/wp\/v2\/media?parent=117"}],"wp:term":[{"taxonomy":"category","embeddable":true,"href":"https:\/\/www.fairmonthanoi.com\/vi\/wp-json\/wp\/v2\/categories?post=117"}],"curies":[{"name":"wp","href":"https:\/\/api.w.org\/{rel}","templated":true}]}}