{"id":133,"date":"2025-12-18T08:22:51","date_gmt":"2025-12-18T08:22:51","guid":{"rendered":"https:\/\/fairmonthanoi.accorv2prod2.decms.eu\/location\/"},"modified":"2025-12-18T08:26:42","modified_gmt":"2025-12-18T08:26:42","slug":"location","status":"publish","type":"page","link":"https:\/\/www.fairmonthanoi.com\/vi\/location\/","title":{"rendered":"V\u1eca TR\u00cd C\u1ee6A FAIRMONT HANOI"},"content":{"rendered":"<p>T\u1ecda l\u1ea1c t\u1ea1i trung t\u00e2m h\u00e0nh ch\u00ednh, v\u0103n h\u00f3a v\u00e0 kinh t\u1ebf c\u1ee7a th\u1ee7 \u0111\u00f4, Fairmont Hanoi s\u1edf h\u1eefu s\u1ef1 k\u1ebft n\u1ed1i v\u01b0\u1ee3t tr\u1ed9i v\u1edbi nh\u1eefng v\u1ecb tr\u00ed quan tr\u1ecdng b\u1eadc nh\u1ea5t c\u1ee7a n\u01a1i \u0111\u00e2y. T\u1eeb c\u00e1c b\u1ed9, \u0111\u1ea1i s\u1ee9 qu\u00e1n \u0111\u1ebfn nh\u00e0 h\u00e1t, b\u1ea3o t\u00e0ng v\u00e0 nh\u1eefng khu th\u01b0\u01a1ng m\u1ea1i l\u1edbn, Qu\u00fd kh\u00e1ch c\u00f3 th\u1ec3 d\u1ec5 d\u00e0ng ho\u00e0 m\u00ecnh gi\u1eefa nh\u1ecbp s\u1ed1ng n\u0103ng \u0111\u1ed9ng c\u1ee7a th\u00e0nh ph\u1ed1. V\u1edbi kh\u1ea3 n\u0103ng ti\u1ebfp c\u1eadn thu\u1eadn ti\u1ec7n t\u1edbi c\u00e1c tuy\u1ebfn giao th\u00f4ng tr\u1ecdng y\u1ebfu v\u00e0 nh\u1eefng khu ph\u1ed1 mang t\u00ednh bi\u1ec3u t\u01b0\u1ee3ng, Fairmont Hanoi h\u1ee9a h\u1eb9n s\u1ebd tr\u1edf th\u00e0nh \u0111i\u1ec3m d\u1eebng ch\u00e2n l\u00fd t\u01b0\u1edfng cho c\u1ea3 chuy\u1ebfn c\u00f4ng t\u00e1c l\u1eabn h\u00e0nh tr\u00ecnh kh\u00e1m ph\u00e1 \u0111\u1ea7y th\u01b0 th\u00e1i c\u1ee7a b\u1ea1n.<\/p>\n","protected":false},"excerpt":{"rendered":"<p>T\u1ecda l\u1ea1c t\u1ea1i trung t\u00e2m h\u00e0nh ch\u00ednh, v\u0103n h\u00f3a v\u00e0 kinh t\u1ebf c\u1ee7a th\u1ee7 \u0111\u00f4, Fairmont Hanoi s\u1edf h\u1eefu s\u1ef1 k\u1ebft n\u1ed1i v\u01b0\u1ee3t tr\u1ed9i v\u1edbi nh\u1eefng v\u1ecb tr\u00ed quan tr\u1ecdng b\u1eadc nh\u1ea5t c\u1ee7a n\u01a1i \u0111\u00e2y. T\u1eeb c\u00e1c b\u1ed9, \u0111\u1ea1i s\u1ee9 qu\u00e1n \u0111\u1ebfn nh\u00e0 h\u00e1t, b\u1ea3o t\u00e0ng v\u00e0 nh\u1eefng khu th\u01b0\u01a1ng m\u1ea1i l\u1edbn, Qu\u00fd kh\u00e1ch c\u00f3 [&hellip;]<\/p>\n","protected":false},"author":30,"featured_media":0,"parent":0,"menu_order":0,"comment_status":"closed","ping_status":"closed","template":"template-location.php","meta":{"footnotes":""},"categories":[],"class_list":["post-133","page","type-page","status-publish","hentry"],"acf":[],"yoast_head":"<!-- This site is optimized with the Yoast SEO plugin v26.9 - https:\/\/yoast.com\/product\/yoast-seo-wordpress\/ -->\n<title>V\u1ecb tr\u00ed c\u1ee7a Fairmont Hanoi | Khu v\u1ef1c trung t\u00e2m, \u0111\u1ecba danh v\u00e0 di chuy\u1ec3n<\/title>\n<meta name=\"description\" content=\"Kh\u00e1m ph\u00e1 v\u1ecb tr\u00ed \u0111\u1eafc \u0111\u1ecba c\u1ee7a Fairmont Hanoi t\u1ea1i trung t\u00e2m H\u00e0 N\u1ed9i, li\u1ec1n k\u1ec1 c\u00e1c \u0111\u1ecba danh n\u1ed5i ti\u1ebfng, c\u01a1 quan, khu th\u01b0\u01a1ng m\u1ea1i v\u00e0 tr\u1ee5c giao th\u00f4ng ch\u00ednh.\" \/>\n<meta name=\"robots\" content=\"index, follow, max-snippet:-1, max-image-preview:large, max-video-preview:-1\" \/>\n<link rel=\"canonical\" href=\"https:\/\/www.fairmonthanoi.com\/vi\/location\/\" \/>\n<meta property=\"og:locale\" content=\"vi_VN\" \/>\n<meta property=\"og:type\" content=\"article\" \/>\n<meta property=\"og:title\" content=\"V\u1ecb tr\u00ed c\u1ee7a Fairmont Hanoi | Khu v\u1ef1c trung t\u00e2m, \u0111\u1ecba danh v\u00e0 di chuy\u1ec3n\" \/>\n<meta property=\"og:description\" content=\"Kh\u00e1m ph\u00e1 v\u1ecb tr\u00ed \u0111\u1eafc \u0111\u1ecba c\u1ee7a Fairmont Hanoi t\u1ea1i trung t\u00e2m H\u00e0 N\u1ed9i, li\u1ec1n k\u1ec1 c\u00e1c \u0111\u1ecba danh n\u1ed5i ti\u1ebfng, c\u01a1 quan, khu th\u01b0\u01a1ng m\u1ea1i v\u00e0 tr\u1ee5c giao th\u00f4ng ch\u00ednh.\" \/>\n<meta property=\"og:url\" content=\"https:\/\/www.fairmonthanoi.com\/vi\/location\/\" \/>\n<meta property=\"og:site_name\" content=\"Fairmont Hanoi\" \/>\n<meta property=\"article:modified_time\" content=\"2025-12-18T08:26:42+00:00\" \/>\n<meta name=\"twitter:card\" content=\"summary_large_image\" \/>\n<meta name=\"twitter:label1\" content=\"Est. reading time\" \/>\n\t<meta name=\"twitter:data1\" content=\"1 minute\" \/>\n<script type=\"application\/ld+json\" class=\"yoast-schema-graph\">{\"@context\":\"https:\/\/schema.org\",\"@graph\":[{\"@type\":\"WebPage\",\"@id\":\"https:\/\/www.fairmonthanoi.com\/vi\/location\/\",\"url\":\"https:\/\/www.fairmonthanoi.com\/vi\/location\/\",\"name\":\"V\u1ecb tr\u00ed c\u1ee7a Fairmont Hanoi | Khu v\u1ef1c trung t\u00e2m, \u0111\u1ecba danh v\u00e0 di chuy\u1ec3n\",\"isPartOf\":{\"@id\":\"https:\/\/www.fairmonthanoi.com\/#website\"},\"datePublished\":\"2025-12-18T08:22:51+00:00\",\"dateModified\":\"2025-12-18T08:26:42+00:00\",\"description\":\"Kh\u00e1m ph\u00e1 v\u1ecb tr\u00ed \u0111\u1eafc \u0111\u1ecba c\u1ee7a Fairmont Hanoi t\u1ea1i trung t\u00e2m H\u00e0 N\u1ed9i, li\u1ec1n k\u1ec1 c\u00e1c \u0111\u1ecba danh n\u1ed5i ti\u1ebfng, c\u01a1 quan, khu th\u01b0\u01a1ng m\u1ea1i v\u00e0 tr\u1ee5c giao th\u00f4ng ch\u00ednh.\",\"breadcrumb\":{\"@id\":\"https:\/\/www.fairmonthanoi.com\/vi\/location\/#breadcrumb\"},\"inLanguage\":\"vi-VN\",\"potentialAction\":[{\"@type\":\"ReadAction\",\"target\":[\"https:\/\/www.fairmonthanoi.com\/vi\/location\/\"]}]},{\"@type\":\"BreadcrumbList\",\"@id\":\"https:\/\/www.fairmonthanoi.com\/vi\/location\/#breadcrumb\",\"itemListElement\":[{\"@type\":\"ListItem\",\"position\":1,\"name\":\"Home\",\"item\":\"https:\/\/www.fairmonthanoi.com\/vi\/\"},{\"@type\":\"ListItem\",\"position\":2,\"name\":\"V\u1eca TR\u00cd C\u1ee6A FAIRMONT HANOI\"}]},{\"@type\":\"WebSite\",\"@id\":\"https:\/\/www.fairmonthanoi.com\/#website\",\"url\":\"https:\/\/www.fairmonthanoi.com\/\",\"name\":\"Fairmont Hanoi\",\"description\":\"\",\"potentialAction\":[{\"@type\":\"SearchAction\",\"target\":{\"@type\":\"EntryPoint\",\"urlTemplate\":\"https:\/\/www.fairmonthanoi.com\/?s={search_term_string}\"},\"query-input\":{\"@type\":\"PropertyValueSpecification\",\"valueRequired\":true,\"valueName\":\"search_term_string\"}}],\"inLanguage\":\"vi-VN\"}]}<\/script>\n<!-- \/ Yoast SEO plugin. -->","yoast_head_json":{"title":"V\u1ecb tr\u00ed c\u1ee7a Fairmont Hanoi | Khu v\u1ef1c trung t\u00e2m, \u0111\u1ecba danh v\u00e0 di chuy\u1ec3n","description":"Kh\u00e1m ph\u00e1 v\u1ecb tr\u00ed \u0111\u1eafc \u0111\u1ecba c\u1ee7a Fairmont Hanoi t\u1ea1i trung t\u00e2m H\u00e0 N\u1ed9i, li\u1ec1n k\u1ec1 c\u00e1c \u0111\u1ecba danh n\u1ed5i ti\u1ebfng, c\u01a1 quan, khu th\u01b0\u01a1ng m\u1ea1i v\u00e0 tr\u1ee5c giao th\u00f4ng ch\u00ednh.","robots":{"index":"index","follow":"follow","max-snippet":"max-snippet:-1","max-image-preview":"max-image-preview:large","max-video-preview":"max-video-preview:-1"},"canonical":"https:\/\/www.fairmonthanoi.com\/vi\/location\/","og_locale":"vi_VN","og_type":"article","og_title":"V\u1ecb tr\u00ed c\u1ee7a Fairmont Hanoi | Khu v\u1ef1c trung t\u00e2m, \u0111\u1ecba danh v\u00e0 di chuy\u1ec3n","og_description":"Kh\u00e1m ph\u00e1 v\u1ecb tr\u00ed \u0111\u1eafc \u0111\u1ecba c\u1ee7a Fairmont Hanoi t\u1ea1i trung t\u00e2m H\u00e0 N\u1ed9i, li\u1ec1n k\u1ec1 c\u00e1c \u0111\u1ecba danh n\u1ed5i ti\u1ebfng, c\u01a1 quan, khu th\u01b0\u01a1ng m\u1ea1i v\u00e0 tr\u1ee5c giao th\u00f4ng ch\u00ednh.","og_url":"https:\/\/www.fairmonthanoi.com\/vi\/location\/","og_site_name":"Fairmont Hanoi","article_modified_time":"2025-12-18T08:26:42+00:00","twitter_card":"summary_large_image","twitter_misc":{"Est. reading time":"1 minute"},"schema":{"@context":"https:\/\/schema.org","@graph":[{"@type":"WebPage","@id":"https:\/\/www.fairmonthanoi.com\/vi\/location\/","url":"https:\/\/www.fairmonthanoi.com\/vi\/location\/","name":"V\u1ecb tr\u00ed c\u1ee7a Fairmont Hanoi | Khu v\u1ef1c trung t\u00e2m, \u0111\u1ecba danh v\u00e0 di chuy\u1ec3n","isPartOf":{"@id":"https:\/\/www.fairmonthanoi.com\/#website"},"datePublished":"2025-12-18T08:22:51+00:00","dateModified":"2025-12-18T08:26:42+00:00","description":"Kh\u00e1m ph\u00e1 v\u1ecb tr\u00ed \u0111\u1eafc \u0111\u1ecba c\u1ee7a Fairmont Hanoi t\u1ea1i trung t\u00e2m H\u00e0 N\u1ed9i, li\u1ec1n k\u1ec1 c\u00e1c \u0111\u1ecba danh n\u1ed5i ti\u1ebfng, c\u01a1 quan, khu th\u01b0\u01a1ng m\u1ea1i v\u00e0 tr\u1ee5c giao th\u00f4ng ch\u00ednh.","breadcrumb":{"@id":"https:\/\/www.fairmonthanoi.com\/vi\/location\/#breadcrumb"},"inLanguage":"vi-VN","potentialAction":[{"@type":"ReadAction","target":["https:\/\/www.fairmonthanoi.com\/vi\/location\/"]}]},{"@type":"BreadcrumbList","@id":"https:\/\/www.fairmonthanoi.com\/vi\/location\/#breadcrumb","itemListElement":[{"@type":"ListItem","position":1,"name":"Home","item":"https:\/\/www.fairmonthanoi.com\/vi\/"},{"@type":"ListItem","position":2,"name":"V\u1eca TR\u00cd C\u1ee6A FAIRMONT HANOI"}]},{"@type":"WebSite","@id":"https:\/\/www.fairmonthanoi.com\/#website","url":"https:\/\/www.fairmonthanoi.com\/","name":"Fairmont Hanoi","description":"","potentialAction":[{"@type":"SearchAction","target":{"@type":"EntryPoint","urlTemplate":"https:\/\/www.fairmonthanoi.com\/?s={search_term_string}"},"query-input":{"@type":"PropertyValueSpecification","valueRequired":true,"valueName":"search_term_string"}}],"inLanguage":"vi-VN"}]}},"_links":{"self":[{"href":"https:\/\/www.fairmonthanoi.com\/vi\/wp-json\/wp\/v2\/pages\/133","targetHints":{"allow":["GET"]}}],"collection":[{"href":"https:\/\/www.fairmonthanoi.com\/vi\/wp-json\/wp\/v2\/pages"}],"about":[{"href":"https:\/\/www.fairmonthanoi.com\/vi\/wp-json\/wp\/v2\/types\/page"}],"author":[{"embeddable":true,"href":"https:\/\/www.fairmonthanoi.com\/vi\/wp-json\/wp\/v2\/users\/30"}],"replies":[{"embeddable":true,"href":"https:\/\/www.fairmonthanoi.com\/vi\/wp-json\/wp\/v2\/comments?post=133"}],"version-history":[{"count":0,"href":"https:\/\/www.fairmonthanoi.com\/vi\/wp-json\/wp\/v2\/pages\/133\/revisions"}],"wp:attachment":[{"href":"https:\/\/www.fairmonthanoi.com\/vi\/wp-json\/wp\/v2\/media?parent=133"}],"wp:term":[{"taxonomy":"category","embeddable":true,"href":"https:\/\/www.fairmonthanoi.com\/vi\/wp-json\/wp\/v2\/categories?post=133"}],"curies":[{"name":"wp","href":"https:\/\/api.w.org\/{rel}","templated":true}]}}