{"id":136,"date":"2025-12-18T08:28:43","date_gmt":"2025-12-18T08:28:43","guid":{"rendered":"https:\/\/fairmonthanoi.accorv2prod2.decms.eu\/things-to-do-in-hanoi\/"},"modified":"2025-12-18T08:33:34","modified_gmt":"2025-12-18T08:33:34","slug":"things-to-do-in-hanoi","status":"publish","type":"page","link":"https:\/\/www.fairmonthanoi.com\/vi\/things-to-do-in-hanoi\/","title":{"rendered":"NH\u1eeeNG \u0110I\u1ec0U N\u00caN TH\u1eec T\u1ea0I H\u00c0 N\u1ed8I"},"content":{"rendered":"<p>Kh\u00e1m ph\u00e1 nh\u1eefng tr\u1ea3i nghi\u1ec7m \u0111\u1eb7c s\u1eafc nh\u1ea5t t\u1ea1i th\u1ee7 \u0111\u00f4 t\u1eeb v\u1ecb tr\u00ed \u0111\u1eafc \u0111\u1ecba c\u1ee7a Fairmont Hanoi, ngay gi\u1eefa khu ph\u1ed1 Ph\u00e1p, ph\u1ed1 c\u1ed5 v\u00e0 H\u1ed3 Ho\u00e0n Ki\u1ebfm. Qu\u00fd kh\u00e1ch c\u00f3 th\u1ec3 d\u1ec5 d\u00e0ng di chuy\u1ec3n t\u1edbi c\u00e1c \u0111i\u1ec3m th\u0103m quan mang t\u00ednh bi\u1ec3u t\u01b0\u1ee3ng, nh\u1eefng di s\u1ea3n v\u0103n h\u00f3a v\u00e0 d\u1ea5u \u1ea5n l\u1ecbch s\u1eed c\u1ee7a th\u00e0nh ph\u1ed1. H\u00f2a m\u00ecnh v\u00e0o th\u1ebf gi\u1edbi c\u1ee7a \u1ea9m th\u1ef1c \u0111\u01b0\u1eddng ph\u1ed1 \u0111\u1ea7y m\u00e0u s\u1eafc, nh\u00e0 h\u00e0ng danh ti\u1ebfng, qu\u00e1n c\u00e0 ph\u00ea th\u1ee7 c\u00f4ng v\u00e0 nh\u1eefng c\u1eeda hi\u1ec7u l\u00e2u \u0111\u1eddi. N\u1ebfu Qu\u00fd kh\u00e1ch c\u1ea7n th\u01b0 gi\u00e3n, h\u00e3y gh\u00e9 th\u0103m Cirua Bathhouse \u0111\u1eb7c tr\u01b0ng c\u1ee7a ch\u00fang t\u00f4i ho\u1eb7c c\u00e1c spa n\u1ed5i ti\u1ebfng H\u00e0 N\u1ed9i. D\u00f9 Qu\u00fd kh\u00e1ch \u0111ang t\u00ecm ki\u1ebfm l\u1ecbch s\u1eed, \u1ea9m th\u1ef1c, v\u0103n h\u00f3a hay nh\u1eefng tr\u1ea3i nghi\u1ec7m mua s\u1eafm cao c\u1ea5p, Fairmont Hanoi lu\u00f4n l\u00e0 \u0111i\u1ec3m kh\u1edfi \u0111\u1ea7u ho\u00e0n h\u1ea3o, giao l\u1ed9 trung t\u00e2m c\u1ee7a m\u1ecdi h\u00e0nh tr\u00ecnh.<\/p>\n","protected":false},"excerpt":{"rendered":"<p>Kh\u00e1m ph\u00e1 nh\u1eefng tr\u1ea3i nghi\u1ec7m \u0111\u1eb7c s\u1eafc nh\u1ea5t t\u1ea1i th\u1ee7 \u0111\u00f4 t\u1eeb v\u1ecb tr\u00ed \u0111\u1eafc \u0111\u1ecba c\u1ee7a Fairmont Hanoi, ngay gi\u1eefa khu ph\u1ed1 Ph\u00e1p, ph\u1ed1 c\u1ed5 v\u00e0 H\u1ed3 Ho\u00e0n Ki\u1ebfm. Qu\u00fd kh\u00e1ch c\u00f3 th\u1ec3 d\u1ec5 d\u00e0ng di chuy\u1ec3n t\u1edbi c\u00e1c \u0111i\u1ec3m th\u0103m quan mang t\u00ednh bi\u1ec3u t\u01b0\u1ee3ng, nh\u1eefng di s\u1ea3n v\u0103n h\u00f3a v\u00e0 d\u1ea5u \u1ea5n [&hellip;]<\/p>\n","protected":false},"author":30,"featured_media":0,"parent":0,"menu_order":0,"comment_status":"closed","ping_status":"closed","template":"template-things-to-do.php","meta":{"footnotes":""},"categories":[],"class_list":["post-136","page","type-page","status-publish","hentry"],"acf":[],"yoast_head":"<!-- This site is optimized with the Yoast SEO plugin v26.9 - https:\/\/yoast.com\/product\/yoast-seo-wordpress\/ -->\n<title>Nh\u1eefng \u0111i\u1ec1u n\u00ean th\u1eed khi \u1edf H\u00e0 N\u1ed9i | \u1ea8m th\u1ef1c, v\u0103n ho\u00e1 v\u00e0 \u0111i\u1ec3m th\u0103m quan c\u1ea1nh Fairmont Hanoi<\/title>\n<meta name=\"description\" content=\"Kh\u00e1m ph\u00e1 nh\u1eefng tr\u1ea3i nghi\u1ec7m \u0111\u00e1ng th\u1eed nh\u1ea5t g\u1ea7n Fairmont Hanoi, t\u1eeb \u0111\u1ecba danh l\u1ecbch s\u1eed, khu di t\u00edch v\u0103n ho\u00e1, \u0111\u1ebfn \u1ea9m th\u1ef1c \u0111\u01b0\u1eddng ph\u1ed1, nh\u00e0 h\u00e0ng, khu ph\u1ed1 mua s\u1eafm, v\u00e0 c\u00e1c b\u1ea3o t\u00e0ng.\" \/>\n<meta name=\"robots\" content=\"index, follow, max-snippet:-1, max-image-preview:large, max-video-preview:-1\" \/>\n<link rel=\"canonical\" href=\"https:\/\/www.fairmonthanoi.com\/vi\/things-to-do-in-hanoi\/\" \/>\n<meta property=\"og:locale\" content=\"vi_VN\" \/>\n<meta property=\"og:type\" content=\"article\" \/>\n<meta property=\"og:title\" content=\"Nh\u1eefng \u0111i\u1ec1u n\u00ean th\u1eed khi \u1edf H\u00e0 N\u1ed9i | \u1ea8m th\u1ef1c, v\u0103n ho\u00e1 v\u00e0 \u0111i\u1ec3m th\u0103m quan c\u1ea1nh Fairmont Hanoi\" \/>\n<meta property=\"og:description\" content=\"Kh\u00e1m ph\u00e1 nh\u1eefng tr\u1ea3i nghi\u1ec7m \u0111\u00e1ng th\u1eed nh\u1ea5t g\u1ea7n Fairmont Hanoi, t\u1eeb \u0111\u1ecba danh l\u1ecbch s\u1eed, khu di t\u00edch v\u0103n ho\u00e1, \u0111\u1ebfn \u1ea9m th\u1ef1c \u0111\u01b0\u1eddng ph\u1ed1, nh\u00e0 h\u00e0ng, khu ph\u1ed1 mua s\u1eafm, v\u00e0 c\u00e1c b\u1ea3o t\u00e0ng.\" \/>\n<meta property=\"og:url\" content=\"https:\/\/www.fairmonthanoi.com\/vi\/things-to-do-in-hanoi\/\" \/>\n<meta property=\"og:site_name\" content=\"Fairmont Hanoi\" \/>\n<meta property=\"article:modified_time\" content=\"2025-12-18T08:33:34+00:00\" \/>\n<meta name=\"twitter:card\" content=\"summary_large_image\" \/>\n<meta name=\"twitter:label1\" content=\"Est. reading time\" \/>\n\t<meta name=\"twitter:data1\" content=\"1 minute\" \/>\n<script type=\"application\/ld+json\" class=\"yoast-schema-graph\">{\"@context\":\"https:\/\/schema.org\",\"@graph\":[{\"@type\":\"WebPage\",\"@id\":\"https:\/\/www.fairmonthanoi.com\/vi\/things-to-do-in-hanoi\/\",\"url\":\"https:\/\/www.fairmonthanoi.com\/vi\/things-to-do-in-hanoi\/\",\"name\":\"Nh\u1eefng \u0111i\u1ec1u n\u00ean th\u1eed khi \u1edf H\u00e0 N\u1ed9i | \u1ea8m th\u1ef1c, v\u0103n ho\u00e1 v\u00e0 \u0111i\u1ec3m th\u0103m quan c\u1ea1nh Fairmont Hanoi\",\"isPartOf\":{\"@id\":\"https:\/\/www.fairmonthanoi.com\/#website\"},\"datePublished\":\"2025-12-18T08:28:43+00:00\",\"dateModified\":\"2025-12-18T08:33:34+00:00\",\"description\":\"Kh\u00e1m ph\u00e1 nh\u1eefng tr\u1ea3i nghi\u1ec7m \u0111\u00e1ng th\u1eed nh\u1ea5t g\u1ea7n Fairmont Hanoi, t\u1eeb \u0111\u1ecba danh l\u1ecbch s\u1eed, khu di t\u00edch v\u0103n ho\u00e1, \u0111\u1ebfn \u1ea9m th\u1ef1c \u0111\u01b0\u1eddng ph\u1ed1, nh\u00e0 h\u00e0ng, khu ph\u1ed1 mua s\u1eafm, v\u00e0 c\u00e1c b\u1ea3o t\u00e0ng.\",\"breadcrumb\":{\"@id\":\"https:\/\/www.fairmonthanoi.com\/vi\/things-to-do-in-hanoi\/#breadcrumb\"},\"inLanguage\":\"vi-VN\",\"potentialAction\":[{\"@type\":\"ReadAction\",\"target\":[\"https:\/\/www.fairmonthanoi.com\/vi\/things-to-do-in-hanoi\/\"]}]},{\"@type\":\"BreadcrumbList\",\"@id\":\"https:\/\/www.fairmonthanoi.com\/vi\/things-to-do-in-hanoi\/#breadcrumb\",\"itemListElement\":[{\"@type\":\"ListItem\",\"position\":1,\"name\":\"Home\",\"item\":\"https:\/\/www.fairmonthanoi.com\/vi\/\"},{\"@type\":\"ListItem\",\"position\":2,\"name\":\"NH\u1eeeNG \u0110I\u1ec0U N\u00caN TH\u1eec T\u1ea0I H\u00c0 N\u1ed8I\"}]},{\"@type\":\"WebSite\",\"@id\":\"https:\/\/www.fairmonthanoi.com\/#website\",\"url\":\"https:\/\/www.fairmonthanoi.com\/\",\"name\":\"Fairmont Hanoi\",\"description\":\"\",\"potentialAction\":[{\"@type\":\"SearchAction\",\"target\":{\"@type\":\"EntryPoint\",\"urlTemplate\":\"https:\/\/www.fairmonthanoi.com\/?s={search_term_string}\"},\"query-input\":{\"@type\":\"PropertyValueSpecification\",\"valueRequired\":true,\"valueName\":\"search_term_string\"}}],\"inLanguage\":\"vi-VN\"}]}<\/script>\n<!-- \/ Yoast SEO plugin. -->","yoast_head_json":{"title":"Nh\u1eefng \u0111i\u1ec1u n\u00ean th\u1eed khi \u1edf H\u00e0 N\u1ed9i | \u1ea8m th\u1ef1c, v\u0103n ho\u00e1 v\u00e0 \u0111i\u1ec3m th\u0103m quan c\u1ea1nh Fairmont Hanoi","description":"Kh\u00e1m ph\u00e1 nh\u1eefng tr\u1ea3i nghi\u1ec7m \u0111\u00e1ng th\u1eed nh\u1ea5t g\u1ea7n Fairmont Hanoi, t\u1eeb \u0111\u1ecba danh l\u1ecbch s\u1eed, khu di t\u00edch v\u0103n ho\u00e1, \u0111\u1ebfn \u1ea9m th\u1ef1c \u0111\u01b0\u1eddng ph\u1ed1, nh\u00e0 h\u00e0ng, khu ph\u1ed1 mua s\u1eafm, v\u00e0 c\u00e1c b\u1ea3o t\u00e0ng.","robots":{"index":"index","follow":"follow","max-snippet":"max-snippet:-1","max-image-preview":"max-image-preview:large","max-video-preview":"max-video-preview:-1"},"canonical":"https:\/\/www.fairmonthanoi.com\/vi\/things-to-do-in-hanoi\/","og_locale":"vi_VN","og_type":"article","og_title":"Nh\u1eefng \u0111i\u1ec1u n\u00ean th\u1eed khi \u1edf H\u00e0 N\u1ed9i | \u1ea8m th\u1ef1c, v\u0103n ho\u00e1 v\u00e0 \u0111i\u1ec3m th\u0103m quan c\u1ea1nh Fairmont Hanoi","og_description":"Kh\u00e1m ph\u00e1 nh\u1eefng tr\u1ea3i nghi\u1ec7m \u0111\u00e1ng th\u1eed nh\u1ea5t g\u1ea7n Fairmont Hanoi, t\u1eeb \u0111\u1ecba danh l\u1ecbch s\u1eed, khu di t\u00edch v\u0103n ho\u00e1, \u0111\u1ebfn \u1ea9m th\u1ef1c \u0111\u01b0\u1eddng ph\u1ed1, nh\u00e0 h\u00e0ng, khu ph\u1ed1 mua s\u1eafm, v\u00e0 c\u00e1c b\u1ea3o t\u00e0ng.","og_url":"https:\/\/www.fairmonthanoi.com\/vi\/things-to-do-in-hanoi\/","og_site_name":"Fairmont Hanoi","article_modified_time":"2025-12-18T08:33:34+00:00","twitter_card":"summary_large_image","twitter_misc":{"Est. reading time":"1 minute"},"schema":{"@context":"https:\/\/schema.org","@graph":[{"@type":"WebPage","@id":"https:\/\/www.fairmonthanoi.com\/vi\/things-to-do-in-hanoi\/","url":"https:\/\/www.fairmonthanoi.com\/vi\/things-to-do-in-hanoi\/","name":"Nh\u1eefng \u0111i\u1ec1u n\u00ean th\u1eed khi \u1edf H\u00e0 N\u1ed9i | \u1ea8m th\u1ef1c, v\u0103n ho\u00e1 v\u00e0 \u0111i\u1ec3m th\u0103m quan c\u1ea1nh Fairmont Hanoi","isPartOf":{"@id":"https:\/\/www.fairmonthanoi.com\/#website"},"datePublished":"2025-12-18T08:28:43+00:00","dateModified":"2025-12-18T08:33:34+00:00","description":"Kh\u00e1m ph\u00e1 nh\u1eefng tr\u1ea3i nghi\u1ec7m \u0111\u00e1ng th\u1eed nh\u1ea5t g\u1ea7n Fairmont Hanoi, t\u1eeb \u0111\u1ecba danh l\u1ecbch s\u1eed, khu di t\u00edch v\u0103n ho\u00e1, \u0111\u1ebfn \u1ea9m th\u1ef1c \u0111\u01b0\u1eddng ph\u1ed1, nh\u00e0 h\u00e0ng, khu ph\u1ed1 mua s\u1eafm, v\u00e0 c\u00e1c b\u1ea3o t\u00e0ng.","breadcrumb":{"@id":"https:\/\/www.fairmonthanoi.com\/vi\/things-to-do-in-hanoi\/#breadcrumb"},"inLanguage":"vi-VN","potentialAction":[{"@type":"ReadAction","target":["https:\/\/www.fairmonthanoi.com\/vi\/things-to-do-in-hanoi\/"]}]},{"@type":"BreadcrumbList","@id":"https:\/\/www.fairmonthanoi.com\/vi\/things-to-do-in-hanoi\/#breadcrumb","itemListElement":[{"@type":"ListItem","position":1,"name":"Home","item":"https:\/\/www.fairmonthanoi.com\/vi\/"},{"@type":"ListItem","position":2,"name":"NH\u1eeeNG \u0110I\u1ec0U N\u00caN TH\u1eec T\u1ea0I H\u00c0 N\u1ed8I"}]},{"@type":"WebSite","@id":"https:\/\/www.fairmonthanoi.com\/#website","url":"https:\/\/www.fairmonthanoi.com\/","name":"Fairmont Hanoi","description":"","potentialAction":[{"@type":"SearchAction","target":{"@type":"EntryPoint","urlTemplate":"https:\/\/www.fairmonthanoi.com\/?s={search_term_string}"},"query-input":{"@type":"PropertyValueSpecification","valueRequired":true,"valueName":"search_term_string"}}],"inLanguage":"vi-VN"}]}},"_links":{"self":[{"href":"https:\/\/www.fairmonthanoi.com\/vi\/wp-json\/wp\/v2\/pages\/136","targetHints":{"allow":["GET"]}}],"collection":[{"href":"https:\/\/www.fairmonthanoi.com\/vi\/wp-json\/wp\/v2\/pages"}],"about":[{"href":"https:\/\/www.fairmonthanoi.com\/vi\/wp-json\/wp\/v2\/types\/page"}],"author":[{"embeddable":true,"href":"https:\/\/www.fairmonthanoi.com\/vi\/wp-json\/wp\/v2\/users\/30"}],"replies":[{"embeddable":true,"href":"https:\/\/www.fairmonthanoi.com\/vi\/wp-json\/wp\/v2\/comments?post=136"}],"version-history":[{"count":0,"href":"https:\/\/www.fairmonthanoi.com\/vi\/wp-json\/wp\/v2\/pages\/136\/revisions"}],"wp:attachment":[{"href":"https:\/\/www.fairmonthanoi.com\/vi\/wp-json\/wp\/v2\/media?parent=136"}],"wp:term":[{"taxonomy":"category","embeddable":true,"href":"https:\/\/www.fairmonthanoi.com\/vi\/wp-json\/wp\/v2\/categories?post=136"}],"curies":[{"name":"wp","href":"https:\/\/api.w.org\/{rel}","templated":true}]}}