{"id":140,"date":"2025-12-18T08:40:56","date_gmt":"2025-12-18T08:40:56","guid":{"rendered":"https:\/\/fairmonthanoi.accorv2prod2.decms.eu\/faqs\/"},"modified":"2025-12-18T08:50:55","modified_gmt":"2025-12-18T08:50:55","slug":"faqs","status":"publish","type":"page","link":"https:\/\/www.fairmonthanoi.com\/vi\/faqs\/","title":{"rendered":"C\u00e2u H\u1ecfi Th\u01b0\u1eddng G\u1eb7p"},"content":{"rendered":"<p>T\u00ecm ki\u1ebfm c\u00e2u tr\u1ea3 l\u1eddi cho c\u00e1c th\u1eafc m\u1eafc th\u01b0\u1eddng g\u1eb7p khi l\u01b0u tr\u00fa t\u1ea1i Fairmont Hanoi, bao g\u1ed3m h\u1ed7 tr\u1ee3 \u0111\u1eb7t ph\u00f2ng, th\u00f4ng tin ph\u00f2ng, ti\u1ec7n \u00edch, kh\u1ea3 n\u0103ng ti\u1ebfp c\u1eadn v\u00e0 d\u1ecbch v\u1ee5 kh\u00e1ch s\u1ea1n. Ch\u00fang t\u00f4i lu\u00f4n s\u1eb5n s\u00e0ng h\u1ed7 tr\u1ee3 th\u00eam khi Qu\u00fd kh\u00e1ch c\u1ea7n.<\/p>\n","protected":false},"excerpt":{"rendered":"<p>T\u00ecm ki\u1ebfm c\u00e2u tr\u1ea3 l\u1eddi cho c\u00e1c th\u1eafc m\u1eafc th\u01b0\u1eddng g\u1eb7p khi l\u01b0u tr\u00fa t\u1ea1i Fairmont Hanoi, bao g\u1ed3m h\u1ed7 tr\u1ee3 \u0111\u1eb7t ph\u00f2ng, th\u00f4ng tin ph\u00f2ng, ti\u1ec7n \u00edch, kh\u1ea3 n\u0103ng ti\u1ebfp c\u1eadn v\u00e0 d\u1ecbch v\u1ee5 kh\u00e1ch s\u1ea1n. Ch\u00fang t\u00f4i lu\u00f4n s\u1eb5n s\u00e0ng h\u1ed7 tr\u1ee3 th\u00eam khi Qu\u00fd kh\u00e1ch c\u1ea7n.<\/p>\n","protected":false},"author":30,"featured_media":0,"parent":0,"menu_order":0,"comment_status":"closed","ping_status":"closed","template":"template-faq.php","meta":{"footnotes":""},"categories":[],"class_list":["post-140","page","type-page","status-publish","hentry"],"acf":[],"yoast_head":"<!-- This site is optimized with the Yoast SEO plugin v26.9 - https:\/\/yoast.com\/product\/yoast-seo-wordpress\/ -->\n<title>C\u00e2u h\u1ecfi th\u01b0\u1eddng g\u1eb7p | Fairmont Hanoi - \u0110\u1eb7t ph\u00f2ng, th\u00f4ng tin ph\u00f2ng &amp; d\u1ecbch v\u1ee5<\/title>\n<meta name=\"description\" content=\"T\u00ecm ki\u1ebfm c\u00e2u tr\u1ea3 l\u1eddi cho nh\u1eefng c\u00e2u h\u1ecfi th\u01b0\u1eddng g\u1eb7p v\u1ec1 Fairmont Hanoi, bao g\u1ed3m th\u1eddi gian nh\u1eadn ph\u00f2ng, ti\u1ec7n \u00edch, kh\u1ea3 n\u0103ng truy c\u1eadp, th\u00f4ng tin d\u1ecbch v\u1ee5 v\u00e0 h\u1ed7 tr\u1ee3 kh\u00e1ch h\u00e0ng.\" \/>\n<meta name=\"robots\" content=\"index, follow, max-snippet:-1, max-image-preview:large, max-video-preview:-1\" \/>\n<link rel=\"canonical\" href=\"https:\/\/www.fairmonthanoi.com\/vi\/faqs\/\" \/>\n<meta property=\"og:locale\" content=\"vi_VN\" \/>\n<meta property=\"og:type\" content=\"article\" \/>\n<meta property=\"og:title\" content=\"C\u00e2u h\u1ecfi th\u01b0\u1eddng g\u1eb7p | Fairmont Hanoi - \u0110\u1eb7t ph\u00f2ng, th\u00f4ng tin ph\u00f2ng &amp; d\u1ecbch v\u1ee5\" \/>\n<meta property=\"og:description\" content=\"T\u00ecm ki\u1ebfm c\u00e2u tr\u1ea3 l\u1eddi cho nh\u1eefng c\u00e2u h\u1ecfi th\u01b0\u1eddng g\u1eb7p v\u1ec1 Fairmont Hanoi, bao g\u1ed3m th\u1eddi gian nh\u1eadn ph\u00f2ng, ti\u1ec7n \u00edch, kh\u1ea3 n\u0103ng truy c\u1eadp, th\u00f4ng tin d\u1ecbch v\u1ee5 v\u00e0 h\u1ed7 tr\u1ee3 kh\u00e1ch h\u00e0ng.\" \/>\n<meta property=\"og:url\" content=\"https:\/\/www.fairmonthanoi.com\/vi\/faqs\/\" \/>\n<meta property=\"og:site_name\" content=\"Fairmont Hanoi\" \/>\n<meta property=\"article:modified_time\" content=\"2025-12-18T08:50:55+00:00\" \/>\n<meta name=\"twitter:card\" content=\"summary_large_image\" \/>\n<meta name=\"twitter:label1\" content=\"Est. reading time\" \/>\n\t<meta name=\"twitter:data1\" content=\"1 minute\" \/>\n<script type=\"application\/ld+json\" class=\"yoast-schema-graph\">{\"@context\":\"https:\/\/schema.org\",\"@graph\":[{\"@type\":\"WebPage\",\"@id\":\"https:\/\/www.fairmonthanoi.com\/vi\/faqs\/\",\"url\":\"https:\/\/www.fairmonthanoi.com\/vi\/faqs\/\",\"name\":\"C\u00e2u h\u1ecfi th\u01b0\u1eddng g\u1eb7p | Fairmont Hanoi - \u0110\u1eb7t ph\u00f2ng, th\u00f4ng tin ph\u00f2ng & d\u1ecbch v\u1ee5\",\"isPartOf\":{\"@id\":\"https:\/\/www.fairmonthanoi.com\/#website\"},\"datePublished\":\"2025-12-18T08:40:56+00:00\",\"dateModified\":\"2025-12-18T08:50:55+00:00\",\"description\":\"T\u00ecm ki\u1ebfm c\u00e2u tr\u1ea3 l\u1eddi cho nh\u1eefng c\u00e2u h\u1ecfi th\u01b0\u1eddng g\u1eb7p v\u1ec1 Fairmont Hanoi, bao g\u1ed3m th\u1eddi gian nh\u1eadn ph\u00f2ng, ti\u1ec7n \u00edch, kh\u1ea3 n\u0103ng truy c\u1eadp, th\u00f4ng tin d\u1ecbch v\u1ee5 v\u00e0 h\u1ed7 tr\u1ee3 kh\u00e1ch h\u00e0ng.\",\"breadcrumb\":{\"@id\":\"https:\/\/www.fairmonthanoi.com\/vi\/faqs\/#breadcrumb\"},\"inLanguage\":\"vi-VN\",\"potentialAction\":[{\"@type\":\"ReadAction\",\"target\":[\"https:\/\/www.fairmonthanoi.com\/vi\/faqs\/\"]}]},{\"@type\":\"BreadcrumbList\",\"@id\":\"https:\/\/www.fairmonthanoi.com\/vi\/faqs\/#breadcrumb\",\"itemListElement\":[{\"@type\":\"ListItem\",\"position\":1,\"name\":\"Home\",\"item\":\"https:\/\/www.fairmonthanoi.com\/vi\/\"},{\"@type\":\"ListItem\",\"position\":2,\"name\":\"C\u00e2u H\u1ecfi Th\u01b0\u1eddng G\u1eb7p\"}]},{\"@type\":\"WebSite\",\"@id\":\"https:\/\/www.fairmonthanoi.com\/#website\",\"url\":\"https:\/\/www.fairmonthanoi.com\/\",\"name\":\"Fairmont Hanoi\",\"description\":\"\",\"potentialAction\":[{\"@type\":\"SearchAction\",\"target\":{\"@type\":\"EntryPoint\",\"urlTemplate\":\"https:\/\/www.fairmonthanoi.com\/?s={search_term_string}\"},\"query-input\":{\"@type\":\"PropertyValueSpecification\",\"valueRequired\":true,\"valueName\":\"search_term_string\"}}],\"inLanguage\":\"vi-VN\"}]}<\/script>\n<!-- \/ Yoast SEO plugin. -->","yoast_head_json":{"title":"C\u00e2u h\u1ecfi th\u01b0\u1eddng g\u1eb7p | Fairmont Hanoi - \u0110\u1eb7t ph\u00f2ng, th\u00f4ng tin ph\u00f2ng & d\u1ecbch v\u1ee5","description":"T\u00ecm ki\u1ebfm c\u00e2u tr\u1ea3 l\u1eddi cho nh\u1eefng c\u00e2u h\u1ecfi th\u01b0\u1eddng g\u1eb7p v\u1ec1 Fairmont Hanoi, bao g\u1ed3m th\u1eddi gian nh\u1eadn ph\u00f2ng, ti\u1ec7n \u00edch, kh\u1ea3 n\u0103ng truy c\u1eadp, th\u00f4ng tin d\u1ecbch v\u1ee5 v\u00e0 h\u1ed7 tr\u1ee3 kh\u00e1ch h\u00e0ng.","robots":{"index":"index","follow":"follow","max-snippet":"max-snippet:-1","max-image-preview":"max-image-preview:large","max-video-preview":"max-video-preview:-1"},"canonical":"https:\/\/www.fairmonthanoi.com\/vi\/faqs\/","og_locale":"vi_VN","og_type":"article","og_title":"C\u00e2u h\u1ecfi th\u01b0\u1eddng g\u1eb7p | Fairmont Hanoi - \u0110\u1eb7t ph\u00f2ng, th\u00f4ng tin ph\u00f2ng & d\u1ecbch v\u1ee5","og_description":"T\u00ecm ki\u1ebfm c\u00e2u tr\u1ea3 l\u1eddi cho nh\u1eefng c\u00e2u h\u1ecfi th\u01b0\u1eddng g\u1eb7p v\u1ec1 Fairmont Hanoi, bao g\u1ed3m th\u1eddi gian nh\u1eadn ph\u00f2ng, ti\u1ec7n \u00edch, kh\u1ea3 n\u0103ng truy c\u1eadp, th\u00f4ng tin d\u1ecbch v\u1ee5 v\u00e0 h\u1ed7 tr\u1ee3 kh\u00e1ch h\u00e0ng.","og_url":"https:\/\/www.fairmonthanoi.com\/vi\/faqs\/","og_site_name":"Fairmont Hanoi","article_modified_time":"2025-12-18T08:50:55+00:00","twitter_card":"summary_large_image","twitter_misc":{"Est. reading time":"1 minute"},"schema":{"@context":"https:\/\/schema.org","@graph":[{"@type":"WebPage","@id":"https:\/\/www.fairmonthanoi.com\/vi\/faqs\/","url":"https:\/\/www.fairmonthanoi.com\/vi\/faqs\/","name":"C\u00e2u h\u1ecfi th\u01b0\u1eddng g\u1eb7p | Fairmont Hanoi - \u0110\u1eb7t ph\u00f2ng, th\u00f4ng tin ph\u00f2ng & d\u1ecbch v\u1ee5","isPartOf":{"@id":"https:\/\/www.fairmonthanoi.com\/#website"},"datePublished":"2025-12-18T08:40:56+00:00","dateModified":"2025-12-18T08:50:55+00:00","description":"T\u00ecm ki\u1ebfm c\u00e2u tr\u1ea3 l\u1eddi cho nh\u1eefng c\u00e2u h\u1ecfi th\u01b0\u1eddng g\u1eb7p v\u1ec1 Fairmont Hanoi, bao g\u1ed3m th\u1eddi gian nh\u1eadn ph\u00f2ng, ti\u1ec7n \u00edch, kh\u1ea3 n\u0103ng truy c\u1eadp, th\u00f4ng tin d\u1ecbch v\u1ee5 v\u00e0 h\u1ed7 tr\u1ee3 kh\u00e1ch h\u00e0ng.","breadcrumb":{"@id":"https:\/\/www.fairmonthanoi.com\/vi\/faqs\/#breadcrumb"},"inLanguage":"vi-VN","potentialAction":[{"@type":"ReadAction","target":["https:\/\/www.fairmonthanoi.com\/vi\/faqs\/"]}]},{"@type":"BreadcrumbList","@id":"https:\/\/www.fairmonthanoi.com\/vi\/faqs\/#breadcrumb","itemListElement":[{"@type":"ListItem","position":1,"name":"Home","item":"https:\/\/www.fairmonthanoi.com\/vi\/"},{"@type":"ListItem","position":2,"name":"C\u00e2u H\u1ecfi Th\u01b0\u1eddng G\u1eb7p"}]},{"@type":"WebSite","@id":"https:\/\/www.fairmonthanoi.com\/#website","url":"https:\/\/www.fairmonthanoi.com\/","name":"Fairmont Hanoi","description":"","potentialAction":[{"@type":"SearchAction","target":{"@type":"EntryPoint","urlTemplate":"https:\/\/www.fairmonthanoi.com\/?s={search_term_string}"},"query-input":{"@type":"PropertyValueSpecification","valueRequired":true,"valueName":"search_term_string"}}],"inLanguage":"vi-VN"}]}},"_links":{"self":[{"href":"https:\/\/www.fairmonthanoi.com\/vi\/wp-json\/wp\/v2\/pages\/140","targetHints":{"allow":["GET"]}}],"collection":[{"href":"https:\/\/www.fairmonthanoi.com\/vi\/wp-json\/wp\/v2\/pages"}],"about":[{"href":"https:\/\/www.fairmonthanoi.com\/vi\/wp-json\/wp\/v2\/types\/page"}],"author":[{"embeddable":true,"href":"https:\/\/www.fairmonthanoi.com\/vi\/wp-json\/wp\/v2\/users\/30"}],"replies":[{"embeddable":true,"href":"https:\/\/www.fairmonthanoi.com\/vi\/wp-json\/wp\/v2\/comments?post=140"}],"version-history":[{"count":0,"href":"https:\/\/www.fairmonthanoi.com\/vi\/wp-json\/wp\/v2\/pages\/140\/revisions"}],"wp:attachment":[{"href":"https:\/\/www.fairmonthanoi.com\/vi\/wp-json\/wp\/v2\/media?parent=140"}],"wp:term":[{"taxonomy":"category","embeddable":true,"href":"https:\/\/www.fairmonthanoi.com\/vi\/wp-json\/wp\/v2\/categories?post=140"}],"curies":[{"name":"wp","href":"https:\/\/api.w.org\/{rel}","templated":true}]}}