{"id":142,"date":"2025-12-17T07:04:05","date_gmt":"2025-12-17T07:04:05","guid":{"rendered":"https:\/\/fairmonthanoi.accorv2prod2.decms.eu\/accomodation\/fairmont-twin\/"},"modified":"2025-12-19T03:26:19","modified_gmt":"2025-12-19T03:26:19","slug":"fairmont-twin","status":"publish","type":"page","link":"https:\/\/www.fairmonthanoi.com\/vi\/accomodation\/fairmont-twin\/","title":{"rendered":"PH\u00d2NG FAIRMONT TWIN"},"content":{"rendered":"<p>Ph\u00f2ng Fairmont Twin l\u00e0 n\u01a1i tr\u00fa \u1ea9n y\u00ean t\u0129nh d\u00e0nh cho nh\u1eefng k\u1ef3 ngh\u1ec9 c\u00f9ng b\u1ea1n b\u00e8 hay gia \u0111\u00ecnh. V\u1edbi n\u1ed9i th\u1ea5t \u0111\u01b0\u1ee3c thi\u1ebft k\u1ebf t\u1eeb g\u1ed7 t\u1ef1 nhi\u00ean tr\u1ea7m \u1ea5m, k\u1ebft h\u1ee3p c\u00f9ng nh\u1eefng chi ti\u1ebft th\u1ee7 c\u00f4ng tinh t\u1ebf c\u1ee7a Vi\u1ec7t Nam, v\u00e0 ki\u1ebfn tr\u00fac n\u1ed9i th\u1ea5t giao h\u00f2a gi\u1eefa truy\u1ec1n th\u1ed1ng v\u00e0 hi\u1ec7n \u0111\u1ea1i, c\u0103n ph\u00f2ng \u0111\u01b0a Qu\u00fd kh\u00e1ch \u0111\u1ebfn m\u1ed9t ch\u1ea1m d\u1eebng \u0111\u1ec3 t\u1eadn h\u01b0\u1edfng nh\u1eefng kho\u1ea3nh kh\u1eafc th\u01b0 gi\u00e3n s\u00e2u l\u1eafng. \u00c1nh s\u00e1ng t\u1ef1 nhi\u00ean ng\u1eadp tr\u00e0n v\u1edbi t\u1ea7m nh\u00ecn h\u01b0\u1edbng ra ph\u1ed1 c\u1ed5 s\u00f4i s\u1ed9ng ho\u1eb7c v\u01b0\u1eddn n\u1ed9i khu xanh m\u00e1t. <\/p>\n","protected":false},"excerpt":{"rendered":"<p>Ph\u00f2ng Fairmont Twin l\u00e0 n\u01a1i tr\u00fa \u1ea9n y\u00ean t\u0129nh d\u00e0nh cho nh\u1eefng k\u1ef3 ngh\u1ec9 c\u00f9ng b\u1ea1n b\u00e8 hay gia \u0111\u00ecnh. V\u1edbi n\u1ed9i th\u1ea5t \u0111\u01b0\u1ee3c thi\u1ebft k\u1ebf t\u1eeb g\u1ed7 t\u1ef1 nhi\u00ean tr\u1ea7m \u1ea5m, k\u1ebft h\u1ee3p c\u00f9ng nh\u1eefng chi ti\u1ebft th\u1ee7 c\u00f4ng tinh t\u1ebf c\u1ee7a Vi\u1ec7t Nam, v\u00e0 ki\u1ebfn tr\u00fac n\u1ed9i th\u1ea5t giao h\u00f2a gi\u1eefa truy\u1ec1n th\u1ed1ng [&hellip;]<\/p>\n","protected":false},"author":30,"featured_media":0,"parent":22,"menu_order":2,"comment_status":"closed","ping_status":"closed","template":"template-room.php","meta":{"footnotes":""},"categories":[21],"class_list":["post-142","page","type-page","status-publish","hentry","category-phong-fairmont-twin"],"acf":[],"yoast_head":"<!-- This site is optimized with the Yoast SEO plugin v26.9 - https:\/\/yoast.com\/product\/yoast-seo-wordpress\/ -->\n<title>Ph\u00f2ng Fairmont Twin t\u1ea1i Trung T\u00e2m H\u00e0 N\u1ed9i | Fairmont Hanoi<\/title>\n<meta name=\"description\" content=\"Kh\u00e1m ph\u00e1 ph\u00f2ng Fairmont Twin ngay t\u1ea1i trung t\u00e2m th\u1ee7 \u0111\u00f4. Ph\u00f2ng \u0111\u01b0\u1ee3c trang b\u1ecb \u0111\u1ea7y \u0111\u1ee7 b\u1ed3n t\u1eafm v\u00e0 v\u00f2i sen t\u00e1ch bi\u1ec7t, h\u1ec7 th\u1ed1ng loa, h\u1ec7 th\u1ed1ng IPTV c\u00f9ng c\u00e1c s\u1ea3n ph\u1ea9m t\u1eafm cao c\u1ea5p Le Labo, mang \u0111\u1ebfn m\u1ed9t kh\u00f4ng gian ngh\u1ec9 d\u01b0\u1ee1ng y\u00ean b\u00ecnh v\u1edbi t\u1ea7m nh\u00ecn h\u01b0\u1edbng ra trung t\u00e2m Ho\u00e0n Ki\u1ebfm ho\u1eb7c kh\u00f4ng gian v\u01b0\u1eddn n\u1ed9i khu.\" \/>\n<meta name=\"robots\" content=\"index, follow, max-snippet:-1, max-image-preview:large, max-video-preview:-1\" \/>\n<link rel=\"canonical\" href=\"https:\/\/www.fairmonthanoi.com\/vi\/accomodation\/fairmont-twin\/\" \/>\n<meta property=\"og:locale\" content=\"vi_VN\" \/>\n<meta property=\"og:type\" content=\"article\" \/>\n<meta property=\"og:title\" content=\"Ph\u00f2ng Fairmont Twin t\u1ea1i Trung T\u00e2m H\u00e0 N\u1ed9i | Fairmont Hanoi\" \/>\n<meta property=\"og:description\" content=\"Kh\u00e1m ph\u00e1 ph\u00f2ng Fairmont Twin ngay t\u1ea1i trung t\u00e2m th\u1ee7 \u0111\u00f4. Ph\u00f2ng \u0111\u01b0\u1ee3c trang b\u1ecb \u0111\u1ea7y \u0111\u1ee7 b\u1ed3n t\u1eafm v\u00e0 v\u00f2i sen t\u00e1ch bi\u1ec7t, h\u1ec7 th\u1ed1ng loa, h\u1ec7 th\u1ed1ng IPTV c\u00f9ng c\u00e1c s\u1ea3n ph\u1ea9m t\u1eafm cao c\u1ea5p Le Labo, mang \u0111\u1ebfn m\u1ed9t kh\u00f4ng gian ngh\u1ec9 d\u01b0\u1ee1ng y\u00ean b\u00ecnh v\u1edbi t\u1ea7m nh\u00ecn h\u01b0\u1edbng ra trung t\u00e2m Ho\u00e0n Ki\u1ebfm ho\u1eb7c kh\u00f4ng gian v\u01b0\u1eddn n\u1ed9i khu.\" \/>\n<meta property=\"og:url\" content=\"https:\/\/www.fairmonthanoi.com\/vi\/accomodation\/fairmont-twin\/\" \/>\n<meta property=\"og:site_name\" content=\"Fairmont Hanoi\" \/>\n<meta property=\"article:modified_time\" content=\"2025-12-19T03:26:19+00:00\" \/>\n<meta name=\"twitter:card\" content=\"summary_large_image\" \/>\n<meta name=\"twitter:label1\" content=\"Est. reading time\" \/>\n\t<meta name=\"twitter:data1\" content=\"1 minute\" \/>\n<script type=\"application\/ld+json\" class=\"yoast-schema-graph\">{\"@context\":\"https:\/\/schema.org\",\"@graph\":[{\"@type\":\"WebPage\",\"@id\":\"https:\/\/www.fairmonthanoi.com\/vi\/accomodation\/fairmont-twin\/\",\"url\":\"https:\/\/www.fairmonthanoi.com\/vi\/accomodation\/fairmont-twin\/\",\"name\":\"Ph\u00f2ng Fairmont Twin t\u1ea1i Trung T\u00e2m H\u00e0 N\u1ed9i | Fairmont Hanoi\",\"isPartOf\":{\"@id\":\"https:\/\/www.fairmonthanoi.com\/#website\"},\"datePublished\":\"2025-12-17T07:04:05+00:00\",\"dateModified\":\"2025-12-19T03:26:19+00:00\",\"description\":\"Kh\u00e1m ph\u00e1 ph\u00f2ng Fairmont Twin ngay t\u1ea1i trung t\u00e2m th\u1ee7 \u0111\u00f4. Ph\u00f2ng \u0111\u01b0\u1ee3c trang b\u1ecb \u0111\u1ea7y \u0111\u1ee7 b\u1ed3n t\u1eafm v\u00e0 v\u00f2i sen t\u00e1ch bi\u1ec7t, h\u1ec7 th\u1ed1ng loa, h\u1ec7 th\u1ed1ng IPTV c\u00f9ng c\u00e1c s\u1ea3n ph\u1ea9m t\u1eafm cao c\u1ea5p Le Labo, mang \u0111\u1ebfn m\u1ed9t kh\u00f4ng gian ngh\u1ec9 d\u01b0\u1ee1ng y\u00ean b\u00ecnh v\u1edbi t\u1ea7m nh\u00ecn h\u01b0\u1edbng ra trung t\u00e2m Ho\u00e0n Ki\u1ebfm ho\u1eb7c kh\u00f4ng gian v\u01b0\u1eddn n\u1ed9i khu.\",\"breadcrumb\":{\"@id\":\"https:\/\/www.fairmonthanoi.com\/vi\/accomodation\/fairmont-twin\/#breadcrumb\"},\"inLanguage\":\"vi-VN\",\"potentialAction\":[{\"@type\":\"ReadAction\",\"target\":[\"https:\/\/www.fairmonthanoi.com\/vi\/accomodation\/fairmont-twin\/\"]}]},{\"@type\":\"BreadcrumbList\",\"@id\":\"https:\/\/www.fairmonthanoi.com\/vi\/accomodation\/fairmont-twin\/#breadcrumb\",\"itemListElement\":[{\"@type\":\"ListItem\",\"position\":1,\"name\":\"Home\",\"item\":\"https:\/\/www.fairmonthanoi.com\/vi\/\"},{\"@type\":\"ListItem\",\"position\":2,\"name\":\"Ph\u00f2ng ngh\u1ec9 &#038; Suite\",\"item\":\"https:\/\/www.fairmonthanoi.com\/vi\/rooms-suites\/\"},{\"@type\":\"ListItem\",\"position\":3,\"name\":\"PH\u00d2NG FAIRMONT TWIN\"}]},{\"@type\":\"WebSite\",\"@id\":\"https:\/\/www.fairmonthanoi.com\/#website\",\"url\":\"https:\/\/www.fairmonthanoi.com\/\",\"name\":\"Fairmont Hanoi\",\"description\":\"\",\"potentialAction\":[{\"@type\":\"SearchAction\",\"target\":{\"@type\":\"EntryPoint\",\"urlTemplate\":\"https:\/\/www.fairmonthanoi.com\/?s={search_term_string}\"},\"query-input\":{\"@type\":\"PropertyValueSpecification\",\"valueRequired\":true,\"valueName\":\"search_term_string\"}}],\"inLanguage\":\"vi-VN\"}]}<\/script>\n<!-- \/ Yoast SEO plugin. -->","yoast_head_json":{"title":"Ph\u00f2ng Fairmont Twin t\u1ea1i Trung T\u00e2m H\u00e0 N\u1ed9i | Fairmont Hanoi","description":"Kh\u00e1m ph\u00e1 ph\u00f2ng Fairmont Twin ngay t\u1ea1i trung t\u00e2m th\u1ee7 \u0111\u00f4. Ph\u00f2ng \u0111\u01b0\u1ee3c trang b\u1ecb \u0111\u1ea7y \u0111\u1ee7 b\u1ed3n t\u1eafm v\u00e0 v\u00f2i sen t\u00e1ch bi\u1ec7t, h\u1ec7 th\u1ed1ng loa, h\u1ec7 th\u1ed1ng IPTV c\u00f9ng c\u00e1c s\u1ea3n ph\u1ea9m t\u1eafm cao c\u1ea5p Le Labo, mang \u0111\u1ebfn m\u1ed9t kh\u00f4ng gian ngh\u1ec9 d\u01b0\u1ee1ng y\u00ean b\u00ecnh v\u1edbi t\u1ea7m nh\u00ecn h\u01b0\u1edbng ra trung t\u00e2m Ho\u00e0n Ki\u1ebfm ho\u1eb7c kh\u00f4ng gian v\u01b0\u1eddn n\u1ed9i khu.","robots":{"index":"index","follow":"follow","max-snippet":"max-snippet:-1","max-image-preview":"max-image-preview:large","max-video-preview":"max-video-preview:-1"},"canonical":"https:\/\/www.fairmonthanoi.com\/vi\/accomodation\/fairmont-twin\/","og_locale":"vi_VN","og_type":"article","og_title":"Ph\u00f2ng Fairmont Twin t\u1ea1i Trung T\u00e2m H\u00e0 N\u1ed9i | Fairmont Hanoi","og_description":"Kh\u00e1m ph\u00e1 ph\u00f2ng Fairmont Twin ngay t\u1ea1i trung t\u00e2m th\u1ee7 \u0111\u00f4. Ph\u00f2ng \u0111\u01b0\u1ee3c trang b\u1ecb \u0111\u1ea7y \u0111\u1ee7 b\u1ed3n t\u1eafm v\u00e0 v\u00f2i sen t\u00e1ch bi\u1ec7t, h\u1ec7 th\u1ed1ng loa, h\u1ec7 th\u1ed1ng IPTV c\u00f9ng c\u00e1c s\u1ea3n ph\u1ea9m t\u1eafm cao c\u1ea5p Le Labo, mang \u0111\u1ebfn m\u1ed9t kh\u00f4ng gian ngh\u1ec9 d\u01b0\u1ee1ng y\u00ean b\u00ecnh v\u1edbi t\u1ea7m nh\u00ecn h\u01b0\u1edbng ra trung t\u00e2m Ho\u00e0n Ki\u1ebfm ho\u1eb7c kh\u00f4ng gian v\u01b0\u1eddn n\u1ed9i khu.","og_url":"https:\/\/www.fairmonthanoi.com\/vi\/accomodation\/fairmont-twin\/","og_site_name":"Fairmont Hanoi","article_modified_time":"2025-12-19T03:26:19+00:00","twitter_card":"summary_large_image","twitter_misc":{"Est. reading time":"1 minute"},"schema":{"@context":"https:\/\/schema.org","@graph":[{"@type":"WebPage","@id":"https:\/\/www.fairmonthanoi.com\/vi\/accomodation\/fairmont-twin\/","url":"https:\/\/www.fairmonthanoi.com\/vi\/accomodation\/fairmont-twin\/","name":"Ph\u00f2ng Fairmont Twin t\u1ea1i Trung T\u00e2m H\u00e0 N\u1ed9i | Fairmont Hanoi","isPartOf":{"@id":"https:\/\/www.fairmonthanoi.com\/#website"},"datePublished":"2025-12-17T07:04:05+00:00","dateModified":"2025-12-19T03:26:19+00:00","description":"Kh\u00e1m ph\u00e1 ph\u00f2ng Fairmont Twin ngay t\u1ea1i trung t\u00e2m th\u1ee7 \u0111\u00f4. Ph\u00f2ng \u0111\u01b0\u1ee3c trang b\u1ecb \u0111\u1ea7y \u0111\u1ee7 b\u1ed3n t\u1eafm v\u00e0 v\u00f2i sen t\u00e1ch bi\u1ec7t, h\u1ec7 th\u1ed1ng loa, h\u1ec7 th\u1ed1ng IPTV c\u00f9ng c\u00e1c s\u1ea3n ph\u1ea9m t\u1eafm cao c\u1ea5p Le Labo, mang \u0111\u1ebfn m\u1ed9t kh\u00f4ng gian ngh\u1ec9 d\u01b0\u1ee1ng y\u00ean b\u00ecnh v\u1edbi t\u1ea7m nh\u00ecn h\u01b0\u1edbng ra trung t\u00e2m Ho\u00e0n Ki\u1ebfm ho\u1eb7c kh\u00f4ng gian v\u01b0\u1eddn n\u1ed9i khu.","breadcrumb":{"@id":"https:\/\/www.fairmonthanoi.com\/vi\/accomodation\/fairmont-twin\/#breadcrumb"},"inLanguage":"vi-VN","potentialAction":[{"@type":"ReadAction","target":["https:\/\/www.fairmonthanoi.com\/vi\/accomodation\/fairmont-twin\/"]}]},{"@type":"BreadcrumbList","@id":"https:\/\/www.fairmonthanoi.com\/vi\/accomodation\/fairmont-twin\/#breadcrumb","itemListElement":[{"@type":"ListItem","position":1,"name":"Home","item":"https:\/\/www.fairmonthanoi.com\/vi\/"},{"@type":"ListItem","position":2,"name":"Ph\u00f2ng ngh\u1ec9 &#038; Suite","item":"https:\/\/www.fairmonthanoi.com\/vi\/rooms-suites\/"},{"@type":"ListItem","position":3,"name":"PH\u00d2NG FAIRMONT TWIN"}]},{"@type":"WebSite","@id":"https:\/\/www.fairmonthanoi.com\/#website","url":"https:\/\/www.fairmonthanoi.com\/","name":"Fairmont Hanoi","description":"","potentialAction":[{"@type":"SearchAction","target":{"@type":"EntryPoint","urlTemplate":"https:\/\/www.fairmonthanoi.com\/?s={search_term_string}"},"query-input":{"@type":"PropertyValueSpecification","valueRequired":true,"valueName":"search_term_string"}}],"inLanguage":"vi-VN"}]}},"_links":{"self":[{"href":"https:\/\/www.fairmonthanoi.com\/vi\/wp-json\/wp\/v2\/pages\/142","targetHints":{"allow":["GET"]}}],"collection":[{"href":"https:\/\/www.fairmonthanoi.com\/vi\/wp-json\/wp\/v2\/pages"}],"about":[{"href":"https:\/\/www.fairmonthanoi.com\/vi\/wp-json\/wp\/v2\/types\/page"}],"author":[{"embeddable":true,"href":"https:\/\/www.fairmonthanoi.com\/vi\/wp-json\/wp\/v2\/users\/30"}],"replies":[{"embeddable":true,"href":"https:\/\/www.fairmonthanoi.com\/vi\/wp-json\/wp\/v2\/comments?post=142"}],"version-history":[{"count":0,"href":"https:\/\/www.fairmonthanoi.com\/vi\/wp-json\/wp\/v2\/pages\/142\/revisions"}],"up":[{"embeddable":true,"href":"https:\/\/www.fairmonthanoi.com\/vi\/wp-json\/wp\/v2\/pages\/22"}],"wp:attachment":[{"href":"https:\/\/www.fairmonthanoi.com\/vi\/wp-json\/wp\/v2\/media?parent=142"}],"wp:term":[{"taxonomy":"category","embeddable":true,"href":"https:\/\/www.fairmonthanoi.com\/vi\/wp-json\/wp\/v2\/categories?post=142"}],"curies":[{"name":"wp","href":"https:\/\/api.w.org\/{rel}","templated":true}]}}