{"id":143,"date":"2025-12-17T07:15:21","date_gmt":"2025-12-17T07:15:21","guid":{"rendered":"https:\/\/fairmonthanoi.accorv2prod2.decms.eu\/accomodation\/junior-1-bedroom-suite-king-with-balcony\/"},"modified":"2025-12-19T03:29:37","modified_gmt":"2025-12-19T03:29:37","slug":"junior-1-bedroom-suite-king-with-balcony","status":"publish","type":"page","link":"https:\/\/www.fairmonthanoi.com\/vi\/accomodation\/junior-1-bedroom-suite-king-with-balcony\/","title":{"rendered":"PH\u00d2NG JUNIOR SUITE GOLD 1 GI\u01af\u1edcNG V\u1edaI BAN C\u00d4NG"},"content":{"rendered":"<p>Ph\u00f2ng Junior Suite s\u1edf h\u1eefu thi\u1ebft k\u1ebf kh\u00f4ng gian m\u1edf r\u1ed9ng r\u00e3i c\u00f9ng ban c\u00f4ng t\u00e1ch bi\u1ec7t, n\u01a1i \u0111\u00f3n tr\u1ecdn \u00e1nh s\u00e1ng t\u1ef1 nhi\u00ean v\u00e0 nh\u1ecbp \u0111i\u1ec7u y\u00ean b\u00ecnh c\u1ee7a m\u1ed7i s\u00e1ng s\u1edbm. Ch\u1ea5t li\u1ec7u g\u1ed7 tr\u1ea7m \u1ea5m, b\u00e0i tr\u00ed m\u1ec1m m\u1ea1i, k\u1ebft h\u1ee3p c\u00f9ng nh\u1eefng chi ti\u1ebft b\u1ea3n \u0111\u1ecba tinh t\u1ebf, t\u1ea1o n\u00ean c\u1ea3m gi\u00e1c th\u01b0 th\u00e1i ngay t\u1eeb l\u1ea7n \u0111\u1ea7u b\u01b0\u1edbc v\u00e0o. Gi\u01b0\u1eddng King \u00eam \u00e1i t\u1ea1o n\u00ean \u0111i\u1ec3m nh\u1ea5n th\u01b0 gi\u00e3n cho c\u0103n ph\u00f2ng, trong khi ph\u00f2ng t\u1eafm l\u00e1t \u0111\u00e1 c\u1ea9m th\u1ea1ch \u0111\u01b0\u1ee3c trang b\u1ecb v\u00f2i sen v\u00e0 b\u1ed3n t\u1eafm ri\u00eang mang \u0111\u1ebfn nh\u1eefng gi\u00e2y ph\u00fat t\u1eadn h\u01b0\u1edfng tr\u1ecdn v\u1eb9n nh\u1ea5t. Nh\u1eefng ti\u1ec7n nghi hi\u1ec7n \u0111\u1ea1i \u0111\u1ebfn t\u1eeb c\u00e1c th\u01b0\u01a1ng hi\u1ec7u n\u1ed5i ti\u1ebfng nh\u01b0 b\u1ed9 s\u1ea3n ph\u1ea9m t\u1eafm Le Labo, loa Marshall, m\u00e1y pha c\u00e0 ph\u00ea Nespresso, v\u00e0 h\u1ec7 th\u1ed1ng IPTV th\u00f4ng minh s\u1ebd bi\u1ebfn c\u0103n ph\u00f2ng tr\u1edf th\u00e0nh m\u1ed9t ch\u1ed1n d\u1eebng ch\u00e2n ho\u00e0n h\u1ea3o gi\u1eefa l\u00f2ng th\u00e0nh ph\u1ed1. <\/p>\n","protected":false},"excerpt":{"rendered":"<p>Ph\u00f2ng Junior Suite s\u1edf h\u1eefu thi\u1ebft k\u1ebf kh\u00f4ng gian m\u1edf r\u1ed9ng r\u00e3i c\u00f9ng ban c\u00f4ng t\u00e1ch bi\u1ec7t, n\u01a1i \u0111\u00f3n tr\u1ecdn \u00e1nh s\u00e1ng t\u1ef1 nhi\u00ean v\u00e0 nh\u1ecbp \u0111i\u1ec7u y\u00ean b\u00ecnh c\u1ee7a m\u1ed7i s\u00e1ng s\u1edbm. Ch\u1ea5t li\u1ec7u g\u1ed7 tr\u1ea7m \u1ea5m, b\u00e0i tr\u00ed m\u1ec1m m\u1ea1i, k\u1ebft h\u1ee3p c\u00f9ng nh\u1eefng chi ti\u1ebft b\u1ea3n \u0111\u1ecba tinh t\u1ebf, t\u1ea1o n\u00ean c\u1ea3m [&hellip;]<\/p>\n","protected":false},"author":30,"featured_media":0,"parent":22,"menu_order":3,"comment_status":"closed","ping_status":"closed","template":"template-room.php","meta":{"footnotes":""},"categories":[22],"class_list":["post-143","page","type-page","status-publish","hentry","category-phong-junior-suite-1-giuong"],"acf":[],"yoast_head":"<!-- This site is optimized with the Yoast SEO plugin v26.9 - https:\/\/yoast.com\/product\/yoast-seo-wordpress\/ -->\n<title>Ph\u00f2ng Junior Suite v\u1edbi Ban C\u00f4ng Ri\u00eang t\u1ea1i Trung T\u00e2m H\u00e0 N\u1ed9i | Fairmont Hanoi<\/title>\n<meta name=\"description\" content=\"T\u1eadn h\u01b0\u1edfng kh\u00f4ng gian ph\u00f2ng Junior Suite l\u1edbn v\u1edbi ban c\u00f4ng ri\u00eang bi\u1ec7t, ph\u00f2ng t\u1eafm l\u00e1t \u0111\u00e1 c\u1ea9m th\u1ea1ch, v\u00e0 c\u00e1c ti\u1ec7n \u00edch hi\u1ec7n \u0111\u1ea1i. M\u1ed9t n\u01a1i ngh\u1ec9 d\u01b0\u1ee1ng y\u00ean t\u0129nh v\u00e0 tinh t\u1ebf v\u1edbi t\u1ea7m nh\u00ecn h\u01b0\u1edbng ra v\u01b0\u1eddn n\u1ed9i khu xanh m\u00e1t c\u1ee7a Fairmont Hanoi.\" \/>\n<meta name=\"robots\" content=\"index, follow, max-snippet:-1, max-image-preview:large, max-video-preview:-1\" \/>\n<link rel=\"canonical\" href=\"https:\/\/www.fairmonthanoi.com\/vi\/accomodation\/junior-1-bedroom-suite-king-with-balcony\/\" \/>\n<meta property=\"og:locale\" content=\"vi_VN\" \/>\n<meta property=\"og:type\" content=\"article\" \/>\n<meta property=\"og:title\" content=\"Ph\u00f2ng Junior Suite v\u1edbi Ban C\u00f4ng Ri\u00eang t\u1ea1i Trung T\u00e2m H\u00e0 N\u1ed9i | Fairmont Hanoi\" \/>\n<meta property=\"og:description\" content=\"T\u1eadn h\u01b0\u1edfng kh\u00f4ng gian ph\u00f2ng Junior Suite l\u1edbn v\u1edbi ban c\u00f4ng ri\u00eang bi\u1ec7t, ph\u00f2ng t\u1eafm l\u00e1t \u0111\u00e1 c\u1ea9m th\u1ea1ch, v\u00e0 c\u00e1c ti\u1ec7n \u00edch hi\u1ec7n \u0111\u1ea1i. M\u1ed9t n\u01a1i ngh\u1ec9 d\u01b0\u1ee1ng y\u00ean t\u0129nh v\u00e0 tinh t\u1ebf v\u1edbi t\u1ea7m nh\u00ecn h\u01b0\u1edbng ra v\u01b0\u1eddn n\u1ed9i khu xanh m\u00e1t c\u1ee7a Fairmont Hanoi.\" \/>\n<meta property=\"og:url\" content=\"https:\/\/www.fairmonthanoi.com\/vi\/accomodation\/junior-1-bedroom-suite-king-with-balcony\/\" \/>\n<meta property=\"og:site_name\" content=\"Fairmont Hanoi\" \/>\n<meta property=\"article:modified_time\" content=\"2025-12-19T03:29:37+00:00\" \/>\n<meta name=\"twitter:card\" content=\"summary_large_image\" \/>\n<meta name=\"twitter:label1\" content=\"Est. reading time\" \/>\n\t<meta name=\"twitter:data1\" content=\"1 minute\" \/>\n<script type=\"application\/ld+json\" class=\"yoast-schema-graph\">{\"@context\":\"https:\/\/schema.org\",\"@graph\":[{\"@type\":\"WebPage\",\"@id\":\"https:\/\/www.fairmonthanoi.com\/vi\/accomodation\/junior-1-bedroom-suite-king-with-balcony\/\",\"url\":\"https:\/\/www.fairmonthanoi.com\/vi\/accomodation\/junior-1-bedroom-suite-king-with-balcony\/\",\"name\":\"Ph\u00f2ng Junior Suite v\u1edbi Ban C\u00f4ng Ri\u00eang t\u1ea1i Trung T\u00e2m H\u00e0 N\u1ed9i | Fairmont Hanoi\",\"isPartOf\":{\"@id\":\"https:\/\/www.fairmonthanoi.com\/#website\"},\"datePublished\":\"2025-12-17T07:15:21+00:00\",\"dateModified\":\"2025-12-19T03:29:37+00:00\",\"description\":\"T\u1eadn h\u01b0\u1edfng kh\u00f4ng gian ph\u00f2ng Junior Suite l\u1edbn v\u1edbi ban c\u00f4ng ri\u00eang bi\u1ec7t, ph\u00f2ng t\u1eafm l\u00e1t \u0111\u00e1 c\u1ea9m th\u1ea1ch, v\u00e0 c\u00e1c ti\u1ec7n \u00edch hi\u1ec7n \u0111\u1ea1i. M\u1ed9t n\u01a1i ngh\u1ec9 d\u01b0\u1ee1ng y\u00ean t\u0129nh v\u00e0 tinh t\u1ebf v\u1edbi t\u1ea7m nh\u00ecn h\u01b0\u1edbng ra v\u01b0\u1eddn n\u1ed9i khu xanh m\u00e1t c\u1ee7a Fairmont Hanoi.\",\"breadcrumb\":{\"@id\":\"https:\/\/www.fairmonthanoi.com\/vi\/accomodation\/junior-1-bedroom-suite-king-with-balcony\/#breadcrumb\"},\"inLanguage\":\"vi-VN\",\"potentialAction\":[{\"@type\":\"ReadAction\",\"target\":[\"https:\/\/www.fairmonthanoi.com\/vi\/accomodation\/junior-1-bedroom-suite-king-with-balcony\/\"]}]},{\"@type\":\"BreadcrumbList\",\"@id\":\"https:\/\/www.fairmonthanoi.com\/vi\/accomodation\/junior-1-bedroom-suite-king-with-balcony\/#breadcrumb\",\"itemListElement\":[{\"@type\":\"ListItem\",\"position\":1,\"name\":\"Home\",\"item\":\"https:\/\/www.fairmonthanoi.com\/vi\/\"},{\"@type\":\"ListItem\",\"position\":2,\"name\":\"Ph\u00f2ng ngh\u1ec9 &#038; Suite\",\"item\":\"https:\/\/www.fairmonthanoi.com\/vi\/rooms-suites\/\"},{\"@type\":\"ListItem\",\"position\":3,\"name\":\"PH\u00d2NG JUNIOR SUITE GOLD 1 GI\u01af\u1edcNG V\u1edaI BAN C\u00d4NG\"}]},{\"@type\":\"WebSite\",\"@id\":\"https:\/\/www.fairmonthanoi.com\/#website\",\"url\":\"https:\/\/www.fairmonthanoi.com\/\",\"name\":\"Fairmont Hanoi\",\"description\":\"\",\"potentialAction\":[{\"@type\":\"SearchAction\",\"target\":{\"@type\":\"EntryPoint\",\"urlTemplate\":\"https:\/\/www.fairmonthanoi.com\/?s={search_term_string}\"},\"query-input\":{\"@type\":\"PropertyValueSpecification\",\"valueRequired\":true,\"valueName\":\"search_term_string\"}}],\"inLanguage\":\"vi-VN\"}]}<\/script>\n<!-- \/ Yoast SEO plugin. -->","yoast_head_json":{"title":"Ph\u00f2ng Junior Suite v\u1edbi Ban C\u00f4ng Ri\u00eang t\u1ea1i Trung T\u00e2m H\u00e0 N\u1ed9i | Fairmont Hanoi","description":"T\u1eadn h\u01b0\u1edfng kh\u00f4ng gian ph\u00f2ng Junior Suite l\u1edbn v\u1edbi ban c\u00f4ng ri\u00eang bi\u1ec7t, ph\u00f2ng t\u1eafm l\u00e1t \u0111\u00e1 c\u1ea9m th\u1ea1ch, v\u00e0 c\u00e1c ti\u1ec7n \u00edch hi\u1ec7n \u0111\u1ea1i. M\u1ed9t n\u01a1i ngh\u1ec9 d\u01b0\u1ee1ng y\u00ean t\u0129nh v\u00e0 tinh t\u1ebf v\u1edbi t\u1ea7m nh\u00ecn h\u01b0\u1edbng ra v\u01b0\u1eddn n\u1ed9i khu xanh m\u00e1t c\u1ee7a Fairmont Hanoi.","robots":{"index":"index","follow":"follow","max-snippet":"max-snippet:-1","max-image-preview":"max-image-preview:large","max-video-preview":"max-video-preview:-1"},"canonical":"https:\/\/www.fairmonthanoi.com\/vi\/accomodation\/junior-1-bedroom-suite-king-with-balcony\/","og_locale":"vi_VN","og_type":"article","og_title":"Ph\u00f2ng Junior Suite v\u1edbi Ban C\u00f4ng Ri\u00eang t\u1ea1i Trung T\u00e2m H\u00e0 N\u1ed9i | Fairmont Hanoi","og_description":"T\u1eadn h\u01b0\u1edfng kh\u00f4ng gian ph\u00f2ng Junior Suite l\u1edbn v\u1edbi ban c\u00f4ng ri\u00eang bi\u1ec7t, ph\u00f2ng t\u1eafm l\u00e1t \u0111\u00e1 c\u1ea9m th\u1ea1ch, v\u00e0 c\u00e1c ti\u1ec7n \u00edch hi\u1ec7n \u0111\u1ea1i. M\u1ed9t n\u01a1i ngh\u1ec9 d\u01b0\u1ee1ng y\u00ean t\u0129nh v\u00e0 tinh t\u1ebf v\u1edbi t\u1ea7m nh\u00ecn h\u01b0\u1edbng ra v\u01b0\u1eddn n\u1ed9i khu xanh m\u00e1t c\u1ee7a Fairmont Hanoi.","og_url":"https:\/\/www.fairmonthanoi.com\/vi\/accomodation\/junior-1-bedroom-suite-king-with-balcony\/","og_site_name":"Fairmont Hanoi","article_modified_time":"2025-12-19T03:29:37+00:00","twitter_card":"summary_large_image","twitter_misc":{"Est. reading time":"1 minute"},"schema":{"@context":"https:\/\/schema.org","@graph":[{"@type":"WebPage","@id":"https:\/\/www.fairmonthanoi.com\/vi\/accomodation\/junior-1-bedroom-suite-king-with-balcony\/","url":"https:\/\/www.fairmonthanoi.com\/vi\/accomodation\/junior-1-bedroom-suite-king-with-balcony\/","name":"Ph\u00f2ng Junior Suite v\u1edbi Ban C\u00f4ng Ri\u00eang t\u1ea1i Trung T\u00e2m H\u00e0 N\u1ed9i | Fairmont Hanoi","isPartOf":{"@id":"https:\/\/www.fairmonthanoi.com\/#website"},"datePublished":"2025-12-17T07:15:21+00:00","dateModified":"2025-12-19T03:29:37+00:00","description":"T\u1eadn h\u01b0\u1edfng kh\u00f4ng gian ph\u00f2ng Junior Suite l\u1edbn v\u1edbi ban c\u00f4ng ri\u00eang bi\u1ec7t, ph\u00f2ng t\u1eafm l\u00e1t \u0111\u00e1 c\u1ea9m th\u1ea1ch, v\u00e0 c\u00e1c ti\u1ec7n \u00edch hi\u1ec7n \u0111\u1ea1i. M\u1ed9t n\u01a1i ngh\u1ec9 d\u01b0\u1ee1ng y\u00ean t\u0129nh v\u00e0 tinh t\u1ebf v\u1edbi t\u1ea7m nh\u00ecn h\u01b0\u1edbng ra v\u01b0\u1eddn n\u1ed9i khu xanh m\u00e1t c\u1ee7a Fairmont Hanoi.","breadcrumb":{"@id":"https:\/\/www.fairmonthanoi.com\/vi\/accomodation\/junior-1-bedroom-suite-king-with-balcony\/#breadcrumb"},"inLanguage":"vi-VN","potentialAction":[{"@type":"ReadAction","target":["https:\/\/www.fairmonthanoi.com\/vi\/accomodation\/junior-1-bedroom-suite-king-with-balcony\/"]}]},{"@type":"BreadcrumbList","@id":"https:\/\/www.fairmonthanoi.com\/vi\/accomodation\/junior-1-bedroom-suite-king-with-balcony\/#breadcrumb","itemListElement":[{"@type":"ListItem","position":1,"name":"Home","item":"https:\/\/www.fairmonthanoi.com\/vi\/"},{"@type":"ListItem","position":2,"name":"Ph\u00f2ng ngh\u1ec9 &#038; Suite","item":"https:\/\/www.fairmonthanoi.com\/vi\/rooms-suites\/"},{"@type":"ListItem","position":3,"name":"PH\u00d2NG JUNIOR SUITE GOLD 1 GI\u01af\u1edcNG V\u1edaI BAN C\u00d4NG"}]},{"@type":"WebSite","@id":"https:\/\/www.fairmonthanoi.com\/#website","url":"https:\/\/www.fairmonthanoi.com\/","name":"Fairmont Hanoi","description":"","potentialAction":[{"@type":"SearchAction","target":{"@type":"EntryPoint","urlTemplate":"https:\/\/www.fairmonthanoi.com\/?s={search_term_string}"},"query-input":{"@type":"PropertyValueSpecification","valueRequired":true,"valueName":"search_term_string"}}],"inLanguage":"vi-VN"}]}},"_links":{"self":[{"href":"https:\/\/www.fairmonthanoi.com\/vi\/wp-json\/wp\/v2\/pages\/143","targetHints":{"allow":["GET"]}}],"collection":[{"href":"https:\/\/www.fairmonthanoi.com\/vi\/wp-json\/wp\/v2\/pages"}],"about":[{"href":"https:\/\/www.fairmonthanoi.com\/vi\/wp-json\/wp\/v2\/types\/page"}],"author":[{"embeddable":true,"href":"https:\/\/www.fairmonthanoi.com\/vi\/wp-json\/wp\/v2\/users\/30"}],"replies":[{"embeddable":true,"href":"https:\/\/www.fairmonthanoi.com\/vi\/wp-json\/wp\/v2\/comments?post=143"}],"version-history":[{"count":0,"href":"https:\/\/www.fairmonthanoi.com\/vi\/wp-json\/wp\/v2\/pages\/143\/revisions"}],"up":[{"embeddable":true,"href":"https:\/\/www.fairmonthanoi.com\/vi\/wp-json\/wp\/v2\/pages\/22"}],"wp:attachment":[{"href":"https:\/\/www.fairmonthanoi.com\/vi\/wp-json\/wp\/v2\/media?parent=143"}],"wp:term":[{"taxonomy":"category","embeddable":true,"href":"https:\/\/www.fairmonthanoi.com\/vi\/wp-json\/wp\/v2\/categories?post=143"}],"curies":[{"name":"wp","href":"https:\/\/api.w.org\/{rel}","templated":true}]}}