{"id":144,"date":"2025-12-17T07:31:47","date_gmt":"2025-12-17T07:31:47","guid":{"rendered":"https:\/\/fairmonthanoi.accorv2prod2.decms.eu\/accomodation\/fairmont-gold-king\/"},"modified":"2025-12-19T03:36:51","modified_gmt":"2025-12-19T03:36:51","slug":"fairmont-gold-king","status":"publish","type":"page","link":"https:\/\/www.fairmonthanoi.com\/vi\/accomodation\/fairmont-gold-king\/","title":{"rendered":"PH\u00d2NG FAIRMONT GOLD KING"},"content":{"rendered":"<p>N\u1eb1m tr\u00ean c\u00e1c t\u1ea7ng cao v\u1edbi t\u1ea7m nh\u00ecn \u0111\u1eafc \u0111\u1ecba, ph\u00f2ng Fairmont Gold King mang \u0111\u1ebfn kh\u00f4ng gian ngh\u1ec9 d\u01b0\u1ee1ng cao c\u1ea5p v\u00e0 trang nh\u00e3. \u0110\u01b0\u1ee3c thi\u1ebft k\u1ebf t\u1eeb ch\u1ea5t li\u1ec7u g\u1ed7 tr\u1ea7m \u1ea5m, t\u1ea1o \u0111i\u1ec3m nh\u1ea5n b\u1eb1ng ch\u1ea5t v\u1ea3i d\u1ec7t nh\u1eb9 nh\u00e0ng trong kh\u00f4ng gian chan h\u00f2a \u00e1nh s\u00e1ng t\u1ef1 nhi\u00ean, c\u0103n ph\u00f2ng c\u00f9ng chi\u1ebfc gi\u01b0\u1eddng King \u00eam \u00e1i v\u00e0 ph\u00f2ng t\u1eafm l\u00e1t \u0111\u00e1 c\u1ea9m th\u1ea1ch m\u1eddi g\u1ecdi nh\u1eefng kho\u1ea3nh kh\u1eafc th\u01b0 gi\u00e3n tr\u1ecdn v\u1eb9n nh\u1ea5t. T\u1eadn h\u01b0\u1edfng h\u00e0ng lo\u1ea1t c\u00e1c ti\u1ec7n nghi hi\u1ec7n \u0111\u1ea1i \u0111\u1ebfn t\u1eeb c\u00e1c th\u01b0\u01a1ng hi\u1ec7u t\u00ean tu\u1ed5i bao g\u1ed3m b\u1ed9 s\u1ea3n ph\u1ea9m t\u1eafm Le Labo, m\u00e1y s\u1ea5y t\u00f3c Dyson, loa Marshall, m\u00e1y pha c\u00e0 ph\u00ea Nespresso, b\u1ed9 d\u1ee5ng c\u1ee5 pha ch\u1ebf trong ph\u00f2ng, v\u00e0 c\u00f4ng ngh\u1ec7 IPTV t\u00e2n ti\u1ebfn. N\u00e2ng t\u1ea7m tr\u1ea3i nghi\u1ec7m v\u1edbi Fairmont Gold c\u00f9ng nh\u1eefng \u0111\u1eb7c quy\u1ec1n nh\u01b0 s\u1eed d\u1ee5ng khu Lounge ri\u00eang, mi\u1ec5n ph\u00ed l\u00e0m m\u1edbi minibar m\u1ed7i ng\u00e0y, tr\u1ea3 ph\u00f2ng mu\u1ed9n t\u1edbi 15:00, hay t\u1eadn h\u01b0\u1edfng Golden Hours v\u1edbi cocktail v\u00e0 canap\u00e9s s\u00e1ng t\u1ea1o. <\/p>\n","protected":false},"excerpt":{"rendered":"<p>N\u1eb1m tr\u00ean c\u00e1c t\u1ea7ng cao v\u1edbi t\u1ea7m nh\u00ecn \u0111\u1eafc \u0111\u1ecba, ph\u00f2ng Fairmont Gold King mang \u0111\u1ebfn kh\u00f4ng gian ngh\u1ec9 d\u01b0\u1ee1ng cao c\u1ea5p v\u00e0 trang nh\u00e3. \u0110\u01b0\u1ee3c thi\u1ebft k\u1ebf t\u1eeb ch\u1ea5t li\u1ec7u g\u1ed7 tr\u1ea7m \u1ea5m, t\u1ea1o \u0111i\u1ec3m nh\u1ea5n b\u1eb1ng ch\u1ea5t v\u1ea3i d\u1ec7t nh\u1eb9 nh\u00e0ng trong kh\u00f4ng gian chan h\u00f2a \u00e1nh s\u00e1ng t\u1ef1 nhi\u00ean, c\u0103n ph\u00f2ng c\u00f9ng [&hellip;]<\/p>\n","protected":false},"author":30,"featured_media":0,"parent":22,"menu_order":4,"comment_status":"closed","ping_status":"closed","template":"template-room.php","meta":{"footnotes":""},"categories":[25],"class_list":["post-144","page","type-page","status-publish","hentry","category-phong-fairmont-gold-king"],"acf":[],"yoast_head":"<!-- This site is optimized with the Yoast SEO plugin v26.9 - https:\/\/yoast.com\/product\/yoast-seo-wordpress\/ -->\n<title>Ph\u00f2ng Fairmont Gold 1 Gi\u01b0\u1eddng tr\u00ean T\u1ea7ng Cao | Fairmont Hanoi<\/title>\n<meta name=\"description\" content=\"Tr\u1ea3i nghi\u1ec7m l\u01b0u tr\u00fa t\u1ea1i Fairmont Gold King v\u1edbi h\u1ea1ng ph\u00f2ng t\u1ecda l\u1ea1c t\u1ea1i c\u00e1c t\u1ea7ng cao \u0111\u1eafc \u0111\u1ecba c\u1ee7a Fairmont Hanoi. T\u1eadn h\u01b0\u1edfng gi\u01b0\u1eddng King c\u1ee1 l\u1edbn \u00eam \u00e1i, ph\u00f2ng t\u1eafm l\u00e1t \u0111\u00e1 c\u1ea9m th\u1ea1ch, v\u00e0 \u0111\u1eb7c quy\u1ec1n v\u00e0o khu Fairmont Gold Lounge c\u00e1 nh\u00e2n h\u00f3a.\" \/>\n<meta name=\"robots\" content=\"index, follow, max-snippet:-1, max-image-preview:large, max-video-preview:-1\" \/>\n<link rel=\"canonical\" href=\"https:\/\/www.fairmonthanoi.com\/vi\/accomodation\/fairmont-gold-king\/\" \/>\n<meta property=\"og:locale\" content=\"vi_VN\" \/>\n<meta property=\"og:type\" content=\"article\" \/>\n<meta property=\"og:title\" content=\"Ph\u00f2ng Fairmont Gold 1 Gi\u01b0\u1eddng tr\u00ean T\u1ea7ng Cao | Fairmont Hanoi\" \/>\n<meta property=\"og:description\" content=\"Tr\u1ea3i nghi\u1ec7m l\u01b0u tr\u00fa t\u1ea1i Fairmont Gold King v\u1edbi h\u1ea1ng ph\u00f2ng t\u1ecda l\u1ea1c t\u1ea1i c\u00e1c t\u1ea7ng cao \u0111\u1eafc \u0111\u1ecba c\u1ee7a Fairmont Hanoi. T\u1eadn h\u01b0\u1edfng gi\u01b0\u1eddng King c\u1ee1 l\u1edbn \u00eam \u00e1i, ph\u00f2ng t\u1eafm l\u00e1t \u0111\u00e1 c\u1ea9m th\u1ea1ch, v\u00e0 \u0111\u1eb7c quy\u1ec1n v\u00e0o khu Fairmont Gold Lounge c\u00e1 nh\u00e2n h\u00f3a.\" \/>\n<meta property=\"og:url\" content=\"https:\/\/www.fairmonthanoi.com\/vi\/accomodation\/fairmont-gold-king\/\" \/>\n<meta property=\"og:site_name\" content=\"Fairmont Hanoi\" \/>\n<meta property=\"article:modified_time\" content=\"2025-12-19T03:36:51+00:00\" \/>\n<meta name=\"twitter:card\" content=\"summary_large_image\" \/>\n<meta name=\"twitter:label1\" content=\"Est. reading time\" \/>\n\t<meta name=\"twitter:data1\" content=\"1 minute\" \/>\n<script type=\"application\/ld+json\" class=\"yoast-schema-graph\">{\"@context\":\"https:\/\/schema.org\",\"@graph\":[{\"@type\":\"WebPage\",\"@id\":\"https:\/\/www.fairmonthanoi.com\/vi\/accomodation\/fairmont-gold-king\/\",\"url\":\"https:\/\/www.fairmonthanoi.com\/vi\/accomodation\/fairmont-gold-king\/\",\"name\":\"Ph\u00f2ng Fairmont Gold 1 Gi\u01b0\u1eddng tr\u00ean T\u1ea7ng Cao | Fairmont Hanoi\",\"isPartOf\":{\"@id\":\"https:\/\/www.fairmonthanoi.com\/#website\"},\"datePublished\":\"2025-12-17T07:31:47+00:00\",\"dateModified\":\"2025-12-19T03:36:51+00:00\",\"description\":\"Tr\u1ea3i nghi\u1ec7m l\u01b0u tr\u00fa t\u1ea1i Fairmont Gold King v\u1edbi h\u1ea1ng ph\u00f2ng t\u1ecda l\u1ea1c t\u1ea1i c\u00e1c t\u1ea7ng cao \u0111\u1eafc \u0111\u1ecba c\u1ee7a Fairmont Hanoi. T\u1eadn h\u01b0\u1edfng gi\u01b0\u1eddng King c\u1ee1 l\u1edbn \u00eam \u00e1i, ph\u00f2ng t\u1eafm l\u00e1t \u0111\u00e1 c\u1ea9m th\u1ea1ch, v\u00e0 \u0111\u1eb7c quy\u1ec1n v\u00e0o khu Fairmont Gold Lounge c\u00e1 nh\u00e2n h\u00f3a.\",\"breadcrumb\":{\"@id\":\"https:\/\/www.fairmonthanoi.com\/vi\/accomodation\/fairmont-gold-king\/#breadcrumb\"},\"inLanguage\":\"vi-VN\",\"potentialAction\":[{\"@type\":\"ReadAction\",\"target\":[\"https:\/\/www.fairmonthanoi.com\/vi\/accomodation\/fairmont-gold-king\/\"]}]},{\"@type\":\"BreadcrumbList\",\"@id\":\"https:\/\/www.fairmonthanoi.com\/vi\/accomodation\/fairmont-gold-king\/#breadcrumb\",\"itemListElement\":[{\"@type\":\"ListItem\",\"position\":1,\"name\":\"Home\",\"item\":\"https:\/\/www.fairmonthanoi.com\/vi\/\"},{\"@type\":\"ListItem\",\"position\":2,\"name\":\"Ph\u00f2ng ngh\u1ec9 &#038; Suite\",\"item\":\"https:\/\/www.fairmonthanoi.com\/vi\/rooms-suites\/\"},{\"@type\":\"ListItem\",\"position\":3,\"name\":\"PH\u00d2NG FAIRMONT GOLD KING\"}]},{\"@type\":\"WebSite\",\"@id\":\"https:\/\/www.fairmonthanoi.com\/#website\",\"url\":\"https:\/\/www.fairmonthanoi.com\/\",\"name\":\"Fairmont Hanoi\",\"description\":\"\",\"potentialAction\":[{\"@type\":\"SearchAction\",\"target\":{\"@type\":\"EntryPoint\",\"urlTemplate\":\"https:\/\/www.fairmonthanoi.com\/?s={search_term_string}\"},\"query-input\":{\"@type\":\"PropertyValueSpecification\",\"valueRequired\":true,\"valueName\":\"search_term_string\"}}],\"inLanguage\":\"vi-VN\"}]}<\/script>\n<!-- \/ Yoast SEO plugin. -->","yoast_head_json":{"title":"Ph\u00f2ng Fairmont Gold 1 Gi\u01b0\u1eddng tr\u00ean T\u1ea7ng Cao | Fairmont Hanoi","description":"Tr\u1ea3i nghi\u1ec7m l\u01b0u tr\u00fa t\u1ea1i Fairmont Gold King v\u1edbi h\u1ea1ng ph\u00f2ng t\u1ecda l\u1ea1c t\u1ea1i c\u00e1c t\u1ea7ng cao \u0111\u1eafc \u0111\u1ecba c\u1ee7a Fairmont Hanoi. T\u1eadn h\u01b0\u1edfng gi\u01b0\u1eddng King c\u1ee1 l\u1edbn \u00eam \u00e1i, ph\u00f2ng t\u1eafm l\u00e1t \u0111\u00e1 c\u1ea9m th\u1ea1ch, v\u00e0 \u0111\u1eb7c quy\u1ec1n v\u00e0o khu Fairmont Gold Lounge c\u00e1 nh\u00e2n h\u00f3a.","robots":{"index":"index","follow":"follow","max-snippet":"max-snippet:-1","max-image-preview":"max-image-preview:large","max-video-preview":"max-video-preview:-1"},"canonical":"https:\/\/www.fairmonthanoi.com\/vi\/accomodation\/fairmont-gold-king\/","og_locale":"vi_VN","og_type":"article","og_title":"Ph\u00f2ng Fairmont Gold 1 Gi\u01b0\u1eddng tr\u00ean T\u1ea7ng Cao | Fairmont Hanoi","og_description":"Tr\u1ea3i nghi\u1ec7m l\u01b0u tr\u00fa t\u1ea1i Fairmont Gold King v\u1edbi h\u1ea1ng ph\u00f2ng t\u1ecda l\u1ea1c t\u1ea1i c\u00e1c t\u1ea7ng cao \u0111\u1eafc \u0111\u1ecba c\u1ee7a Fairmont Hanoi. T\u1eadn h\u01b0\u1edfng gi\u01b0\u1eddng King c\u1ee1 l\u1edbn \u00eam \u00e1i, ph\u00f2ng t\u1eafm l\u00e1t \u0111\u00e1 c\u1ea9m th\u1ea1ch, v\u00e0 \u0111\u1eb7c quy\u1ec1n v\u00e0o khu Fairmont Gold Lounge c\u00e1 nh\u00e2n h\u00f3a.","og_url":"https:\/\/www.fairmonthanoi.com\/vi\/accomodation\/fairmont-gold-king\/","og_site_name":"Fairmont Hanoi","article_modified_time":"2025-12-19T03:36:51+00:00","twitter_card":"summary_large_image","twitter_misc":{"Est. reading time":"1 minute"},"schema":{"@context":"https:\/\/schema.org","@graph":[{"@type":"WebPage","@id":"https:\/\/www.fairmonthanoi.com\/vi\/accomodation\/fairmont-gold-king\/","url":"https:\/\/www.fairmonthanoi.com\/vi\/accomodation\/fairmont-gold-king\/","name":"Ph\u00f2ng Fairmont Gold 1 Gi\u01b0\u1eddng tr\u00ean T\u1ea7ng Cao | Fairmont Hanoi","isPartOf":{"@id":"https:\/\/www.fairmonthanoi.com\/#website"},"datePublished":"2025-12-17T07:31:47+00:00","dateModified":"2025-12-19T03:36:51+00:00","description":"Tr\u1ea3i nghi\u1ec7m l\u01b0u tr\u00fa t\u1ea1i Fairmont Gold King v\u1edbi h\u1ea1ng ph\u00f2ng t\u1ecda l\u1ea1c t\u1ea1i c\u00e1c t\u1ea7ng cao \u0111\u1eafc \u0111\u1ecba c\u1ee7a Fairmont Hanoi. T\u1eadn h\u01b0\u1edfng gi\u01b0\u1eddng King c\u1ee1 l\u1edbn \u00eam \u00e1i, ph\u00f2ng t\u1eafm l\u00e1t \u0111\u00e1 c\u1ea9m th\u1ea1ch, v\u00e0 \u0111\u1eb7c quy\u1ec1n v\u00e0o khu Fairmont Gold Lounge c\u00e1 nh\u00e2n h\u00f3a.","breadcrumb":{"@id":"https:\/\/www.fairmonthanoi.com\/vi\/accomodation\/fairmont-gold-king\/#breadcrumb"},"inLanguage":"vi-VN","potentialAction":[{"@type":"ReadAction","target":["https:\/\/www.fairmonthanoi.com\/vi\/accomodation\/fairmont-gold-king\/"]}]},{"@type":"BreadcrumbList","@id":"https:\/\/www.fairmonthanoi.com\/vi\/accomodation\/fairmont-gold-king\/#breadcrumb","itemListElement":[{"@type":"ListItem","position":1,"name":"Home","item":"https:\/\/www.fairmonthanoi.com\/vi\/"},{"@type":"ListItem","position":2,"name":"Ph\u00f2ng ngh\u1ec9 &#038; Suite","item":"https:\/\/www.fairmonthanoi.com\/vi\/rooms-suites\/"},{"@type":"ListItem","position":3,"name":"PH\u00d2NG FAIRMONT GOLD KING"}]},{"@type":"WebSite","@id":"https:\/\/www.fairmonthanoi.com\/#website","url":"https:\/\/www.fairmonthanoi.com\/","name":"Fairmont Hanoi","description":"","potentialAction":[{"@type":"SearchAction","target":{"@type":"EntryPoint","urlTemplate":"https:\/\/www.fairmonthanoi.com\/?s={search_term_string}"},"query-input":{"@type":"PropertyValueSpecification","valueRequired":true,"valueName":"search_term_string"}}],"inLanguage":"vi-VN"}]}},"_links":{"self":[{"href":"https:\/\/www.fairmonthanoi.com\/vi\/wp-json\/wp\/v2\/pages\/144","targetHints":{"allow":["GET"]}}],"collection":[{"href":"https:\/\/www.fairmonthanoi.com\/vi\/wp-json\/wp\/v2\/pages"}],"about":[{"href":"https:\/\/www.fairmonthanoi.com\/vi\/wp-json\/wp\/v2\/types\/page"}],"author":[{"embeddable":true,"href":"https:\/\/www.fairmonthanoi.com\/vi\/wp-json\/wp\/v2\/users\/30"}],"replies":[{"embeddable":true,"href":"https:\/\/www.fairmonthanoi.com\/vi\/wp-json\/wp\/v2\/comments?post=144"}],"version-history":[{"count":0,"href":"https:\/\/www.fairmonthanoi.com\/vi\/wp-json\/wp\/v2\/pages\/144\/revisions"}],"up":[{"embeddable":true,"href":"https:\/\/www.fairmonthanoi.com\/vi\/wp-json\/wp\/v2\/pages\/22"}],"wp:attachment":[{"href":"https:\/\/www.fairmonthanoi.com\/vi\/wp-json\/wp\/v2\/media?parent=144"}],"wp:term":[{"taxonomy":"category","embeddable":true,"href":"https:\/\/www.fairmonthanoi.com\/vi\/wp-json\/wp\/v2\/categories?post=144"}],"curies":[{"name":"wp","href":"https:\/\/api.w.org\/{rel}","templated":true}]}}