{"id":145,"date":"2025-12-17T07:41:34","date_gmt":"2025-12-17T07:41:34","guid":{"rendered":"https:\/\/fairmonthanoi.accorv2prod2.decms.eu\/accomodation\/junior-gold-1-bedroom-suite-king-with-balcony\/"},"modified":"2025-12-19T05:03:16","modified_gmt":"2025-12-19T05:03:16","slug":"junior-gold-1-bedroom-suite-king-with-balcony","status":"publish","type":"page","link":"https:\/\/www.fairmonthanoi.com\/vi\/accomodation\/junior-gold-1-bedroom-suite-king-with-balcony\/","title":{"rendered":"PH\u00d2NG JUNIOR GOLD SUITE 1 GI\u01af\u1edcNG V\u1edaI BAN C\u00d4NG"},"content":{"rendered":"<p>N\u1eb1m tr\u00ean c\u00e1c t\u1ea7ng cao c\u1ee7a kh\u00e1ch s\u1ea1n, ph\u00f2ng Juinor Gold Suite v\u1edbi kh\u00f4ng gian m\u1edf v\u00e0 ban c\u00f4ng t\u00e1ch bi\u1ec7t h\u01b0\u1edbng nh\u00ecn ra v\u01b0\u1eddn xanh m\u00e1t. S\u1eafc g\u1ed7 \u1ea5m h\u00f2a c\u0169ng chi ti\u1ebft m\u1ec1m m\u1ea1i \u0111\u01b0\u1ee3c l\u1ea5y c\u1ea3m h\u1ee9ng t\u1eeb tinh hoa th\u1ee7 c\u00f4ng Vi\u1ec7t Nam, mang \u0111\u1ebfn s\u1ef1 th\u01b0 th\u00e1i v\u00e0 y\u00ean b\u00ecnh tuy\u1ec7t \u0111\u1ed1i. Ph\u00f2ng ng\u1ee7 n\u1ed5i b\u1eadt v\u1edbi gi\u01b0\u1eddng King \u00eam \u00e1i, ph\u00f2ng t\u1eafm l\u00e1t \u0111\u00e1 c\u1ea9m th\u1ea1ch c\u00f9ng v\u00f2i sen v\u00e0 b\u1ed3n t\u1eafm ri\u00eang bi\u1ec7t. C\u00e1c th\u01b0\u01a1ng hi\u1ec7u h\u00e0ng \u0111\u1ea7u nh\u01b0 Le Labo, m\u00e1y s\u1ea5y Dyson, loa Marshall, Nespresso, b\u1ed9 pha ch\u1ebf trong ph\u00f2ng, v\u00e0 IPTV th\u00f4ng minh s\u1ebd mang l\u1ea1i tr\u1ea3i nghi\u1ec7m th\u0103ng hoa. V\u1edbi Fairmont Gold, Qu\u00fd kh\u00e1ch l\u00e0m vi\u1ec7c t\u1ea1i Lounge ri\u00eang, t\u1eadn h\u01b0\u1edfng minibar \u0111\u01b0\u1ee3c b\u1ed5 sung m\u1ed7i ng\u00e0y, k\u00e9o d\u00e0i kho\u1ea3nh kh\u1eafc v\u1edbi tr\u1ea3 ph\u00f2ng mu\u1ed9n t\u1edbi 15:00 hay ch\u00ecm \u0111\u1eafm trong Golden Hours c\u00f9ng cocktail v\u00e0 canap\u00e9s s\u00e1ng t\u1ea1o.<\/p>\n","protected":false},"excerpt":{"rendered":"<p>N\u1eb1m tr\u00ean c\u00e1c t\u1ea7ng cao c\u1ee7a kh\u00e1ch s\u1ea1n, ph\u00f2ng Juinor Gold Suite v\u1edbi kh\u00f4ng gian m\u1edf v\u00e0 ban c\u00f4ng t\u00e1ch bi\u1ec7t h\u01b0\u1edbng nh\u00ecn ra v\u01b0\u1eddn xanh m\u00e1t. S\u1eafc g\u1ed7 \u1ea5m h\u00f2a c\u0169ng chi ti\u1ebft m\u1ec1m m\u1ea1i \u0111\u01b0\u1ee3c l\u1ea5y c\u1ea3m h\u1ee9ng t\u1eeb tinh hoa th\u1ee7 c\u00f4ng Vi\u1ec7t Nam, mang \u0111\u1ebfn s\u1ef1 th\u01b0 th\u00e1i v\u00e0 y\u00ean b\u00ecnh [&hellip;]<\/p>\n","protected":false},"author":30,"featured_media":0,"parent":22,"menu_order":5,"comment_status":"closed","ping_status":"closed","template":"template-room.php","meta":{"footnotes":""},"categories":[27],"class_list":["post-145","page","type-page","status-publish","hentry","category-phong-junior-gold-suite-1-giuong-voi-ban-cong"],"acf":[],"yoast_head":"<!-- This site is optimized with the Yoast SEO plugin v26.9 - https:\/\/yoast.com\/product\/yoast-seo-wordpress\/ -->\n<title>Ph\u00f2ng Junior Gold Suite v\u1edbi Ban C\u00f4ng v\u00e0 \u0111\u1eb7c quy\u1ec1n Fairmont Lounge | Fairmont Hanoi<\/title>\n<meta name=\"description\" content=\"L\u01b0u tr\u00fa t\u1ea1i Junior Gold Suite v\u1edbi ban c\u00f4ng, ph\u00f2ng t\u1eafm \u0111\u00e1 c\u1ea9m th\u1ea1ch, ti\u1ec7n nghi hi\u1ec7n \u0111\u1ea1i, v\u00e0 \u0111\u1eb7c quy\u1ec1n Fairmont Gold v\u1edbi tr\u1ea3i nghi\u1ec7m d\u1ecbch v\u1ee5 cao c\u1ea5p.\" \/>\n<meta name=\"robots\" content=\"index, follow, max-snippet:-1, max-image-preview:large, max-video-preview:-1\" \/>\n<link rel=\"canonical\" href=\"https:\/\/www.fairmonthanoi.com\/vi\/accomodation\/junior-gold-1-bedroom-suite-king-with-balcony\/\" \/>\n<meta property=\"og:locale\" content=\"vi_VN\" \/>\n<meta property=\"og:type\" content=\"article\" \/>\n<meta property=\"og:title\" content=\"Ph\u00f2ng Junior Gold Suite v\u1edbi Ban C\u00f4ng v\u00e0 \u0111\u1eb7c quy\u1ec1n Fairmont Lounge | Fairmont Hanoi\" \/>\n<meta property=\"og:description\" content=\"L\u01b0u tr\u00fa t\u1ea1i Junior Gold Suite v\u1edbi ban c\u00f4ng, ph\u00f2ng t\u1eafm \u0111\u00e1 c\u1ea9m th\u1ea1ch, ti\u1ec7n nghi hi\u1ec7n \u0111\u1ea1i, v\u00e0 \u0111\u1eb7c quy\u1ec1n Fairmont Gold v\u1edbi tr\u1ea3i nghi\u1ec7m d\u1ecbch v\u1ee5 cao c\u1ea5p.\" \/>\n<meta property=\"og:url\" content=\"https:\/\/www.fairmonthanoi.com\/vi\/accomodation\/junior-gold-1-bedroom-suite-king-with-balcony\/\" \/>\n<meta property=\"og:site_name\" content=\"Fairmont Hanoi\" \/>\n<meta property=\"article:modified_time\" content=\"2025-12-19T05:03:16+00:00\" \/>\n<meta name=\"twitter:card\" content=\"summary_large_image\" \/>\n<meta name=\"twitter:label1\" content=\"Est. reading time\" \/>\n\t<meta name=\"twitter:data1\" content=\"1 minute\" \/>\n<script type=\"application\/ld+json\" class=\"yoast-schema-graph\">{\"@context\":\"https:\/\/schema.org\",\"@graph\":[{\"@type\":\"WebPage\",\"@id\":\"https:\/\/www.fairmonthanoi.com\/vi\/accomodation\/junior-gold-1-bedroom-suite-king-with-balcony\/\",\"url\":\"https:\/\/www.fairmonthanoi.com\/vi\/accomodation\/junior-gold-1-bedroom-suite-king-with-balcony\/\",\"name\":\"Ph\u00f2ng Junior Gold Suite v\u1edbi Ban C\u00f4ng v\u00e0 \u0111\u1eb7c quy\u1ec1n Fairmont Lounge | Fairmont Hanoi\",\"isPartOf\":{\"@id\":\"https:\/\/www.fairmonthanoi.com\/#website\"},\"datePublished\":\"2025-12-17T07:41:34+00:00\",\"dateModified\":\"2025-12-19T05:03:16+00:00\",\"description\":\"L\u01b0u tr\u00fa t\u1ea1i Junior Gold Suite v\u1edbi ban c\u00f4ng, ph\u00f2ng t\u1eafm \u0111\u00e1 c\u1ea9m th\u1ea1ch, ti\u1ec7n nghi hi\u1ec7n \u0111\u1ea1i, v\u00e0 \u0111\u1eb7c quy\u1ec1n Fairmont Gold v\u1edbi tr\u1ea3i nghi\u1ec7m d\u1ecbch v\u1ee5 cao c\u1ea5p.\",\"breadcrumb\":{\"@id\":\"https:\/\/www.fairmonthanoi.com\/vi\/accomodation\/junior-gold-1-bedroom-suite-king-with-balcony\/#breadcrumb\"},\"inLanguage\":\"vi-VN\",\"potentialAction\":[{\"@type\":\"ReadAction\",\"target\":[\"https:\/\/www.fairmonthanoi.com\/vi\/accomodation\/junior-gold-1-bedroom-suite-king-with-balcony\/\"]}]},{\"@type\":\"BreadcrumbList\",\"@id\":\"https:\/\/www.fairmonthanoi.com\/vi\/accomodation\/junior-gold-1-bedroom-suite-king-with-balcony\/#breadcrumb\",\"itemListElement\":[{\"@type\":\"ListItem\",\"position\":1,\"name\":\"Home\",\"item\":\"https:\/\/www.fairmonthanoi.com\/vi\/\"},{\"@type\":\"ListItem\",\"position\":2,\"name\":\"Ph\u00f2ng ngh\u1ec9 &#038; Suite\",\"item\":\"https:\/\/www.fairmonthanoi.com\/vi\/rooms-suites\/\"},{\"@type\":\"ListItem\",\"position\":3,\"name\":\"PH\u00d2NG JUNIOR GOLD SUITE 1 GI\u01af\u1edcNG V\u1edaI BAN C\u00d4NG\"}]},{\"@type\":\"WebSite\",\"@id\":\"https:\/\/www.fairmonthanoi.com\/#website\",\"url\":\"https:\/\/www.fairmonthanoi.com\/\",\"name\":\"Fairmont Hanoi\",\"description\":\"\",\"potentialAction\":[{\"@type\":\"SearchAction\",\"target\":{\"@type\":\"EntryPoint\",\"urlTemplate\":\"https:\/\/www.fairmonthanoi.com\/?s={search_term_string}\"},\"query-input\":{\"@type\":\"PropertyValueSpecification\",\"valueRequired\":true,\"valueName\":\"search_term_string\"}}],\"inLanguage\":\"vi-VN\"}]}<\/script>\n<!-- \/ Yoast SEO plugin. -->","yoast_head_json":{"title":"Ph\u00f2ng Junior Gold Suite v\u1edbi Ban C\u00f4ng v\u00e0 \u0111\u1eb7c quy\u1ec1n Fairmont Lounge | Fairmont Hanoi","description":"L\u01b0u tr\u00fa t\u1ea1i Junior Gold Suite v\u1edbi ban c\u00f4ng, ph\u00f2ng t\u1eafm \u0111\u00e1 c\u1ea9m th\u1ea1ch, ti\u1ec7n nghi hi\u1ec7n \u0111\u1ea1i, v\u00e0 \u0111\u1eb7c quy\u1ec1n Fairmont Gold v\u1edbi tr\u1ea3i nghi\u1ec7m d\u1ecbch v\u1ee5 cao c\u1ea5p.","robots":{"index":"index","follow":"follow","max-snippet":"max-snippet:-1","max-image-preview":"max-image-preview:large","max-video-preview":"max-video-preview:-1"},"canonical":"https:\/\/www.fairmonthanoi.com\/vi\/accomodation\/junior-gold-1-bedroom-suite-king-with-balcony\/","og_locale":"vi_VN","og_type":"article","og_title":"Ph\u00f2ng Junior Gold Suite v\u1edbi Ban C\u00f4ng v\u00e0 \u0111\u1eb7c quy\u1ec1n Fairmont Lounge | Fairmont Hanoi","og_description":"L\u01b0u tr\u00fa t\u1ea1i Junior Gold Suite v\u1edbi ban c\u00f4ng, ph\u00f2ng t\u1eafm \u0111\u00e1 c\u1ea9m th\u1ea1ch, ti\u1ec7n nghi hi\u1ec7n \u0111\u1ea1i, v\u00e0 \u0111\u1eb7c quy\u1ec1n Fairmont Gold v\u1edbi tr\u1ea3i nghi\u1ec7m d\u1ecbch v\u1ee5 cao c\u1ea5p.","og_url":"https:\/\/www.fairmonthanoi.com\/vi\/accomodation\/junior-gold-1-bedroom-suite-king-with-balcony\/","og_site_name":"Fairmont Hanoi","article_modified_time":"2025-12-19T05:03:16+00:00","twitter_card":"summary_large_image","twitter_misc":{"Est. reading time":"1 minute"},"schema":{"@context":"https:\/\/schema.org","@graph":[{"@type":"WebPage","@id":"https:\/\/www.fairmonthanoi.com\/vi\/accomodation\/junior-gold-1-bedroom-suite-king-with-balcony\/","url":"https:\/\/www.fairmonthanoi.com\/vi\/accomodation\/junior-gold-1-bedroom-suite-king-with-balcony\/","name":"Ph\u00f2ng Junior Gold Suite v\u1edbi Ban C\u00f4ng v\u00e0 \u0111\u1eb7c quy\u1ec1n Fairmont Lounge | Fairmont Hanoi","isPartOf":{"@id":"https:\/\/www.fairmonthanoi.com\/#website"},"datePublished":"2025-12-17T07:41:34+00:00","dateModified":"2025-12-19T05:03:16+00:00","description":"L\u01b0u tr\u00fa t\u1ea1i Junior Gold Suite v\u1edbi ban c\u00f4ng, ph\u00f2ng t\u1eafm \u0111\u00e1 c\u1ea9m th\u1ea1ch, ti\u1ec7n nghi hi\u1ec7n \u0111\u1ea1i, v\u00e0 \u0111\u1eb7c quy\u1ec1n Fairmont Gold v\u1edbi tr\u1ea3i nghi\u1ec7m d\u1ecbch v\u1ee5 cao c\u1ea5p.","breadcrumb":{"@id":"https:\/\/www.fairmonthanoi.com\/vi\/accomodation\/junior-gold-1-bedroom-suite-king-with-balcony\/#breadcrumb"},"inLanguage":"vi-VN","potentialAction":[{"@type":"ReadAction","target":["https:\/\/www.fairmonthanoi.com\/vi\/accomodation\/junior-gold-1-bedroom-suite-king-with-balcony\/"]}]},{"@type":"BreadcrumbList","@id":"https:\/\/www.fairmonthanoi.com\/vi\/accomodation\/junior-gold-1-bedroom-suite-king-with-balcony\/#breadcrumb","itemListElement":[{"@type":"ListItem","position":1,"name":"Home","item":"https:\/\/www.fairmonthanoi.com\/vi\/"},{"@type":"ListItem","position":2,"name":"Ph\u00f2ng ngh\u1ec9 &#038; Suite","item":"https:\/\/www.fairmonthanoi.com\/vi\/rooms-suites\/"},{"@type":"ListItem","position":3,"name":"PH\u00d2NG JUNIOR GOLD SUITE 1 GI\u01af\u1edcNG V\u1edaI BAN C\u00d4NG"}]},{"@type":"WebSite","@id":"https:\/\/www.fairmonthanoi.com\/#website","url":"https:\/\/www.fairmonthanoi.com\/","name":"Fairmont Hanoi","description":"","potentialAction":[{"@type":"SearchAction","target":{"@type":"EntryPoint","urlTemplate":"https:\/\/www.fairmonthanoi.com\/?s={search_term_string}"},"query-input":{"@type":"PropertyValueSpecification","valueRequired":true,"valueName":"search_term_string"}}],"inLanguage":"vi-VN"}]}},"_links":{"self":[{"href":"https:\/\/www.fairmonthanoi.com\/vi\/wp-json\/wp\/v2\/pages\/145","targetHints":{"allow":["GET"]}}],"collection":[{"href":"https:\/\/www.fairmonthanoi.com\/vi\/wp-json\/wp\/v2\/pages"}],"about":[{"href":"https:\/\/www.fairmonthanoi.com\/vi\/wp-json\/wp\/v2\/types\/page"}],"author":[{"embeddable":true,"href":"https:\/\/www.fairmonthanoi.com\/vi\/wp-json\/wp\/v2\/users\/30"}],"replies":[{"embeddable":true,"href":"https:\/\/www.fairmonthanoi.com\/vi\/wp-json\/wp\/v2\/comments?post=145"}],"version-history":[{"count":0,"href":"https:\/\/www.fairmonthanoi.com\/vi\/wp-json\/wp\/v2\/pages\/145\/revisions"}],"up":[{"embeddable":true,"href":"https:\/\/www.fairmonthanoi.com\/vi\/wp-json\/wp\/v2\/pages\/22"}],"wp:attachment":[{"href":"https:\/\/www.fairmonthanoi.com\/vi\/wp-json\/wp\/v2\/media?parent=145"}],"wp:term":[{"taxonomy":"category","embeddable":true,"href":"https:\/\/www.fairmonthanoi.com\/vi\/wp-json\/wp\/v2\/categories?post=145"}],"curies":[{"name":"wp","href":"https:\/\/api.w.org\/{rel}","templated":true}]}}