{"id":146,"date":"2025-12-17T07:49:07","date_gmt":"2025-12-17T07:49:07","guid":{"rendered":"https:\/\/fairmonthanoi.accorv2prod2.decms.eu\/accomodation\/fairmont-1-bedroom-suite-king\/"},"modified":"2025-12-19T05:13:19","modified_gmt":"2025-12-19T05:13:19","slug":"fairmont-1-bedroom-suite-king","status":"publish","type":"page","link":"https:\/\/www.fairmonthanoi.com\/vi\/accomodation\/fairmont-1-bedroom-suite-king\/","title":{"rendered":"PH\u00d2NG FAIRMONT SUITE 1 PH\u00d2NG NG\u1ee6"},"content":{"rendered":"<p>V\u1edbi di\u1ec7n t\u00edch l\u00ean t\u1edbi 88 m\u00b2, Fairmont Suite 1 Ph\u00f2ng Ng\u1ee7 mang \u0111\u1ebfn kh\u00f4ng gian th\u01b0 th\u00e1i c\u00f9ng khu v\u1ef1c ph\u00f2ng kh\u00e1ch ri\u00eang bi\u1ec7t, v\u00e0 m\u1ed9t ph\u00f2ng ng\u1ee7 gi\u01b0\u1eddng King y\u00ean t\u0129nh. Thi\u1ebft k\u1ebf t\u1eeb g\u1ed7 t\u1ef1 nhi\u00ean \u1ea5m \u00e1p c\u00f9ng \u0111i\u1ec3m nh\u1ea5n b\u00e0i tr\u00ed mang \u00e2m h\u01b0\u1edfng Vi\u1ec7t, c\u0103n ph\u00f2ng mang l\u1ea1i c\u1ea3m gi\u00e1c nh\u1eb9 nh\u00e0ng v\u00e0 ch\u00e0o \u0111\u00f3n n\u1ed3ng \u1ea5m. Ph\u00f2ng t\u1eafm l\u00e1t \u0111\u00e1 c\u1ea9m th\u1ea1ch v\u1edbi b\u1ed3n t\u1eafm ng\u00e2m s\u00e2u t\u00e1ch bi\u1ec7t, v\u00e0 b\u1ed9 s\u1ea3n ph\u1ea9m Le Labo huy\u1ec1n tho\u1ea1i s\u1ebd mang \u0111\u1ebfn kho\u1ea3nh kh\u1eafc t\u1eadn h\u01b0\u1edfng sau m\u1ed9t ng\u00e0y d\u00e0i. R\u1ea5t nhi\u1ec1u nh\u1eefng ti\u1ec7n nghi hi\u1ec7n \u0111\u1ea1i nh\u01b0 loa sounbar LG, m\u00e1y s\u1ea5y t\u00f3c Dyson, m\u00e1y pha c\u00e0 ph\u00ea Nespresso, IPTV th\u00f4ng minh, b\u1ed9 pha ch\u1ebf cocktail trong ph\u00f2ng, k\u00e8m minibar \u0111\u01b0\u1ee3c b\u1ed5 sung h\u1eb1ng ng\u00e0y, ki\u1ebfn t\u1ea1o n\u00ean m\u1ed9t kh\u00f4ng gian tho\u1ea3i m\u00e1i v\u1edbi nh\u1eefng gi\u00e2y ph\u00fat t\u0129nh l\u1eb7ng tr\u00ean t\u1ea7ng cao c\u1ee7a th\u00e0nh ph\u1ed1.<\/p>\n","protected":false},"excerpt":{"rendered":"<p>V\u1edbi di\u1ec7n t\u00edch l\u00ean t\u1edbi 88 m\u00b2, Fairmont Suite 1 Ph\u00f2ng Ng\u1ee7 mang \u0111\u1ebfn kh\u00f4ng gian th\u01b0 th\u00e1i c\u00f9ng khu v\u1ef1c ph\u00f2ng kh\u00e1ch ri\u00eang bi\u1ec7t, v\u00e0 m\u1ed9t ph\u00f2ng ng\u1ee7 gi\u01b0\u1eddng King y\u00ean t\u0129nh. Thi\u1ebft k\u1ebf t\u1eeb g\u1ed7 t\u1ef1 nhi\u00ean \u1ea5m \u00e1p c\u00f9ng \u0111i\u1ec3m nh\u1ea5n b\u00e0i tr\u00ed mang \u00e2m h\u01b0\u1edfng Vi\u1ec7t, c\u0103n ph\u00f2ng mang l\u1ea1i c\u1ea3m [&hellip;]<\/p>\n","protected":false},"author":30,"featured_media":0,"parent":22,"menu_order":6,"comment_status":"closed","ping_status":"closed","template":"template-room.php","meta":{"footnotes":""},"categories":[23],"class_list":["post-146","page","type-page","status-publish","hentry","category-phong-fairmont-suite"],"acf":[],"yoast_head":"<!-- This site is optimized with the Yoast SEO plugin v26.9 - https:\/\/yoast.com\/product\/yoast-seo-wordpress\/ -->\n<title>Ph\u00f2ng Fairmont Suite 1 Ph\u00f2ng Ng\u1ee7 v\u1edbi Ph\u00f2ng Kh\u00e1ch T\u00e1ch Bi\u1ec7t | Fairmont Hanoi<\/title>\n<meta name=\"description\" content=\"Ph\u00f2ng Suite v\u1edbi di\u1ec7n t\u00edch l\u00ean t\u1edbi 88 m\u00b2 c\u00f9ng 1 ph\u00f2ng ng\u1ee7 v\u00e0 khu v\u1ef1c ph\u00f2ng kh\u00e1ch t\u00e1ch bi\u1ec7t, ph\u00f2ng t\u1eafm l\u00e1t \u0111\u00e1 c\u1ea9m th\u1ea1ch, ti\u1ec7n nghi cao c\u1ea5p, v\u00e0 c\u00e1c d\u1ecbch v\u1ee5 hi\u1ec7n \u0111\u1ea1i cho m\u1ed9t k\u1ef3 ngh\u1ec9 tinh t\u1ebf t\u1ea1i H\u00e0 N\u1ed9i.\" \/>\n<meta name=\"robots\" content=\"index, follow, max-snippet:-1, max-image-preview:large, max-video-preview:-1\" \/>\n<link rel=\"canonical\" href=\"https:\/\/www.fairmonthanoi.com\/vi\/accomodation\/fairmont-1-bedroom-suite-king\/\" \/>\n<meta property=\"og:locale\" content=\"vi_VN\" \/>\n<meta property=\"og:type\" content=\"article\" \/>\n<meta property=\"og:title\" content=\"Ph\u00f2ng Fairmont Suite 1 Ph\u00f2ng Ng\u1ee7 v\u1edbi Ph\u00f2ng Kh\u00e1ch T\u00e1ch Bi\u1ec7t | Fairmont Hanoi\" \/>\n<meta property=\"og:description\" content=\"Ph\u00f2ng Suite v\u1edbi di\u1ec7n t\u00edch l\u00ean t\u1edbi 88 m\u00b2 c\u00f9ng 1 ph\u00f2ng ng\u1ee7 v\u00e0 khu v\u1ef1c ph\u00f2ng kh\u00e1ch t\u00e1ch bi\u1ec7t, ph\u00f2ng t\u1eafm l\u00e1t \u0111\u00e1 c\u1ea9m th\u1ea1ch, ti\u1ec7n nghi cao c\u1ea5p, v\u00e0 c\u00e1c d\u1ecbch v\u1ee5 hi\u1ec7n \u0111\u1ea1i cho m\u1ed9t k\u1ef3 ngh\u1ec9 tinh t\u1ebf t\u1ea1i H\u00e0 N\u1ed9i.\" \/>\n<meta property=\"og:url\" content=\"https:\/\/www.fairmonthanoi.com\/vi\/accomodation\/fairmont-1-bedroom-suite-king\/\" \/>\n<meta property=\"og:site_name\" content=\"Fairmont Hanoi\" \/>\n<meta property=\"article:modified_time\" content=\"2025-12-19T05:13:19+00:00\" \/>\n<meta name=\"twitter:card\" content=\"summary_large_image\" \/>\n<meta name=\"twitter:label1\" content=\"Est. reading time\" \/>\n\t<meta name=\"twitter:data1\" content=\"1 minute\" \/>\n<script type=\"application\/ld+json\" class=\"yoast-schema-graph\">{\"@context\":\"https:\/\/schema.org\",\"@graph\":[{\"@type\":\"WebPage\",\"@id\":\"https:\/\/www.fairmonthanoi.com\/vi\/accomodation\/fairmont-1-bedroom-suite-king\/\",\"url\":\"https:\/\/www.fairmonthanoi.com\/vi\/accomodation\/fairmont-1-bedroom-suite-king\/\",\"name\":\"Ph\u00f2ng Fairmont Suite 1 Ph\u00f2ng Ng\u1ee7 v\u1edbi Ph\u00f2ng Kh\u00e1ch T\u00e1ch Bi\u1ec7t | Fairmont Hanoi\",\"isPartOf\":{\"@id\":\"https:\/\/www.fairmonthanoi.com\/#website\"},\"datePublished\":\"2025-12-17T07:49:07+00:00\",\"dateModified\":\"2025-12-19T05:13:19+00:00\",\"description\":\"Ph\u00f2ng Suite v\u1edbi di\u1ec7n t\u00edch l\u00ean t\u1edbi 88 m\u00b2 c\u00f9ng 1 ph\u00f2ng ng\u1ee7 v\u00e0 khu v\u1ef1c ph\u00f2ng kh\u00e1ch t\u00e1ch bi\u1ec7t, ph\u00f2ng t\u1eafm l\u00e1t \u0111\u00e1 c\u1ea9m th\u1ea1ch, ti\u1ec7n nghi cao c\u1ea5p, v\u00e0 c\u00e1c d\u1ecbch v\u1ee5 hi\u1ec7n \u0111\u1ea1i cho m\u1ed9t k\u1ef3 ngh\u1ec9 tinh t\u1ebf t\u1ea1i H\u00e0 N\u1ed9i.\",\"breadcrumb\":{\"@id\":\"https:\/\/www.fairmonthanoi.com\/vi\/accomodation\/fairmont-1-bedroom-suite-king\/#breadcrumb\"},\"inLanguage\":\"vi-VN\",\"potentialAction\":[{\"@type\":\"ReadAction\",\"target\":[\"https:\/\/www.fairmonthanoi.com\/vi\/accomodation\/fairmont-1-bedroom-suite-king\/\"]}]},{\"@type\":\"BreadcrumbList\",\"@id\":\"https:\/\/www.fairmonthanoi.com\/vi\/accomodation\/fairmont-1-bedroom-suite-king\/#breadcrumb\",\"itemListElement\":[{\"@type\":\"ListItem\",\"position\":1,\"name\":\"Home\",\"item\":\"https:\/\/www.fairmonthanoi.com\/vi\/\"},{\"@type\":\"ListItem\",\"position\":2,\"name\":\"Ph\u00f2ng ngh\u1ec9 &#038; Suite\",\"item\":\"https:\/\/www.fairmonthanoi.com\/vi\/rooms-suites\/\"},{\"@type\":\"ListItem\",\"position\":3,\"name\":\"PH\u00d2NG FAIRMONT SUITE 1 PH\u00d2NG NG\u1ee6\"}]},{\"@type\":\"WebSite\",\"@id\":\"https:\/\/www.fairmonthanoi.com\/#website\",\"url\":\"https:\/\/www.fairmonthanoi.com\/\",\"name\":\"Fairmont Hanoi\",\"description\":\"\",\"potentialAction\":[{\"@type\":\"SearchAction\",\"target\":{\"@type\":\"EntryPoint\",\"urlTemplate\":\"https:\/\/www.fairmonthanoi.com\/?s={search_term_string}\"},\"query-input\":{\"@type\":\"PropertyValueSpecification\",\"valueRequired\":true,\"valueName\":\"search_term_string\"}}],\"inLanguage\":\"vi-VN\"}]}<\/script>\n<!-- \/ Yoast SEO plugin. -->","yoast_head_json":{"title":"Ph\u00f2ng Fairmont Suite 1 Ph\u00f2ng Ng\u1ee7 v\u1edbi Ph\u00f2ng Kh\u00e1ch T\u00e1ch Bi\u1ec7t | Fairmont Hanoi","description":"Ph\u00f2ng Suite v\u1edbi di\u1ec7n t\u00edch l\u00ean t\u1edbi 88 m\u00b2 c\u00f9ng 1 ph\u00f2ng ng\u1ee7 v\u00e0 khu v\u1ef1c ph\u00f2ng kh\u00e1ch t\u00e1ch bi\u1ec7t, ph\u00f2ng t\u1eafm l\u00e1t \u0111\u00e1 c\u1ea9m th\u1ea1ch, ti\u1ec7n nghi cao c\u1ea5p, v\u00e0 c\u00e1c d\u1ecbch v\u1ee5 hi\u1ec7n \u0111\u1ea1i cho m\u1ed9t k\u1ef3 ngh\u1ec9 tinh t\u1ebf t\u1ea1i H\u00e0 N\u1ed9i.","robots":{"index":"index","follow":"follow","max-snippet":"max-snippet:-1","max-image-preview":"max-image-preview:large","max-video-preview":"max-video-preview:-1"},"canonical":"https:\/\/www.fairmonthanoi.com\/vi\/accomodation\/fairmont-1-bedroom-suite-king\/","og_locale":"vi_VN","og_type":"article","og_title":"Ph\u00f2ng Fairmont Suite 1 Ph\u00f2ng Ng\u1ee7 v\u1edbi Ph\u00f2ng Kh\u00e1ch T\u00e1ch Bi\u1ec7t | Fairmont Hanoi","og_description":"Ph\u00f2ng Suite v\u1edbi di\u1ec7n t\u00edch l\u00ean t\u1edbi 88 m\u00b2 c\u00f9ng 1 ph\u00f2ng ng\u1ee7 v\u00e0 khu v\u1ef1c ph\u00f2ng kh\u00e1ch t\u00e1ch bi\u1ec7t, ph\u00f2ng t\u1eafm l\u00e1t \u0111\u00e1 c\u1ea9m th\u1ea1ch, ti\u1ec7n nghi cao c\u1ea5p, v\u00e0 c\u00e1c d\u1ecbch v\u1ee5 hi\u1ec7n \u0111\u1ea1i cho m\u1ed9t k\u1ef3 ngh\u1ec9 tinh t\u1ebf t\u1ea1i H\u00e0 N\u1ed9i.","og_url":"https:\/\/www.fairmonthanoi.com\/vi\/accomodation\/fairmont-1-bedroom-suite-king\/","og_site_name":"Fairmont Hanoi","article_modified_time":"2025-12-19T05:13:19+00:00","twitter_card":"summary_large_image","twitter_misc":{"Est. reading time":"1 minute"},"schema":{"@context":"https:\/\/schema.org","@graph":[{"@type":"WebPage","@id":"https:\/\/www.fairmonthanoi.com\/vi\/accomodation\/fairmont-1-bedroom-suite-king\/","url":"https:\/\/www.fairmonthanoi.com\/vi\/accomodation\/fairmont-1-bedroom-suite-king\/","name":"Ph\u00f2ng Fairmont Suite 1 Ph\u00f2ng Ng\u1ee7 v\u1edbi Ph\u00f2ng Kh\u00e1ch T\u00e1ch Bi\u1ec7t | Fairmont Hanoi","isPartOf":{"@id":"https:\/\/www.fairmonthanoi.com\/#website"},"datePublished":"2025-12-17T07:49:07+00:00","dateModified":"2025-12-19T05:13:19+00:00","description":"Ph\u00f2ng Suite v\u1edbi di\u1ec7n t\u00edch l\u00ean t\u1edbi 88 m\u00b2 c\u00f9ng 1 ph\u00f2ng ng\u1ee7 v\u00e0 khu v\u1ef1c ph\u00f2ng kh\u00e1ch t\u00e1ch bi\u1ec7t, ph\u00f2ng t\u1eafm l\u00e1t \u0111\u00e1 c\u1ea9m th\u1ea1ch, ti\u1ec7n nghi cao c\u1ea5p, v\u00e0 c\u00e1c d\u1ecbch v\u1ee5 hi\u1ec7n \u0111\u1ea1i cho m\u1ed9t k\u1ef3 ngh\u1ec9 tinh t\u1ebf t\u1ea1i H\u00e0 N\u1ed9i.","breadcrumb":{"@id":"https:\/\/www.fairmonthanoi.com\/vi\/accomodation\/fairmont-1-bedroom-suite-king\/#breadcrumb"},"inLanguage":"vi-VN","potentialAction":[{"@type":"ReadAction","target":["https:\/\/www.fairmonthanoi.com\/vi\/accomodation\/fairmont-1-bedroom-suite-king\/"]}]},{"@type":"BreadcrumbList","@id":"https:\/\/www.fairmonthanoi.com\/vi\/accomodation\/fairmont-1-bedroom-suite-king\/#breadcrumb","itemListElement":[{"@type":"ListItem","position":1,"name":"Home","item":"https:\/\/www.fairmonthanoi.com\/vi\/"},{"@type":"ListItem","position":2,"name":"Ph\u00f2ng ngh\u1ec9 &#038; Suite","item":"https:\/\/www.fairmonthanoi.com\/vi\/rooms-suites\/"},{"@type":"ListItem","position":3,"name":"PH\u00d2NG FAIRMONT SUITE 1 PH\u00d2NG NG\u1ee6"}]},{"@type":"WebSite","@id":"https:\/\/www.fairmonthanoi.com\/#website","url":"https:\/\/www.fairmonthanoi.com\/","name":"Fairmont Hanoi","description":"","potentialAction":[{"@type":"SearchAction","target":{"@type":"EntryPoint","urlTemplate":"https:\/\/www.fairmonthanoi.com\/?s={search_term_string}"},"query-input":{"@type":"PropertyValueSpecification","valueRequired":true,"valueName":"search_term_string"}}],"inLanguage":"vi-VN"}]}},"_links":{"self":[{"href":"https:\/\/www.fairmonthanoi.com\/vi\/wp-json\/wp\/v2\/pages\/146","targetHints":{"allow":["GET"]}}],"collection":[{"href":"https:\/\/www.fairmonthanoi.com\/vi\/wp-json\/wp\/v2\/pages"}],"about":[{"href":"https:\/\/www.fairmonthanoi.com\/vi\/wp-json\/wp\/v2\/types\/page"}],"author":[{"embeddable":true,"href":"https:\/\/www.fairmonthanoi.com\/vi\/wp-json\/wp\/v2\/users\/30"}],"replies":[{"embeddable":true,"href":"https:\/\/www.fairmonthanoi.com\/vi\/wp-json\/wp\/v2\/comments?post=146"}],"version-history":[{"count":0,"href":"https:\/\/www.fairmonthanoi.com\/vi\/wp-json\/wp\/v2\/pages\/146\/revisions"}],"up":[{"embeddable":true,"href":"https:\/\/www.fairmonthanoi.com\/vi\/wp-json\/wp\/v2\/pages\/22"}],"wp:attachment":[{"href":"https:\/\/www.fairmonthanoi.com\/vi\/wp-json\/wp\/v2\/media?parent=146"}],"wp:term":[{"taxonomy":"category","embeddable":true,"href":"https:\/\/www.fairmonthanoi.com\/vi\/wp-json\/wp\/v2\/categories?post=146"}],"curies":[{"name":"wp","href":"https:\/\/api.w.org\/{rel}","templated":true}]}}