{"id":147,"date":"2025-12-17T07:55:29","date_gmt":"2025-12-17T07:55:29","guid":{"rendered":"https:\/\/fairmonthanoi.accorv2prod2.decms.eu\/accomodation\/fairmont-gold-1-bedroom-suite-king\/"},"modified":"2026-02-02T07:17:48","modified_gmt":"2026-02-02T07:17:48","slug":"fairmont-gold-1-bedroom-suite-king","status":"publish","type":"page","link":"https:\/\/www.fairmonthanoi.com\/vi\/accomodation\/fairmont-gold-1-bedroom-suite-king\/","title":{"rendered":"PH\u00d2NG FAIRMONT GOLD SUITE 1 PH\u00d2NG NG\u1ee6"},"content":{"rendered":"<p>S\u1edf h\u1eefu di\u1ec7n t\u00edch l\u00ean t\u1edbi 88 m\u00b2, Fairmont Gold Suite 1 Ph\u00f2ng Ng\u1ee7 \u0111\u01b0\u1ee3c thi\u1ebft k\u1ebf v\u1edbi ph\u00f2ng kh\u00e1ch t\u00e1ch bi\u1ec7t c\u00f9ng kh\u00f4ng gian ng\u1ee7 y\u00ean t\u0129nh. N\u1ed9i th\u1ea5t g\u1ed7 t\u1ef1 nhi\u00ean tr\u1ea7m \u1ea5m giao h\u00f2a c\u00f9ng nh\u1eefng n\u00e9t di s\u1ea3n ngh\u1ec7 thu\u1eadt Vi\u1ec7t Nam mang l\u1ea1i nh\u1eefng s\u1eafc th\u00e1i thanh l\u1ecbch, trong khi ph\u00f2ng t\u1eafm l\u00e1t \u0111\u00e1 c\u1ea9m th\u1ea1ch v\u00e0 b\u1ed3n t\u1eafm ng\u00e2m \u0111em l\u1ea1i nh\u1eefng gi\u00e2y ph\u00fat th\u01b0 th\u00e1i. C\u00e1c ti\u1ec7n nghi trong ph\u00f2ng \u0111\u01b0\u1ee3c tuy\u1ec3n ch\u1ecdn t\u1eeb nh\u1eefng th\u01b0\u01a1ng hi\u1ec7u h\u00e0ng \u0111\u1ea7u nh\u01b0 loa sounbar LG, b\u1ed9 s\u1ea3n ph\u1ea9m t\u1eafm Le Labo, m\u00e1y s\u1ea5y Dyson, m\u00e1y pha c\u00e0 ph\u00ea Nespresso, IPTV th\u00f4ng minh v\u00e0 b\u1ed9 pha ch\u1ebf trong ph\u00f2ng c\u00f9ng qu\u1ea7y minibar \u0111\u01b0\u1ee3c b\u1ed5 sung m\u1ed7i ng\u00e0y. T\u1eadn h\u01b0\u1edfng \u0111\u1eb7c quy\u1ec1n Fairmont Gold v\u1edbi khu Lounge cao c\u1ea5p, Golden Hours c\u00f9ng cocktail v\u00e0 canap\u00e9s ph\u00e1 c\u00e1ch, ch\u00ednh s\u00e1ch tr\u1ea3 ph\u00f2ng mu\u1ed9n t\u1edbi 15:00. <\/p>\n","protected":false},"excerpt":{"rendered":"<p>S\u1edf h\u1eefu di\u1ec7n t\u00edch l\u00ean t\u1edbi 88 m\u00b2, Fairmont Gold Suite 1 Ph\u00f2ng Ng\u1ee7 \u0111\u01b0\u1ee3c thi\u1ebft k\u1ebf v\u1edbi ph\u00f2ng kh\u00e1ch t\u00e1ch bi\u1ec7t c\u00f9ng kh\u00f4ng gian ng\u1ee7 y\u00ean t\u0129nh. N\u1ed9i th\u1ea5t g\u1ed7 t\u1ef1 nhi\u00ean tr\u1ea7m \u1ea5m giao h\u00f2a c\u00f9ng nh\u1eefng n\u00e9t di s\u1ea3n ngh\u1ec7 thu\u1eadt Vi\u1ec7t Nam mang l\u1ea1i nh\u1eefng s\u1eafc th\u00e1i thanh l\u1ecbch, trong khi [&hellip;]<\/p>\n","protected":false},"author":30,"featured_media":0,"parent":22,"menu_order":7,"comment_status":"closed","ping_status":"closed","template":"template-room.php","meta":{"footnotes":""},"categories":[28],"class_list":["post-147","page","type-page","status-publish","hentry","category-phong-fairmont-gold-suite"],"acf":[],"yoast_head":"<!-- This site is optimized with the Yoast SEO plugin v26.9 - https:\/\/yoast.com\/product\/yoast-seo-wordpress\/ -->\n<title>Ph\u00f2ng Fairmont Gold Suite 1 Ph\u00f2ng Ng\u1ee7 v\u00e0 \u0111\u1eb7c quy\u1ec1n Fairmont Lounge | Fairmont Hanoi<\/title>\n<meta name=\"description\" content=\"L\u01b0u tr\u00fa t\u1ea1i Fairmont Gold Suite 1 Ph\u00f2ng Ng\u1ee7 v\u1edbi ph\u00f2ng t\u1eafm l\u00e1t \u0111\u00e1 c\u1ea9m th\u1ea1ch, ti\u1ec7n nghi hi\u1ec7n \u0111\u1ea1i c\u00f9ng \u0111\u1eb7c quy\u1ec1n Fairmont Gold n\u00e2ng t\u1ea7m tr\u1ea3i nghi\u1ec7m c\u1ee7a b\u1ea1n.\" \/>\n<meta name=\"robots\" content=\"index, follow, max-snippet:-1, max-image-preview:large, max-video-preview:-1\" \/>\n<link rel=\"canonical\" href=\"https:\/\/www.fairmonthanoi.com\/vi\/accomodation\/fairmont-gold-1-bedroom-suite-king\/\" \/>\n<meta property=\"og:locale\" content=\"vi_VN\" \/>\n<meta property=\"og:type\" content=\"article\" \/>\n<meta property=\"og:title\" content=\"Ph\u00f2ng Fairmont Gold Suite 1 Ph\u00f2ng Ng\u1ee7 v\u00e0 \u0111\u1eb7c quy\u1ec1n Fairmont Lounge | Fairmont Hanoi\" \/>\n<meta property=\"og:description\" content=\"L\u01b0u tr\u00fa t\u1ea1i Fairmont Gold Suite 1 Ph\u00f2ng Ng\u1ee7 v\u1edbi ph\u00f2ng t\u1eafm l\u00e1t \u0111\u00e1 c\u1ea9m th\u1ea1ch, ti\u1ec7n nghi hi\u1ec7n \u0111\u1ea1i c\u00f9ng \u0111\u1eb7c quy\u1ec1n Fairmont Gold n\u00e2ng t\u1ea7m tr\u1ea3i nghi\u1ec7m c\u1ee7a b\u1ea1n.\" \/>\n<meta property=\"og:url\" content=\"https:\/\/www.fairmonthanoi.com\/vi\/accomodation\/fairmont-gold-1-bedroom-suite-king\/\" \/>\n<meta property=\"og:site_name\" content=\"Fairmont Hanoi\" \/>\n<meta property=\"article:modified_time\" content=\"2026-02-02T07:17:48+00:00\" \/>\n<meta name=\"twitter:card\" content=\"summary_large_image\" \/>\n<meta name=\"twitter:label1\" content=\"Est. reading time\" \/>\n\t<meta name=\"twitter:data1\" content=\"1 minute\" \/>\n<script type=\"application\/ld+json\" class=\"yoast-schema-graph\">{\"@context\":\"https:\/\/schema.org\",\"@graph\":[{\"@type\":\"WebPage\",\"@id\":\"https:\/\/www.fairmonthanoi.com\/vi\/accomodation\/fairmont-gold-1-bedroom-suite-king\/\",\"url\":\"https:\/\/www.fairmonthanoi.com\/vi\/accomodation\/fairmont-gold-1-bedroom-suite-king\/\",\"name\":\"Ph\u00f2ng Fairmont Gold Suite 1 Ph\u00f2ng Ng\u1ee7 v\u00e0 \u0111\u1eb7c quy\u1ec1n Fairmont Lounge | Fairmont Hanoi\",\"isPartOf\":{\"@id\":\"https:\/\/www.fairmonthanoi.com\/#website\"},\"datePublished\":\"2025-12-17T07:55:29+00:00\",\"dateModified\":\"2026-02-02T07:17:48+00:00\",\"description\":\"L\u01b0u tr\u00fa t\u1ea1i Fairmont Gold Suite 1 Ph\u00f2ng Ng\u1ee7 v\u1edbi ph\u00f2ng t\u1eafm l\u00e1t \u0111\u00e1 c\u1ea9m th\u1ea1ch, ti\u1ec7n nghi hi\u1ec7n \u0111\u1ea1i c\u00f9ng \u0111\u1eb7c quy\u1ec1n Fairmont Gold n\u00e2ng t\u1ea7m tr\u1ea3i nghi\u1ec7m c\u1ee7a b\u1ea1n.\",\"breadcrumb\":{\"@id\":\"https:\/\/www.fairmonthanoi.com\/vi\/accomodation\/fairmont-gold-1-bedroom-suite-king\/#breadcrumb\"},\"inLanguage\":\"vi-VN\",\"potentialAction\":[{\"@type\":\"ReadAction\",\"target\":[\"https:\/\/www.fairmonthanoi.com\/vi\/accomodation\/fairmont-gold-1-bedroom-suite-king\/\"]}]},{\"@type\":\"BreadcrumbList\",\"@id\":\"https:\/\/www.fairmonthanoi.com\/vi\/accomodation\/fairmont-gold-1-bedroom-suite-king\/#breadcrumb\",\"itemListElement\":[{\"@type\":\"ListItem\",\"position\":1,\"name\":\"Home\",\"item\":\"https:\/\/www.fairmonthanoi.com\/vi\/\"},{\"@type\":\"ListItem\",\"position\":2,\"name\":\"Ph\u00f2ng ngh\u1ec9 &#038; Suite\",\"item\":\"https:\/\/www.fairmonthanoi.com\/vi\/rooms-suites\/\"},{\"@type\":\"ListItem\",\"position\":3,\"name\":\"PH\u00d2NG FAIRMONT GOLD SUITE 1 PH\u00d2NG NG\u1ee6\"}]},{\"@type\":\"WebSite\",\"@id\":\"https:\/\/www.fairmonthanoi.com\/#website\",\"url\":\"https:\/\/www.fairmonthanoi.com\/\",\"name\":\"Fairmont Hanoi\",\"description\":\"\",\"potentialAction\":[{\"@type\":\"SearchAction\",\"target\":{\"@type\":\"EntryPoint\",\"urlTemplate\":\"https:\/\/www.fairmonthanoi.com\/?s={search_term_string}\"},\"query-input\":{\"@type\":\"PropertyValueSpecification\",\"valueRequired\":true,\"valueName\":\"search_term_string\"}}],\"inLanguage\":\"vi-VN\"}]}<\/script>\n<!-- \/ Yoast SEO plugin. -->","yoast_head_json":{"title":"Ph\u00f2ng Fairmont Gold Suite 1 Ph\u00f2ng Ng\u1ee7 v\u00e0 \u0111\u1eb7c quy\u1ec1n Fairmont Lounge | Fairmont Hanoi","description":"L\u01b0u tr\u00fa t\u1ea1i Fairmont Gold Suite 1 Ph\u00f2ng Ng\u1ee7 v\u1edbi ph\u00f2ng t\u1eafm l\u00e1t \u0111\u00e1 c\u1ea9m th\u1ea1ch, ti\u1ec7n nghi hi\u1ec7n \u0111\u1ea1i c\u00f9ng \u0111\u1eb7c quy\u1ec1n Fairmont Gold n\u00e2ng t\u1ea7m tr\u1ea3i nghi\u1ec7m c\u1ee7a b\u1ea1n.","robots":{"index":"index","follow":"follow","max-snippet":"max-snippet:-1","max-image-preview":"max-image-preview:large","max-video-preview":"max-video-preview:-1"},"canonical":"https:\/\/www.fairmonthanoi.com\/vi\/accomodation\/fairmont-gold-1-bedroom-suite-king\/","og_locale":"vi_VN","og_type":"article","og_title":"Ph\u00f2ng Fairmont Gold Suite 1 Ph\u00f2ng Ng\u1ee7 v\u00e0 \u0111\u1eb7c quy\u1ec1n Fairmont Lounge | Fairmont Hanoi","og_description":"L\u01b0u tr\u00fa t\u1ea1i Fairmont Gold Suite 1 Ph\u00f2ng Ng\u1ee7 v\u1edbi ph\u00f2ng t\u1eafm l\u00e1t \u0111\u00e1 c\u1ea9m th\u1ea1ch, ti\u1ec7n nghi hi\u1ec7n \u0111\u1ea1i c\u00f9ng \u0111\u1eb7c quy\u1ec1n Fairmont Gold n\u00e2ng t\u1ea7m tr\u1ea3i nghi\u1ec7m c\u1ee7a b\u1ea1n.","og_url":"https:\/\/www.fairmonthanoi.com\/vi\/accomodation\/fairmont-gold-1-bedroom-suite-king\/","og_site_name":"Fairmont Hanoi","article_modified_time":"2026-02-02T07:17:48+00:00","twitter_card":"summary_large_image","twitter_misc":{"Est. reading time":"1 minute"},"schema":{"@context":"https:\/\/schema.org","@graph":[{"@type":"WebPage","@id":"https:\/\/www.fairmonthanoi.com\/vi\/accomodation\/fairmont-gold-1-bedroom-suite-king\/","url":"https:\/\/www.fairmonthanoi.com\/vi\/accomodation\/fairmont-gold-1-bedroom-suite-king\/","name":"Ph\u00f2ng Fairmont Gold Suite 1 Ph\u00f2ng Ng\u1ee7 v\u00e0 \u0111\u1eb7c quy\u1ec1n Fairmont Lounge | Fairmont Hanoi","isPartOf":{"@id":"https:\/\/www.fairmonthanoi.com\/#website"},"datePublished":"2025-12-17T07:55:29+00:00","dateModified":"2026-02-02T07:17:48+00:00","description":"L\u01b0u tr\u00fa t\u1ea1i Fairmont Gold Suite 1 Ph\u00f2ng Ng\u1ee7 v\u1edbi ph\u00f2ng t\u1eafm l\u00e1t \u0111\u00e1 c\u1ea9m th\u1ea1ch, ti\u1ec7n nghi hi\u1ec7n \u0111\u1ea1i c\u00f9ng \u0111\u1eb7c quy\u1ec1n Fairmont Gold n\u00e2ng t\u1ea7m tr\u1ea3i nghi\u1ec7m c\u1ee7a b\u1ea1n.","breadcrumb":{"@id":"https:\/\/www.fairmonthanoi.com\/vi\/accomodation\/fairmont-gold-1-bedroom-suite-king\/#breadcrumb"},"inLanguage":"vi-VN","potentialAction":[{"@type":"ReadAction","target":["https:\/\/www.fairmonthanoi.com\/vi\/accomodation\/fairmont-gold-1-bedroom-suite-king\/"]}]},{"@type":"BreadcrumbList","@id":"https:\/\/www.fairmonthanoi.com\/vi\/accomodation\/fairmont-gold-1-bedroom-suite-king\/#breadcrumb","itemListElement":[{"@type":"ListItem","position":1,"name":"Home","item":"https:\/\/www.fairmonthanoi.com\/vi\/"},{"@type":"ListItem","position":2,"name":"Ph\u00f2ng ngh\u1ec9 &#038; Suite","item":"https:\/\/www.fairmonthanoi.com\/vi\/rooms-suites\/"},{"@type":"ListItem","position":3,"name":"PH\u00d2NG FAIRMONT GOLD SUITE 1 PH\u00d2NG NG\u1ee6"}]},{"@type":"WebSite","@id":"https:\/\/www.fairmonthanoi.com\/#website","url":"https:\/\/www.fairmonthanoi.com\/","name":"Fairmont Hanoi","description":"","potentialAction":[{"@type":"SearchAction","target":{"@type":"EntryPoint","urlTemplate":"https:\/\/www.fairmonthanoi.com\/?s={search_term_string}"},"query-input":{"@type":"PropertyValueSpecification","valueRequired":true,"valueName":"search_term_string"}}],"inLanguage":"vi-VN"}]}},"_links":{"self":[{"href":"https:\/\/www.fairmonthanoi.com\/vi\/wp-json\/wp\/v2\/pages\/147","targetHints":{"allow":["GET"]}}],"collection":[{"href":"https:\/\/www.fairmonthanoi.com\/vi\/wp-json\/wp\/v2\/pages"}],"about":[{"href":"https:\/\/www.fairmonthanoi.com\/vi\/wp-json\/wp\/v2\/types\/page"}],"author":[{"embeddable":true,"href":"https:\/\/www.fairmonthanoi.com\/vi\/wp-json\/wp\/v2\/users\/30"}],"replies":[{"embeddable":true,"href":"https:\/\/www.fairmonthanoi.com\/vi\/wp-json\/wp\/v2\/comments?post=147"}],"version-history":[{"count":0,"href":"https:\/\/www.fairmonthanoi.com\/vi\/wp-json\/wp\/v2\/pages\/147\/revisions"}],"up":[{"embeddable":true,"href":"https:\/\/www.fairmonthanoi.com\/vi\/wp-json\/wp\/v2\/pages\/22"}],"wp:attachment":[{"href":"https:\/\/www.fairmonthanoi.com\/vi\/wp-json\/wp\/v2\/media?parent=147"}],"wp:term":[{"taxonomy":"category","embeddable":true,"href":"https:\/\/www.fairmonthanoi.com\/vi\/wp-json\/wp\/v2\/categories?post=147"}],"curies":[{"name":"wp","href":"https:\/\/api.w.org\/{rel}","templated":true}]}}