{"id":154,"date":"2025-12-17T07:59:03","date_gmt":"2025-12-17T07:59:03","guid":{"rendered":"https:\/\/fairmonthanoi.accorv2prod2.decms.eu\/accomodation\/premier-2-bedroom-suite-king-and-2-single\/"},"modified":"2025-12-19T05:25:32","modified_gmt":"2025-12-19T05:25:32","slug":"premier-2-bedroom-suite-king-and-2-single","status":"publish","type":"page","link":"https:\/\/www.fairmonthanoi.com\/vi\/accomodation\/premier-2-bedroom-suite-king-and-2-single\/","title":{"rendered":"PH\u00d2NG PREMIER SUITE 2 PH\u00d2NG NG\u1ee6 GI\u01af\u1edcNG KING V\u00c0 GI\u01af\u1edcNG TWIN"},"content":{"rendered":"<p>V\u1edbi di\u1ec7n t\u00edch l\u00ean \u0111\u1ebfn 130 m\u00b2, Premier Suite 2 Ph\u00f2ng Ng\u1ee7 mang \u0111\u1ebfn kh\u00f4ng gian r\u1ed9ng r\u00e3i, l\u00fd t\u01b0\u1edfng cho gia \u0111\u00ecnh ho\u1eb7c nh\u00f3m b\u1ea1n t\u00ecm ki\u1ebfm s\u1ef1 y\u00ean t\u0129nh v\u00e0 tho\u1ea3i m\u00e1i. C\u0103n ph\u00f2ng mang \u0111\u1ebfn nh\u1eefng ti\u1ec7n nghi ho\u00e0n h\u1ea3o v\u1edbi m\u1ed9t ph\u00f2ng ng\u1ee7 gi\u01b0\u1eddng King k\u1ebft n\u1ed1i v\u1edbi m\u1ed9t ph\u00f2ng ng\u1ee7 hai gi\u01b0\u1eddng \u0111\u01a1n, c\u00f9ng ph\u00f2ng kh\u00e1ch t\u00e1ch bi\u1ec7t \u0111\u01b0\u1ee3c thi\u1ebft k\u1ebf v\u1edbi ch\u1ea5t li\u1ec7u g\u1ed7 \u1ea5m v\u00e0 nh\u1eefng \u0111i\u1ec3m nh\u1ea5n v\u0103n h\u00f3a Vi\u1ec7t Nam tinh t\u1ebf. Ph\u00f2ng t\u1eafm l\u00e1t \u0111\u00e1 c\u1ea9m th\u1ea1ch \u0111\u01b0\u1ee3c trang b\u1ecb b\u1ed3n t\u1eafm ng\u00e2m s\u00e2u v\u00e0 khu v\u1ef1c v\u00f2i sen ri\u00eang, t\u1ea1o n\u00ean nh\u1eefng kho\u1ea3nh kh\u1eafc th\u01b0 gi\u00e3n tr\u1ecdn v\u1eb9n. R\u1ea5t nhi\u1ec1u ti\u1ec7n nghi cao c\u1ea5p nh\u01b0 b\u1ed9 s\u1ea3n ph\u1ea9m Le Labo, m\u00e1y s\u1ea5y t\u00f3c Dyson, c\u00e0 ph\u00ea Nespresso, loa sounbar LG, IPTV th\u00f4ng minh, b\u1ed9 d\u1ee5ng c\u1ee5 pha ch\u1ebf trong ph\u00f2ng v\u00e0 minibar \u0111\u01b0\u1ee3c b\u1ed5 sung h\u1eb1ng ng\u00e0y, lu\u00f4n s\u1eb5n s\u00e0ng \u0111\u1ec3 ho\u00e0n thi\u1ec7n m\u1ed9t tr\u1ea3i nghi\u1ec7m l\u01b0u tr\u00fa tinh t\u1ebf v\u00e0 hi\u1ec7n \u0111\u1ea1i. <\/p>\n","protected":false},"excerpt":{"rendered":"<p>V\u1edbi di\u1ec7n t\u00edch l\u00ean \u0111\u1ebfn 130 m\u00b2, Premier Suite 2 Ph\u00f2ng Ng\u1ee7 mang \u0111\u1ebfn kh\u00f4ng gian r\u1ed9ng r\u00e3i, l\u00fd t\u01b0\u1edfng cho gia \u0111\u00ecnh ho\u1eb7c nh\u00f3m b\u1ea1n t\u00ecm ki\u1ebfm s\u1ef1 y\u00ean t\u0129nh v\u00e0 tho\u1ea3i m\u00e1i. C\u0103n ph\u00f2ng mang \u0111\u1ebfn nh\u1eefng ti\u1ec7n nghi ho\u00e0n h\u1ea3o v\u1edbi m\u1ed9t ph\u00f2ng ng\u1ee7 gi\u01b0\u1eddng King k\u1ebft n\u1ed1i v\u1edbi m\u1ed9t ph\u00f2ng ng\u1ee7 [&hellip;]<\/p>\n","protected":false},"author":30,"featured_media":0,"parent":22,"menu_order":8,"comment_status":"closed","ping_status":"closed","template":"template-room.php","meta":{"footnotes":""},"categories":[24],"class_list":["post-154","page","type-page","status-publish","hentry","category-phong-premier-suite-2-giuong"],"acf":[],"yoast_head":"<!-- This site is optimized with the Yoast SEO plugin v26.9 - https:\/\/yoast.com\/product\/yoast-seo-wordpress\/ -->\n<title>Ph\u00f2ng Premier Suite 2 Ph\u00f2ng Ng\u1ee7 v\u00e0 1 Ph\u00f2ng kh\u00e1ch | Fairmont Hanoi<\/title>\n<meta name=\"description\" content=\"Tr\u1ea3i nghi\u1ec7m Premier Two Bedroom Suite r\u1ed9ng 130 m\u00b2 v\u1edbi m\u1ed9t ph\u00f2ng gi\u01b0\u1eddng King, m\u1ed9t ph\u00f2ng gi\u01b0\u1eddng \u0111\u00f4i, khu v\u1ef1c ph\u00f2ng kh\u00e1ch ri\u00eang bi\u1ec7t, ph\u00f2ng t\u1eafm l\u00e1t \u0111\u00e1 c\u1ea9m th\u1ea1ch c\u00f9ng ti\u1ec7n nghi cao c\u1ea5p, l\u00fd t\u01b0\u1edfng cho nh\u1eefng k\u1ef3 ngh\u1ec9 s\u1ebb chia t\u1ea1i H\u00e0 N\u1ed9i.\" \/>\n<meta name=\"robots\" content=\"index, follow, max-snippet:-1, max-image-preview:large, max-video-preview:-1\" \/>\n<link rel=\"canonical\" href=\"https:\/\/www.fairmonthanoi.com\/vi\/accomodation\/premier-2-bedroom-suite-king-and-2-single\/\" \/>\n<meta property=\"og:locale\" content=\"vi_VN\" \/>\n<meta property=\"og:type\" content=\"article\" \/>\n<meta property=\"og:title\" content=\"Ph\u00f2ng Premier Suite 2 Ph\u00f2ng Ng\u1ee7 v\u00e0 1 Ph\u00f2ng kh\u00e1ch | Fairmont Hanoi\" \/>\n<meta property=\"og:description\" content=\"Tr\u1ea3i nghi\u1ec7m Premier Two Bedroom Suite r\u1ed9ng 130 m\u00b2 v\u1edbi m\u1ed9t ph\u00f2ng gi\u01b0\u1eddng King, m\u1ed9t ph\u00f2ng gi\u01b0\u1eddng \u0111\u00f4i, khu v\u1ef1c ph\u00f2ng kh\u00e1ch ri\u00eang bi\u1ec7t, ph\u00f2ng t\u1eafm l\u00e1t \u0111\u00e1 c\u1ea9m th\u1ea1ch c\u00f9ng ti\u1ec7n nghi cao c\u1ea5p, l\u00fd t\u01b0\u1edfng cho nh\u1eefng k\u1ef3 ngh\u1ec9 s\u1ebb chia t\u1ea1i H\u00e0 N\u1ed9i.\" \/>\n<meta property=\"og:url\" content=\"https:\/\/www.fairmonthanoi.com\/vi\/accomodation\/premier-2-bedroom-suite-king-and-2-single\/\" \/>\n<meta property=\"og:site_name\" content=\"Fairmont Hanoi\" \/>\n<meta property=\"article:modified_time\" content=\"2025-12-19T05:25:32+00:00\" \/>\n<meta name=\"twitter:card\" content=\"summary_large_image\" \/>\n<meta name=\"twitter:label1\" content=\"Est. reading time\" \/>\n\t<meta name=\"twitter:data1\" content=\"1 minute\" \/>\n<script type=\"application\/ld+json\" class=\"yoast-schema-graph\">{\"@context\":\"https:\/\/schema.org\",\"@graph\":[{\"@type\":\"WebPage\",\"@id\":\"https:\/\/www.fairmonthanoi.com\/vi\/accomodation\/premier-2-bedroom-suite-king-and-2-single\/\",\"url\":\"https:\/\/www.fairmonthanoi.com\/vi\/accomodation\/premier-2-bedroom-suite-king-and-2-single\/\",\"name\":\"Ph\u00f2ng Premier Suite 2 Ph\u00f2ng Ng\u1ee7 v\u00e0 1 Ph\u00f2ng kh\u00e1ch | Fairmont Hanoi\",\"isPartOf\":{\"@id\":\"https:\/\/www.fairmonthanoi.com\/#website\"},\"datePublished\":\"2025-12-17T07:59:03+00:00\",\"dateModified\":\"2025-12-19T05:25:32+00:00\",\"description\":\"Tr\u1ea3i nghi\u1ec7m Premier Two Bedroom Suite r\u1ed9ng 130 m\u00b2 v\u1edbi m\u1ed9t ph\u00f2ng gi\u01b0\u1eddng King, m\u1ed9t ph\u00f2ng gi\u01b0\u1eddng \u0111\u00f4i, khu v\u1ef1c ph\u00f2ng kh\u00e1ch ri\u00eang bi\u1ec7t, ph\u00f2ng t\u1eafm l\u00e1t \u0111\u00e1 c\u1ea9m th\u1ea1ch c\u00f9ng ti\u1ec7n nghi cao c\u1ea5p, l\u00fd t\u01b0\u1edfng cho nh\u1eefng k\u1ef3 ngh\u1ec9 s\u1ebb chia t\u1ea1i H\u00e0 N\u1ed9i.\",\"breadcrumb\":{\"@id\":\"https:\/\/www.fairmonthanoi.com\/vi\/accomodation\/premier-2-bedroom-suite-king-and-2-single\/#breadcrumb\"},\"inLanguage\":\"vi-VN\",\"potentialAction\":[{\"@type\":\"ReadAction\",\"target\":[\"https:\/\/www.fairmonthanoi.com\/vi\/accomodation\/premier-2-bedroom-suite-king-and-2-single\/\"]}]},{\"@type\":\"BreadcrumbList\",\"@id\":\"https:\/\/www.fairmonthanoi.com\/vi\/accomodation\/premier-2-bedroom-suite-king-and-2-single\/#breadcrumb\",\"itemListElement\":[{\"@type\":\"ListItem\",\"position\":1,\"name\":\"Home\",\"item\":\"https:\/\/www.fairmonthanoi.com\/vi\/\"},{\"@type\":\"ListItem\",\"position\":2,\"name\":\"Ph\u00f2ng ngh\u1ec9 &#038; Suite\",\"item\":\"https:\/\/www.fairmonthanoi.com\/vi\/rooms-suites\/\"},{\"@type\":\"ListItem\",\"position\":3,\"name\":\"PH\u00d2NG PREMIER SUITE 2 PH\u00d2NG NG\u1ee6 GI\u01af\u1edcNG KING V\u00c0 GI\u01af\u1edcNG TWIN\"}]},{\"@type\":\"WebSite\",\"@id\":\"https:\/\/www.fairmonthanoi.com\/#website\",\"url\":\"https:\/\/www.fairmonthanoi.com\/\",\"name\":\"Fairmont Hanoi\",\"description\":\"\",\"potentialAction\":[{\"@type\":\"SearchAction\",\"target\":{\"@type\":\"EntryPoint\",\"urlTemplate\":\"https:\/\/www.fairmonthanoi.com\/?s={search_term_string}\"},\"query-input\":{\"@type\":\"PropertyValueSpecification\",\"valueRequired\":true,\"valueName\":\"search_term_string\"}}],\"inLanguage\":\"vi-VN\"}]}<\/script>\n<!-- \/ Yoast SEO plugin. -->","yoast_head_json":{"title":"Ph\u00f2ng Premier Suite 2 Ph\u00f2ng Ng\u1ee7 v\u00e0 1 Ph\u00f2ng kh\u00e1ch | Fairmont Hanoi","description":"Tr\u1ea3i nghi\u1ec7m Premier Two Bedroom Suite r\u1ed9ng 130 m\u00b2 v\u1edbi m\u1ed9t ph\u00f2ng gi\u01b0\u1eddng King, m\u1ed9t ph\u00f2ng gi\u01b0\u1eddng \u0111\u00f4i, khu v\u1ef1c ph\u00f2ng kh\u00e1ch ri\u00eang bi\u1ec7t, ph\u00f2ng t\u1eafm l\u00e1t \u0111\u00e1 c\u1ea9m th\u1ea1ch c\u00f9ng ti\u1ec7n nghi cao c\u1ea5p, l\u00fd t\u01b0\u1edfng cho nh\u1eefng k\u1ef3 ngh\u1ec9 s\u1ebb chia t\u1ea1i H\u00e0 N\u1ed9i.","robots":{"index":"index","follow":"follow","max-snippet":"max-snippet:-1","max-image-preview":"max-image-preview:large","max-video-preview":"max-video-preview:-1"},"canonical":"https:\/\/www.fairmonthanoi.com\/vi\/accomodation\/premier-2-bedroom-suite-king-and-2-single\/","og_locale":"vi_VN","og_type":"article","og_title":"Ph\u00f2ng Premier Suite 2 Ph\u00f2ng Ng\u1ee7 v\u00e0 1 Ph\u00f2ng kh\u00e1ch | Fairmont Hanoi","og_description":"Tr\u1ea3i nghi\u1ec7m Premier Two Bedroom Suite r\u1ed9ng 130 m\u00b2 v\u1edbi m\u1ed9t ph\u00f2ng gi\u01b0\u1eddng King, m\u1ed9t ph\u00f2ng gi\u01b0\u1eddng \u0111\u00f4i, khu v\u1ef1c ph\u00f2ng kh\u00e1ch ri\u00eang bi\u1ec7t, ph\u00f2ng t\u1eafm l\u00e1t \u0111\u00e1 c\u1ea9m th\u1ea1ch c\u00f9ng ti\u1ec7n nghi cao c\u1ea5p, l\u00fd t\u01b0\u1edfng cho nh\u1eefng k\u1ef3 ngh\u1ec9 s\u1ebb chia t\u1ea1i H\u00e0 N\u1ed9i.","og_url":"https:\/\/www.fairmonthanoi.com\/vi\/accomodation\/premier-2-bedroom-suite-king-and-2-single\/","og_site_name":"Fairmont Hanoi","article_modified_time":"2025-12-19T05:25:32+00:00","twitter_card":"summary_large_image","twitter_misc":{"Est. reading time":"1 minute"},"schema":{"@context":"https:\/\/schema.org","@graph":[{"@type":"WebPage","@id":"https:\/\/www.fairmonthanoi.com\/vi\/accomodation\/premier-2-bedroom-suite-king-and-2-single\/","url":"https:\/\/www.fairmonthanoi.com\/vi\/accomodation\/premier-2-bedroom-suite-king-and-2-single\/","name":"Ph\u00f2ng Premier Suite 2 Ph\u00f2ng Ng\u1ee7 v\u00e0 1 Ph\u00f2ng kh\u00e1ch | Fairmont Hanoi","isPartOf":{"@id":"https:\/\/www.fairmonthanoi.com\/#website"},"datePublished":"2025-12-17T07:59:03+00:00","dateModified":"2025-12-19T05:25:32+00:00","description":"Tr\u1ea3i nghi\u1ec7m Premier Two Bedroom Suite r\u1ed9ng 130 m\u00b2 v\u1edbi m\u1ed9t ph\u00f2ng gi\u01b0\u1eddng King, m\u1ed9t ph\u00f2ng gi\u01b0\u1eddng \u0111\u00f4i, khu v\u1ef1c ph\u00f2ng kh\u00e1ch ri\u00eang bi\u1ec7t, ph\u00f2ng t\u1eafm l\u00e1t \u0111\u00e1 c\u1ea9m th\u1ea1ch c\u00f9ng ti\u1ec7n nghi cao c\u1ea5p, l\u00fd t\u01b0\u1edfng cho nh\u1eefng k\u1ef3 ngh\u1ec9 s\u1ebb chia t\u1ea1i H\u00e0 N\u1ed9i.","breadcrumb":{"@id":"https:\/\/www.fairmonthanoi.com\/vi\/accomodation\/premier-2-bedroom-suite-king-and-2-single\/#breadcrumb"},"inLanguage":"vi-VN","potentialAction":[{"@type":"ReadAction","target":["https:\/\/www.fairmonthanoi.com\/vi\/accomodation\/premier-2-bedroom-suite-king-and-2-single\/"]}]},{"@type":"BreadcrumbList","@id":"https:\/\/www.fairmonthanoi.com\/vi\/accomodation\/premier-2-bedroom-suite-king-and-2-single\/#breadcrumb","itemListElement":[{"@type":"ListItem","position":1,"name":"Home","item":"https:\/\/www.fairmonthanoi.com\/vi\/"},{"@type":"ListItem","position":2,"name":"Ph\u00f2ng ngh\u1ec9 &#038; Suite","item":"https:\/\/www.fairmonthanoi.com\/vi\/rooms-suites\/"},{"@type":"ListItem","position":3,"name":"PH\u00d2NG PREMIER SUITE 2 PH\u00d2NG NG\u1ee6 GI\u01af\u1edcNG KING V\u00c0 GI\u01af\u1edcNG TWIN"}]},{"@type":"WebSite","@id":"https:\/\/www.fairmonthanoi.com\/#website","url":"https:\/\/www.fairmonthanoi.com\/","name":"Fairmont Hanoi","description":"","potentialAction":[{"@type":"SearchAction","target":{"@type":"EntryPoint","urlTemplate":"https:\/\/www.fairmonthanoi.com\/?s={search_term_string}"},"query-input":{"@type":"PropertyValueSpecification","valueRequired":true,"valueName":"search_term_string"}}],"inLanguage":"vi-VN"}]}},"_links":{"self":[{"href":"https:\/\/www.fairmonthanoi.com\/vi\/wp-json\/wp\/v2\/pages\/154","targetHints":{"allow":["GET"]}}],"collection":[{"href":"https:\/\/www.fairmonthanoi.com\/vi\/wp-json\/wp\/v2\/pages"}],"about":[{"href":"https:\/\/www.fairmonthanoi.com\/vi\/wp-json\/wp\/v2\/types\/page"}],"author":[{"embeddable":true,"href":"https:\/\/www.fairmonthanoi.com\/vi\/wp-json\/wp\/v2\/users\/30"}],"replies":[{"embeddable":true,"href":"https:\/\/www.fairmonthanoi.com\/vi\/wp-json\/wp\/v2\/comments?post=154"}],"version-history":[{"count":0,"href":"https:\/\/www.fairmonthanoi.com\/vi\/wp-json\/wp\/v2\/pages\/154\/revisions"}],"up":[{"embeddable":true,"href":"https:\/\/www.fairmonthanoi.com\/vi\/wp-json\/wp\/v2\/pages\/22"}],"wp:attachment":[{"href":"https:\/\/www.fairmonthanoi.com\/vi\/wp-json\/wp\/v2\/media?parent=154"}],"wp:term":[{"taxonomy":"category","embeddable":true,"href":"https:\/\/www.fairmonthanoi.com\/vi\/wp-json\/wp\/v2\/categories?post=154"}],"curies":[{"name":"wp","href":"https:\/\/api.w.org\/{rel}","templated":true}]}}