{"id":155,"date":"2025-12-17T08:04:44","date_gmt":"2025-12-17T08:04:44","guid":{"rendered":"https:\/\/fairmonthanoi.accorv2prod2.decms.eu\/accomodation\/signature-gold-1-bedroom-suite-king\/"},"modified":"2025-12-19T05:27:06","modified_gmt":"2025-12-19T05:27:06","slug":"signature-gold-1-bedroom-suite-king","status":"publish","type":"page","link":"https:\/\/www.fairmonthanoi.com\/vi\/accomodation\/signature-gold-1-bedroom-suite-king\/","title":{"rendered":"PH\u00d2NG SIGNATURE GOLD SUITE 1 PH\u00d2NG NG\u1ee6"},"content":{"rendered":"<p>V\u1edbi di\u1ec7n t\u00edch 130 m\u00b2, Signature Gold Suite l\u00e0 m\u1ed9t trong nh\u1eefng c\u0103n ph\u00f2ng \u0111\u1ed9c quy\u1ec1n mang \u0111\u1ebfn tr\u1ea3i nghi\u1ec7m l\u01b0u tr\u00fa tinh t\u1ebf. Kh\u00f4ng gian ph\u00f2ng kh\u00e1ch r\u1ed9ng k\u1ebft h\u1ee3p c\u00f9ng ph\u00f2ng ng\u1ee7 t\u00e1ch bi\u1ec7t, t\u1ea1o n\u00ean m\u1ed9t t\u1ed5ng th\u1ec3 th\u01b0 th\u00e1i, h\u00f2a c\u00f9ng ch\u1ea5t li\u1ec7u tinh t\u1ebf t\u1eeb g\u1ed7 m\u1ed9c \u1ea5m \u00e1p v\u00e0 h\u1ecda ti\u1ebft v\u0103n h\u00f3a Vi\u1ec7t Nam b\u1ea3n \u0111\u1ecba. Ph\u00f2ng t\u1eafm l\u00e1t \u0111\u00e1 c\u1ea9m th\u1ea1ch \u0111\u01b0\u1ee3c trang b\u1ecb b\u1ed3n t\u1eafm ri\u00eang bi\u1ec7t, mang \u0111\u1ebfn nh\u1eefng kho\u1ea3nh kh\u1eafc th\u01b0 gi\u00e3n tr\u1ecdn v\u1eb9n. C\u00e1c ti\u1ec7n nghi cao c\u1ea5p bao g\u1ed3m m\u00e1y s\u1ea5y t\u00f3c Dyson, b\u1ed9 s\u1ea3n ph\u1ea9m Le Labo, m\u00e1y pha c\u00e0 ph\u00ea Nespresso, loa soundbar LG, h\u1ec7 th\u1ed1ng IPTV, b\u1ed9 d\u1ee5ng c\u1ee5 pha ch\u1ebf trong ph\u00f2ng v\u00e0 minibar \u0111\u01b0\u1ee3c b\u1ed5 sung m\u1ed7i ng\u00e0y. \u0110\u1eb7c quy\u1ec1n Fairmont Gold n\u00e2ng t\u1ea7m k\u1ef3 ngh\u1ec9 v\u1edbi khu v\u1ef1c Lounge ri\u00eang, Golden Hours c\u00f9ng cocktail v\u00e0 canap\u00e9s \u0111\u1eb7c bi\u1ec7t, v\u00e0 ch\u00ednh s\u00e1ch tr\u1ea3 ph\u00f2ng t\u1edbi 15:00.<\/p>\n","protected":false},"excerpt":{"rendered":"<p>V\u1edbi di\u1ec7n t\u00edch 130 m\u00b2, Signature Gold Suite l\u00e0 m\u1ed9t trong nh\u1eefng c\u0103n ph\u00f2ng \u0111\u1ed9c quy\u1ec1n mang \u0111\u1ebfn tr\u1ea3i nghi\u1ec7m l\u01b0u tr\u00fa tinh t\u1ebf. Kh\u00f4ng gian ph\u00f2ng kh\u00e1ch r\u1ed9ng k\u1ebft h\u1ee3p c\u00f9ng ph\u00f2ng ng\u1ee7 t\u00e1ch bi\u1ec7t, t\u1ea1o n\u00ean m\u1ed9t t\u1ed5ng th\u1ec3 th\u01b0 th\u00e1i, h\u00f2a c\u00f9ng ch\u1ea5t li\u1ec7u tinh t\u1ebf t\u1eeb g\u1ed7 m\u1ed9c \u1ea5m \u00e1p v\u00e0 [&hellip;]<\/p>\n","protected":false},"author":30,"featured_media":0,"parent":22,"menu_order":9,"comment_status":"closed","ping_status":"closed","template":"template-room.php","meta":{"footnotes":""},"categories":[29],"class_list":["post-155","page","type-page","status-publish","hentry","category-phong-signature-gold-suite"],"acf":[],"yoast_head":"<!-- This site is optimized with the Yoast SEO plugin v26.9 - https:\/\/yoast.com\/product\/yoast-seo-wordpress\/ -->\n<title>Ph\u00f2ng Signature Gold Suite v\u1edbi Ph\u00f2ng Kh\u00e1ch ri\u00eang v\u00e0 \u0111\u1eb7c quy\u1ec1n Fairmont Lounge<\/title>\n<meta name=\"description\" content=\"Kh\u00e1m ph\u00e1 kh\u00f4ng gian ph\u00f2ng v\u1edbi t\u1ed5ng di\u1ec7n t\u00edch l\u00ean t\u1edbi 130 m\u00b2 g\u1ed3m m\u1ed9t ph\u00f2ng kh\u00e1ch l\u1edbn ri\u00eang bi\u1ec7t, ph\u00f2ng t\u1eafm \u0111\u00e1 c\u1ea9m th\u1ea1ch, ti\u1ec7n nghi hi\u1ec7n \u0111\u1ea1i, v\u00e0 \u0111\u1eb7c quy\u1ec1n Fairmont Gold Lounge tinh t\u1ebf.\" \/>\n<meta name=\"robots\" content=\"index, follow, max-snippet:-1, max-image-preview:large, max-video-preview:-1\" \/>\n<link rel=\"canonical\" href=\"https:\/\/www.fairmonthanoi.com\/vi\/accomodation\/signature-gold-1-bedroom-suite-king\/\" \/>\n<meta property=\"og:locale\" content=\"vi_VN\" \/>\n<meta property=\"og:type\" content=\"article\" \/>\n<meta property=\"og:title\" content=\"Ph\u00f2ng Signature Gold Suite v\u1edbi Ph\u00f2ng Kh\u00e1ch ri\u00eang v\u00e0 \u0111\u1eb7c quy\u1ec1n Fairmont Lounge\" \/>\n<meta property=\"og:description\" content=\"Kh\u00e1m ph\u00e1 kh\u00f4ng gian ph\u00f2ng v\u1edbi t\u1ed5ng di\u1ec7n t\u00edch l\u00ean t\u1edbi 130 m\u00b2 g\u1ed3m m\u1ed9t ph\u00f2ng kh\u00e1ch l\u1edbn ri\u00eang bi\u1ec7t, ph\u00f2ng t\u1eafm \u0111\u00e1 c\u1ea9m th\u1ea1ch, ti\u1ec7n nghi hi\u1ec7n \u0111\u1ea1i, v\u00e0 \u0111\u1eb7c quy\u1ec1n Fairmont Gold Lounge tinh t\u1ebf.\" \/>\n<meta property=\"og:url\" content=\"https:\/\/www.fairmonthanoi.com\/vi\/accomodation\/signature-gold-1-bedroom-suite-king\/\" \/>\n<meta property=\"og:site_name\" content=\"Fairmont Hanoi\" \/>\n<meta property=\"article:modified_time\" content=\"2025-12-19T05:27:06+00:00\" \/>\n<meta name=\"twitter:card\" content=\"summary_large_image\" \/>\n<meta name=\"twitter:label1\" content=\"Est. reading time\" \/>\n\t<meta name=\"twitter:data1\" content=\"1 minute\" \/>\n<script type=\"application\/ld+json\" class=\"yoast-schema-graph\">{\"@context\":\"https:\/\/schema.org\",\"@graph\":[{\"@type\":\"WebPage\",\"@id\":\"https:\/\/www.fairmonthanoi.com\/vi\/accomodation\/signature-gold-1-bedroom-suite-king\/\",\"url\":\"https:\/\/www.fairmonthanoi.com\/vi\/accomodation\/signature-gold-1-bedroom-suite-king\/\",\"name\":\"Ph\u00f2ng Signature Gold Suite v\u1edbi Ph\u00f2ng Kh\u00e1ch ri\u00eang v\u00e0 \u0111\u1eb7c quy\u1ec1n Fairmont Lounge\",\"isPartOf\":{\"@id\":\"https:\/\/www.fairmonthanoi.com\/#website\"},\"datePublished\":\"2025-12-17T08:04:44+00:00\",\"dateModified\":\"2025-12-19T05:27:06+00:00\",\"description\":\"Kh\u00e1m ph\u00e1 kh\u00f4ng gian ph\u00f2ng v\u1edbi t\u1ed5ng di\u1ec7n t\u00edch l\u00ean t\u1edbi 130 m\u00b2 g\u1ed3m m\u1ed9t ph\u00f2ng kh\u00e1ch l\u1edbn ri\u00eang bi\u1ec7t, ph\u00f2ng t\u1eafm \u0111\u00e1 c\u1ea9m th\u1ea1ch, ti\u1ec7n nghi hi\u1ec7n \u0111\u1ea1i, v\u00e0 \u0111\u1eb7c quy\u1ec1n Fairmont Gold Lounge tinh t\u1ebf.\",\"breadcrumb\":{\"@id\":\"https:\/\/www.fairmonthanoi.com\/vi\/accomodation\/signature-gold-1-bedroom-suite-king\/#breadcrumb\"},\"inLanguage\":\"vi-VN\",\"potentialAction\":[{\"@type\":\"ReadAction\",\"target\":[\"https:\/\/www.fairmonthanoi.com\/vi\/accomodation\/signature-gold-1-bedroom-suite-king\/\"]}]},{\"@type\":\"BreadcrumbList\",\"@id\":\"https:\/\/www.fairmonthanoi.com\/vi\/accomodation\/signature-gold-1-bedroom-suite-king\/#breadcrumb\",\"itemListElement\":[{\"@type\":\"ListItem\",\"position\":1,\"name\":\"Home\",\"item\":\"https:\/\/www.fairmonthanoi.com\/vi\/\"},{\"@type\":\"ListItem\",\"position\":2,\"name\":\"Ph\u00f2ng ngh\u1ec9 &#038; Suite\",\"item\":\"https:\/\/www.fairmonthanoi.com\/vi\/rooms-suites\/\"},{\"@type\":\"ListItem\",\"position\":3,\"name\":\"PH\u00d2NG SIGNATURE GOLD SUITE 1 PH\u00d2NG NG\u1ee6\"}]},{\"@type\":\"WebSite\",\"@id\":\"https:\/\/www.fairmonthanoi.com\/#website\",\"url\":\"https:\/\/www.fairmonthanoi.com\/\",\"name\":\"Fairmont Hanoi\",\"description\":\"\",\"potentialAction\":[{\"@type\":\"SearchAction\",\"target\":{\"@type\":\"EntryPoint\",\"urlTemplate\":\"https:\/\/www.fairmonthanoi.com\/?s={search_term_string}\"},\"query-input\":{\"@type\":\"PropertyValueSpecification\",\"valueRequired\":true,\"valueName\":\"search_term_string\"}}],\"inLanguage\":\"vi-VN\"}]}<\/script>\n<!-- \/ Yoast SEO plugin. -->","yoast_head_json":{"title":"Ph\u00f2ng Signature Gold Suite v\u1edbi Ph\u00f2ng Kh\u00e1ch ri\u00eang v\u00e0 \u0111\u1eb7c quy\u1ec1n Fairmont Lounge","description":"Kh\u00e1m ph\u00e1 kh\u00f4ng gian ph\u00f2ng v\u1edbi t\u1ed5ng di\u1ec7n t\u00edch l\u00ean t\u1edbi 130 m\u00b2 g\u1ed3m m\u1ed9t ph\u00f2ng kh\u00e1ch l\u1edbn ri\u00eang bi\u1ec7t, ph\u00f2ng t\u1eafm \u0111\u00e1 c\u1ea9m th\u1ea1ch, ti\u1ec7n nghi hi\u1ec7n \u0111\u1ea1i, v\u00e0 \u0111\u1eb7c quy\u1ec1n Fairmont Gold Lounge tinh t\u1ebf.","robots":{"index":"index","follow":"follow","max-snippet":"max-snippet:-1","max-image-preview":"max-image-preview:large","max-video-preview":"max-video-preview:-1"},"canonical":"https:\/\/www.fairmonthanoi.com\/vi\/accomodation\/signature-gold-1-bedroom-suite-king\/","og_locale":"vi_VN","og_type":"article","og_title":"Ph\u00f2ng Signature Gold Suite v\u1edbi Ph\u00f2ng Kh\u00e1ch ri\u00eang v\u00e0 \u0111\u1eb7c quy\u1ec1n Fairmont Lounge","og_description":"Kh\u00e1m ph\u00e1 kh\u00f4ng gian ph\u00f2ng v\u1edbi t\u1ed5ng di\u1ec7n t\u00edch l\u00ean t\u1edbi 130 m\u00b2 g\u1ed3m m\u1ed9t ph\u00f2ng kh\u00e1ch l\u1edbn ri\u00eang bi\u1ec7t, ph\u00f2ng t\u1eafm \u0111\u00e1 c\u1ea9m th\u1ea1ch, ti\u1ec7n nghi hi\u1ec7n \u0111\u1ea1i, v\u00e0 \u0111\u1eb7c quy\u1ec1n Fairmont Gold Lounge tinh t\u1ebf.","og_url":"https:\/\/www.fairmonthanoi.com\/vi\/accomodation\/signature-gold-1-bedroom-suite-king\/","og_site_name":"Fairmont Hanoi","article_modified_time":"2025-12-19T05:27:06+00:00","twitter_card":"summary_large_image","twitter_misc":{"Est. reading time":"1 minute"},"schema":{"@context":"https:\/\/schema.org","@graph":[{"@type":"WebPage","@id":"https:\/\/www.fairmonthanoi.com\/vi\/accomodation\/signature-gold-1-bedroom-suite-king\/","url":"https:\/\/www.fairmonthanoi.com\/vi\/accomodation\/signature-gold-1-bedroom-suite-king\/","name":"Ph\u00f2ng Signature Gold Suite v\u1edbi Ph\u00f2ng Kh\u00e1ch ri\u00eang v\u00e0 \u0111\u1eb7c quy\u1ec1n Fairmont Lounge","isPartOf":{"@id":"https:\/\/www.fairmonthanoi.com\/#website"},"datePublished":"2025-12-17T08:04:44+00:00","dateModified":"2025-12-19T05:27:06+00:00","description":"Kh\u00e1m ph\u00e1 kh\u00f4ng gian ph\u00f2ng v\u1edbi t\u1ed5ng di\u1ec7n t\u00edch l\u00ean t\u1edbi 130 m\u00b2 g\u1ed3m m\u1ed9t ph\u00f2ng kh\u00e1ch l\u1edbn ri\u00eang bi\u1ec7t, ph\u00f2ng t\u1eafm \u0111\u00e1 c\u1ea9m th\u1ea1ch, ti\u1ec7n nghi hi\u1ec7n \u0111\u1ea1i, v\u00e0 \u0111\u1eb7c quy\u1ec1n Fairmont Gold Lounge tinh t\u1ebf.","breadcrumb":{"@id":"https:\/\/www.fairmonthanoi.com\/vi\/accomodation\/signature-gold-1-bedroom-suite-king\/#breadcrumb"},"inLanguage":"vi-VN","potentialAction":[{"@type":"ReadAction","target":["https:\/\/www.fairmonthanoi.com\/vi\/accomodation\/signature-gold-1-bedroom-suite-king\/"]}]},{"@type":"BreadcrumbList","@id":"https:\/\/www.fairmonthanoi.com\/vi\/accomodation\/signature-gold-1-bedroom-suite-king\/#breadcrumb","itemListElement":[{"@type":"ListItem","position":1,"name":"Home","item":"https:\/\/www.fairmonthanoi.com\/vi\/"},{"@type":"ListItem","position":2,"name":"Ph\u00f2ng ngh\u1ec9 &#038; Suite","item":"https:\/\/www.fairmonthanoi.com\/vi\/rooms-suites\/"},{"@type":"ListItem","position":3,"name":"PH\u00d2NG SIGNATURE GOLD SUITE 1 PH\u00d2NG NG\u1ee6"}]},{"@type":"WebSite","@id":"https:\/\/www.fairmonthanoi.com\/#website","url":"https:\/\/www.fairmonthanoi.com\/","name":"Fairmont Hanoi","description":"","potentialAction":[{"@type":"SearchAction","target":{"@type":"EntryPoint","urlTemplate":"https:\/\/www.fairmonthanoi.com\/?s={search_term_string}"},"query-input":{"@type":"PropertyValueSpecification","valueRequired":true,"valueName":"search_term_string"}}],"inLanguage":"vi-VN"}]}},"_links":{"self":[{"href":"https:\/\/www.fairmonthanoi.com\/vi\/wp-json\/wp\/v2\/pages\/155","targetHints":{"allow":["GET"]}}],"collection":[{"href":"https:\/\/www.fairmonthanoi.com\/vi\/wp-json\/wp\/v2\/pages"}],"about":[{"href":"https:\/\/www.fairmonthanoi.com\/vi\/wp-json\/wp\/v2\/types\/page"}],"author":[{"embeddable":true,"href":"https:\/\/www.fairmonthanoi.com\/vi\/wp-json\/wp\/v2\/users\/30"}],"replies":[{"embeddable":true,"href":"https:\/\/www.fairmonthanoi.com\/vi\/wp-json\/wp\/v2\/comments?post=155"}],"version-history":[{"count":0,"href":"https:\/\/www.fairmonthanoi.com\/vi\/wp-json\/wp\/v2\/pages\/155\/revisions"}],"up":[{"embeddable":true,"href":"https:\/\/www.fairmonthanoi.com\/vi\/wp-json\/wp\/v2\/pages\/22"}],"wp:attachment":[{"href":"https:\/\/www.fairmonthanoi.com\/vi\/wp-json\/wp\/v2\/media?parent=155"}],"wp:term":[{"taxonomy":"category","embeddable":true,"href":"https:\/\/www.fairmonthanoi.com\/vi\/wp-json\/wp\/v2\/categories?post=155"}],"curies":[{"name":"wp","href":"https:\/\/api.w.org\/{rel}","templated":true}]}}