{"id":156,"date":"2025-12-17T08:06:49","date_gmt":"2025-12-17T08:06:49","guid":{"rendered":"https:\/\/fairmonthanoi.accorv2prod2.decms.eu\/accomodation\/presidential-1-bedroom-suitecity-view-with-king-balcony\/"},"modified":"2025-12-19T05:28:34","modified_gmt":"2025-12-19T05:28:34","slug":"presidential-1-bedroom-suitecity-view-with-king-balcony","status":"publish","type":"page","link":"https:\/\/www.fairmonthanoi.com\/vi\/accomodation\/presidential-1-bedroom-suitecity-view-with-king-balcony\/","title":{"rendered":"PH\u00d2NG T\u1ed4NG TH\u1ed0NG V\u1edaI BAN C\u00d4NG RI\u00caNG H\u01af\u1edaNG TH\u00c0NH PH\u1ed0"},"content":{"rendered":"<p>S\u1edf h\u1eefu di\u1ec7n t\u00edch l\u00ean \u0111\u1ebfn 206 m\u00b2, Ph\u00f2ng T\u1ed5ng Th\u1ed1ng l\u00e0 dinh th\u1ef1 danh gi\u00e1 v\u00e0 n\u1ed5i b\u1eadt nh\u1ea5t c\u1ee7a Fairmont Hanoi. Ph\u00f2ng kh\u00e1ch v\u00e0 ph\u00f2ng \u0103n l\u1edbn \u0111\u01b0\u1ee3c thi\u1ebft k\u1ebf kho\u00e1ng \u0111\u1ea1t, ho\u00e0n h\u1ea3o cho nh\u1eefng b\u1eefa ti\u1ec7c th\u1ecbnh so\u1ea1n. Ban c\u00f4ng v\u1edbi t\u1ea7m nh\u00ecn \u0111\u1eafc \u0111\u1ecba m\u1edf ra m\u1ed9t b\u1ee9c tranh ngh\u1ec7 thu\u1eadt s\u1ed1ng \u0111\u1ed9ng c\u1ee7a th\u00e0nh ph\u1ed1, trong khi ph\u00f2ng ng\u1ee7 v\u1edbi gi\u01b0\u1eddng King th\u01b0 th\u00e1i l\u00e0 m\u1ed9t \u1ed1c \u0111\u1ea3o c\u1ee7a s\u1ef1 y\u00ean b\u00ecnh v\u00e0 ri\u00eang t\u01b0 tuy\u1ec7t \u0111\u1ed1i. Ph\u00f2ng t\u1eafm l\u00e1t \u0111\u00e1 c\u1ea9m th\u1ea1ch l\u1ed9ng l\u1eaby, v\u1edbi b\u1ed3n t\u1eafm ng\u00e2m s\u00e2u mang \u0111\u1ebfn nh\u1eefng ph\u00fat gi\u00e2y thong th\u1ea3, qu\u00ean \u0111i th\u1eddi gian. M\u1ecdi chi ti\u1ebft \u0111\u1ec1u \u0111\u01b0\u1ee3c tuy\u1ec3n ch\u1ecdn b\u1eb1ng s\u1ef1 tinh hoa: t\u1eeb m\u00e1y s\u1ea5y Dyson hi\u1ec7n \u0111\u1ea1i, h\u01b0\u01a1ng th\u01a1m quy\u1ebfn r\u0169 c\u1ee7a Le Labo, \u0111\u1ebfn t\u00e1ch c\u00e0 ph\u00ea Nespresso \u1ea5m n\u00f3ng v\u00e0 minibar \u0111\u01b0\u1ee3c b\u1ed5 sung m\u1edbi m\u1ed7i ng\u00e0y. N\u00e2ng t\u1ea7m tr\u1ea3i nghi\u1ec7m l\u01b0u tr\u00fa v\u1edbi \u0111\u1eb7c quy\u1ec1n Fairmont Gold nh\u01b0 truy c\u1eadp khu ph\u00f2ng ch\u1edd ri\u00eang, \u0111\u1eafm m\u00ecnh trong Golden Hours v\u1edbi tr\u1ea3i nghi\u1ec7m cocktails v\u00e0 canap\u00e9s \u0111\u1eb3ng c\u1ea5p, v\u00e0 k\u00e9o d\u00e0i kho\u1ea3nh kh\u1eafc ngh\u1ec9 d\u01b0\u1ee1ng v\u1edbi d\u1ecbch v\u1ee5 tr\u1ea3 ph\u00f2ng mu\u1ed9n t\u1edbi 15:00.<\/p>\n","protected":false},"excerpt":{"rendered":"<p>S\u1edf h\u1eefu di\u1ec7n t\u00edch l\u00ean \u0111\u1ebfn 206 m\u00b2, Ph\u00f2ng T\u1ed5ng Th\u1ed1ng l\u00e0 dinh th\u1ef1 danh gi\u00e1 v\u00e0 n\u1ed5i b\u1eadt nh\u1ea5t c\u1ee7a Fairmont Hanoi. Ph\u00f2ng kh\u00e1ch v\u00e0 ph\u00f2ng \u0103n l\u1edbn \u0111\u01b0\u1ee3c thi\u1ebft k\u1ebf kho\u00e1ng \u0111\u1ea1t, ho\u00e0n h\u1ea3o cho nh\u1eefng b\u1eefa ti\u1ec7c th\u1ecbnh so\u1ea1n. Ban c\u00f4ng v\u1edbi t\u1ea7m nh\u00ecn \u0111\u1eafc \u0111\u1ecba m\u1edf ra m\u1ed9t b\u1ee9c tranh ngh\u1ec7 [&hellip;]<\/p>\n","protected":false},"author":30,"featured_media":0,"parent":22,"menu_order":10,"comment_status":"closed","ping_status":"closed","template":"template-room.php","meta":{"footnotes":""},"categories":[30],"class_list":["post-156","page","type-page","status-publish","hentry","category-phong-tong-thong"],"acf":[],"yoast_head":"<!-- This site is optimized with the Yoast SEO plugin v26.9 - https:\/\/yoast.com\/product\/yoast-seo-wordpress\/ -->\n<title>Ph\u00f2ng T\u1ed5ng Th\u1ed1ng v\u1edbi Ban C\u00f4ng Ri\u00eang h\u01b0\u1edbng Th\u00e0nh Ph\u1ed1 | Fairmont Hanoi<\/title>\n<meta name=\"description\" content=\"T\u1eadn h\u01b0\u1edfng Ph\u00f2ng T\u1ed5ng Th\u1ed1ng v\u1edbi di\u1ec7n t\u00edch l\u1edbn b\u1eadc nh\u1ea5t 206 m\u00b2, c\u00f9ng ban c\u00f4ng ri\u00eang bi\u1ec7t, ph\u00f2ng kh\u00e1ch v\u00e0 ph\u00f2ng \u0103n xa hoa, ph\u00f2ng t\u1eafm \u0111\u00e1 c\u1ea9m th\u1ea1ch v\u1edbi c\u00e1c ti\u1ec7n nghi cao c\u1ea5p. N\u00e2ng t\u1ea7m h\u00e0nh tr\u00ecnh l\u01b0u tr\u00fa v\u1edbi Fairmont Gold \u0111\u1ed9c quy\u1ec1n, mang \u0111\u1ebfn s\u1ef1 tho\u1ea3i m\u00e1i v\u00e0 ri\u00eang t\u01b0 tr\u1ecdn v\u1eb9n.\" \/>\n<meta name=\"robots\" content=\"index, follow, max-snippet:-1, max-image-preview:large, max-video-preview:-1\" \/>\n<link rel=\"canonical\" href=\"https:\/\/www.fairmonthanoi.com\/vi\/accomodation\/presidential-1-bedroom-suitecity-view-with-king-balcony\/\" \/>\n<meta property=\"og:locale\" content=\"vi_VN\" \/>\n<meta property=\"og:type\" content=\"article\" \/>\n<meta property=\"og:title\" content=\"Ph\u00f2ng T\u1ed5ng Th\u1ed1ng v\u1edbi Ban C\u00f4ng Ri\u00eang h\u01b0\u1edbng Th\u00e0nh Ph\u1ed1 | Fairmont Hanoi\" \/>\n<meta property=\"og:description\" content=\"T\u1eadn h\u01b0\u1edfng Ph\u00f2ng T\u1ed5ng Th\u1ed1ng v\u1edbi di\u1ec7n t\u00edch l\u1edbn b\u1eadc nh\u1ea5t 206 m\u00b2, c\u00f9ng ban c\u00f4ng ri\u00eang bi\u1ec7t, ph\u00f2ng kh\u00e1ch v\u00e0 ph\u00f2ng \u0103n xa hoa, ph\u00f2ng t\u1eafm \u0111\u00e1 c\u1ea9m th\u1ea1ch v\u1edbi c\u00e1c ti\u1ec7n nghi cao c\u1ea5p. N\u00e2ng t\u1ea7m h\u00e0nh tr\u00ecnh l\u01b0u tr\u00fa v\u1edbi Fairmont Gold \u0111\u1ed9c quy\u1ec1n, mang \u0111\u1ebfn s\u1ef1 tho\u1ea3i m\u00e1i v\u00e0 ri\u00eang t\u01b0 tr\u1ecdn v\u1eb9n.\" \/>\n<meta property=\"og:url\" content=\"https:\/\/www.fairmonthanoi.com\/vi\/accomodation\/presidential-1-bedroom-suitecity-view-with-king-balcony\/\" \/>\n<meta property=\"og:site_name\" content=\"Fairmont Hanoi\" \/>\n<meta property=\"article:modified_time\" content=\"2025-12-19T05:28:34+00:00\" \/>\n<meta name=\"twitter:card\" content=\"summary_large_image\" \/>\n<meta name=\"twitter:label1\" content=\"Est. reading time\" \/>\n\t<meta name=\"twitter:data1\" content=\"1 minute\" \/>\n<script type=\"application\/ld+json\" class=\"yoast-schema-graph\">{\"@context\":\"https:\/\/schema.org\",\"@graph\":[{\"@type\":\"WebPage\",\"@id\":\"https:\/\/www.fairmonthanoi.com\/vi\/accomodation\/presidential-1-bedroom-suitecity-view-with-king-balcony\/\",\"url\":\"https:\/\/www.fairmonthanoi.com\/vi\/accomodation\/presidential-1-bedroom-suitecity-view-with-king-balcony\/\",\"name\":\"Ph\u00f2ng T\u1ed5ng Th\u1ed1ng v\u1edbi Ban C\u00f4ng Ri\u00eang h\u01b0\u1edbng Th\u00e0nh Ph\u1ed1 | Fairmont Hanoi\",\"isPartOf\":{\"@id\":\"https:\/\/www.fairmonthanoi.com\/#website\"},\"datePublished\":\"2025-12-17T08:06:49+00:00\",\"dateModified\":\"2025-12-19T05:28:34+00:00\",\"description\":\"T\u1eadn h\u01b0\u1edfng Ph\u00f2ng T\u1ed5ng Th\u1ed1ng v\u1edbi di\u1ec7n t\u00edch l\u1edbn b\u1eadc nh\u1ea5t 206 m\u00b2, c\u00f9ng ban c\u00f4ng ri\u00eang bi\u1ec7t, ph\u00f2ng kh\u00e1ch v\u00e0 ph\u00f2ng \u0103n xa hoa, ph\u00f2ng t\u1eafm \u0111\u00e1 c\u1ea9m th\u1ea1ch v\u1edbi c\u00e1c ti\u1ec7n nghi cao c\u1ea5p. N\u00e2ng t\u1ea7m h\u00e0nh tr\u00ecnh l\u01b0u tr\u00fa v\u1edbi Fairmont Gold \u0111\u1ed9c quy\u1ec1n, mang \u0111\u1ebfn s\u1ef1 tho\u1ea3i m\u00e1i v\u00e0 ri\u00eang t\u01b0 tr\u1ecdn v\u1eb9n.\",\"breadcrumb\":{\"@id\":\"https:\/\/www.fairmonthanoi.com\/vi\/accomodation\/presidential-1-bedroom-suitecity-view-with-king-balcony\/#breadcrumb\"},\"inLanguage\":\"vi-VN\",\"potentialAction\":[{\"@type\":\"ReadAction\",\"target\":[\"https:\/\/www.fairmonthanoi.com\/vi\/accomodation\/presidential-1-bedroom-suitecity-view-with-king-balcony\/\"]}]},{\"@type\":\"BreadcrumbList\",\"@id\":\"https:\/\/www.fairmonthanoi.com\/vi\/accomodation\/presidential-1-bedroom-suitecity-view-with-king-balcony\/#breadcrumb\",\"itemListElement\":[{\"@type\":\"ListItem\",\"position\":1,\"name\":\"Home\",\"item\":\"https:\/\/www.fairmonthanoi.com\/vi\/\"},{\"@type\":\"ListItem\",\"position\":2,\"name\":\"Ph\u00f2ng ngh\u1ec9 &#038; Suite\",\"item\":\"https:\/\/www.fairmonthanoi.com\/vi\/rooms-suites\/\"},{\"@type\":\"ListItem\",\"position\":3,\"name\":\"PH\u00d2NG T\u1ed4NG TH\u1ed0NG V\u1edaI BAN C\u00d4NG RI\u00caNG H\u01af\u1edaNG TH\u00c0NH PH\u1ed0\"}]},{\"@type\":\"WebSite\",\"@id\":\"https:\/\/www.fairmonthanoi.com\/#website\",\"url\":\"https:\/\/www.fairmonthanoi.com\/\",\"name\":\"Fairmont Hanoi\",\"description\":\"\",\"potentialAction\":[{\"@type\":\"SearchAction\",\"target\":{\"@type\":\"EntryPoint\",\"urlTemplate\":\"https:\/\/www.fairmonthanoi.com\/?s={search_term_string}\"},\"query-input\":{\"@type\":\"PropertyValueSpecification\",\"valueRequired\":true,\"valueName\":\"search_term_string\"}}],\"inLanguage\":\"vi-VN\"}]}<\/script>\n<!-- \/ Yoast SEO plugin. -->","yoast_head_json":{"title":"Ph\u00f2ng T\u1ed5ng Th\u1ed1ng v\u1edbi Ban C\u00f4ng Ri\u00eang h\u01b0\u1edbng Th\u00e0nh Ph\u1ed1 | Fairmont Hanoi","description":"T\u1eadn h\u01b0\u1edfng Ph\u00f2ng T\u1ed5ng Th\u1ed1ng v\u1edbi di\u1ec7n t\u00edch l\u1edbn b\u1eadc nh\u1ea5t 206 m\u00b2, c\u00f9ng ban c\u00f4ng ri\u00eang bi\u1ec7t, ph\u00f2ng kh\u00e1ch v\u00e0 ph\u00f2ng \u0103n xa hoa, ph\u00f2ng t\u1eafm \u0111\u00e1 c\u1ea9m th\u1ea1ch v\u1edbi c\u00e1c ti\u1ec7n nghi cao c\u1ea5p. N\u00e2ng t\u1ea7m h\u00e0nh tr\u00ecnh l\u01b0u tr\u00fa v\u1edbi Fairmont Gold \u0111\u1ed9c quy\u1ec1n, mang \u0111\u1ebfn s\u1ef1 tho\u1ea3i m\u00e1i v\u00e0 ri\u00eang t\u01b0 tr\u1ecdn v\u1eb9n.","robots":{"index":"index","follow":"follow","max-snippet":"max-snippet:-1","max-image-preview":"max-image-preview:large","max-video-preview":"max-video-preview:-1"},"canonical":"https:\/\/www.fairmonthanoi.com\/vi\/accomodation\/presidential-1-bedroom-suitecity-view-with-king-balcony\/","og_locale":"vi_VN","og_type":"article","og_title":"Ph\u00f2ng T\u1ed5ng Th\u1ed1ng v\u1edbi Ban C\u00f4ng Ri\u00eang h\u01b0\u1edbng Th\u00e0nh Ph\u1ed1 | Fairmont Hanoi","og_description":"T\u1eadn h\u01b0\u1edfng Ph\u00f2ng T\u1ed5ng Th\u1ed1ng v\u1edbi di\u1ec7n t\u00edch l\u1edbn b\u1eadc nh\u1ea5t 206 m\u00b2, c\u00f9ng ban c\u00f4ng ri\u00eang bi\u1ec7t, ph\u00f2ng kh\u00e1ch v\u00e0 ph\u00f2ng \u0103n xa hoa, ph\u00f2ng t\u1eafm \u0111\u00e1 c\u1ea9m th\u1ea1ch v\u1edbi c\u00e1c ti\u1ec7n nghi cao c\u1ea5p. N\u00e2ng t\u1ea7m h\u00e0nh tr\u00ecnh l\u01b0u tr\u00fa v\u1edbi Fairmont Gold \u0111\u1ed9c quy\u1ec1n, mang \u0111\u1ebfn s\u1ef1 tho\u1ea3i m\u00e1i v\u00e0 ri\u00eang t\u01b0 tr\u1ecdn v\u1eb9n.","og_url":"https:\/\/www.fairmonthanoi.com\/vi\/accomodation\/presidential-1-bedroom-suitecity-view-with-king-balcony\/","og_site_name":"Fairmont Hanoi","article_modified_time":"2025-12-19T05:28:34+00:00","twitter_card":"summary_large_image","twitter_misc":{"Est. reading time":"1 minute"},"schema":{"@context":"https:\/\/schema.org","@graph":[{"@type":"WebPage","@id":"https:\/\/www.fairmonthanoi.com\/vi\/accomodation\/presidential-1-bedroom-suitecity-view-with-king-balcony\/","url":"https:\/\/www.fairmonthanoi.com\/vi\/accomodation\/presidential-1-bedroom-suitecity-view-with-king-balcony\/","name":"Ph\u00f2ng T\u1ed5ng Th\u1ed1ng v\u1edbi Ban C\u00f4ng Ri\u00eang h\u01b0\u1edbng Th\u00e0nh Ph\u1ed1 | Fairmont Hanoi","isPartOf":{"@id":"https:\/\/www.fairmonthanoi.com\/#website"},"datePublished":"2025-12-17T08:06:49+00:00","dateModified":"2025-12-19T05:28:34+00:00","description":"T\u1eadn h\u01b0\u1edfng Ph\u00f2ng T\u1ed5ng Th\u1ed1ng v\u1edbi di\u1ec7n t\u00edch l\u1edbn b\u1eadc nh\u1ea5t 206 m\u00b2, c\u00f9ng ban c\u00f4ng ri\u00eang bi\u1ec7t, ph\u00f2ng kh\u00e1ch v\u00e0 ph\u00f2ng \u0103n xa hoa, ph\u00f2ng t\u1eafm \u0111\u00e1 c\u1ea9m th\u1ea1ch v\u1edbi c\u00e1c ti\u1ec7n nghi cao c\u1ea5p. N\u00e2ng t\u1ea7m h\u00e0nh tr\u00ecnh l\u01b0u tr\u00fa v\u1edbi Fairmont Gold \u0111\u1ed9c quy\u1ec1n, mang \u0111\u1ebfn s\u1ef1 tho\u1ea3i m\u00e1i v\u00e0 ri\u00eang t\u01b0 tr\u1ecdn v\u1eb9n.","breadcrumb":{"@id":"https:\/\/www.fairmonthanoi.com\/vi\/accomodation\/presidential-1-bedroom-suitecity-view-with-king-balcony\/#breadcrumb"},"inLanguage":"vi-VN","potentialAction":[{"@type":"ReadAction","target":["https:\/\/www.fairmonthanoi.com\/vi\/accomodation\/presidential-1-bedroom-suitecity-view-with-king-balcony\/"]}]},{"@type":"BreadcrumbList","@id":"https:\/\/www.fairmonthanoi.com\/vi\/accomodation\/presidential-1-bedroom-suitecity-view-with-king-balcony\/#breadcrumb","itemListElement":[{"@type":"ListItem","position":1,"name":"Home","item":"https:\/\/www.fairmonthanoi.com\/vi\/"},{"@type":"ListItem","position":2,"name":"Ph\u00f2ng ngh\u1ec9 &#038; Suite","item":"https:\/\/www.fairmonthanoi.com\/vi\/rooms-suites\/"},{"@type":"ListItem","position":3,"name":"PH\u00d2NG T\u1ed4NG TH\u1ed0NG V\u1edaI BAN C\u00d4NG RI\u00caNG H\u01af\u1edaNG TH\u00c0NH PH\u1ed0"}]},{"@type":"WebSite","@id":"https:\/\/www.fairmonthanoi.com\/#website","url":"https:\/\/www.fairmonthanoi.com\/","name":"Fairmont Hanoi","description":"","potentialAction":[{"@type":"SearchAction","target":{"@type":"EntryPoint","urlTemplate":"https:\/\/www.fairmonthanoi.com\/?s={search_term_string}"},"query-input":{"@type":"PropertyValueSpecification","valueRequired":true,"valueName":"search_term_string"}}],"inLanguage":"vi-VN"}]}},"_links":{"self":[{"href":"https:\/\/www.fairmonthanoi.com\/vi\/wp-json\/wp\/v2\/pages\/156","targetHints":{"allow":["GET"]}}],"collection":[{"href":"https:\/\/www.fairmonthanoi.com\/vi\/wp-json\/wp\/v2\/pages"}],"about":[{"href":"https:\/\/www.fairmonthanoi.com\/vi\/wp-json\/wp\/v2\/types\/page"}],"author":[{"embeddable":true,"href":"https:\/\/www.fairmonthanoi.com\/vi\/wp-json\/wp\/v2\/users\/30"}],"replies":[{"embeddable":true,"href":"https:\/\/www.fairmonthanoi.com\/vi\/wp-json\/wp\/v2\/comments?post=156"}],"version-history":[{"count":0,"href":"https:\/\/www.fairmonthanoi.com\/vi\/wp-json\/wp\/v2\/pages\/156\/revisions"}],"up":[{"embeddable":true,"href":"https:\/\/www.fairmonthanoi.com\/vi\/wp-json\/wp\/v2\/pages\/22"}],"wp:attachment":[{"href":"https:\/\/www.fairmonthanoi.com\/vi\/wp-json\/wp\/v2\/media?parent=156"}],"wp:term":[{"taxonomy":"category","embeddable":true,"href":"https:\/\/www.fairmonthanoi.com\/vi\/wp-json\/wp\/v2\/categories?post=156"}],"curies":[{"name":"wp","href":"https:\/\/api.w.org\/{rel}","templated":true}]}}