{"id":160,"date":"2025-12-17T08:50:06","date_gmt":"2025-12-17T08:50:06","guid":{"rendered":"https:\/\/fairmonthanoi.accorv2prod2.decms.eu\/restaurants-bars\/bacco\/"},"modified":"2025-12-19T05:39:04","modified_gmt":"2025-12-19T05:39:04","slug":"bacco","status":"publish","type":"page","link":"https:\/\/www.fairmonthanoi.com\/vi\/restaurants-bars\/bacco\/","title":{"rendered":"BACCO"},"content":{"rendered":"<p>Bacco l\u00e0 n\u01a1i tinh th\u1ea7n \u1ea9m th\u1ef1c \u00dd ph\u00f3ng kho\u00e1ng v\u00e0 n\u1ed3ng nhi\u1ec7t \u0111\u01b0\u1ee3c s\u1ed1ng tr\u1ecdn v\u1eb9n gi\u1eefa l\u00f2ng H\u00e0 N\u1ed9i. D\u01b0\u1edbi s\u1ef1 d\u1eabn d\u1eaft c\u1ee7a b\u1ebfp tr\u01b0\u1edfng \u0111\u1ea1t sao Michelin Nicolas Isnard, Bacco t\u00e1i hi\u1ec7n \u1ea9m th\u1ef1c v\u00f9ng mi\u1ec1n n\u01b0\u1edbc \u00dd qua l\u0103ng k\u00ednh hi\u1ec7n \u0111\u1ea1i v\u00e0 tinh t\u1ebf. Pasta t\u01b0\u01a1i \u0111\u01b0\u1ee3c l\u00e0m th\u1ee7 c\u00f4ng m\u1ed7i ng\u00e0y, nh\u1eefng m\u00f3n n\u01b0\u1edbng l\u00f2 c\u1ee7i \u0111\u1eadm \u0111\u00e0 h\u01b0\u01a1ng v\u1ecb, c\u00f9ng antipasti r\u1ef1c r\u1ee1 s\u1eafc m\u00e0u \u0111\u01b0\u1ee3c ho\u00e0n thi\u1ec7n trong kh\u00f4ng gian b\u1ebfp m\u1edf gi\u00e0u c\u1ea3m h\u1ee9ng. T\u1eeb b\u1eefa tr\u01b0a thong th\u1ea3 \u0111\u1ebfn b\u1eefa t\u1ed1i ri\u00eang t\u01b0 hay nh\u1eefng d\u1ecbp sum v\u1ea7y \u0111\u00e1ng nh\u1edb, Bacco mang \u0111\u1ebfn m\u1ed9t tr\u1ea3i nghi\u1ec7m \u1ea9m th\u1ef1c tinh t\u1ebf v\u00e0 \u0111\u1ea7y c\u1ea3m x\u00fac.<\/p>\n","protected":false},"excerpt":{"rendered":"<p>Bacco l\u00e0 n\u01a1i tinh th\u1ea7n \u1ea9m th\u1ef1c \u00dd ph\u00f3ng kho\u00e1ng v\u00e0 n\u1ed3ng nhi\u1ec7t \u0111\u01b0\u1ee3c s\u1ed1ng tr\u1ecdn v\u1eb9n gi\u1eefa l\u00f2ng H\u00e0 N\u1ed9i. D\u01b0\u1edbi s\u1ef1 d\u1eabn d\u1eaft c\u1ee7a b\u1ebfp tr\u01b0\u1edfng \u0111\u1ea1t sao Michelin Nicolas Isnard, Bacco t\u00e1i hi\u1ec7n \u1ea9m th\u1ef1c v\u00f9ng mi\u1ec1n n\u01b0\u1edbc \u00dd qua l\u0103ng k\u00ednh hi\u1ec7n \u0111\u1ea1i v\u00e0 tinh t\u1ebf. Pasta t\u01b0\u01a1i \u0111\u01b0\u1ee3c l\u00e0m th\u1ee7 [&hellip;]<\/p>\n","protected":false},"author":30,"featured_media":0,"parent":57,"menu_order":1,"comment_status":"closed","ping_status":"closed","template":"template-restaurant.php","meta":{"footnotes":""},"categories":[],"class_list":["post-160","page","type-page","status-publish","hentry"],"acf":[],"yoast_head":"<!-- This site is optimized with the Yoast SEO plugin v26.9 - https:\/\/yoast.com\/product\/yoast-seo-wordpress\/ -->\n<title>Nh\u00e0 h\u00e0ng \u00dd Bacco | \u1ea8m th\u1ef1c \u00dd \u0111\u01b0\u01a1ng \u0111\u1ea1i t\u1ea1i Fairmont Hanoi<\/title>\n<meta name=\"description\" content=\"Tr\u1ea3i nghi\u1ec7m \u1ea9m th\u1ef1c \u00dd hi\u1ec7n \u0111\u1ea1i t\u1ea1i Bacco v\u1edbi ngh\u1ec7 thu\u1eadt ch\u1ebf bi\u1ebfn th\u1ee7 c\u00f4ng c\u00f9ng pasta t\u01b0\u01a1i, c\u00e1c m\u00f3n n\u01b0\u1edbng l\u00f2 c\u1ee7i c\u00f9ng h\u01b0\u01a1ng v\u1ecb tinh t\u1ebf d\u01b0\u1edbi s\u1ef1 d\u1eabn d\u1eaft c\u1ee7a \u0111\u1ea7u b\u1ebfp sao Michelin Nicolas Isnard.\" \/>\n<meta name=\"robots\" content=\"index, follow, max-snippet:-1, max-image-preview:large, max-video-preview:-1\" \/>\n<link rel=\"canonical\" href=\"https:\/\/www.fairmonthanoi.com\/vi\/restaurants-bars\/bacco\/\" \/>\n<meta property=\"og:locale\" content=\"vi_VN\" \/>\n<meta property=\"og:type\" content=\"article\" \/>\n<meta property=\"og:title\" content=\"Nh\u00e0 h\u00e0ng \u00dd Bacco | \u1ea8m th\u1ef1c \u00dd \u0111\u01b0\u01a1ng \u0111\u1ea1i t\u1ea1i Fairmont Hanoi\" \/>\n<meta property=\"og:description\" content=\"Tr\u1ea3i nghi\u1ec7m \u1ea9m th\u1ef1c \u00dd hi\u1ec7n \u0111\u1ea1i t\u1ea1i Bacco v\u1edbi ngh\u1ec7 thu\u1eadt ch\u1ebf bi\u1ebfn th\u1ee7 c\u00f4ng c\u00f9ng pasta t\u01b0\u01a1i, c\u00e1c m\u00f3n n\u01b0\u1edbng l\u00f2 c\u1ee7i c\u00f9ng h\u01b0\u01a1ng v\u1ecb tinh t\u1ebf d\u01b0\u1edbi s\u1ef1 d\u1eabn d\u1eaft c\u1ee7a \u0111\u1ea7u b\u1ebfp sao Michelin Nicolas Isnard.\" \/>\n<meta property=\"og:url\" content=\"https:\/\/www.fairmonthanoi.com\/vi\/restaurants-bars\/bacco\/\" \/>\n<meta property=\"og:site_name\" content=\"Fairmont Hanoi\" \/>\n<meta property=\"article:modified_time\" content=\"2025-12-19T05:39:04+00:00\" \/>\n<meta name=\"twitter:card\" content=\"summary_large_image\" \/>\n<meta name=\"twitter:label1\" content=\"Est. reading time\" \/>\n\t<meta name=\"twitter:data1\" content=\"1 minute\" \/>\n<script type=\"application\/ld+json\" class=\"yoast-schema-graph\">{\"@context\":\"https:\/\/schema.org\",\"@graph\":[{\"@type\":\"WebPage\",\"@id\":\"https:\/\/www.fairmonthanoi.com\/vi\/restaurants-bars\/bacco\/\",\"url\":\"https:\/\/www.fairmonthanoi.com\/vi\/restaurants-bars\/bacco\/\",\"name\":\"Nh\u00e0 h\u00e0ng \u00dd Bacco | \u1ea8m th\u1ef1c \u00dd \u0111\u01b0\u01a1ng \u0111\u1ea1i t\u1ea1i Fairmont Hanoi\",\"isPartOf\":{\"@id\":\"https:\/\/www.fairmonthanoi.com\/#website\"},\"datePublished\":\"2025-12-17T08:50:06+00:00\",\"dateModified\":\"2025-12-19T05:39:04+00:00\",\"description\":\"Tr\u1ea3i nghi\u1ec7m \u1ea9m th\u1ef1c \u00dd hi\u1ec7n \u0111\u1ea1i t\u1ea1i Bacco v\u1edbi ngh\u1ec7 thu\u1eadt ch\u1ebf bi\u1ebfn th\u1ee7 c\u00f4ng c\u00f9ng pasta t\u01b0\u01a1i, c\u00e1c m\u00f3n n\u01b0\u1edbng l\u00f2 c\u1ee7i c\u00f9ng h\u01b0\u01a1ng v\u1ecb tinh t\u1ebf d\u01b0\u1edbi s\u1ef1 d\u1eabn d\u1eaft c\u1ee7a \u0111\u1ea7u b\u1ebfp sao Michelin Nicolas Isnard.\",\"breadcrumb\":{\"@id\":\"https:\/\/www.fairmonthanoi.com\/vi\/restaurants-bars\/bacco\/#breadcrumb\"},\"inLanguage\":\"vi-VN\",\"potentialAction\":[{\"@type\":\"ReadAction\",\"target\":[\"https:\/\/www.fairmonthanoi.com\/vi\/restaurants-bars\/bacco\/\"]}]},{\"@type\":\"BreadcrumbList\",\"@id\":\"https:\/\/www.fairmonthanoi.com\/vi\/restaurants-bars\/bacco\/#breadcrumb\",\"itemListElement\":[{\"@type\":\"ListItem\",\"position\":1,\"name\":\"Home\",\"item\":\"https:\/\/www.fairmonthanoi.com\/vi\/\"},{\"@type\":\"ListItem\",\"position\":2,\"name\":\"NH\u00c0 H\u00c0NG &#038; BAR\",\"item\":\"https:\/\/www.fairmonthanoi.com\/vi\/restaurants-bars\/\"},{\"@type\":\"ListItem\",\"position\":3,\"name\":\"BACCO\"}]},{\"@type\":\"WebSite\",\"@id\":\"https:\/\/www.fairmonthanoi.com\/#website\",\"url\":\"https:\/\/www.fairmonthanoi.com\/\",\"name\":\"Fairmont Hanoi\",\"description\":\"\",\"potentialAction\":[{\"@type\":\"SearchAction\",\"target\":{\"@type\":\"EntryPoint\",\"urlTemplate\":\"https:\/\/www.fairmonthanoi.com\/?s={search_term_string}\"},\"query-input\":{\"@type\":\"PropertyValueSpecification\",\"valueRequired\":true,\"valueName\":\"search_term_string\"}}],\"inLanguage\":\"vi-VN\"}]}<\/script>\n<!-- \/ Yoast SEO plugin. -->","yoast_head_json":{"title":"Nh\u00e0 h\u00e0ng \u00dd Bacco | \u1ea8m th\u1ef1c \u00dd \u0111\u01b0\u01a1ng \u0111\u1ea1i t\u1ea1i Fairmont Hanoi","description":"Tr\u1ea3i nghi\u1ec7m \u1ea9m th\u1ef1c \u00dd hi\u1ec7n \u0111\u1ea1i t\u1ea1i Bacco v\u1edbi ngh\u1ec7 thu\u1eadt ch\u1ebf bi\u1ebfn th\u1ee7 c\u00f4ng c\u00f9ng pasta t\u01b0\u01a1i, c\u00e1c m\u00f3n n\u01b0\u1edbng l\u00f2 c\u1ee7i c\u00f9ng h\u01b0\u01a1ng v\u1ecb tinh t\u1ebf d\u01b0\u1edbi s\u1ef1 d\u1eabn d\u1eaft c\u1ee7a \u0111\u1ea7u b\u1ebfp sao Michelin Nicolas Isnard.","robots":{"index":"index","follow":"follow","max-snippet":"max-snippet:-1","max-image-preview":"max-image-preview:large","max-video-preview":"max-video-preview:-1"},"canonical":"https:\/\/www.fairmonthanoi.com\/vi\/restaurants-bars\/bacco\/","og_locale":"vi_VN","og_type":"article","og_title":"Nh\u00e0 h\u00e0ng \u00dd Bacco | \u1ea8m th\u1ef1c \u00dd \u0111\u01b0\u01a1ng \u0111\u1ea1i t\u1ea1i Fairmont Hanoi","og_description":"Tr\u1ea3i nghi\u1ec7m \u1ea9m th\u1ef1c \u00dd hi\u1ec7n \u0111\u1ea1i t\u1ea1i Bacco v\u1edbi ngh\u1ec7 thu\u1eadt ch\u1ebf bi\u1ebfn th\u1ee7 c\u00f4ng c\u00f9ng pasta t\u01b0\u01a1i, c\u00e1c m\u00f3n n\u01b0\u1edbng l\u00f2 c\u1ee7i c\u00f9ng h\u01b0\u01a1ng v\u1ecb tinh t\u1ebf d\u01b0\u1edbi s\u1ef1 d\u1eabn d\u1eaft c\u1ee7a \u0111\u1ea7u b\u1ebfp sao Michelin Nicolas Isnard.","og_url":"https:\/\/www.fairmonthanoi.com\/vi\/restaurants-bars\/bacco\/","og_site_name":"Fairmont Hanoi","article_modified_time":"2025-12-19T05:39:04+00:00","twitter_card":"summary_large_image","twitter_misc":{"Est. reading time":"1 minute"},"schema":{"@context":"https:\/\/schema.org","@graph":[{"@type":"WebPage","@id":"https:\/\/www.fairmonthanoi.com\/vi\/restaurants-bars\/bacco\/","url":"https:\/\/www.fairmonthanoi.com\/vi\/restaurants-bars\/bacco\/","name":"Nh\u00e0 h\u00e0ng \u00dd Bacco | \u1ea8m th\u1ef1c \u00dd \u0111\u01b0\u01a1ng \u0111\u1ea1i t\u1ea1i Fairmont Hanoi","isPartOf":{"@id":"https:\/\/www.fairmonthanoi.com\/#website"},"datePublished":"2025-12-17T08:50:06+00:00","dateModified":"2025-12-19T05:39:04+00:00","description":"Tr\u1ea3i nghi\u1ec7m \u1ea9m th\u1ef1c \u00dd hi\u1ec7n \u0111\u1ea1i t\u1ea1i Bacco v\u1edbi ngh\u1ec7 thu\u1eadt ch\u1ebf bi\u1ebfn th\u1ee7 c\u00f4ng c\u00f9ng pasta t\u01b0\u01a1i, c\u00e1c m\u00f3n n\u01b0\u1edbng l\u00f2 c\u1ee7i c\u00f9ng h\u01b0\u01a1ng v\u1ecb tinh t\u1ebf d\u01b0\u1edbi s\u1ef1 d\u1eabn d\u1eaft c\u1ee7a \u0111\u1ea7u b\u1ebfp sao Michelin Nicolas Isnard.","breadcrumb":{"@id":"https:\/\/www.fairmonthanoi.com\/vi\/restaurants-bars\/bacco\/#breadcrumb"},"inLanguage":"vi-VN","potentialAction":[{"@type":"ReadAction","target":["https:\/\/www.fairmonthanoi.com\/vi\/restaurants-bars\/bacco\/"]}]},{"@type":"BreadcrumbList","@id":"https:\/\/www.fairmonthanoi.com\/vi\/restaurants-bars\/bacco\/#breadcrumb","itemListElement":[{"@type":"ListItem","position":1,"name":"Home","item":"https:\/\/www.fairmonthanoi.com\/vi\/"},{"@type":"ListItem","position":2,"name":"NH\u00c0 H\u00c0NG &#038; BAR","item":"https:\/\/www.fairmonthanoi.com\/vi\/restaurants-bars\/"},{"@type":"ListItem","position":3,"name":"BACCO"}]},{"@type":"WebSite","@id":"https:\/\/www.fairmonthanoi.com\/#website","url":"https:\/\/www.fairmonthanoi.com\/","name":"Fairmont Hanoi","description":"","potentialAction":[{"@type":"SearchAction","target":{"@type":"EntryPoint","urlTemplate":"https:\/\/www.fairmonthanoi.com\/?s={search_term_string}"},"query-input":{"@type":"PropertyValueSpecification","valueRequired":true,"valueName":"search_term_string"}}],"inLanguage":"vi-VN"}]}},"_links":{"self":[{"href":"https:\/\/www.fairmonthanoi.com\/vi\/wp-json\/wp\/v2\/pages\/160","targetHints":{"allow":["GET"]}}],"collection":[{"href":"https:\/\/www.fairmonthanoi.com\/vi\/wp-json\/wp\/v2\/pages"}],"about":[{"href":"https:\/\/www.fairmonthanoi.com\/vi\/wp-json\/wp\/v2\/types\/page"}],"author":[{"embeddable":true,"href":"https:\/\/www.fairmonthanoi.com\/vi\/wp-json\/wp\/v2\/users\/30"}],"replies":[{"embeddable":true,"href":"https:\/\/www.fairmonthanoi.com\/vi\/wp-json\/wp\/v2\/comments?post=160"}],"version-history":[{"count":0,"href":"https:\/\/www.fairmonthanoi.com\/vi\/wp-json\/wp\/v2\/pages\/160\/revisions"}],"up":[{"embeddable":true,"href":"https:\/\/www.fairmonthanoi.com\/vi\/wp-json\/wp\/v2\/pages\/57"}],"wp:attachment":[{"href":"https:\/\/www.fairmonthanoi.com\/vi\/wp-json\/wp\/v2\/media?parent=160"}],"wp:term":[{"taxonomy":"category","embeddable":true,"href":"https:\/\/www.fairmonthanoi.com\/vi\/wp-json\/wp\/v2\/categories?post=160"}],"curies":[{"name":"wp","href":"https:\/\/api.w.org\/{rel}","templated":true}]}}