{"id":162,"date":"2025-12-18T06:30:10","date_gmt":"2025-12-18T06:30:10","guid":{"rendered":"https:\/\/fairmonthanoi.accorv2prod2.decms.eu\/restaurants-bars\/tran-dynasty\/"},"modified":"2026-04-06T01:39:16","modified_gmt":"2026-04-06T01:39:16","slug":"tran-dynasty","status":"publish","type":"page","link":"https:\/\/www.fairmonthanoi.com\/vi\/restaurants-bars\/tran-dynasty\/","title":{"rendered":"Tran Dynasty"},"content":{"rendered":"<p style=\"text-align: center\">Tr\u1ea7n Dynasty(Khai tr\u01b0\u01a1ng ng\u00e0y 1 th\u00e1ng 5 n\u0103m 2026) l\u00e0 n\u01a1i \u1ea9m th\u1ef1c Vi\u1ec7t \u0111\u01b0\u1ee3c t\u00e1i hi\u1ec7n qua g\u00f3c nh\u00ecn \u0111\u01b0\u01a1ng \u0111\u1ea1i \u0111\u1ea7y c\u1ea3m h\u1ee9ng c\u1ee7a \u0111\u1ea7u b\u1ebfp h\u1ea1ng sao Luke Nguy\u1ec5n. T\u1eeb k\u00fd \u1ee9c c\u1ed9i ngu\u1ed3n, tinh hoa b\u1ea3n \u0111\u1ecba v\u00e0 nh\u1ecbp s\u1ed1ng H\u00e0 Th\u00e0nh, m\u1ed7i m\u00f3n \u0103n \u0111\u01b0\u1ee3c ch\u1eaft l\u1ecdc v\u00e0 ho\u00e0n thi\u1ec7n b\u1eb1ng k\u1ef9 thu\u1eadt tinh x\u1ea3o, t\u1ea1o n\u00ean nh\u1eefng bi\u1ebfn t\u1ea5u m\u1edbi m\u1ebb nh\u01b0ng v\u1eabn gi\u1eef tr\u1ecdn tinh th\u1ea7n truy\u1ec1n th\u1ed1ng. T\u1eeb v\u1ecb n\u01b0\u1edbc d\u00f9ng thanh nh\u1eb9 \u0111\u1ebfn h\u01b0\u01a1ng kh\u00f3i than h\u1ed3ng n\u1ed3ng \u1ea5m, tr\u1ea3i nghi\u1ec7m t\u1ea1i Tr\u1ea7n Dynasty g\u1ee3i n\u00ean c\u1ea3m gi\u00e1c v\u1eeba th\u00e2n thu\u1ed9c v\u1eeba b\u1ea5t ng\u1edd. Kh\u00f4ng gian m\u1edf c\u00f9ng s\u00e2n hi\u00ean tho\u00e1ng \u0111\u00e3ng d\u1eabn l\u1ed1i l\u00ean bar t\u1ea7ng th\u01b0\u1ee3ng, n\u01a1i nh\u1eefng s\u00e1ng t\u1ea1o cocktail ti\u1ebfp n\u1ed1i h\u00e0nh tr\u00ecnh \u1ea9m th\u1ef1c m\u1ed9t c\u00e1ch tr\u1ecdn v\u1eb9n v\u00e0 \u0111\u1ea7y c\u1ea3m h\u1ee9ng.<\/p>\n","protected":false},"excerpt":{"rendered":"<p>Tr\u1ea7n Dynasty(Khai tr\u01b0\u01a1ng ng\u00e0y 1 th\u00e1ng 5 n\u0103m 2026) l\u00e0 n\u01a1i \u1ea9m th\u1ef1c Vi\u1ec7t \u0111\u01b0\u1ee3c t\u00e1i hi\u1ec7n qua g\u00f3c nh\u00ecn \u0111\u01b0\u01a1ng \u0111\u1ea1i \u0111\u1ea7y c\u1ea3m h\u1ee9ng c\u1ee7a \u0111\u1ea7u b\u1ebfp h\u1ea1ng sao Luke Nguy\u1ec5n. T\u1eeb k\u00fd \u1ee9c c\u1ed9i ngu\u1ed3n, tinh hoa b\u1ea3n \u0111\u1ecba v\u00e0 nh\u1ecbp s\u1ed1ng H\u00e0 Th\u00e0nh, m\u1ed7i m\u00f3n \u0103n \u0111\u01b0\u1ee3c ch\u1eaft l\u1ecdc v\u00e0 ho\u00e0n thi\u1ec7n [&hellip;]<\/p>\n","protected":false},"author":30,"featured_media":0,"parent":57,"menu_order":3,"comment_status":"closed","ping_status":"closed","template":"template-restaurant.php","meta":{"footnotes":""},"categories":[],"class_list":["post-162","page","type-page","status-publish","hentry"],"acf":[],"yoast_head":"<!-- This site is optimized with the Yoast SEO plugin v26.9 - https:\/\/yoast.com\/product\/yoast-seo-wordpress\/ -->\n<title>Nh\u00e0 h\u00e0ng Vi\u1ec7t Nam Cao C\u1ea5p Tr\u1ea7n Dynasty | Fairmont Hanoi<\/title>\n<meta name=\"description\" content=\"Tr\u1ea3i nghi\u1ec7m \u1ea9m th\u1ef1c Vi\u1ec7t hi\u1ec7n \u0111\u1ea1i t\u1ea1i Tr\u1ea7n Dynasty c\u00f9ng b\u1ebfp tr\u01b0\u1edfng Luke Nguy\u1ec5n, n\u01a1i h\u01b0\u01a1ng v\u1ecb truy\u1ec1n th\u1ed1ng \u0111\u01b0\u1ee3c bi\u1ebfn t\u1ea5u tinh t\u1ebf gi\u1eefa l\u00f2ng H\u00e0 N\u1ed9i.\" \/>\n<meta name=\"robots\" content=\"index, follow, max-snippet:-1, max-image-preview:large, max-video-preview:-1\" \/>\n<link rel=\"canonical\" href=\"https:\/\/www.fairmonthanoi.com\/vi\/restaurants-bars\/tran-dynasty\/\" \/>\n<meta property=\"og:locale\" content=\"vi_VN\" \/>\n<meta property=\"og:type\" content=\"article\" \/>\n<meta property=\"og:title\" content=\"Nh\u00e0 h\u00e0ng Vi\u1ec7t Nam Cao C\u1ea5p Tr\u1ea7n Dynasty | Fairmont Hanoi\" \/>\n<meta property=\"og:description\" content=\"Tr\u1ea3i nghi\u1ec7m \u1ea9m th\u1ef1c Vi\u1ec7t hi\u1ec7n \u0111\u1ea1i t\u1ea1i Tr\u1ea7n Dynasty c\u00f9ng b\u1ebfp tr\u01b0\u1edfng Luke Nguy\u1ec5n, n\u01a1i h\u01b0\u01a1ng v\u1ecb truy\u1ec1n th\u1ed1ng \u0111\u01b0\u1ee3c bi\u1ebfn t\u1ea5u tinh t\u1ebf gi\u1eefa l\u00f2ng H\u00e0 N\u1ed9i.\" \/>\n<meta property=\"og:url\" content=\"https:\/\/www.fairmonthanoi.com\/vi\/restaurants-bars\/tran-dynasty\/\" \/>\n<meta property=\"og:site_name\" content=\"Fairmont Hanoi\" \/>\n<meta property=\"article:modified_time\" content=\"2026-04-06T01:39:16+00:00\" \/>\n<meta name=\"twitter:card\" content=\"summary_large_image\" \/>\n<meta name=\"twitter:label1\" content=\"Est. reading time\" \/>\n\t<meta name=\"twitter:data1\" content=\"1 minute\" \/>\n<script type=\"application\/ld+json\" class=\"yoast-schema-graph\">{\"@context\":\"https:\/\/schema.org\",\"@graph\":[{\"@type\":\"WebPage\",\"@id\":\"https:\/\/www.fairmonthanoi.com\/vi\/restaurants-bars\/tran-dynasty\/\",\"url\":\"https:\/\/www.fairmonthanoi.com\/vi\/restaurants-bars\/tran-dynasty\/\",\"name\":\"Nh\u00e0 h\u00e0ng Vi\u1ec7t Nam Cao C\u1ea5p Tr\u1ea7n Dynasty | Fairmont Hanoi\",\"isPartOf\":{\"@id\":\"https:\/\/www.fairmonthanoi.com\/#website\"},\"datePublished\":\"2025-12-18T06:30:10+00:00\",\"dateModified\":\"2026-04-06T01:39:16+00:00\",\"description\":\"Tr\u1ea3i nghi\u1ec7m \u1ea9m th\u1ef1c Vi\u1ec7t hi\u1ec7n \u0111\u1ea1i t\u1ea1i Tr\u1ea7n Dynasty c\u00f9ng b\u1ebfp tr\u01b0\u1edfng Luke Nguy\u1ec5n, n\u01a1i h\u01b0\u01a1ng v\u1ecb truy\u1ec1n th\u1ed1ng \u0111\u01b0\u1ee3c bi\u1ebfn t\u1ea5u tinh t\u1ebf gi\u1eefa l\u00f2ng H\u00e0 N\u1ed9i.\",\"breadcrumb\":{\"@id\":\"https:\/\/www.fairmonthanoi.com\/vi\/restaurants-bars\/tran-dynasty\/#breadcrumb\"},\"inLanguage\":\"vi-VN\",\"potentialAction\":[{\"@type\":\"ReadAction\",\"target\":[\"https:\/\/www.fairmonthanoi.com\/vi\/restaurants-bars\/tran-dynasty\/\"]}]},{\"@type\":\"BreadcrumbList\",\"@id\":\"https:\/\/www.fairmonthanoi.com\/vi\/restaurants-bars\/tran-dynasty\/#breadcrumb\",\"itemListElement\":[{\"@type\":\"ListItem\",\"position\":1,\"name\":\"Home\",\"item\":\"https:\/\/www.fairmonthanoi.com\/vi\/\"},{\"@type\":\"ListItem\",\"position\":2,\"name\":\"NH\u00c0 H\u00c0NG &#038; BAR\",\"item\":\"https:\/\/www.fairmonthanoi.com\/vi\/restaurants-bars\/\"},{\"@type\":\"ListItem\",\"position\":3,\"name\":\"Tran Dynasty\"}]},{\"@type\":\"WebSite\",\"@id\":\"https:\/\/www.fairmonthanoi.com\/#website\",\"url\":\"https:\/\/www.fairmonthanoi.com\/\",\"name\":\"Fairmont Hanoi\",\"description\":\"\",\"potentialAction\":[{\"@type\":\"SearchAction\",\"target\":{\"@type\":\"EntryPoint\",\"urlTemplate\":\"https:\/\/www.fairmonthanoi.com\/?s={search_term_string}\"},\"query-input\":{\"@type\":\"PropertyValueSpecification\",\"valueRequired\":true,\"valueName\":\"search_term_string\"}}],\"inLanguage\":\"vi-VN\"}]}<\/script>\n<!-- \/ Yoast SEO plugin. -->","yoast_head_json":{"title":"Nh\u00e0 h\u00e0ng Vi\u1ec7t Nam Cao C\u1ea5p Tr\u1ea7n Dynasty | Fairmont Hanoi","description":"Tr\u1ea3i nghi\u1ec7m \u1ea9m th\u1ef1c Vi\u1ec7t hi\u1ec7n \u0111\u1ea1i t\u1ea1i Tr\u1ea7n Dynasty c\u00f9ng b\u1ebfp tr\u01b0\u1edfng Luke Nguy\u1ec5n, n\u01a1i h\u01b0\u01a1ng v\u1ecb truy\u1ec1n th\u1ed1ng \u0111\u01b0\u1ee3c bi\u1ebfn t\u1ea5u tinh t\u1ebf gi\u1eefa l\u00f2ng H\u00e0 N\u1ed9i.","robots":{"index":"index","follow":"follow","max-snippet":"max-snippet:-1","max-image-preview":"max-image-preview:large","max-video-preview":"max-video-preview:-1"},"canonical":"https:\/\/www.fairmonthanoi.com\/vi\/restaurants-bars\/tran-dynasty\/","og_locale":"vi_VN","og_type":"article","og_title":"Nh\u00e0 h\u00e0ng Vi\u1ec7t Nam Cao C\u1ea5p Tr\u1ea7n Dynasty | Fairmont Hanoi","og_description":"Tr\u1ea3i nghi\u1ec7m \u1ea9m th\u1ef1c Vi\u1ec7t hi\u1ec7n \u0111\u1ea1i t\u1ea1i Tr\u1ea7n Dynasty c\u00f9ng b\u1ebfp tr\u01b0\u1edfng Luke Nguy\u1ec5n, n\u01a1i h\u01b0\u01a1ng v\u1ecb truy\u1ec1n th\u1ed1ng \u0111\u01b0\u1ee3c bi\u1ebfn t\u1ea5u tinh t\u1ebf gi\u1eefa l\u00f2ng H\u00e0 N\u1ed9i.","og_url":"https:\/\/www.fairmonthanoi.com\/vi\/restaurants-bars\/tran-dynasty\/","og_site_name":"Fairmont Hanoi","article_modified_time":"2026-04-06T01:39:16+00:00","twitter_card":"summary_large_image","twitter_misc":{"Est. reading time":"1 minute"},"schema":{"@context":"https:\/\/schema.org","@graph":[{"@type":"WebPage","@id":"https:\/\/www.fairmonthanoi.com\/vi\/restaurants-bars\/tran-dynasty\/","url":"https:\/\/www.fairmonthanoi.com\/vi\/restaurants-bars\/tran-dynasty\/","name":"Nh\u00e0 h\u00e0ng Vi\u1ec7t Nam Cao C\u1ea5p Tr\u1ea7n Dynasty | Fairmont Hanoi","isPartOf":{"@id":"https:\/\/www.fairmonthanoi.com\/#website"},"datePublished":"2025-12-18T06:30:10+00:00","dateModified":"2026-04-06T01:39:16+00:00","description":"Tr\u1ea3i nghi\u1ec7m \u1ea9m th\u1ef1c Vi\u1ec7t hi\u1ec7n \u0111\u1ea1i t\u1ea1i Tr\u1ea7n Dynasty c\u00f9ng b\u1ebfp tr\u01b0\u1edfng Luke Nguy\u1ec5n, n\u01a1i h\u01b0\u01a1ng v\u1ecb truy\u1ec1n th\u1ed1ng \u0111\u01b0\u1ee3c bi\u1ebfn t\u1ea5u tinh t\u1ebf gi\u1eefa l\u00f2ng H\u00e0 N\u1ed9i.","breadcrumb":{"@id":"https:\/\/www.fairmonthanoi.com\/vi\/restaurants-bars\/tran-dynasty\/#breadcrumb"},"inLanguage":"vi-VN","potentialAction":[{"@type":"ReadAction","target":["https:\/\/www.fairmonthanoi.com\/vi\/restaurants-bars\/tran-dynasty\/"]}]},{"@type":"BreadcrumbList","@id":"https:\/\/www.fairmonthanoi.com\/vi\/restaurants-bars\/tran-dynasty\/#breadcrumb","itemListElement":[{"@type":"ListItem","position":1,"name":"Home","item":"https:\/\/www.fairmonthanoi.com\/vi\/"},{"@type":"ListItem","position":2,"name":"NH\u00c0 H\u00c0NG &#038; BAR","item":"https:\/\/www.fairmonthanoi.com\/vi\/restaurants-bars\/"},{"@type":"ListItem","position":3,"name":"Tran Dynasty"}]},{"@type":"WebSite","@id":"https:\/\/www.fairmonthanoi.com\/#website","url":"https:\/\/www.fairmonthanoi.com\/","name":"Fairmont Hanoi","description":"","potentialAction":[{"@type":"SearchAction","target":{"@type":"EntryPoint","urlTemplate":"https:\/\/www.fairmonthanoi.com\/?s={search_term_string}"},"query-input":{"@type":"PropertyValueSpecification","valueRequired":true,"valueName":"search_term_string"}}],"inLanguage":"vi-VN"}]}},"_links":{"self":[{"href":"https:\/\/www.fairmonthanoi.com\/vi\/wp-json\/wp\/v2\/pages\/162","targetHints":{"allow":["GET"]}}],"collection":[{"href":"https:\/\/www.fairmonthanoi.com\/vi\/wp-json\/wp\/v2\/pages"}],"about":[{"href":"https:\/\/www.fairmonthanoi.com\/vi\/wp-json\/wp\/v2\/types\/page"}],"author":[{"embeddable":true,"href":"https:\/\/www.fairmonthanoi.com\/vi\/wp-json\/wp\/v2\/users\/30"}],"replies":[{"embeddable":true,"href":"https:\/\/www.fairmonthanoi.com\/vi\/wp-json\/wp\/v2\/comments?post=162"}],"version-history":[{"count":0,"href":"https:\/\/www.fairmonthanoi.com\/vi\/wp-json\/wp\/v2\/pages\/162\/revisions"}],"up":[{"embeddable":true,"href":"https:\/\/www.fairmonthanoi.com\/vi\/wp-json\/wp\/v2\/pages\/57"}],"wp:attachment":[{"href":"https:\/\/www.fairmonthanoi.com\/vi\/wp-json\/wp\/v2\/media?parent=162"}],"wp:term":[{"taxonomy":"category","embeddable":true,"href":"https:\/\/www.fairmonthanoi.com\/vi\/wp-json\/wp\/v2\/categories?post=162"}],"curies":[{"name":"wp","href":"https:\/\/api.w.org\/{rel}","templated":true}]}}