{"id":163,"date":"2025-12-18T06:37:57","date_gmt":"2025-12-18T06:37:57","guid":{"rendered":"https:\/\/fairmonthanoi.accorv2prod2.decms.eu\/restaurants-bars\/hiryu\/"},"modified":"2025-12-19T05:53:12","modified_gmt":"2025-12-19T05:53:12","slug":"hiryu","status":"publish","type":"page","link":"https:\/\/www.fairmonthanoi.com\/vi\/restaurants-bars\/hiryu\/","title":{"rendered":"HIRYU"},"content":{"rendered":"<p>T\u1ea1i Hiryu, \u1ea9m th\u1ef1c Nh\u1eadt B\u1ea3n \u0111\u01b0\u1ee3c n\u00e2ng t\u1ea7m th\u00f4ng qua ngh\u1ec7 thu\u1eadt ch\u1ebf t\u00e1c, \u0111\u1ed9 ch\u00ednh x\u00e1c tuy\u1ec7t \u0111\u1ed1i v\u00e0 ng\u1ecdn l\u1eeda \u0111\u1ea7y c\u1ea3m h\u1ee9ng. L\u1ea5y qu\u1ea7y teppanyaki \u1ea5m c\u00fang l\u00e0m trung t\u00e2m, tr\u1ea3i nghi\u1ec7m \u0111\u01b0a Qu\u00fd kh\u00e1ch \u0111\u1ebfn g\u1ea7n s\u00e2n kh\u1ea5u \u1ea9m th\u1ef1c, n\u01a1i nguy\u00ean li\u1ec7u th\u01b0\u1ee3ng h\u1ea1ng, h\u01b0\u01a1ng v\u1ecb tinh t\u1ebf v\u00e0 k\u1ef9 thu\u1eadt \u0111i\u00eau luy\u1ec7n \u0111\u01b0\u1ee3c tr\u00ecnh di\u1ec5n s\u1ed1ng \u0111\u1ed9ng theo t\u1eebng kho\u1ea3nh kh\u1eafc.<\/p>\n<p>T\u1eeb wagyu \u00e1p ch\u1ea3o ho\u00e0n h\u1ea3o \u0111\u1ebfn nh\u1eefng m\u00f3n theo m\u00f9a \u0111\u01b0\u1ee3c tr\u00ecnh b\u00e0y thanh nh\u00e3, m\u1ed7i \u0111\u0129a \u0103n l\u00e0 s\u1ef1 c\u00e2n b\u1eb1ng h\u00e0i h\u00f2a h\u01b0\u01a1ng v\u1ecb nguy\u00ean b\u1ea3n v\u00e0 k\u1ef9 thu\u1eadt tinh luy\u1ec7n. K\u1ebft h\u1ee3p c\u00f9ng sake tuy\u1ec3n ch\u1ecdn v\u00e0 cocktail mang c\u1ea3m h\u1ee9ng Nh\u1eadt B\u1ea3n, Hiryu m\u1edf ra h\u00e0nh tr\u00ecnh \u1ea9m th\u1ef1c c\u00e2n b\u1eb1ng gi\u1eefa c\u1ea3m h\u1ee9ng m\u00e3nh li\u1ec7t v\u00e0 s\u1ef1 t\u0129nh t\u1ea1i an y\u00ean, n\u01a1i l\u1eeda d\u1eabn l\u1ed1i v\u00e0 v\u1ecb gi\u00e1c th\u0103ng hoa.<\/p>\n","protected":false},"excerpt":{"rendered":"<p>T\u1ea1i Hiryu, \u1ea9m th\u1ef1c Nh\u1eadt B\u1ea3n \u0111\u01b0\u1ee3c n\u00e2ng t\u1ea7m th\u00f4ng qua ngh\u1ec7 thu\u1eadt ch\u1ebf t\u00e1c, \u0111\u1ed9 ch\u00ednh x\u00e1c tuy\u1ec7t \u0111\u1ed1i v\u00e0 ng\u1ecdn l\u1eeda \u0111\u1ea7y c\u1ea3m h\u1ee9ng. L\u1ea5y qu\u1ea7y teppanyaki \u1ea5m c\u00fang l\u00e0m trung t\u00e2m, tr\u1ea3i nghi\u1ec7m \u0111\u01b0a Qu\u00fd kh\u00e1ch \u0111\u1ebfn g\u1ea7n s\u00e2n kh\u1ea5u \u1ea9m th\u1ef1c, n\u01a1i nguy\u00ean li\u1ec7u th\u01b0\u1ee3ng h\u1ea1ng, h\u01b0\u01a1ng v\u1ecb tinh t\u1ebf v\u00e0 [&hellip;]<\/p>\n","protected":false},"author":30,"featured_media":0,"parent":57,"menu_order":2,"comment_status":"closed","ping_status":"closed","template":"template-restaurant.php","meta":{"footnotes":""},"categories":[],"class_list":["post-163","page","type-page","status-publish","hentry"],"acf":[],"yoast_head":"<!-- This site is optimized with the Yoast SEO plugin v26.9 - https:\/\/yoast.com\/product\/yoast-seo-wordpress\/ -->\n<title>Nh\u00e0 h\u00e0ng Nh\u1eadt B\u1ea3n Hiryu | Tr\u1ea3i nghi\u1ec7m Teppanyaki t\u1ea1i Fairmont Hanoi<\/title>\n<meta name=\"description\" content=\"Kh\u00e1m ph\u00e1 \u1ea9m th\u1ef1c Nh\u1eadt B\u1ea3n tinh t\u1ebf t\u1ea1i Hiryu, n\u01a1i ngh\u1ec7 thu\u1eadt teppanyaki, nguy\u00ean li\u1ec7u th\u01b0\u1ee3ng h\u1ea1ng v\u00e0 nh\u1eefng k\u1ebft h\u1ee3p sake \u0111\u01b0\u1ee3c tuy\u1ec3n ch\u1ecdn h\u00f2a quy\u1ec7n trong kh\u00f4ng gian \u1ea5m c\u00fang v\u00e0 ri\u00eang t\u01b0.\" \/>\n<meta name=\"robots\" content=\"index, follow, max-snippet:-1, max-image-preview:large, max-video-preview:-1\" \/>\n<link rel=\"canonical\" href=\"https:\/\/www.fairmonthanoi.com\/vi\/restaurants-bars\/hiryu\/\" \/>\n<meta property=\"og:locale\" content=\"vi_VN\" \/>\n<meta property=\"og:type\" content=\"article\" \/>\n<meta property=\"og:title\" content=\"Nh\u00e0 h\u00e0ng Nh\u1eadt B\u1ea3n Hiryu | Tr\u1ea3i nghi\u1ec7m Teppanyaki t\u1ea1i Fairmont Hanoi\" \/>\n<meta property=\"og:description\" content=\"Kh\u00e1m ph\u00e1 \u1ea9m th\u1ef1c Nh\u1eadt B\u1ea3n tinh t\u1ebf t\u1ea1i Hiryu, n\u01a1i ngh\u1ec7 thu\u1eadt teppanyaki, nguy\u00ean li\u1ec7u th\u01b0\u1ee3ng h\u1ea1ng v\u00e0 nh\u1eefng k\u1ebft h\u1ee3p sake \u0111\u01b0\u1ee3c tuy\u1ec3n ch\u1ecdn h\u00f2a quy\u1ec7n trong kh\u00f4ng gian \u1ea5m c\u00fang v\u00e0 ri\u00eang t\u01b0.\" \/>\n<meta property=\"og:url\" content=\"https:\/\/www.fairmonthanoi.com\/vi\/restaurants-bars\/hiryu\/\" \/>\n<meta property=\"og:site_name\" content=\"Fairmont Hanoi\" \/>\n<meta property=\"article:modified_time\" content=\"2025-12-19T05:53:12+00:00\" \/>\n<meta name=\"twitter:card\" content=\"summary_large_image\" \/>\n<meta name=\"twitter:label1\" content=\"Est. reading time\" \/>\n\t<meta name=\"twitter:data1\" content=\"1 minute\" \/>\n<script type=\"application\/ld+json\" class=\"yoast-schema-graph\">{\"@context\":\"https:\/\/schema.org\",\"@graph\":[{\"@type\":\"WebPage\",\"@id\":\"https:\/\/www.fairmonthanoi.com\/vi\/restaurants-bars\/hiryu\/\",\"url\":\"https:\/\/www.fairmonthanoi.com\/vi\/restaurants-bars\/hiryu\/\",\"name\":\"Nh\u00e0 h\u00e0ng Nh\u1eadt B\u1ea3n Hiryu | Tr\u1ea3i nghi\u1ec7m Teppanyaki t\u1ea1i Fairmont Hanoi\",\"isPartOf\":{\"@id\":\"https:\/\/www.fairmonthanoi.com\/#website\"},\"datePublished\":\"2025-12-18T06:37:57+00:00\",\"dateModified\":\"2025-12-19T05:53:12+00:00\",\"description\":\"Kh\u00e1m ph\u00e1 \u1ea9m th\u1ef1c Nh\u1eadt B\u1ea3n tinh t\u1ebf t\u1ea1i Hiryu, n\u01a1i ngh\u1ec7 thu\u1eadt teppanyaki, nguy\u00ean li\u1ec7u th\u01b0\u1ee3ng h\u1ea1ng v\u00e0 nh\u1eefng k\u1ebft h\u1ee3p sake \u0111\u01b0\u1ee3c tuy\u1ec3n ch\u1ecdn h\u00f2a quy\u1ec7n trong kh\u00f4ng gian \u1ea5m c\u00fang v\u00e0 ri\u00eang t\u01b0.\",\"breadcrumb\":{\"@id\":\"https:\/\/www.fairmonthanoi.com\/vi\/restaurants-bars\/hiryu\/#breadcrumb\"},\"inLanguage\":\"vi-VN\",\"potentialAction\":[{\"@type\":\"ReadAction\",\"target\":[\"https:\/\/www.fairmonthanoi.com\/vi\/restaurants-bars\/hiryu\/\"]}]},{\"@type\":\"BreadcrumbList\",\"@id\":\"https:\/\/www.fairmonthanoi.com\/vi\/restaurants-bars\/hiryu\/#breadcrumb\",\"itemListElement\":[{\"@type\":\"ListItem\",\"position\":1,\"name\":\"Home\",\"item\":\"https:\/\/www.fairmonthanoi.com\/vi\/\"},{\"@type\":\"ListItem\",\"position\":2,\"name\":\"NH\u00c0 H\u00c0NG &#038; BAR\",\"item\":\"https:\/\/www.fairmonthanoi.com\/vi\/restaurants-bars\/\"},{\"@type\":\"ListItem\",\"position\":3,\"name\":\"HIRYU\"}]},{\"@type\":\"WebSite\",\"@id\":\"https:\/\/www.fairmonthanoi.com\/#website\",\"url\":\"https:\/\/www.fairmonthanoi.com\/\",\"name\":\"Fairmont Hanoi\",\"description\":\"\",\"potentialAction\":[{\"@type\":\"SearchAction\",\"target\":{\"@type\":\"EntryPoint\",\"urlTemplate\":\"https:\/\/www.fairmonthanoi.com\/?s={search_term_string}\"},\"query-input\":{\"@type\":\"PropertyValueSpecification\",\"valueRequired\":true,\"valueName\":\"search_term_string\"}}],\"inLanguage\":\"vi-VN\"}]}<\/script>\n<!-- \/ Yoast SEO plugin. -->","yoast_head_json":{"title":"Nh\u00e0 h\u00e0ng Nh\u1eadt B\u1ea3n Hiryu | Tr\u1ea3i nghi\u1ec7m Teppanyaki t\u1ea1i Fairmont Hanoi","description":"Kh\u00e1m ph\u00e1 \u1ea9m th\u1ef1c Nh\u1eadt B\u1ea3n tinh t\u1ebf t\u1ea1i Hiryu, n\u01a1i ngh\u1ec7 thu\u1eadt teppanyaki, nguy\u00ean li\u1ec7u th\u01b0\u1ee3ng h\u1ea1ng v\u00e0 nh\u1eefng k\u1ebft h\u1ee3p sake \u0111\u01b0\u1ee3c tuy\u1ec3n ch\u1ecdn h\u00f2a quy\u1ec7n trong kh\u00f4ng gian \u1ea5m c\u00fang v\u00e0 ri\u00eang t\u01b0.","robots":{"index":"index","follow":"follow","max-snippet":"max-snippet:-1","max-image-preview":"max-image-preview:large","max-video-preview":"max-video-preview:-1"},"canonical":"https:\/\/www.fairmonthanoi.com\/vi\/restaurants-bars\/hiryu\/","og_locale":"vi_VN","og_type":"article","og_title":"Nh\u00e0 h\u00e0ng Nh\u1eadt B\u1ea3n Hiryu | Tr\u1ea3i nghi\u1ec7m Teppanyaki t\u1ea1i Fairmont Hanoi","og_description":"Kh\u00e1m ph\u00e1 \u1ea9m th\u1ef1c Nh\u1eadt B\u1ea3n tinh t\u1ebf t\u1ea1i Hiryu, n\u01a1i ngh\u1ec7 thu\u1eadt teppanyaki, nguy\u00ean li\u1ec7u th\u01b0\u1ee3ng h\u1ea1ng v\u00e0 nh\u1eefng k\u1ebft h\u1ee3p sake \u0111\u01b0\u1ee3c tuy\u1ec3n ch\u1ecdn h\u00f2a quy\u1ec7n trong kh\u00f4ng gian \u1ea5m c\u00fang v\u00e0 ri\u00eang t\u01b0.","og_url":"https:\/\/www.fairmonthanoi.com\/vi\/restaurants-bars\/hiryu\/","og_site_name":"Fairmont Hanoi","article_modified_time":"2025-12-19T05:53:12+00:00","twitter_card":"summary_large_image","twitter_misc":{"Est. reading time":"1 minute"},"schema":{"@context":"https:\/\/schema.org","@graph":[{"@type":"WebPage","@id":"https:\/\/www.fairmonthanoi.com\/vi\/restaurants-bars\/hiryu\/","url":"https:\/\/www.fairmonthanoi.com\/vi\/restaurants-bars\/hiryu\/","name":"Nh\u00e0 h\u00e0ng Nh\u1eadt B\u1ea3n Hiryu | Tr\u1ea3i nghi\u1ec7m Teppanyaki t\u1ea1i Fairmont Hanoi","isPartOf":{"@id":"https:\/\/www.fairmonthanoi.com\/#website"},"datePublished":"2025-12-18T06:37:57+00:00","dateModified":"2025-12-19T05:53:12+00:00","description":"Kh\u00e1m ph\u00e1 \u1ea9m th\u1ef1c Nh\u1eadt B\u1ea3n tinh t\u1ebf t\u1ea1i Hiryu, n\u01a1i ngh\u1ec7 thu\u1eadt teppanyaki, nguy\u00ean li\u1ec7u th\u01b0\u1ee3ng h\u1ea1ng v\u00e0 nh\u1eefng k\u1ebft h\u1ee3p sake \u0111\u01b0\u1ee3c tuy\u1ec3n ch\u1ecdn h\u00f2a quy\u1ec7n trong kh\u00f4ng gian \u1ea5m c\u00fang v\u00e0 ri\u00eang t\u01b0.","breadcrumb":{"@id":"https:\/\/www.fairmonthanoi.com\/vi\/restaurants-bars\/hiryu\/#breadcrumb"},"inLanguage":"vi-VN","potentialAction":[{"@type":"ReadAction","target":["https:\/\/www.fairmonthanoi.com\/vi\/restaurants-bars\/hiryu\/"]}]},{"@type":"BreadcrumbList","@id":"https:\/\/www.fairmonthanoi.com\/vi\/restaurants-bars\/hiryu\/#breadcrumb","itemListElement":[{"@type":"ListItem","position":1,"name":"Home","item":"https:\/\/www.fairmonthanoi.com\/vi\/"},{"@type":"ListItem","position":2,"name":"NH\u00c0 H\u00c0NG &#038; BAR","item":"https:\/\/www.fairmonthanoi.com\/vi\/restaurants-bars\/"},{"@type":"ListItem","position":3,"name":"HIRYU"}]},{"@type":"WebSite","@id":"https:\/\/www.fairmonthanoi.com\/#website","url":"https:\/\/www.fairmonthanoi.com\/","name":"Fairmont Hanoi","description":"","potentialAction":[{"@type":"SearchAction","target":{"@type":"EntryPoint","urlTemplate":"https:\/\/www.fairmonthanoi.com\/?s={search_term_string}"},"query-input":{"@type":"PropertyValueSpecification","valueRequired":true,"valueName":"search_term_string"}}],"inLanguage":"vi-VN"}]}},"_links":{"self":[{"href":"https:\/\/www.fairmonthanoi.com\/vi\/wp-json\/wp\/v2\/pages\/163","targetHints":{"allow":["GET"]}}],"collection":[{"href":"https:\/\/www.fairmonthanoi.com\/vi\/wp-json\/wp\/v2\/pages"}],"about":[{"href":"https:\/\/www.fairmonthanoi.com\/vi\/wp-json\/wp\/v2\/types\/page"}],"author":[{"embeddable":true,"href":"https:\/\/www.fairmonthanoi.com\/vi\/wp-json\/wp\/v2\/users\/30"}],"replies":[{"embeddable":true,"href":"https:\/\/www.fairmonthanoi.com\/vi\/wp-json\/wp\/v2\/comments?post=163"}],"version-history":[{"count":0,"href":"https:\/\/www.fairmonthanoi.com\/vi\/wp-json\/wp\/v2\/pages\/163\/revisions"}],"up":[{"embeddable":true,"href":"https:\/\/www.fairmonthanoi.com\/vi\/wp-json\/wp\/v2\/pages\/57"}],"wp:attachment":[{"href":"https:\/\/www.fairmonthanoi.com\/vi\/wp-json\/wp\/v2\/media?parent=163"}],"wp:term":[{"taxonomy":"category","embeddable":true,"href":"https:\/\/www.fairmonthanoi.com\/vi\/wp-json\/wp\/v2\/categories?post=163"}],"curies":[{"name":"wp","href":"https:\/\/api.w.org\/{rel}","templated":true}]}}