{"id":164,"date":"2025-12-18T06:44:54","date_gmt":"2025-12-18T06:44:54","guid":{"rendered":"https:\/\/fairmonthanoi.accorv2prod2.decms.eu\/restaurants-bars\/yy-bar\/"},"modified":"2026-04-06T08:28:50","modified_gmt":"2026-04-06T08:28:50","slug":"yy-bar","status":"publish","type":"page","link":"https:\/\/www.fairmonthanoi.com\/vi\/restaurants-bars\/yy-bar\/","title":{"rendered":"YY Bar"},"content":{"rendered":"<p style=\"text-align: center\">YY Bar l\u00e0 s\u00e2n kh\u1ea5u giao thoa c\u1ee7a th\u00e0nh ph\u1ed1, m\u1ed9t kh\u00f4ng gian hi\u1ec7n \u0111\u1ea1i \u0111\u1ea7y cu\u1ed1n h\u00fat, n\u01a1i H\u00e0 N\u1ed9i th\u01b0 gi\u00e3n, k\u1ebft n\u1ed1i v\u00e0 th\u0103ng hoa t\u1eeb ho\u00e0ng h\u00f4n \u0111\u1ebfn \u0111\u00eam mu\u1ed9n. Nh\u1eefng ly cocktail th\u1ee7 c\u00f4ng k\u1ebft h\u1ee3p k\u1ef9 thu\u1eadt kinh \u0111i\u1ec3n v\u1edbi c\u1ea3m h\u1ee9ng Vi\u1ec7t Nam, song h\u00e0nh c\u00f9ng r\u01b0\u1ee3u m\u1ea1nh tuy\u1ec3n ch\u1ecdn, b\u1ed9 s\u01b0u t\u1eadp r\u01b0\u1ee3u \u0111\u1eb7c s\u1eafc v\u00e0 m\u00f3n \u0103n k\u00e8m tinh t\u1ebf, t\u1ea1o n\u00ean tr\u1ea3i nghi\u1ec7m t\u1eadn h\u01b0\u1edfng nh\u1eb9 nh\u00e0ng m\u00e0 tr\u1ecdn v\u1ecb.<\/p>\n<p style=\"text-align: center\">Khi nh\u1ecbp \u0111i\u1ec7u \u0111\u1ed5i thay theo t\u1eebng gi\u1edd, YY Bar h\u00f3a th\u00e0nh \u0111i\u1ec3m h\u1eb9n s\u1ed1ng \u0111\u1ed9ng cho nh\u1eefng cu\u1ed9c tr\u00f2 chuy\u1ec7n, \u00e2m nh\u1ea1c v\u00e0 c\u00e1c kho\u1ea3nh kh\u1eafc g\u1eb7p g\u1ee1 ng\u1eabu h\u1ee9ng. Tinh t\u1ebf nh\u01b0ng gi\u00e0u n\u0103ng l\u01b0\u1ee3ng, n\u01a1i \u0111\u00e2y l\u00e0 nh\u1ecbp \u0111\u1eadp c\u1ee7a \u0111\u1eddi s\u1ed1ng v\u1ec1 \u0111\u00eam t\u1ea1i Fairmont Hanoi, m\u1eddi g\u1ecdi Qu\u00fd kh\u00e1ch n\u00e1n l\u1ea1i, nh\u00e2m nhi v\u00e0 c\u1ea3m nh\u1eadn tr\u1ecdn v\u1eb9n h\u01a1i th\u1edf c\u1ee7a th\u00e0nh ph\u1ed1.<\/p>\n","protected":false},"excerpt":{"rendered":"<p>YY Bar l\u00e0 s\u00e2n kh\u1ea5u giao thoa c\u1ee7a th\u00e0nh ph\u1ed1, m\u1ed9t kh\u00f4ng gian hi\u1ec7n \u0111\u1ea1i \u0111\u1ea7y cu\u1ed1n h\u00fat, n\u01a1i H\u00e0 N\u1ed9i th\u01b0 gi\u00e3n, k\u1ebft n\u1ed1i v\u00e0 th\u0103ng hoa t\u1eeb ho\u00e0ng h\u00f4n \u0111\u1ebfn \u0111\u00eam mu\u1ed9n. Nh\u1eefng ly cocktail th\u1ee7 c\u00f4ng k\u1ebft h\u1ee3p k\u1ef9 thu\u1eadt kinh \u0111i\u1ec3n v\u1edbi c\u1ea3m h\u1ee9ng Vi\u1ec7t Nam, song h\u00e0nh c\u00f9ng r\u01b0\u1ee3u m\u1ea1nh [&hellip;]<\/p>\n","protected":false},"author":30,"featured_media":0,"parent":57,"menu_order":4,"comment_status":"closed","ping_status":"closed","template":"template-restaurant.php","meta":{"footnotes":""},"categories":[],"class_list":["post-164","page","type-page","status-publish","hentry"],"acf":[],"yoast_head":"<!-- This site is optimized with the Yoast SEO plugin v26.9 - https:\/\/yoast.com\/product\/yoast-seo-wordpress\/ -->\n<title>YY Bar Hanoi | Cocktail \u0110\u1eb7c Tr\u01b0ng &amp; \u0110i\u1ec3m H\u1eb9n V\u1ec1 \u0110\u00eam t\u1ea1i Fairmont Hanoi<\/title>\n<meta name=\"description\" content=\"Tr\u1ea3i nghi\u1ec7m \u0111\u1eddi s\u1ed1ng v\u1ec1 \u0111\u00eam s\u00f4i \u0111\u1ed9ng c\u1ee7a H\u00e0 N\u1ed9i t\u1ea1i YY Bar v\u1edbi cocktail th\u1ee7 c\u00f4ng, r\u01b0\u1ee3u cao c\u1ea5p tuy\u1ec3n ch\u1ecdn, kh\u00f4ng gian Lounge th\u1eddi th\u01b0\u1ee3ng v\u00e0 m\u00f3n \u0103n k\u00e8m tinh t\u1ebf t\u1ea1i Fairmont Hanoi.\" \/>\n<meta name=\"robots\" content=\"index, follow, max-snippet:-1, max-image-preview:large, max-video-preview:-1\" \/>\n<link rel=\"canonical\" href=\"https:\/\/www.fairmonthanoi.com\/vi\/restaurants-bars\/yy-bar\/\" \/>\n<meta property=\"og:locale\" content=\"vi_VN\" \/>\n<meta property=\"og:type\" content=\"article\" \/>\n<meta property=\"og:title\" content=\"YY Bar Hanoi | Cocktail \u0110\u1eb7c Tr\u01b0ng &amp; \u0110i\u1ec3m H\u1eb9n V\u1ec1 \u0110\u00eam t\u1ea1i Fairmont Hanoi\" \/>\n<meta property=\"og:description\" content=\"Tr\u1ea3i nghi\u1ec7m \u0111\u1eddi s\u1ed1ng v\u1ec1 \u0111\u00eam s\u00f4i \u0111\u1ed9ng c\u1ee7a H\u00e0 N\u1ed9i t\u1ea1i YY Bar v\u1edbi cocktail th\u1ee7 c\u00f4ng, r\u01b0\u1ee3u cao c\u1ea5p tuy\u1ec3n ch\u1ecdn, kh\u00f4ng gian Lounge th\u1eddi th\u01b0\u1ee3ng v\u00e0 m\u00f3n \u0103n k\u00e8m tinh t\u1ebf t\u1ea1i Fairmont Hanoi.\" \/>\n<meta property=\"og:url\" content=\"https:\/\/www.fairmonthanoi.com\/vi\/restaurants-bars\/yy-bar\/\" \/>\n<meta property=\"og:site_name\" content=\"Fairmont Hanoi\" \/>\n<meta property=\"article:modified_time\" content=\"2026-04-06T08:28:50+00:00\" \/>\n<meta name=\"twitter:card\" content=\"summary_large_image\" \/>\n<meta name=\"twitter:label1\" content=\"Est. reading time\" \/>\n\t<meta name=\"twitter:data1\" content=\"1 minute\" \/>\n<script type=\"application\/ld+json\" class=\"yoast-schema-graph\">{\"@context\":\"https:\/\/schema.org\",\"@graph\":[{\"@type\":\"WebPage\",\"@id\":\"https:\/\/www.fairmonthanoi.com\/vi\/restaurants-bars\/yy-bar\/\",\"url\":\"https:\/\/www.fairmonthanoi.com\/vi\/restaurants-bars\/yy-bar\/\",\"name\":\"YY Bar Hanoi | Cocktail \u0110\u1eb7c Tr\u01b0ng & \u0110i\u1ec3m H\u1eb9n V\u1ec1 \u0110\u00eam t\u1ea1i Fairmont Hanoi\",\"isPartOf\":{\"@id\":\"https:\/\/www.fairmonthanoi.com\/#website\"},\"datePublished\":\"2025-12-18T06:44:54+00:00\",\"dateModified\":\"2026-04-06T08:28:50+00:00\",\"description\":\"Tr\u1ea3i nghi\u1ec7m \u0111\u1eddi s\u1ed1ng v\u1ec1 \u0111\u00eam s\u00f4i \u0111\u1ed9ng c\u1ee7a H\u00e0 N\u1ed9i t\u1ea1i YY Bar v\u1edbi cocktail th\u1ee7 c\u00f4ng, r\u01b0\u1ee3u cao c\u1ea5p tuy\u1ec3n ch\u1ecdn, kh\u00f4ng gian Lounge th\u1eddi th\u01b0\u1ee3ng v\u00e0 m\u00f3n \u0103n k\u00e8m tinh t\u1ebf t\u1ea1i Fairmont Hanoi.\",\"breadcrumb\":{\"@id\":\"https:\/\/www.fairmonthanoi.com\/vi\/restaurants-bars\/yy-bar\/#breadcrumb\"},\"inLanguage\":\"vi-VN\",\"potentialAction\":[{\"@type\":\"ReadAction\",\"target\":[\"https:\/\/www.fairmonthanoi.com\/vi\/restaurants-bars\/yy-bar\/\"]}]},{\"@type\":\"BreadcrumbList\",\"@id\":\"https:\/\/www.fairmonthanoi.com\/vi\/restaurants-bars\/yy-bar\/#breadcrumb\",\"itemListElement\":[{\"@type\":\"ListItem\",\"position\":1,\"name\":\"Home\",\"item\":\"https:\/\/www.fairmonthanoi.com\/vi\/\"},{\"@type\":\"ListItem\",\"position\":2,\"name\":\"NH\u00c0 H\u00c0NG &#038; BAR\",\"item\":\"https:\/\/www.fairmonthanoi.com\/vi\/restaurants-bars\/\"},{\"@type\":\"ListItem\",\"position\":3,\"name\":\"YY Bar\"}]},{\"@type\":\"WebSite\",\"@id\":\"https:\/\/www.fairmonthanoi.com\/#website\",\"url\":\"https:\/\/www.fairmonthanoi.com\/\",\"name\":\"Fairmont Hanoi\",\"description\":\"\",\"potentialAction\":[{\"@type\":\"SearchAction\",\"target\":{\"@type\":\"EntryPoint\",\"urlTemplate\":\"https:\/\/www.fairmonthanoi.com\/?s={search_term_string}\"},\"query-input\":{\"@type\":\"PropertyValueSpecification\",\"valueRequired\":true,\"valueName\":\"search_term_string\"}}],\"inLanguage\":\"vi-VN\"}]}<\/script>\n<!-- \/ Yoast SEO plugin. -->","yoast_head_json":{"title":"YY Bar Hanoi | Cocktail \u0110\u1eb7c Tr\u01b0ng & \u0110i\u1ec3m H\u1eb9n V\u1ec1 \u0110\u00eam t\u1ea1i Fairmont Hanoi","description":"Tr\u1ea3i nghi\u1ec7m \u0111\u1eddi s\u1ed1ng v\u1ec1 \u0111\u00eam s\u00f4i \u0111\u1ed9ng c\u1ee7a H\u00e0 N\u1ed9i t\u1ea1i YY Bar v\u1edbi cocktail th\u1ee7 c\u00f4ng, r\u01b0\u1ee3u cao c\u1ea5p tuy\u1ec3n ch\u1ecdn, kh\u00f4ng gian Lounge th\u1eddi th\u01b0\u1ee3ng v\u00e0 m\u00f3n \u0103n k\u00e8m tinh t\u1ebf t\u1ea1i Fairmont Hanoi.","robots":{"index":"index","follow":"follow","max-snippet":"max-snippet:-1","max-image-preview":"max-image-preview:large","max-video-preview":"max-video-preview:-1"},"canonical":"https:\/\/www.fairmonthanoi.com\/vi\/restaurants-bars\/yy-bar\/","og_locale":"vi_VN","og_type":"article","og_title":"YY Bar Hanoi | Cocktail \u0110\u1eb7c Tr\u01b0ng & \u0110i\u1ec3m H\u1eb9n V\u1ec1 \u0110\u00eam t\u1ea1i Fairmont Hanoi","og_description":"Tr\u1ea3i nghi\u1ec7m \u0111\u1eddi s\u1ed1ng v\u1ec1 \u0111\u00eam s\u00f4i \u0111\u1ed9ng c\u1ee7a H\u00e0 N\u1ed9i t\u1ea1i YY Bar v\u1edbi cocktail th\u1ee7 c\u00f4ng, r\u01b0\u1ee3u cao c\u1ea5p tuy\u1ec3n ch\u1ecdn, kh\u00f4ng gian Lounge th\u1eddi th\u01b0\u1ee3ng v\u00e0 m\u00f3n \u0103n k\u00e8m tinh t\u1ebf t\u1ea1i Fairmont Hanoi.","og_url":"https:\/\/www.fairmonthanoi.com\/vi\/restaurants-bars\/yy-bar\/","og_site_name":"Fairmont Hanoi","article_modified_time":"2026-04-06T08:28:50+00:00","twitter_card":"summary_large_image","twitter_misc":{"Est. reading time":"1 minute"},"schema":{"@context":"https:\/\/schema.org","@graph":[{"@type":"WebPage","@id":"https:\/\/www.fairmonthanoi.com\/vi\/restaurants-bars\/yy-bar\/","url":"https:\/\/www.fairmonthanoi.com\/vi\/restaurants-bars\/yy-bar\/","name":"YY Bar Hanoi | Cocktail \u0110\u1eb7c Tr\u01b0ng & \u0110i\u1ec3m H\u1eb9n V\u1ec1 \u0110\u00eam t\u1ea1i Fairmont Hanoi","isPartOf":{"@id":"https:\/\/www.fairmonthanoi.com\/#website"},"datePublished":"2025-12-18T06:44:54+00:00","dateModified":"2026-04-06T08:28:50+00:00","description":"Tr\u1ea3i nghi\u1ec7m \u0111\u1eddi s\u1ed1ng v\u1ec1 \u0111\u00eam s\u00f4i \u0111\u1ed9ng c\u1ee7a H\u00e0 N\u1ed9i t\u1ea1i YY Bar v\u1edbi cocktail th\u1ee7 c\u00f4ng, r\u01b0\u1ee3u cao c\u1ea5p tuy\u1ec3n ch\u1ecdn, kh\u00f4ng gian Lounge th\u1eddi th\u01b0\u1ee3ng v\u00e0 m\u00f3n \u0103n k\u00e8m tinh t\u1ebf t\u1ea1i Fairmont Hanoi.","breadcrumb":{"@id":"https:\/\/www.fairmonthanoi.com\/vi\/restaurants-bars\/yy-bar\/#breadcrumb"},"inLanguage":"vi-VN","potentialAction":[{"@type":"ReadAction","target":["https:\/\/www.fairmonthanoi.com\/vi\/restaurants-bars\/yy-bar\/"]}]},{"@type":"BreadcrumbList","@id":"https:\/\/www.fairmonthanoi.com\/vi\/restaurants-bars\/yy-bar\/#breadcrumb","itemListElement":[{"@type":"ListItem","position":1,"name":"Home","item":"https:\/\/www.fairmonthanoi.com\/vi\/"},{"@type":"ListItem","position":2,"name":"NH\u00c0 H\u00c0NG &#038; BAR","item":"https:\/\/www.fairmonthanoi.com\/vi\/restaurants-bars\/"},{"@type":"ListItem","position":3,"name":"YY Bar"}]},{"@type":"WebSite","@id":"https:\/\/www.fairmonthanoi.com\/#website","url":"https:\/\/www.fairmonthanoi.com\/","name":"Fairmont Hanoi","description":"","potentialAction":[{"@type":"SearchAction","target":{"@type":"EntryPoint","urlTemplate":"https:\/\/www.fairmonthanoi.com\/?s={search_term_string}"},"query-input":{"@type":"PropertyValueSpecification","valueRequired":true,"valueName":"search_term_string"}}],"inLanguage":"vi-VN"}]}},"_links":{"self":[{"href":"https:\/\/www.fairmonthanoi.com\/vi\/wp-json\/wp\/v2\/pages\/164","targetHints":{"allow":["GET"]}}],"collection":[{"href":"https:\/\/www.fairmonthanoi.com\/vi\/wp-json\/wp\/v2\/pages"}],"about":[{"href":"https:\/\/www.fairmonthanoi.com\/vi\/wp-json\/wp\/v2\/types\/page"}],"author":[{"embeddable":true,"href":"https:\/\/www.fairmonthanoi.com\/vi\/wp-json\/wp\/v2\/users\/30"}],"replies":[{"embeddable":true,"href":"https:\/\/www.fairmonthanoi.com\/vi\/wp-json\/wp\/v2\/comments?post=164"}],"version-history":[{"count":0,"href":"https:\/\/www.fairmonthanoi.com\/vi\/wp-json\/wp\/v2\/pages\/164\/revisions"}],"up":[{"embeddable":true,"href":"https:\/\/www.fairmonthanoi.com\/vi\/wp-json\/wp\/v2\/pages\/57"}],"wp:attachment":[{"href":"https:\/\/www.fairmonthanoi.com\/vi\/wp-json\/wp\/v2\/media?parent=164"}],"wp:term":[{"taxonomy":"category","embeddable":true,"href":"https:\/\/www.fairmonthanoi.com\/vi\/wp-json\/wp\/v2\/categories?post=164"}],"curies":[{"name":"wp","href":"https:\/\/api.w.org\/{rel}","templated":true}]}}