{"id":165,"date":"2025-12-18T06:50:56","date_gmt":"2025-12-18T06:50:56","guid":{"rendered":"https:\/\/fairmonthanoi.accorv2prod2.decms.eu\/restaurants-bars\/pool-terrace-bar\/"},"modified":"2026-04-06T01:40:15","modified_gmt":"2026-04-06T01:40:15","slug":"pool-terrace-bar","status":"publish","type":"page","link":"https:\/\/www.fairmonthanoi.com\/vi\/restaurants-bars\/pool-terrace-bar\/","title":{"rendered":"B\u1ec2 B\u01a0I &amp; BAR T\u1ea6NG TH\u01af\u1ee2NG"},"content":{"rendered":"<p style=\"text-align: center\">N\u00e9p m\u00ecnh b\u00ean h\u1ed3 b\u01a1i rooftop y\u00ean t\u0129nh, Pool Terrace &amp; Bar(Khai tr\u01b0\u01a1ng ng\u00e0y 1 th\u00e1ng 5 n\u0103m 2026) l\u00e0 n\u01a1i \u00e1nh ng\u00e0y d\u1ecbu l\u1ea1i, nh\u01b0\u1eddng ch\u1ed7 cho kho\u1ea3nh kh\u1eafc ho\u00e0ng h\u00f4n th\u01b0 th\u00e1i. Qu\u00fd kh\u00e1ch c\u00f3 th\u1ec3 th\u01b0\u1edfng th\u1ee9c cocktail m\u00e1t l\u00e0nh, r\u01b0\u1ee3u vang t\u01b0\u01a1i m\u00e1t v\u00e0 nh\u1eefng ly spritz r\u1ef1c r\u1ee1, k\u1ebft h\u1ee3p c\u00f9ng m\u00f3n \u0103n nh\u1eb9 theo m\u00f9a l\u1ea5y c\u1ea3m h\u1ee9ng t\u1eeb h\u01b0\u01a1ng v\u1ecb mi\u1ec1n duy\u00ean h\u1ea3i.<br \/>\nD\u00f9 l\u00e0 kho\u1ea3ng ngh\u1ec9 gi\u1eefa ng\u00e0y, l\u00fac ho\u00e0ng h\u00f4n hay bu\u1ed5i t\u1ed1i th\u01b0 th\u1ea3 d\u01b0\u1edbi b\u1ea7u tr\u1eddi H\u00e0 N\u1ed9i, kh\u00f4ng gian lu\u00f4n mang tinh th\u1ea7n ph\u00f3ng kho\u00e1ng, phong c\u00e1ch v\u00e0 gi\u00e0u t\u00ednh k\u1ebft n\u1ed1i. DJ bi\u1ec3u di\u1ec5n tr\u1ef1c ti\u1ebfp v\u00e0 c\u00e1c ho\u1ea1t \u0111\u1ed9ng \u0111\u01b0\u1ee3c tuy\u1ec3n ch\u1ecdn v\u00e0o cu\u1ed1i tu\u1ea7n n\u00e2ng t\u1ea7m tr\u1ea3i nghi\u1ec7m, bi\u1ebfn kh\u00f4ng gian t\u1ea7ng th\u01b0\u1ee3ng tr\u1edf th\u00e0nh \u0111i\u1ec3m h\u1eb9n tr\u00ean cao m\u1edbi c\u1ee7a th\u00e0nh ph\u1ed1, n\u01a1i nh\u1ecbp s\u1ed1ng \u0111\u01b0\u1ee3c c\u1ea3m nh\u1eadn theo m\u1ed9t c\u00e1ch th\u1eadt kh\u00e1c bi\u1ec7t.<\/p>\n","protected":false},"excerpt":{"rendered":"<p>N\u00e9p m\u00ecnh b\u00ean h\u1ed3 b\u01a1i rooftop y\u00ean t\u0129nh, Pool Terrace &amp; Bar(Khai tr\u01b0\u01a1ng ng\u00e0y 1 th\u00e1ng 5 n\u0103m 2026) l\u00e0 n\u01a1i \u00e1nh ng\u00e0y d\u1ecbu l\u1ea1i, nh\u01b0\u1eddng ch\u1ed7 cho kho\u1ea3nh kh\u1eafc ho\u00e0ng h\u00f4n th\u01b0 th\u00e1i. Qu\u00fd kh\u00e1ch c\u00f3 th\u1ec3 th\u01b0\u1edfng th\u1ee9c cocktail m\u00e1t l\u00e0nh, r\u01b0\u1ee3u vang t\u01b0\u01a1i m\u00e1t v\u00e0 nh\u1eefng ly spritz r\u1ef1c r\u1ee1, k\u1ebft h\u1ee3p [&hellip;]<\/p>\n","protected":false},"author":30,"featured_media":0,"parent":57,"menu_order":5,"comment_status":"closed","ping_status":"closed","template":"template-restaurant.php","meta":{"footnotes":""},"categories":[],"class_list":["post-165","page","type-page","status-publish","hentry"],"acf":[],"yoast_head":"<!-- This site is optimized with the Yoast SEO plugin v26.9 - https:\/\/yoast.com\/product\/yoast-seo-wordpress\/ -->\n<title>Pool Terrace Bar Hanoi | Cocktail Rooftop &amp; M\u00f3n Nh\u1eb9 t\u1ea1i Fairmont Hanoi<\/title>\n<meta name=\"description\" content=\"Th\u01b0\u1edfng th\u1ee9c cocktail t\u01b0\u01a1i m\u00e1t, spritz r\u1ef1c r\u1ee1 v\u00e0 m\u00f3n \u0103n nh\u1eb9 tinh t\u1ebf t\u1ea1i Pool Terrace Bar, kh\u00f4ng gian rooftop phong c\u00e1ch c\u1ee7a Fairmont Hanoi, l\u00fd t\u01b0\u1edfng cho nh\u1eefng bu\u1ed5i th\u01b0 gi\u00e3n ng\u1eadp n\u1eafng v\u00e0 kho\u1ea3nh kh\u1eafc qu\u00e2y qu\u1ea7n l\u00fac ho\u00e0ng h\u00f4n.\" \/>\n<meta name=\"robots\" content=\"index, follow, max-snippet:-1, max-image-preview:large, max-video-preview:-1\" \/>\n<link rel=\"canonical\" href=\"https:\/\/www.fairmonthanoi.com\/vi\/restaurants-bars\/pool-terrace-bar\/\" \/>\n<meta property=\"og:locale\" content=\"vi_VN\" \/>\n<meta property=\"og:type\" content=\"article\" \/>\n<meta property=\"og:title\" content=\"Pool Terrace Bar Hanoi | Cocktail Rooftop &amp; M\u00f3n Nh\u1eb9 t\u1ea1i Fairmont Hanoi\" \/>\n<meta property=\"og:description\" content=\"Th\u01b0\u1edfng th\u1ee9c cocktail t\u01b0\u01a1i m\u00e1t, spritz r\u1ef1c r\u1ee1 v\u00e0 m\u00f3n \u0103n nh\u1eb9 tinh t\u1ebf t\u1ea1i Pool Terrace Bar, kh\u00f4ng gian rooftop phong c\u00e1ch c\u1ee7a Fairmont Hanoi, l\u00fd t\u01b0\u1edfng cho nh\u1eefng bu\u1ed5i th\u01b0 gi\u00e3n ng\u1eadp n\u1eafng v\u00e0 kho\u1ea3nh kh\u1eafc qu\u00e2y qu\u1ea7n l\u00fac ho\u00e0ng h\u00f4n.\" \/>\n<meta property=\"og:url\" content=\"https:\/\/www.fairmonthanoi.com\/vi\/restaurants-bars\/pool-terrace-bar\/\" \/>\n<meta property=\"og:site_name\" content=\"Fairmont Hanoi\" \/>\n<meta property=\"article:modified_time\" content=\"2026-04-06T01:40:15+00:00\" \/>\n<meta name=\"twitter:card\" content=\"summary_large_image\" \/>\n<meta name=\"twitter:label1\" content=\"Est. reading time\" \/>\n\t<meta name=\"twitter:data1\" content=\"1 minute\" \/>\n<script type=\"application\/ld+json\" class=\"yoast-schema-graph\">{\"@context\":\"https:\/\/schema.org\",\"@graph\":[{\"@type\":\"WebPage\",\"@id\":\"https:\/\/www.fairmonthanoi.com\/vi\/restaurants-bars\/pool-terrace-bar\/\",\"url\":\"https:\/\/www.fairmonthanoi.com\/vi\/restaurants-bars\/pool-terrace-bar\/\",\"name\":\"Pool Terrace Bar Hanoi | Cocktail Rooftop & M\u00f3n Nh\u1eb9 t\u1ea1i Fairmont Hanoi\",\"isPartOf\":{\"@id\":\"https:\/\/www.fairmonthanoi.com\/#website\"},\"datePublished\":\"2025-12-18T06:50:56+00:00\",\"dateModified\":\"2026-04-06T01:40:15+00:00\",\"description\":\"Th\u01b0\u1edfng th\u1ee9c cocktail t\u01b0\u01a1i m\u00e1t, spritz r\u1ef1c r\u1ee1 v\u00e0 m\u00f3n \u0103n nh\u1eb9 tinh t\u1ebf t\u1ea1i Pool Terrace Bar, kh\u00f4ng gian rooftop phong c\u00e1ch c\u1ee7a Fairmont Hanoi, l\u00fd t\u01b0\u1edfng cho nh\u1eefng bu\u1ed5i th\u01b0 gi\u00e3n ng\u1eadp n\u1eafng v\u00e0 kho\u1ea3nh kh\u1eafc qu\u00e2y qu\u1ea7n l\u00fac ho\u00e0ng h\u00f4n.\",\"breadcrumb\":{\"@id\":\"https:\/\/www.fairmonthanoi.com\/vi\/restaurants-bars\/pool-terrace-bar\/#breadcrumb\"},\"inLanguage\":\"vi-VN\",\"potentialAction\":[{\"@type\":\"ReadAction\",\"target\":[\"https:\/\/www.fairmonthanoi.com\/vi\/restaurants-bars\/pool-terrace-bar\/\"]}]},{\"@type\":\"BreadcrumbList\",\"@id\":\"https:\/\/www.fairmonthanoi.com\/vi\/restaurants-bars\/pool-terrace-bar\/#breadcrumb\",\"itemListElement\":[{\"@type\":\"ListItem\",\"position\":1,\"name\":\"Home\",\"item\":\"https:\/\/www.fairmonthanoi.com\/vi\/\"},{\"@type\":\"ListItem\",\"position\":2,\"name\":\"NH\u00c0 H\u00c0NG &#038; BAR\",\"item\":\"https:\/\/www.fairmonthanoi.com\/vi\/restaurants-bars\/\"},{\"@type\":\"ListItem\",\"position\":3,\"name\":\"B\u1ec2 B\u01a0I &amp; BAR T\u1ea6NG TH\u01af\u1ee2NG\"}]},{\"@type\":\"WebSite\",\"@id\":\"https:\/\/www.fairmonthanoi.com\/#website\",\"url\":\"https:\/\/www.fairmonthanoi.com\/\",\"name\":\"Fairmont Hanoi\",\"description\":\"\",\"potentialAction\":[{\"@type\":\"SearchAction\",\"target\":{\"@type\":\"EntryPoint\",\"urlTemplate\":\"https:\/\/www.fairmonthanoi.com\/?s={search_term_string}\"},\"query-input\":{\"@type\":\"PropertyValueSpecification\",\"valueRequired\":true,\"valueName\":\"search_term_string\"}}],\"inLanguage\":\"vi-VN\"}]}<\/script>\n<!-- \/ Yoast SEO plugin. -->","yoast_head_json":{"title":"Pool Terrace Bar Hanoi | Cocktail Rooftop & M\u00f3n Nh\u1eb9 t\u1ea1i Fairmont Hanoi","description":"Th\u01b0\u1edfng th\u1ee9c cocktail t\u01b0\u01a1i m\u00e1t, spritz r\u1ef1c r\u1ee1 v\u00e0 m\u00f3n \u0103n nh\u1eb9 tinh t\u1ebf t\u1ea1i Pool Terrace Bar, kh\u00f4ng gian rooftop phong c\u00e1ch c\u1ee7a Fairmont Hanoi, l\u00fd t\u01b0\u1edfng cho nh\u1eefng bu\u1ed5i th\u01b0 gi\u00e3n ng\u1eadp n\u1eafng v\u00e0 kho\u1ea3nh kh\u1eafc qu\u00e2y qu\u1ea7n l\u00fac ho\u00e0ng h\u00f4n.","robots":{"index":"index","follow":"follow","max-snippet":"max-snippet:-1","max-image-preview":"max-image-preview:large","max-video-preview":"max-video-preview:-1"},"canonical":"https:\/\/www.fairmonthanoi.com\/vi\/restaurants-bars\/pool-terrace-bar\/","og_locale":"vi_VN","og_type":"article","og_title":"Pool Terrace Bar Hanoi | Cocktail Rooftop & M\u00f3n Nh\u1eb9 t\u1ea1i Fairmont Hanoi","og_description":"Th\u01b0\u1edfng th\u1ee9c cocktail t\u01b0\u01a1i m\u00e1t, spritz r\u1ef1c r\u1ee1 v\u00e0 m\u00f3n \u0103n nh\u1eb9 tinh t\u1ebf t\u1ea1i Pool Terrace Bar, kh\u00f4ng gian rooftop phong c\u00e1ch c\u1ee7a Fairmont Hanoi, l\u00fd t\u01b0\u1edfng cho nh\u1eefng bu\u1ed5i th\u01b0 gi\u00e3n ng\u1eadp n\u1eafng v\u00e0 kho\u1ea3nh kh\u1eafc qu\u00e2y qu\u1ea7n l\u00fac ho\u00e0ng h\u00f4n.","og_url":"https:\/\/www.fairmonthanoi.com\/vi\/restaurants-bars\/pool-terrace-bar\/","og_site_name":"Fairmont Hanoi","article_modified_time":"2026-04-06T01:40:15+00:00","twitter_card":"summary_large_image","twitter_misc":{"Est. reading time":"1 minute"},"schema":{"@context":"https:\/\/schema.org","@graph":[{"@type":"WebPage","@id":"https:\/\/www.fairmonthanoi.com\/vi\/restaurants-bars\/pool-terrace-bar\/","url":"https:\/\/www.fairmonthanoi.com\/vi\/restaurants-bars\/pool-terrace-bar\/","name":"Pool Terrace Bar Hanoi | Cocktail Rooftop & M\u00f3n Nh\u1eb9 t\u1ea1i Fairmont Hanoi","isPartOf":{"@id":"https:\/\/www.fairmonthanoi.com\/#website"},"datePublished":"2025-12-18T06:50:56+00:00","dateModified":"2026-04-06T01:40:15+00:00","description":"Th\u01b0\u1edfng th\u1ee9c cocktail t\u01b0\u01a1i m\u00e1t, spritz r\u1ef1c r\u1ee1 v\u00e0 m\u00f3n \u0103n nh\u1eb9 tinh t\u1ebf t\u1ea1i Pool Terrace Bar, kh\u00f4ng gian rooftop phong c\u00e1ch c\u1ee7a Fairmont Hanoi, l\u00fd t\u01b0\u1edfng cho nh\u1eefng bu\u1ed5i th\u01b0 gi\u00e3n ng\u1eadp n\u1eafng v\u00e0 kho\u1ea3nh kh\u1eafc qu\u00e2y qu\u1ea7n l\u00fac ho\u00e0ng h\u00f4n.","breadcrumb":{"@id":"https:\/\/www.fairmonthanoi.com\/vi\/restaurants-bars\/pool-terrace-bar\/#breadcrumb"},"inLanguage":"vi-VN","potentialAction":[{"@type":"ReadAction","target":["https:\/\/www.fairmonthanoi.com\/vi\/restaurants-bars\/pool-terrace-bar\/"]}]},{"@type":"BreadcrumbList","@id":"https:\/\/www.fairmonthanoi.com\/vi\/restaurants-bars\/pool-terrace-bar\/#breadcrumb","itemListElement":[{"@type":"ListItem","position":1,"name":"Home","item":"https:\/\/www.fairmonthanoi.com\/vi\/"},{"@type":"ListItem","position":2,"name":"NH\u00c0 H\u00c0NG &#038; BAR","item":"https:\/\/www.fairmonthanoi.com\/vi\/restaurants-bars\/"},{"@type":"ListItem","position":3,"name":"B\u1ec2 B\u01a0I &amp; BAR T\u1ea6NG TH\u01af\u1ee2NG"}]},{"@type":"WebSite","@id":"https:\/\/www.fairmonthanoi.com\/#website","url":"https:\/\/www.fairmonthanoi.com\/","name":"Fairmont Hanoi","description":"","potentialAction":[{"@type":"SearchAction","target":{"@type":"EntryPoint","urlTemplate":"https:\/\/www.fairmonthanoi.com\/?s={search_term_string}"},"query-input":{"@type":"PropertyValueSpecification","valueRequired":true,"valueName":"search_term_string"}}],"inLanguage":"vi-VN"}]}},"_links":{"self":[{"href":"https:\/\/www.fairmonthanoi.com\/vi\/wp-json\/wp\/v2\/pages\/165","targetHints":{"allow":["GET"]}}],"collection":[{"href":"https:\/\/www.fairmonthanoi.com\/vi\/wp-json\/wp\/v2\/pages"}],"about":[{"href":"https:\/\/www.fairmonthanoi.com\/vi\/wp-json\/wp\/v2\/types\/page"}],"author":[{"embeddable":true,"href":"https:\/\/www.fairmonthanoi.com\/vi\/wp-json\/wp\/v2\/users\/30"}],"replies":[{"embeddable":true,"href":"https:\/\/www.fairmonthanoi.com\/vi\/wp-json\/wp\/v2\/comments?post=165"}],"version-history":[{"count":0,"href":"https:\/\/www.fairmonthanoi.com\/vi\/wp-json\/wp\/v2\/pages\/165\/revisions"}],"up":[{"embeddable":true,"href":"https:\/\/www.fairmonthanoi.com\/vi\/wp-json\/wp\/v2\/pages\/57"}],"wp:attachment":[{"href":"https:\/\/www.fairmonthanoi.com\/vi\/wp-json\/wp\/v2\/media?parent=165"}],"wp:term":[{"taxonomy":"category","embeddable":true,"href":"https:\/\/www.fairmonthanoi.com\/vi\/wp-json\/wp\/v2\/categories?post=165"}],"curies":[{"name":"wp","href":"https:\/\/api.w.org\/{rel}","templated":true}]}}