{"id":166,"date":"2025-12-18T06:53:32","date_gmt":"2025-12-18T06:53:32","guid":{"rendered":"https:\/\/fairmonthanoi.accorv2prod2.decms.eu\/restaurants-bars\/10-central\/"},"modified":"2025-12-19T06:00:14","modified_gmt":"2025-12-19T06:00:14","slug":"10-central","status":"publish","type":"page","link":"https:\/\/www.fairmonthanoi.com\/vi\/restaurants-bars\/10-central\/","title":{"rendered":"10 CENTRAL"},"content":{"rendered":"<p>T\u1ea1i 10 Central, m\u1ed7i bu\u1ed5i s\u00e1ng b\u1eaft \u0111\u1ea7u trong h\u01b0\u01a1ng th\u01a1m c\u1ee7a b\u00e1nh th\u1ee7 c\u00f4ng m\u1edbi n\u01b0\u1edbng, c\u00e0 ph\u00ea tuy\u1ec3n ch\u1ecdn v\u00e0 nh\u1ecbp \u0111i\u1ec7u nh\u1eb9 nh\u00e0ng c\u1ee7a lobby lounge. Khi ng\u00e0y tr\u00f4i qua, kh\u00f4ng gian tr\u1edf th\u00e0nh s\u00e2n kh\u1ea5u tinh t\u1ebf cho nh\u1eefng bu\u1ed5i g\u1eb7p g\u1ee1 th\u01b0 th\u1ea3, m\u00f3n \u0103n nh\u1eb9 v\u00e0 th\u1ee9c u\u1ed1ng \u0111\u01b0\u1ee3c pha ch\u1ebf ch\u1ec9n chu.<\/p>\n<p>M\u1ed7i bu\u1ed5i t\u1ed1i, 10 Central kho\u00e1c l\u00ean m\u00ecnh s\u1eafc th\u00e1i \u1ea5m \u00e1p h\u01a1n, n\u01a1i Qu\u00fd kh\u00e1ch qu\u00e2y qu\u1ea7n b\u00ean r\u01b0\u1ee3u vang, cocktail \u0111\u1eb7c tr\u01b0ng v\u00e0 nh\u1eefng m\u00f3n \u0103n nh\u1eb9 nh\u00e0ng k\u1ebft h\u1ee3p h\u01b0\u01a1ng v\u1ecb Vi\u1ec7t Nam v\u00e0 Qu\u1ed1c t\u1ebf. G\u1ea7n g\u0169i, phong c\u00e1ch v\u00e0 gi\u00e0u t\u00ednh k\u1ebft n\u1ed1i, 10 Central l\u00e0 \u0111i\u1ec3m h\u1eb9n s\u00f4i \u0111\u1ed9ng c\u1ee7a kh\u00e1ch s\u1ea1n, \u0111\u1ed3ng h\u00e0nh c\u00f9ng Qu\u00fd kh\u00e1ch t\u1eeb s\u1edbm mai \u0111\u1ebfn \u0111\u00eam mu\u1ed9n.<\/p>\n","protected":false},"excerpt":{"rendered":"<p>T\u1ea1i 10 Central, m\u1ed7i bu\u1ed5i s\u00e1ng b\u1eaft \u0111\u1ea7u trong h\u01b0\u01a1ng th\u01a1m c\u1ee7a b\u00e1nh th\u1ee7 c\u00f4ng m\u1edbi n\u01b0\u1edbng, c\u00e0 ph\u00ea tuy\u1ec3n ch\u1ecdn v\u00e0 nh\u1ecbp \u0111i\u1ec7u nh\u1eb9 nh\u00e0ng c\u1ee7a lobby lounge. Khi ng\u00e0y tr\u00f4i qua, kh\u00f4ng gian tr\u1edf th\u00e0nh s\u00e2n kh\u1ea5u tinh t\u1ebf cho nh\u1eefng bu\u1ed5i g\u1eb7p g\u1ee1 th\u01b0 th\u1ea3, m\u00f3n \u0103n nh\u1eb9 v\u00e0 th\u1ee9c u\u1ed1ng \u0111\u01b0\u1ee3c [&hellip;]<\/p>\n","protected":false},"author":30,"featured_media":0,"parent":57,"menu_order":6,"comment_status":"closed","ping_status":"closed","template":"template-restaurant.php","meta":{"footnotes":""},"categories":[],"class_list":["post-166","page","type-page","status-publish","hentry"],"acf":[],"yoast_head":"<!-- This site is optimized with the Yoast SEO plugin v26.9 - https:\/\/yoast.com\/product\/yoast-seo-wordpress\/ -->\n<title>10 Central Lobby Lounge | C\u00e0 Ph\u00ea, B\u00e1nh Ng\u1ecdt &amp; \u0110i\u1ec3m H\u1eb9n cho m\u1ecdi kho\u1ea3nh kh\u1eafc trong ng\u00e0y t\u1ea1i Fairmont Hanoi<\/title>\n<meta name=\"description\" content=\"Tr\u1ea3i nghi\u1ec7m 10 Central, Lobby Lounge thanh l\u1ecbch c\u1ee7a Fairmont Hanoi, n\u01a1i ph\u1ee5c v\u1ee5 b\u00e1nh ng\u1ecdt th\u1ee7 c\u00f4ng, c\u00e0 ph\u00ea \u0111\u1eb7c s\u1ea3n, m\u00f3n \u0103n nh\u1eb9 tinh t\u1ebf v\u00e0 th\u1ee9c u\u1ed1ng \u0111\u01b0\u1ee3c pha ch\u1ebf ch\u1ec9n chu, \u0111\u1ed3ng h\u00e0nh c\u00f9ng Qu\u00fd kh\u00e1ch t\u1eeb bu\u1ed5i s\u00e1ng \u0111\u1ebfn khi ng\u00e0y d\u1ea7n kh\u00e9p l\u1ea1i.\" \/>\n<meta name=\"robots\" content=\"index, follow, max-snippet:-1, max-image-preview:large, max-video-preview:-1\" \/>\n<link rel=\"canonical\" href=\"https:\/\/www.fairmonthanoi.com\/vi\/restaurants-bars\/10-central\/\" \/>\n<meta property=\"og:locale\" content=\"vi_VN\" \/>\n<meta property=\"og:type\" content=\"article\" \/>\n<meta property=\"og:title\" content=\"10 Central Lobby Lounge | C\u00e0 Ph\u00ea, B\u00e1nh Ng\u1ecdt &amp; \u0110i\u1ec3m H\u1eb9n cho m\u1ecdi kho\u1ea3nh kh\u1eafc trong ng\u00e0y t\u1ea1i Fairmont Hanoi\" \/>\n<meta property=\"og:description\" content=\"Tr\u1ea3i nghi\u1ec7m 10 Central, Lobby Lounge thanh l\u1ecbch c\u1ee7a Fairmont Hanoi, n\u01a1i ph\u1ee5c v\u1ee5 b\u00e1nh ng\u1ecdt th\u1ee7 c\u00f4ng, c\u00e0 ph\u00ea \u0111\u1eb7c s\u1ea3n, m\u00f3n \u0103n nh\u1eb9 tinh t\u1ebf v\u00e0 th\u1ee9c u\u1ed1ng \u0111\u01b0\u1ee3c pha ch\u1ebf ch\u1ec9n chu, \u0111\u1ed3ng h\u00e0nh c\u00f9ng Qu\u00fd kh\u00e1ch t\u1eeb bu\u1ed5i s\u00e1ng \u0111\u1ebfn khi ng\u00e0y d\u1ea7n kh\u00e9p l\u1ea1i.\" \/>\n<meta property=\"og:url\" content=\"https:\/\/www.fairmonthanoi.com\/vi\/restaurants-bars\/10-central\/\" \/>\n<meta property=\"og:site_name\" content=\"Fairmont Hanoi\" \/>\n<meta property=\"article:modified_time\" content=\"2025-12-19T06:00:14+00:00\" \/>\n<meta name=\"twitter:card\" content=\"summary_large_image\" \/>\n<meta name=\"twitter:label1\" content=\"Est. reading time\" \/>\n\t<meta name=\"twitter:data1\" content=\"1 minute\" \/>\n<script type=\"application\/ld+json\" class=\"yoast-schema-graph\">{\"@context\":\"https:\/\/schema.org\",\"@graph\":[{\"@type\":\"WebPage\",\"@id\":\"https:\/\/www.fairmonthanoi.com\/vi\/restaurants-bars\/10-central\/\",\"url\":\"https:\/\/www.fairmonthanoi.com\/vi\/restaurants-bars\/10-central\/\",\"name\":\"10 Central Lobby Lounge | C\u00e0 Ph\u00ea, B\u00e1nh Ng\u1ecdt & \u0110i\u1ec3m H\u1eb9n cho m\u1ecdi kho\u1ea3nh kh\u1eafc trong ng\u00e0y t\u1ea1i Fairmont Hanoi\",\"isPartOf\":{\"@id\":\"https:\/\/www.fairmonthanoi.com\/#website\"},\"datePublished\":\"2025-12-18T06:53:32+00:00\",\"dateModified\":\"2025-12-19T06:00:14+00:00\",\"description\":\"Tr\u1ea3i nghi\u1ec7m 10 Central, Lobby Lounge thanh l\u1ecbch c\u1ee7a Fairmont Hanoi, n\u01a1i ph\u1ee5c v\u1ee5 b\u00e1nh ng\u1ecdt th\u1ee7 c\u00f4ng, c\u00e0 ph\u00ea \u0111\u1eb7c s\u1ea3n, m\u00f3n \u0103n nh\u1eb9 tinh t\u1ebf v\u00e0 th\u1ee9c u\u1ed1ng \u0111\u01b0\u1ee3c pha ch\u1ebf ch\u1ec9n chu, \u0111\u1ed3ng h\u00e0nh c\u00f9ng Qu\u00fd kh\u00e1ch t\u1eeb bu\u1ed5i s\u00e1ng \u0111\u1ebfn khi ng\u00e0y d\u1ea7n kh\u00e9p l\u1ea1i.\",\"breadcrumb\":{\"@id\":\"https:\/\/www.fairmonthanoi.com\/vi\/restaurants-bars\/10-central\/#breadcrumb\"},\"inLanguage\":\"vi-VN\",\"potentialAction\":[{\"@type\":\"ReadAction\",\"target\":[\"https:\/\/www.fairmonthanoi.com\/vi\/restaurants-bars\/10-central\/\"]}]},{\"@type\":\"BreadcrumbList\",\"@id\":\"https:\/\/www.fairmonthanoi.com\/vi\/restaurants-bars\/10-central\/#breadcrumb\",\"itemListElement\":[{\"@type\":\"ListItem\",\"position\":1,\"name\":\"Home\",\"item\":\"https:\/\/www.fairmonthanoi.com\/vi\/\"},{\"@type\":\"ListItem\",\"position\":2,\"name\":\"NH\u00c0 H\u00c0NG &#038; BAR\",\"item\":\"https:\/\/www.fairmonthanoi.com\/vi\/restaurants-bars\/\"},{\"@type\":\"ListItem\",\"position\":3,\"name\":\"10 CENTRAL\"}]},{\"@type\":\"WebSite\",\"@id\":\"https:\/\/www.fairmonthanoi.com\/#website\",\"url\":\"https:\/\/www.fairmonthanoi.com\/\",\"name\":\"Fairmont Hanoi\",\"description\":\"\",\"potentialAction\":[{\"@type\":\"SearchAction\",\"target\":{\"@type\":\"EntryPoint\",\"urlTemplate\":\"https:\/\/www.fairmonthanoi.com\/?s={search_term_string}\"},\"query-input\":{\"@type\":\"PropertyValueSpecification\",\"valueRequired\":true,\"valueName\":\"search_term_string\"}}],\"inLanguage\":\"vi-VN\"}]}<\/script>\n<!-- \/ Yoast SEO plugin. -->","yoast_head_json":{"title":"10 Central Lobby Lounge | C\u00e0 Ph\u00ea, B\u00e1nh Ng\u1ecdt & \u0110i\u1ec3m H\u1eb9n cho m\u1ecdi kho\u1ea3nh kh\u1eafc trong ng\u00e0y t\u1ea1i Fairmont Hanoi","description":"Tr\u1ea3i nghi\u1ec7m 10 Central, Lobby Lounge thanh l\u1ecbch c\u1ee7a Fairmont Hanoi, n\u01a1i ph\u1ee5c v\u1ee5 b\u00e1nh ng\u1ecdt th\u1ee7 c\u00f4ng, c\u00e0 ph\u00ea \u0111\u1eb7c s\u1ea3n, m\u00f3n \u0103n nh\u1eb9 tinh t\u1ebf v\u00e0 th\u1ee9c u\u1ed1ng \u0111\u01b0\u1ee3c pha ch\u1ebf ch\u1ec9n chu, \u0111\u1ed3ng h\u00e0nh c\u00f9ng Qu\u00fd kh\u00e1ch t\u1eeb bu\u1ed5i s\u00e1ng \u0111\u1ebfn khi ng\u00e0y d\u1ea7n kh\u00e9p l\u1ea1i.","robots":{"index":"index","follow":"follow","max-snippet":"max-snippet:-1","max-image-preview":"max-image-preview:large","max-video-preview":"max-video-preview:-1"},"canonical":"https:\/\/www.fairmonthanoi.com\/vi\/restaurants-bars\/10-central\/","og_locale":"vi_VN","og_type":"article","og_title":"10 Central Lobby Lounge | C\u00e0 Ph\u00ea, B\u00e1nh Ng\u1ecdt & \u0110i\u1ec3m H\u1eb9n cho m\u1ecdi kho\u1ea3nh kh\u1eafc trong ng\u00e0y t\u1ea1i Fairmont Hanoi","og_description":"Tr\u1ea3i nghi\u1ec7m 10 Central, Lobby Lounge thanh l\u1ecbch c\u1ee7a Fairmont Hanoi, n\u01a1i ph\u1ee5c v\u1ee5 b\u00e1nh ng\u1ecdt th\u1ee7 c\u00f4ng, c\u00e0 ph\u00ea \u0111\u1eb7c s\u1ea3n, m\u00f3n \u0103n nh\u1eb9 tinh t\u1ebf v\u00e0 th\u1ee9c u\u1ed1ng \u0111\u01b0\u1ee3c pha ch\u1ebf ch\u1ec9n chu, \u0111\u1ed3ng h\u00e0nh c\u00f9ng Qu\u00fd kh\u00e1ch t\u1eeb bu\u1ed5i s\u00e1ng \u0111\u1ebfn khi ng\u00e0y d\u1ea7n kh\u00e9p l\u1ea1i.","og_url":"https:\/\/www.fairmonthanoi.com\/vi\/restaurants-bars\/10-central\/","og_site_name":"Fairmont Hanoi","article_modified_time":"2025-12-19T06:00:14+00:00","twitter_card":"summary_large_image","twitter_misc":{"Est. reading time":"1 minute"},"schema":{"@context":"https:\/\/schema.org","@graph":[{"@type":"WebPage","@id":"https:\/\/www.fairmonthanoi.com\/vi\/restaurants-bars\/10-central\/","url":"https:\/\/www.fairmonthanoi.com\/vi\/restaurants-bars\/10-central\/","name":"10 Central Lobby Lounge | C\u00e0 Ph\u00ea, B\u00e1nh Ng\u1ecdt & \u0110i\u1ec3m H\u1eb9n cho m\u1ecdi kho\u1ea3nh kh\u1eafc trong ng\u00e0y t\u1ea1i Fairmont Hanoi","isPartOf":{"@id":"https:\/\/www.fairmonthanoi.com\/#website"},"datePublished":"2025-12-18T06:53:32+00:00","dateModified":"2025-12-19T06:00:14+00:00","description":"Tr\u1ea3i nghi\u1ec7m 10 Central, Lobby Lounge thanh l\u1ecbch c\u1ee7a Fairmont Hanoi, n\u01a1i ph\u1ee5c v\u1ee5 b\u00e1nh ng\u1ecdt th\u1ee7 c\u00f4ng, c\u00e0 ph\u00ea \u0111\u1eb7c s\u1ea3n, m\u00f3n \u0103n nh\u1eb9 tinh t\u1ebf v\u00e0 th\u1ee9c u\u1ed1ng \u0111\u01b0\u1ee3c pha ch\u1ebf ch\u1ec9n chu, \u0111\u1ed3ng h\u00e0nh c\u00f9ng Qu\u00fd kh\u00e1ch t\u1eeb bu\u1ed5i s\u00e1ng \u0111\u1ebfn khi ng\u00e0y d\u1ea7n kh\u00e9p l\u1ea1i.","breadcrumb":{"@id":"https:\/\/www.fairmonthanoi.com\/vi\/restaurants-bars\/10-central\/#breadcrumb"},"inLanguage":"vi-VN","potentialAction":[{"@type":"ReadAction","target":["https:\/\/www.fairmonthanoi.com\/vi\/restaurants-bars\/10-central\/"]}]},{"@type":"BreadcrumbList","@id":"https:\/\/www.fairmonthanoi.com\/vi\/restaurants-bars\/10-central\/#breadcrumb","itemListElement":[{"@type":"ListItem","position":1,"name":"Home","item":"https:\/\/www.fairmonthanoi.com\/vi\/"},{"@type":"ListItem","position":2,"name":"NH\u00c0 H\u00c0NG &#038; BAR","item":"https:\/\/www.fairmonthanoi.com\/vi\/restaurants-bars\/"},{"@type":"ListItem","position":3,"name":"10 CENTRAL"}]},{"@type":"WebSite","@id":"https:\/\/www.fairmonthanoi.com\/#website","url":"https:\/\/www.fairmonthanoi.com\/","name":"Fairmont Hanoi","description":"","potentialAction":[{"@type":"SearchAction","target":{"@type":"EntryPoint","urlTemplate":"https:\/\/www.fairmonthanoi.com\/?s={search_term_string}"},"query-input":{"@type":"PropertyValueSpecification","valueRequired":true,"valueName":"search_term_string"}}],"inLanguage":"vi-VN"}]}},"_links":{"self":[{"href":"https:\/\/www.fairmonthanoi.com\/vi\/wp-json\/wp\/v2\/pages\/166","targetHints":{"allow":["GET"]}}],"collection":[{"href":"https:\/\/www.fairmonthanoi.com\/vi\/wp-json\/wp\/v2\/pages"}],"about":[{"href":"https:\/\/www.fairmonthanoi.com\/vi\/wp-json\/wp\/v2\/types\/page"}],"author":[{"embeddable":true,"href":"https:\/\/www.fairmonthanoi.com\/vi\/wp-json\/wp\/v2\/users\/30"}],"replies":[{"embeddable":true,"href":"https:\/\/www.fairmonthanoi.com\/vi\/wp-json\/wp\/v2\/comments?post=166"}],"version-history":[{"count":0,"href":"https:\/\/www.fairmonthanoi.com\/vi\/wp-json\/wp\/v2\/pages\/166\/revisions"}],"up":[{"embeddable":true,"href":"https:\/\/www.fairmonthanoi.com\/vi\/wp-json\/wp\/v2\/pages\/57"}],"wp:attachment":[{"href":"https:\/\/www.fairmonthanoi.com\/vi\/wp-json\/wp\/v2\/media?parent=166"}],"wp:term":[{"taxonomy":"category","embeddable":true,"href":"https:\/\/www.fairmonthanoi.com\/vi\/wp-json\/wp\/v2\/categories?post=166"}],"curies":[{"name":"wp","href":"https:\/\/api.w.org\/{rel}","templated":true}]}}