{"id":173,"date":"2025-12-18T07:50:33","date_gmt":"2025-12-18T07:50:33","guid":{"rendered":"https:\/\/fairmonthanoi.accorv2prod2.decms.eu\/event-conference\/grand-ballroom\/"},"modified":"2026-01-21T06:28:03","modified_gmt":"2026-01-21T06:28:03","slug":"grand-ballroom","status":"publish","type":"page","link":"https:\/\/www.fairmonthanoi.com\/vi\/event-conference\/grand-ballroom\/","title":{"rendered":"GRAND BALLROOM"},"content":{"rendered":"<p>T\u1ecda l\u1ea1c t\u1ea1i trung t\u00e2m ph\u1ed1 c\u1ed5, g\u1ea7n H\u1ed3 Ho\u00e0n Ki\u1ebfm, Grand Ballroom c\u1ee7a Fairmont Hanoi r\u1ed9ng 1.100 m\u00b2 v\u1edbi tr\u1ea7n cao 7,4 m\u00e9t, thi\u1ebft k\u1ebf kh\u00f4ng c\u1ed9t c\u00f9ng h\u1ec7 th\u1ed1ng \u00e1nh s\u00e1ng \u0111i\u1ec1u ch\u1ec9nh linh ho\u1ea1t, ki\u1ebfn t\u1ea1o n\u00ean kh\u00f4ng gian \u1ea5n t\u01b0\u1ee3ng cho c\u00e1c d\u1ea1 ti\u1ec7c, l\u1ec5 c\u01b0\u1edbi v\u00e0 h\u1ed9i ngh\u1ecb t\u1ea7m v\u00f3c, mang v\u1ebb \u0111\u1eb9p sang tr\u1ecdng v\u01b0\u1ee3t th\u1eddi gian.<\/p>\n<p>H\u1ec7 th\u1ed1ng \u00e1nh s\u00e1ng linh ho\u1ea1t k\u1ebft h\u1ee3p tr\u00ecnh chi\u1ebfu HD m\u1edf ra m\u1ed9t s\u00e2n kh\u1ea5u li\u1ec1n m\u1ea1ch cho m\u1ecdi \u00fd t\u01b0\u1edfng s\u00e1ng t\u1ea1o. M\u1ed7i s\u1ef1 ki\u1ec7n t\u1ea1i \u0111\u00e2y \u0111\u01b0\u1ee3c d\u00e0n d\u1ef1ng trong s\u1ef1 giao thoa tinh t\u1ebf gi\u1eefa ngh\u1ec7 thu\u1eadt Vi\u1ec7t Nam v\u00e0 c\u00f4ng ngh\u1ec7 \u0111\u01b0\u01a1ng \u0111\u1ea1i, t\u1ea1o n\u00ean nh\u1eefng tr\u1ea3i nghi\u1ec7m tr\u1ecdn v\u1eb9n v\u1ec1 c\u1ea3m x\u00fac, c\u00f3 chi\u1ec1u s\u00e2u v\u00e0 d\u1ea5u \u1ea5n ri\u00eang.<\/p>\n","protected":false},"excerpt":{"rendered":"<p>T\u1ecda l\u1ea1c t\u1ea1i trung t\u00e2m ph\u1ed1 c\u1ed5, g\u1ea7n H\u1ed3 Ho\u00e0n Ki\u1ebfm, Grand Ballroom c\u1ee7a Fairmont Hanoi r\u1ed9ng 1.100 m\u00b2 v\u1edbi tr\u1ea7n cao 7,4 m\u00e9t, thi\u1ebft k\u1ebf kh\u00f4ng c\u1ed9t c\u00f9ng h\u1ec7 th\u1ed1ng \u00e1nh s\u00e1ng \u0111i\u1ec1u ch\u1ec9nh linh ho\u1ea1t, ki\u1ebfn t\u1ea1o n\u00ean kh\u00f4ng gian \u1ea5n t\u01b0\u1ee3ng cho c\u00e1c d\u1ea1 ti\u1ec7c, l\u1ec5 c\u01b0\u1edbi v\u00e0 h\u1ed9i ngh\u1ecb t\u1ea7m v\u00f3c, [&hellip;]<\/p>\n","protected":false},"author":30,"featured_media":0,"parent":117,"menu_order":1,"comment_status":"closed","ping_status":"closed","template":"template-meeting-room.php","meta":{"footnotes":""},"categories":[],"class_list":["post-173","page","type-page","status-publish","hentry"],"acf":[],"yoast_head":"<!-- This site is optimized with the Yoast SEO plugin v26.9 - https:\/\/yoast.com\/product\/yoast-seo-wordpress\/ -->\n<title>Grand Ballroom | Fairmont Hanoi | Trung t\u00e2m s\u1ef1 ki\u1ec7n l\u1edbn nh\u1ea5t Ho\u00e0n Ki\u1ebfm<\/title>\n<meta name=\"description\" content=\"Grand Ballroom 1.100 m\u00b2 v\u1edbi tr\u1ea7n cao 7,4 m kh\u00f4ng c\u1ed9t, \u00e1nh s\u00e1ng linh ho\u1ea1t v\u00e0 tr\u00ecnh chi\u1ebfu HD, l\u00fd t\u01b0\u1edfng cho l\u1ec5 c\u01b0\u1edbi, d\u1ea1 ti\u1ec7c v\u00e0 h\u1ed9i ngh\u1ecb qu\u1ed1c t\u1ebf.\" \/>\n<meta name=\"robots\" content=\"index, follow, max-snippet:-1, max-image-preview:large, max-video-preview:-1\" \/>\n<link rel=\"canonical\" href=\"https:\/\/www.fairmonthanoi.com\/vi\/event-conference\/grand-ballroom\/\" \/>\n<meta property=\"og:locale\" content=\"vi_VN\" \/>\n<meta property=\"og:type\" content=\"article\" \/>\n<meta property=\"og:title\" content=\"Grand Ballroom | Fairmont Hanoi | Trung t\u00e2m s\u1ef1 ki\u1ec7n l\u1edbn nh\u1ea5t Ho\u00e0n Ki\u1ebfm\" \/>\n<meta property=\"og:description\" content=\"Grand Ballroom 1.100 m\u00b2 v\u1edbi tr\u1ea7n cao 7,4 m kh\u00f4ng c\u1ed9t, \u00e1nh s\u00e1ng linh ho\u1ea1t v\u00e0 tr\u00ecnh chi\u1ebfu HD, l\u00fd t\u01b0\u1edfng cho l\u1ec5 c\u01b0\u1edbi, d\u1ea1 ti\u1ec7c v\u00e0 h\u1ed9i ngh\u1ecb qu\u1ed1c t\u1ebf.\" \/>\n<meta property=\"og:url\" content=\"https:\/\/www.fairmonthanoi.com\/vi\/event-conference\/grand-ballroom\/\" \/>\n<meta property=\"og:site_name\" content=\"Fairmont Hanoi\" \/>\n<meta property=\"article:modified_time\" content=\"2026-01-21T06:28:03+00:00\" \/>\n<meta name=\"twitter:card\" content=\"summary_large_image\" \/>\n<meta name=\"twitter:label1\" content=\"Est. reading time\" \/>\n\t<meta name=\"twitter:data1\" content=\"1 minute\" \/>\n<script type=\"application\/ld+json\" class=\"yoast-schema-graph\">{\"@context\":\"https:\/\/schema.org\",\"@graph\":[{\"@type\":\"WebPage\",\"@id\":\"https:\/\/www.fairmonthanoi.com\/vi\/event-conference\/grand-ballroom\/\",\"url\":\"https:\/\/www.fairmonthanoi.com\/vi\/event-conference\/grand-ballroom\/\",\"name\":\"Grand Ballroom | Fairmont Hanoi | Trung t\u00e2m s\u1ef1 ki\u1ec7n l\u1edbn nh\u1ea5t Ho\u00e0n Ki\u1ebfm\",\"isPartOf\":{\"@id\":\"https:\/\/www.fairmonthanoi.com\/#website\"},\"datePublished\":\"2025-12-18T07:50:33+00:00\",\"dateModified\":\"2026-01-21T06:28:03+00:00\",\"description\":\"Grand Ballroom 1.100 m\u00b2 v\u1edbi tr\u1ea7n cao 7,4 m kh\u00f4ng c\u1ed9t, \u00e1nh s\u00e1ng linh ho\u1ea1t v\u00e0 tr\u00ecnh chi\u1ebfu HD, l\u00fd t\u01b0\u1edfng cho l\u1ec5 c\u01b0\u1edbi, d\u1ea1 ti\u1ec7c v\u00e0 h\u1ed9i ngh\u1ecb qu\u1ed1c t\u1ebf.\",\"breadcrumb\":{\"@id\":\"https:\/\/www.fairmonthanoi.com\/vi\/event-conference\/grand-ballroom\/#breadcrumb\"},\"inLanguage\":\"vi-VN\",\"potentialAction\":[{\"@type\":\"ReadAction\",\"target\":[\"https:\/\/www.fairmonthanoi.com\/vi\/event-conference\/grand-ballroom\/\"]}]},{\"@type\":\"BreadcrumbList\",\"@id\":\"https:\/\/www.fairmonthanoi.com\/vi\/event-conference\/grand-ballroom\/#breadcrumb\",\"itemListElement\":[{\"@type\":\"ListItem\",\"position\":1,\"name\":\"Home\",\"item\":\"https:\/\/www.fairmonthanoi.com\/vi\/\"},{\"@type\":\"ListItem\",\"position\":2,\"name\":\"H\u1ed8I NGH\u1eca &#038; S\u1ef0 KI\u1ec6N\",\"item\":\"https:\/\/www.fairmonthanoi.com\/vi\/event-conference\/\"},{\"@type\":\"ListItem\",\"position\":3,\"name\":\"GRAND BALLROOM\"}]},{\"@type\":\"WebSite\",\"@id\":\"https:\/\/www.fairmonthanoi.com\/#website\",\"url\":\"https:\/\/www.fairmonthanoi.com\/\",\"name\":\"Fairmont Hanoi\",\"description\":\"\",\"potentialAction\":[{\"@type\":\"SearchAction\",\"target\":{\"@type\":\"EntryPoint\",\"urlTemplate\":\"https:\/\/www.fairmonthanoi.com\/?s={search_term_string}\"},\"query-input\":{\"@type\":\"PropertyValueSpecification\",\"valueRequired\":true,\"valueName\":\"search_term_string\"}}],\"inLanguage\":\"vi-VN\"}]}<\/script>\n<!-- \/ Yoast SEO plugin. -->","yoast_head_json":{"title":"Grand Ballroom | Fairmont Hanoi | Trung t\u00e2m s\u1ef1 ki\u1ec7n l\u1edbn nh\u1ea5t Ho\u00e0n Ki\u1ebfm","description":"Grand Ballroom 1.100 m\u00b2 v\u1edbi tr\u1ea7n cao 7,4 m kh\u00f4ng c\u1ed9t, \u00e1nh s\u00e1ng linh ho\u1ea1t v\u00e0 tr\u00ecnh chi\u1ebfu HD, l\u00fd t\u01b0\u1edfng cho l\u1ec5 c\u01b0\u1edbi, d\u1ea1 ti\u1ec7c v\u00e0 h\u1ed9i ngh\u1ecb qu\u1ed1c t\u1ebf.","robots":{"index":"index","follow":"follow","max-snippet":"max-snippet:-1","max-image-preview":"max-image-preview:large","max-video-preview":"max-video-preview:-1"},"canonical":"https:\/\/www.fairmonthanoi.com\/vi\/event-conference\/grand-ballroom\/","og_locale":"vi_VN","og_type":"article","og_title":"Grand Ballroom | Fairmont Hanoi | Trung t\u00e2m s\u1ef1 ki\u1ec7n l\u1edbn nh\u1ea5t Ho\u00e0n Ki\u1ebfm","og_description":"Grand Ballroom 1.100 m\u00b2 v\u1edbi tr\u1ea7n cao 7,4 m kh\u00f4ng c\u1ed9t, \u00e1nh s\u00e1ng linh ho\u1ea1t v\u00e0 tr\u00ecnh chi\u1ebfu HD, l\u00fd t\u01b0\u1edfng cho l\u1ec5 c\u01b0\u1edbi, d\u1ea1 ti\u1ec7c v\u00e0 h\u1ed9i ngh\u1ecb qu\u1ed1c t\u1ebf.","og_url":"https:\/\/www.fairmonthanoi.com\/vi\/event-conference\/grand-ballroom\/","og_site_name":"Fairmont Hanoi","article_modified_time":"2026-01-21T06:28:03+00:00","twitter_card":"summary_large_image","twitter_misc":{"Est. reading time":"1 minute"},"schema":{"@context":"https:\/\/schema.org","@graph":[{"@type":"WebPage","@id":"https:\/\/www.fairmonthanoi.com\/vi\/event-conference\/grand-ballroom\/","url":"https:\/\/www.fairmonthanoi.com\/vi\/event-conference\/grand-ballroom\/","name":"Grand Ballroom | Fairmont Hanoi | Trung t\u00e2m s\u1ef1 ki\u1ec7n l\u1edbn nh\u1ea5t Ho\u00e0n Ki\u1ebfm","isPartOf":{"@id":"https:\/\/www.fairmonthanoi.com\/#website"},"datePublished":"2025-12-18T07:50:33+00:00","dateModified":"2026-01-21T06:28:03+00:00","description":"Grand Ballroom 1.100 m\u00b2 v\u1edbi tr\u1ea7n cao 7,4 m kh\u00f4ng c\u1ed9t, \u00e1nh s\u00e1ng linh ho\u1ea1t v\u00e0 tr\u00ecnh chi\u1ebfu HD, l\u00fd t\u01b0\u1edfng cho l\u1ec5 c\u01b0\u1edbi, d\u1ea1 ti\u1ec7c v\u00e0 h\u1ed9i ngh\u1ecb qu\u1ed1c t\u1ebf.","breadcrumb":{"@id":"https:\/\/www.fairmonthanoi.com\/vi\/event-conference\/grand-ballroom\/#breadcrumb"},"inLanguage":"vi-VN","potentialAction":[{"@type":"ReadAction","target":["https:\/\/www.fairmonthanoi.com\/vi\/event-conference\/grand-ballroom\/"]}]},{"@type":"BreadcrumbList","@id":"https:\/\/www.fairmonthanoi.com\/vi\/event-conference\/grand-ballroom\/#breadcrumb","itemListElement":[{"@type":"ListItem","position":1,"name":"Home","item":"https:\/\/www.fairmonthanoi.com\/vi\/"},{"@type":"ListItem","position":2,"name":"H\u1ed8I NGH\u1eca &#038; S\u1ef0 KI\u1ec6N","item":"https:\/\/www.fairmonthanoi.com\/vi\/event-conference\/"},{"@type":"ListItem","position":3,"name":"GRAND BALLROOM"}]},{"@type":"WebSite","@id":"https:\/\/www.fairmonthanoi.com\/#website","url":"https:\/\/www.fairmonthanoi.com\/","name":"Fairmont Hanoi","description":"","potentialAction":[{"@type":"SearchAction","target":{"@type":"EntryPoint","urlTemplate":"https:\/\/www.fairmonthanoi.com\/?s={search_term_string}"},"query-input":{"@type":"PropertyValueSpecification","valueRequired":true,"valueName":"search_term_string"}}],"inLanguage":"vi-VN"}]}},"_links":{"self":[{"href":"https:\/\/www.fairmonthanoi.com\/vi\/wp-json\/wp\/v2\/pages\/173","targetHints":{"allow":["GET"]}}],"collection":[{"href":"https:\/\/www.fairmonthanoi.com\/vi\/wp-json\/wp\/v2\/pages"}],"about":[{"href":"https:\/\/www.fairmonthanoi.com\/vi\/wp-json\/wp\/v2\/types\/page"}],"author":[{"embeddable":true,"href":"https:\/\/www.fairmonthanoi.com\/vi\/wp-json\/wp\/v2\/users\/30"}],"replies":[{"embeddable":true,"href":"https:\/\/www.fairmonthanoi.com\/vi\/wp-json\/wp\/v2\/comments?post=173"}],"version-history":[{"count":0,"href":"https:\/\/www.fairmonthanoi.com\/vi\/wp-json\/wp\/v2\/pages\/173\/revisions"}],"up":[{"embeddable":true,"href":"https:\/\/www.fairmonthanoi.com\/vi\/wp-json\/wp\/v2\/pages\/117"}],"wp:attachment":[{"href":"https:\/\/www.fairmonthanoi.com\/vi\/wp-json\/wp\/v2\/media?parent=173"}],"wp:term":[{"taxonomy":"category","embeddable":true,"href":"https:\/\/www.fairmonthanoi.com\/vi\/wp-json\/wp\/v2\/categories?post=173"}],"curies":[{"name":"wp","href":"https:\/\/api.w.org\/{rel}","templated":true}]}}