{"id":174,"date":"2025-12-18T07:58:39","date_gmt":"2025-12-18T07:58:39","guid":{"rendered":"https:\/\/fairmonthanoi.accorv2prod2.decms.eu\/event-conference\/signature-ballroom\/"},"modified":"2026-01-21T06:28:49","modified_gmt":"2026-01-21T06:28:49","slug":"signature-ballroom","status":"publish","type":"page","link":"https:\/\/www.fairmonthanoi.com\/vi\/event-conference\/signature-ballroom\/","title":{"rendered":"SIGNATURE BALLROOM"},"content":{"rendered":"<p>Signature Ballroom r\u1ed9ng 300 m\u00b2, \u0111\u01b0\u1ee3c thi\u1ebft k\u1ebf tinh t\u1ebf v\u1edbi c\u00e1c m\u1ea3ng trang tr\u00ed th\u1ee7 c\u00f4ng v\u00e0 b\u1ea3ng m\u00e0u \u1ea5m \u00e1p, mang \u0111\u1ebfn b\u1ea7u kh\u00f4ng kh\u00ed th\u00e2n m\u1eadt \u0111\u1eadm ch\u1ea5t ngh\u1ec7 thu\u1eadt. Kh\u00f4ng gian n\u1ed5i b\u1eadt v\u1edbi b\u1ebfp tr\u00ecnh di\u1ec5n m\u1edf v\u00e0 c\u00f4ng ngh\u1ec7 3D mapping, m\u1edf ra nh\u1eefng \u00fd t\u01b0\u1edfng s\u1ef1 ki\u1ec7n s\u00e1ng t\u1ea1o \u0111\u1ea7y c\u1ea3m h\u1ee9ng.<br \/>\nPh\u00f2ng ti\u1ec7c c\u00f3 th\u1ec3 linh ho\u1ea1t chia th\u00e0nh ba khu v\u1ef1c, ph\u00f9 h\u1ee3p cho h\u1ed9i ngh\u1ecb, l\u1ec5 ra m\u1eaft hay nh\u1eefng bu\u1ed5i ti\u1ec7c ri\u00eang t\u01b0, \u0111\u01b0\u1ee3c h\u1ed7 tr\u1ee3 b\u1edfi h\u1ec7 th\u1ed1ng AV ti\u00ean ti\u1ebfn c\u00f9ng d\u1ecbch v\u1ee5 chu\u1ea9n m\u1ef1c c\u1ee7a Fairmont, \u0111\u1ea3m b\u1ea3o m\u1ecdi kho\u1ea3nh kh\u1eafc di\u1ec5n ra li\u1ec1n m\u1ea1ch v\u00e0 tr\u1ecdn v\u1eb9n.<\/p>\n","protected":false},"excerpt":{"rendered":"<p>Signature Ballroom r\u1ed9ng 300 m\u00b2, \u0111\u01b0\u1ee3c thi\u1ebft k\u1ebf tinh t\u1ebf v\u1edbi c\u00e1c m\u1ea3ng trang tr\u00ed th\u1ee7 c\u00f4ng v\u00e0 b\u1ea3ng m\u00e0u \u1ea5m \u00e1p, mang \u0111\u1ebfn b\u1ea7u kh\u00f4ng kh\u00ed th\u00e2n m\u1eadt \u0111\u1eadm ch\u1ea5t ngh\u1ec7 thu\u1eadt. Kh\u00f4ng gian n\u1ed5i b\u1eadt v\u1edbi b\u1ebfp tr\u00ecnh di\u1ec5n m\u1edf v\u00e0 c\u00f4ng ngh\u1ec7 3D mapping, m\u1edf ra nh\u1eefng \u00fd t\u01b0\u1edfng s\u1ef1 ki\u1ec7n s\u00e1ng [&hellip;]<\/p>\n","protected":false},"author":30,"featured_media":0,"parent":117,"menu_order":2,"comment_status":"closed","ping_status":"closed","template":"template-meeting-room.php","meta":{"footnotes":""},"categories":[],"class_list":["post-174","page","type-page","status-publish","hentry"],"acf":[],"yoast_head":"<!-- This site is optimized with the Yoast SEO plugin v26.9 - https:\/\/yoast.com\/product\/yoast-seo-wordpress\/ -->\n<title>Signature Ballroom | Fairmont Hanoi | 3D mapping v\u00e0 b\u1ebfp m\u1edf<\/title>\n<meta name=\"description\" content=\"Signature Ballroom 300 m\u00b2 c\u1ee7a Fairmont Hanoi k\u1ebft h\u1ee3p thi\u1ebft k\u1ebf tinh t\u1ebf, 3D mapping v\u00e0 b\u1ebfp tr\u00ecnh di\u1ec5n m\u1edf, l\u00fd t\u01b0\u1edfng cho h\u1ed9i ngh\u1ecb v\u00e0 ti\u1ec7c phong c\u00e1ch.\" \/>\n<meta name=\"robots\" content=\"index, follow, max-snippet:-1, max-image-preview:large, max-video-preview:-1\" \/>\n<link rel=\"canonical\" href=\"https:\/\/www.fairmonthanoi.com\/vi\/event-conference\/signature-ballroom\/\" \/>\n<meta property=\"og:locale\" content=\"vi_VN\" \/>\n<meta property=\"og:type\" content=\"article\" \/>\n<meta property=\"og:title\" content=\"Signature Ballroom | Fairmont Hanoi | 3D mapping v\u00e0 b\u1ebfp m\u1edf\" \/>\n<meta property=\"og:description\" content=\"Signature Ballroom 300 m\u00b2 c\u1ee7a Fairmont Hanoi k\u1ebft h\u1ee3p thi\u1ebft k\u1ebf tinh t\u1ebf, 3D mapping v\u00e0 b\u1ebfp tr\u00ecnh di\u1ec5n m\u1edf, l\u00fd t\u01b0\u1edfng cho h\u1ed9i ngh\u1ecb v\u00e0 ti\u1ec7c phong c\u00e1ch.\" \/>\n<meta property=\"og:url\" content=\"https:\/\/www.fairmonthanoi.com\/vi\/event-conference\/signature-ballroom\/\" \/>\n<meta property=\"og:site_name\" content=\"Fairmont Hanoi\" \/>\n<meta property=\"article:modified_time\" content=\"2026-01-21T06:28:49+00:00\" \/>\n<meta name=\"twitter:card\" content=\"summary_large_image\" \/>\n<meta name=\"twitter:label1\" content=\"Est. reading time\" \/>\n\t<meta name=\"twitter:data1\" content=\"1 minute\" \/>\n<script type=\"application\/ld+json\" class=\"yoast-schema-graph\">{\"@context\":\"https:\/\/schema.org\",\"@graph\":[{\"@type\":\"WebPage\",\"@id\":\"https:\/\/www.fairmonthanoi.com\/vi\/event-conference\/signature-ballroom\/\",\"url\":\"https:\/\/www.fairmonthanoi.com\/vi\/event-conference\/signature-ballroom\/\",\"name\":\"Signature Ballroom | Fairmont Hanoi | 3D mapping v\u00e0 b\u1ebfp m\u1edf\",\"isPartOf\":{\"@id\":\"https:\/\/www.fairmonthanoi.com\/#website\"},\"datePublished\":\"2025-12-18T07:58:39+00:00\",\"dateModified\":\"2026-01-21T06:28:49+00:00\",\"description\":\"Signature Ballroom 300 m\u00b2 c\u1ee7a Fairmont Hanoi k\u1ebft h\u1ee3p thi\u1ebft k\u1ebf tinh t\u1ebf, 3D mapping v\u00e0 b\u1ebfp tr\u00ecnh di\u1ec5n m\u1edf, l\u00fd t\u01b0\u1edfng cho h\u1ed9i ngh\u1ecb v\u00e0 ti\u1ec7c phong c\u00e1ch.\",\"breadcrumb\":{\"@id\":\"https:\/\/www.fairmonthanoi.com\/vi\/event-conference\/signature-ballroom\/#breadcrumb\"},\"inLanguage\":\"vi-VN\",\"potentialAction\":[{\"@type\":\"ReadAction\",\"target\":[\"https:\/\/www.fairmonthanoi.com\/vi\/event-conference\/signature-ballroom\/\"]}]},{\"@type\":\"BreadcrumbList\",\"@id\":\"https:\/\/www.fairmonthanoi.com\/vi\/event-conference\/signature-ballroom\/#breadcrumb\",\"itemListElement\":[{\"@type\":\"ListItem\",\"position\":1,\"name\":\"Home\",\"item\":\"https:\/\/www.fairmonthanoi.com\/vi\/\"},{\"@type\":\"ListItem\",\"position\":2,\"name\":\"H\u1ed8I NGH\u1eca &#038; S\u1ef0 KI\u1ec6N\",\"item\":\"https:\/\/www.fairmonthanoi.com\/vi\/event-conference\/\"},{\"@type\":\"ListItem\",\"position\":3,\"name\":\"SIGNATURE BALLROOM\"}]},{\"@type\":\"WebSite\",\"@id\":\"https:\/\/www.fairmonthanoi.com\/#website\",\"url\":\"https:\/\/www.fairmonthanoi.com\/\",\"name\":\"Fairmont Hanoi\",\"description\":\"\",\"potentialAction\":[{\"@type\":\"SearchAction\",\"target\":{\"@type\":\"EntryPoint\",\"urlTemplate\":\"https:\/\/www.fairmonthanoi.com\/?s={search_term_string}\"},\"query-input\":{\"@type\":\"PropertyValueSpecification\",\"valueRequired\":true,\"valueName\":\"search_term_string\"}}],\"inLanguage\":\"vi-VN\"}]}<\/script>\n<!-- \/ Yoast SEO plugin. -->","yoast_head_json":{"title":"Signature Ballroom | Fairmont Hanoi | 3D mapping v\u00e0 b\u1ebfp m\u1edf","description":"Signature Ballroom 300 m\u00b2 c\u1ee7a Fairmont Hanoi k\u1ebft h\u1ee3p thi\u1ebft k\u1ebf tinh t\u1ebf, 3D mapping v\u00e0 b\u1ebfp tr\u00ecnh di\u1ec5n m\u1edf, l\u00fd t\u01b0\u1edfng cho h\u1ed9i ngh\u1ecb v\u00e0 ti\u1ec7c phong c\u00e1ch.","robots":{"index":"index","follow":"follow","max-snippet":"max-snippet:-1","max-image-preview":"max-image-preview:large","max-video-preview":"max-video-preview:-1"},"canonical":"https:\/\/www.fairmonthanoi.com\/vi\/event-conference\/signature-ballroom\/","og_locale":"vi_VN","og_type":"article","og_title":"Signature Ballroom | Fairmont Hanoi | 3D mapping v\u00e0 b\u1ebfp m\u1edf","og_description":"Signature Ballroom 300 m\u00b2 c\u1ee7a Fairmont Hanoi k\u1ebft h\u1ee3p thi\u1ebft k\u1ebf tinh t\u1ebf, 3D mapping v\u00e0 b\u1ebfp tr\u00ecnh di\u1ec5n m\u1edf, l\u00fd t\u01b0\u1edfng cho h\u1ed9i ngh\u1ecb v\u00e0 ti\u1ec7c phong c\u00e1ch.","og_url":"https:\/\/www.fairmonthanoi.com\/vi\/event-conference\/signature-ballroom\/","og_site_name":"Fairmont Hanoi","article_modified_time":"2026-01-21T06:28:49+00:00","twitter_card":"summary_large_image","twitter_misc":{"Est. reading time":"1 minute"},"schema":{"@context":"https:\/\/schema.org","@graph":[{"@type":"WebPage","@id":"https:\/\/www.fairmonthanoi.com\/vi\/event-conference\/signature-ballroom\/","url":"https:\/\/www.fairmonthanoi.com\/vi\/event-conference\/signature-ballroom\/","name":"Signature Ballroom | Fairmont Hanoi | 3D mapping v\u00e0 b\u1ebfp m\u1edf","isPartOf":{"@id":"https:\/\/www.fairmonthanoi.com\/#website"},"datePublished":"2025-12-18T07:58:39+00:00","dateModified":"2026-01-21T06:28:49+00:00","description":"Signature Ballroom 300 m\u00b2 c\u1ee7a Fairmont Hanoi k\u1ebft h\u1ee3p thi\u1ebft k\u1ebf tinh t\u1ebf, 3D mapping v\u00e0 b\u1ebfp tr\u00ecnh di\u1ec5n m\u1edf, l\u00fd t\u01b0\u1edfng cho h\u1ed9i ngh\u1ecb v\u00e0 ti\u1ec7c phong c\u00e1ch.","breadcrumb":{"@id":"https:\/\/www.fairmonthanoi.com\/vi\/event-conference\/signature-ballroom\/#breadcrumb"},"inLanguage":"vi-VN","potentialAction":[{"@type":"ReadAction","target":["https:\/\/www.fairmonthanoi.com\/vi\/event-conference\/signature-ballroom\/"]}]},{"@type":"BreadcrumbList","@id":"https:\/\/www.fairmonthanoi.com\/vi\/event-conference\/signature-ballroom\/#breadcrumb","itemListElement":[{"@type":"ListItem","position":1,"name":"Home","item":"https:\/\/www.fairmonthanoi.com\/vi\/"},{"@type":"ListItem","position":2,"name":"H\u1ed8I NGH\u1eca &#038; S\u1ef0 KI\u1ec6N","item":"https:\/\/www.fairmonthanoi.com\/vi\/event-conference\/"},{"@type":"ListItem","position":3,"name":"SIGNATURE BALLROOM"}]},{"@type":"WebSite","@id":"https:\/\/www.fairmonthanoi.com\/#website","url":"https:\/\/www.fairmonthanoi.com\/","name":"Fairmont Hanoi","description":"","potentialAction":[{"@type":"SearchAction","target":{"@type":"EntryPoint","urlTemplate":"https:\/\/www.fairmonthanoi.com\/?s={search_term_string}"},"query-input":{"@type":"PropertyValueSpecification","valueRequired":true,"valueName":"search_term_string"}}],"inLanguage":"vi-VN"}]}},"_links":{"self":[{"href":"https:\/\/www.fairmonthanoi.com\/vi\/wp-json\/wp\/v2\/pages\/174","targetHints":{"allow":["GET"]}}],"collection":[{"href":"https:\/\/www.fairmonthanoi.com\/vi\/wp-json\/wp\/v2\/pages"}],"about":[{"href":"https:\/\/www.fairmonthanoi.com\/vi\/wp-json\/wp\/v2\/types\/page"}],"author":[{"embeddable":true,"href":"https:\/\/www.fairmonthanoi.com\/vi\/wp-json\/wp\/v2\/users\/30"}],"replies":[{"embeddable":true,"href":"https:\/\/www.fairmonthanoi.com\/vi\/wp-json\/wp\/v2\/comments?post=174"}],"version-history":[{"count":0,"href":"https:\/\/www.fairmonthanoi.com\/vi\/wp-json\/wp\/v2\/pages\/174\/revisions"}],"up":[{"embeddable":true,"href":"https:\/\/www.fairmonthanoi.com\/vi\/wp-json\/wp\/v2\/pages\/117"}],"wp:attachment":[{"href":"https:\/\/www.fairmonthanoi.com\/vi\/wp-json\/wp\/v2\/media?parent=174"}],"wp:term":[{"taxonomy":"category","embeddable":true,"href":"https:\/\/www.fairmonthanoi.com\/vi\/wp-json\/wp\/v2\/categories?post=174"}],"curies":[{"name":"wp","href":"https:\/\/api.w.org\/{rel}","templated":true}]}}