{"id":175,"date":"2025-12-18T08:00:21","date_gmt":"2025-12-18T08:00:21","guid":{"rendered":"https:\/\/fairmonthanoi.accorv2prod2.decms.eu\/event-conference\/junior-ballroom\/"},"modified":"2026-01-21T06:29:46","modified_gmt":"2026-01-21T06:29:46","slug":"junior-ballroom","status":"publish","type":"page","link":"https:\/\/www.fairmonthanoi.com\/vi\/event-conference\/junior-ballroom\/","title":{"rendered":"JUNIOR BALLROOM"},"content":{"rendered":"<p>Junior Ballroom r\u1ed9ng 260 m\u00b2, chan h\u00f2a \u00e1nh s\u00e1ng t\u1ef1 nhi\u00ean c\u00f9ng gam m\u00e0u \u1ea5m \u00e1p, ph\u1ea3n chi\u1ebfu n\u00e9t duy m\u1ef9 v\u00e0 tinh th\u1ea7n ngh\u1ec7 thu\u1eadt c\u1ee7a H\u00e0 N\u1ed9i. Kh\u00f4ng gian \u0111\u01b0\u1ee3c trang b\u1ecb h\u1ec7 th\u1ed1ng LED v\u00e0 m\u00e1y chi\u1ebfu t\u00edch h\u1ee3p, mang \u0111\u1ebfn b\u1ed1i c\u1ea3nh s\u1ed1ng \u0111\u1ed9ng cho h\u1ed9i ngh\u1ecb, y\u1ebfn ti\u1ec7c v\u00e0 l\u1ec5 ra m\u1eaft.<\/p>\n<p>Ph\u00f2ng ti\u1ec7c c\u00f3 th\u1ec3 linh ho\u1ea1t chia th\u00e0nh hai khu v\u1ef1c, \u0111\u1ed3ng th\u1eddi k\u1ebft n\u1ed1i li\u1ec1n m\u1ea1ch v\u1edbi 6 ph\u00f2ng h\u1ecdp tr\u00ean c\u00f9ng t\u1ea7ng, h\u00ecnh th\u00e0nh m\u1ed9t trung t\u00e2m thu\u1eadn ti\u1ec7n cho c\u00e1c cu\u1ed9c h\u1ecdp v\u00e0 khu v\u1ef1c th\u1ea3o lu\u1eadn. T\u1ea5t c\u1ea3 \u0111\u01b0\u1ee3c h\u1ed7 tr\u1ee3 b\u1edfi h\u1ec7 th\u1ed1ng AV ti\u00ean ti\u1ebfn c\u00f9ng d\u1ecbch v\u1ee5 chu\u1ea9n m\u1ef1c c\u1ee7a Fairmont, \u0111\u1ea3m b\u1ea3o m\u1ecdi s\u1ef1 ki\u1ec7n di\u1ec5n ra tr\u1ecdn v\u1eb9n v\u00e0 li\u1ec1n m\u1ea1ch.<\/p>\n","protected":false},"excerpt":{"rendered":"<p>Junior Ballroom r\u1ed9ng 260 m\u00b2, chan h\u00f2a \u00e1nh s\u00e1ng t\u1ef1 nhi\u00ean c\u00f9ng gam m\u00e0u \u1ea5m \u00e1p, ph\u1ea3n chi\u1ebfu n\u00e9t duy m\u1ef9 v\u00e0 tinh th\u1ea7n ngh\u1ec7 thu\u1eadt c\u1ee7a H\u00e0 N\u1ed9i. Kh\u00f4ng gian \u0111\u01b0\u1ee3c trang b\u1ecb h\u1ec7 th\u1ed1ng LED v\u00e0 m\u00e1y chi\u1ebfu t\u00edch h\u1ee3p, mang \u0111\u1ebfn b\u1ed1i c\u1ea3nh s\u1ed1ng \u0111\u1ed9ng cho h\u1ed9i ngh\u1ecb, y\u1ebfn ti\u1ec7c v\u00e0 l\u1ec5 [&hellip;]<\/p>\n","protected":false},"author":30,"featured_media":0,"parent":117,"menu_order":3,"comment_status":"closed","ping_status":"closed","template":"template-meeting-room.php","meta":{"footnotes":""},"categories":[],"class_list":["post-175","page","type-page","status-publish","hentry"],"acf":[],"yoast_head":"<!-- This site is optimized with the Yoast SEO plugin v26.9 - https:\/\/yoast.com\/product\/yoast-seo-wordpress\/ -->\n<title>Junior Ballroom | Fairmont Hanoi | \u00c1nh s\u00e1ng t\u1ef1 nhi\u00ean c\u00f9ng m\u00e0n LED<\/title>\n<meta name=\"description\" content=\"Junior Ballroom 260 m\u00b2 c\u1ee7a Fairmont Hanoi ng\u1eadp tr\u00e0n \u00e1nh s\u00e1ng t\u1ef1 nhi\u00ean, t\u00edch h\u1ee3p LED v\u00e0 b\u1ed1 c\u1ee5c linh ho\u1ea1t, ph\u00f9 h\u1ee3p cho h\u1ed9i h\u1ecdp, ra m\u1eaft v\u00e0 ti\u1ec7c k\u1ef7 ni\u1ec7m.\" \/>\n<meta name=\"robots\" content=\"index, follow, max-snippet:-1, max-image-preview:large, max-video-preview:-1\" \/>\n<link rel=\"canonical\" href=\"https:\/\/www.fairmonthanoi.com\/vi\/event-conference\/junior-ballroom\/\" \/>\n<meta property=\"og:locale\" content=\"vi_VN\" \/>\n<meta property=\"og:type\" content=\"article\" \/>\n<meta property=\"og:title\" content=\"Junior Ballroom | Fairmont Hanoi | \u00c1nh s\u00e1ng t\u1ef1 nhi\u00ean c\u00f9ng m\u00e0n LED\" \/>\n<meta property=\"og:description\" content=\"Junior Ballroom 260 m\u00b2 c\u1ee7a Fairmont Hanoi ng\u1eadp tr\u00e0n \u00e1nh s\u00e1ng t\u1ef1 nhi\u00ean, t\u00edch h\u1ee3p LED v\u00e0 b\u1ed1 c\u1ee5c linh ho\u1ea1t, ph\u00f9 h\u1ee3p cho h\u1ed9i h\u1ecdp, ra m\u1eaft v\u00e0 ti\u1ec7c k\u1ef7 ni\u1ec7m.\" \/>\n<meta property=\"og:url\" content=\"https:\/\/www.fairmonthanoi.com\/vi\/event-conference\/junior-ballroom\/\" \/>\n<meta property=\"og:site_name\" content=\"Fairmont Hanoi\" \/>\n<meta property=\"article:modified_time\" content=\"2026-01-21T06:29:46+00:00\" \/>\n<meta name=\"twitter:card\" content=\"summary_large_image\" \/>\n<meta name=\"twitter:label1\" content=\"Est. reading time\" \/>\n\t<meta name=\"twitter:data1\" content=\"1 minute\" \/>\n<script type=\"application\/ld+json\" class=\"yoast-schema-graph\">{\"@context\":\"https:\/\/schema.org\",\"@graph\":[{\"@type\":\"WebPage\",\"@id\":\"https:\/\/www.fairmonthanoi.com\/vi\/event-conference\/junior-ballroom\/\",\"url\":\"https:\/\/www.fairmonthanoi.com\/vi\/event-conference\/junior-ballroom\/\",\"name\":\"Junior Ballroom | Fairmont Hanoi | \u00c1nh s\u00e1ng t\u1ef1 nhi\u00ean c\u00f9ng m\u00e0n LED\",\"isPartOf\":{\"@id\":\"https:\/\/www.fairmonthanoi.com\/#website\"},\"datePublished\":\"2025-12-18T08:00:21+00:00\",\"dateModified\":\"2026-01-21T06:29:46+00:00\",\"description\":\"Junior Ballroom 260 m\u00b2 c\u1ee7a Fairmont Hanoi ng\u1eadp tr\u00e0n \u00e1nh s\u00e1ng t\u1ef1 nhi\u00ean, t\u00edch h\u1ee3p LED v\u00e0 b\u1ed1 c\u1ee5c linh ho\u1ea1t, ph\u00f9 h\u1ee3p cho h\u1ed9i h\u1ecdp, ra m\u1eaft v\u00e0 ti\u1ec7c k\u1ef7 ni\u1ec7m.\",\"breadcrumb\":{\"@id\":\"https:\/\/www.fairmonthanoi.com\/vi\/event-conference\/junior-ballroom\/#breadcrumb\"},\"inLanguage\":\"vi-VN\",\"potentialAction\":[{\"@type\":\"ReadAction\",\"target\":[\"https:\/\/www.fairmonthanoi.com\/vi\/event-conference\/junior-ballroom\/\"]}]},{\"@type\":\"BreadcrumbList\",\"@id\":\"https:\/\/www.fairmonthanoi.com\/vi\/event-conference\/junior-ballroom\/#breadcrumb\",\"itemListElement\":[{\"@type\":\"ListItem\",\"position\":1,\"name\":\"Home\",\"item\":\"https:\/\/www.fairmonthanoi.com\/vi\/\"},{\"@type\":\"ListItem\",\"position\":2,\"name\":\"H\u1ed8I NGH\u1eca &#038; S\u1ef0 KI\u1ec6N\",\"item\":\"https:\/\/www.fairmonthanoi.com\/vi\/event-conference\/\"},{\"@type\":\"ListItem\",\"position\":3,\"name\":\"JUNIOR BALLROOM\"}]},{\"@type\":\"WebSite\",\"@id\":\"https:\/\/www.fairmonthanoi.com\/#website\",\"url\":\"https:\/\/www.fairmonthanoi.com\/\",\"name\":\"Fairmont Hanoi\",\"description\":\"\",\"potentialAction\":[{\"@type\":\"SearchAction\",\"target\":{\"@type\":\"EntryPoint\",\"urlTemplate\":\"https:\/\/www.fairmonthanoi.com\/?s={search_term_string}\"},\"query-input\":{\"@type\":\"PropertyValueSpecification\",\"valueRequired\":true,\"valueName\":\"search_term_string\"}}],\"inLanguage\":\"vi-VN\"}]}<\/script>\n<!-- \/ Yoast SEO plugin. -->","yoast_head_json":{"title":"Junior Ballroom | Fairmont Hanoi | \u00c1nh s\u00e1ng t\u1ef1 nhi\u00ean c\u00f9ng m\u00e0n LED","description":"Junior Ballroom 260 m\u00b2 c\u1ee7a Fairmont Hanoi ng\u1eadp tr\u00e0n \u00e1nh s\u00e1ng t\u1ef1 nhi\u00ean, t\u00edch h\u1ee3p LED v\u00e0 b\u1ed1 c\u1ee5c linh ho\u1ea1t, ph\u00f9 h\u1ee3p cho h\u1ed9i h\u1ecdp, ra m\u1eaft v\u00e0 ti\u1ec7c k\u1ef7 ni\u1ec7m.","robots":{"index":"index","follow":"follow","max-snippet":"max-snippet:-1","max-image-preview":"max-image-preview:large","max-video-preview":"max-video-preview:-1"},"canonical":"https:\/\/www.fairmonthanoi.com\/vi\/event-conference\/junior-ballroom\/","og_locale":"vi_VN","og_type":"article","og_title":"Junior Ballroom | Fairmont Hanoi | \u00c1nh s\u00e1ng t\u1ef1 nhi\u00ean c\u00f9ng m\u00e0n LED","og_description":"Junior Ballroom 260 m\u00b2 c\u1ee7a Fairmont Hanoi ng\u1eadp tr\u00e0n \u00e1nh s\u00e1ng t\u1ef1 nhi\u00ean, t\u00edch h\u1ee3p LED v\u00e0 b\u1ed1 c\u1ee5c linh ho\u1ea1t, ph\u00f9 h\u1ee3p cho h\u1ed9i h\u1ecdp, ra m\u1eaft v\u00e0 ti\u1ec7c k\u1ef7 ni\u1ec7m.","og_url":"https:\/\/www.fairmonthanoi.com\/vi\/event-conference\/junior-ballroom\/","og_site_name":"Fairmont Hanoi","article_modified_time":"2026-01-21T06:29:46+00:00","twitter_card":"summary_large_image","twitter_misc":{"Est. reading time":"1 minute"},"schema":{"@context":"https:\/\/schema.org","@graph":[{"@type":"WebPage","@id":"https:\/\/www.fairmonthanoi.com\/vi\/event-conference\/junior-ballroom\/","url":"https:\/\/www.fairmonthanoi.com\/vi\/event-conference\/junior-ballroom\/","name":"Junior Ballroom | Fairmont Hanoi | \u00c1nh s\u00e1ng t\u1ef1 nhi\u00ean c\u00f9ng m\u00e0n LED","isPartOf":{"@id":"https:\/\/www.fairmonthanoi.com\/#website"},"datePublished":"2025-12-18T08:00:21+00:00","dateModified":"2026-01-21T06:29:46+00:00","description":"Junior Ballroom 260 m\u00b2 c\u1ee7a Fairmont Hanoi ng\u1eadp tr\u00e0n \u00e1nh s\u00e1ng t\u1ef1 nhi\u00ean, t\u00edch h\u1ee3p LED v\u00e0 b\u1ed1 c\u1ee5c linh ho\u1ea1t, ph\u00f9 h\u1ee3p cho h\u1ed9i h\u1ecdp, ra m\u1eaft v\u00e0 ti\u1ec7c k\u1ef7 ni\u1ec7m.","breadcrumb":{"@id":"https:\/\/www.fairmonthanoi.com\/vi\/event-conference\/junior-ballroom\/#breadcrumb"},"inLanguage":"vi-VN","potentialAction":[{"@type":"ReadAction","target":["https:\/\/www.fairmonthanoi.com\/vi\/event-conference\/junior-ballroom\/"]}]},{"@type":"BreadcrumbList","@id":"https:\/\/www.fairmonthanoi.com\/vi\/event-conference\/junior-ballroom\/#breadcrumb","itemListElement":[{"@type":"ListItem","position":1,"name":"Home","item":"https:\/\/www.fairmonthanoi.com\/vi\/"},{"@type":"ListItem","position":2,"name":"H\u1ed8I NGH\u1eca &#038; S\u1ef0 KI\u1ec6N","item":"https:\/\/www.fairmonthanoi.com\/vi\/event-conference\/"},{"@type":"ListItem","position":3,"name":"JUNIOR BALLROOM"}]},{"@type":"WebSite","@id":"https:\/\/www.fairmonthanoi.com\/#website","url":"https:\/\/www.fairmonthanoi.com\/","name":"Fairmont Hanoi","description":"","potentialAction":[{"@type":"SearchAction","target":{"@type":"EntryPoint","urlTemplate":"https:\/\/www.fairmonthanoi.com\/?s={search_term_string}"},"query-input":{"@type":"PropertyValueSpecification","valueRequired":true,"valueName":"search_term_string"}}],"inLanguage":"vi-VN"}]}},"_links":{"self":[{"href":"https:\/\/www.fairmonthanoi.com\/vi\/wp-json\/wp\/v2\/pages\/175","targetHints":{"allow":["GET"]}}],"collection":[{"href":"https:\/\/www.fairmonthanoi.com\/vi\/wp-json\/wp\/v2\/pages"}],"about":[{"href":"https:\/\/www.fairmonthanoi.com\/vi\/wp-json\/wp\/v2\/types\/page"}],"author":[{"embeddable":true,"href":"https:\/\/www.fairmonthanoi.com\/vi\/wp-json\/wp\/v2\/users\/30"}],"replies":[{"embeddable":true,"href":"https:\/\/www.fairmonthanoi.com\/vi\/wp-json\/wp\/v2\/comments?post=175"}],"version-history":[{"count":0,"href":"https:\/\/www.fairmonthanoi.com\/vi\/wp-json\/wp\/v2\/pages\/175\/revisions"}],"up":[{"embeddable":true,"href":"https:\/\/www.fairmonthanoi.com\/vi\/wp-json\/wp\/v2\/pages\/117"}],"wp:attachment":[{"href":"https:\/\/www.fairmonthanoi.com\/vi\/wp-json\/wp\/v2\/media?parent=175"}],"wp:term":[{"taxonomy":"category","embeddable":true,"href":"https:\/\/www.fairmonthanoi.com\/vi\/wp-json\/wp\/v2\/categories?post=175"}],"curies":[{"name":"wp","href":"https:\/\/api.w.org\/{rel}","templated":true}]}}