{"id":176,"date":"2025-12-18T08:03:07","date_gmt":"2025-12-18T08:03:07","guid":{"rendered":"https:\/\/fairmonthanoi.accorv2prod2.decms.eu\/event-conference\/meeting-room-1\/"},"modified":"2026-01-29T07:35:56","modified_gmt":"2026-01-29T07:35:56","slug":"meeting-room-1","status":"publish","type":"page","link":"https:\/\/www.fairmonthanoi.com\/vi\/event-conference\/meeting-room-1\/","title":{"rendered":"PH\u00d2NG H\u1eccP 1"},"content":{"rendered":"<p>Ph\u00f2ng h\u1ecdp r\u1ed9ng 87 m\u00b2 m\u1edf ra kh\u00f4ng gian thanh l\u1ecbch v\u00e0 ri\u00eang t\u01b0 cho nh\u1eefng cu\u1ed9c th\u1ea3o lu\u1eadn chuy\u00ean \u0111\u1ec1. \u0110\u01b0\u1ee3c thi\u1ebft k\u1ebf v\u1edbi c\u00e1c chi ti\u1ebft s\u01a1n m\u00e0i truy\u1ec1n th\u1ed1ng, h\u1ec7 th\u1ed1ng c\u00e1ch \u00e2m hi\u1ec7u qu\u1ea3 v\u00e0 c\u00f4ng ngh\u1ec7 hi\u1ec7n \u0111\u1ea1i, n\u01a1i \u0111\u00e2y \u0111\u1ea3m b\u1ea3o m\u1ecdi h\u00e0nh tr\u00ecnh l\u00e0m vi\u1ec7c c\u1ee7a Qu\u00fd kh\u00e1ch \u0111\u1ec1u \u0111\u01b0\u1ee3c k\u1ebft n\u1ed1i li\u1ec1n m\u1ea1ch. C\u00e1c t\u00e1c ph\u1ea9m ngh\u1ec7 thu\u1eadt Vi\u1ec7t Nam mang \u0111\u1eadm d\u1ea5u \u1ea5n v\u0103n ho\u00e1 \u0111\u01b0\u1ee3c tuy\u1ec3n ch\u1ecdn tinh t\u1ebf, trong khi v\u1ecb tr\u00ed li\u1ec1n k\u1ec1 Junior Ballroom gi\u00fap kh\u00f4ng gian tr\u1edf th\u00e0nh l\u1ef1a ch\u1ecdn l\u00fd t\u01b0\u1edfng cho c\u00e1c s\u1ef1 ki\u1ec7n h\u1ecdp c\u1ea5p cao ho\u1eb7c phi\u00ean lu\u1eadn nh\u00f3m \u0111\u1ea7y n\u0103ng l\u01b0\u1ee3ng, cu\u1ed1i c\u00f9ng \u0111\u01b0\u1ee3c ho\u00e0n thi\u1ec7n b\u1edfi phong c\u00e1ch ph\u1ee5c v\u1ee5 k\u00edn \u0111\u00e1o v\u00e0 tinh t\u1ebf \u0111\u1eb7c tr\u01b0ng c\u1ee7a Fairmont.<\/p>\n","protected":false},"excerpt":{"rendered":"<p>Ph\u00f2ng h\u1ecdp r\u1ed9ng 87 m\u00b2 m\u1edf ra kh\u00f4ng gian thanh l\u1ecbch v\u00e0 ri\u00eang t\u01b0 cho nh\u1eefng cu\u1ed9c th\u1ea3o lu\u1eadn chuy\u00ean \u0111\u1ec1. \u0110\u01b0\u1ee3c thi\u1ebft k\u1ebf v\u1edbi c\u00e1c chi ti\u1ebft s\u01a1n m\u00e0i truy\u1ec1n th\u1ed1ng, h\u1ec7 th\u1ed1ng c\u00e1ch \u00e2m hi\u1ec7u qu\u1ea3 v\u00e0 c\u00f4ng ngh\u1ec7 hi\u1ec7n \u0111\u1ea1i, n\u01a1i \u0111\u00e2y \u0111\u1ea3m b\u1ea3o m\u1ecdi h\u00e0nh tr\u00ecnh l\u00e0m vi\u1ec7c c\u1ee7a Qu\u00fd kh\u00e1ch [&hellip;]<\/p>\n","protected":false},"author":30,"featured_media":0,"parent":117,"menu_order":4,"comment_status":"closed","ping_status":"closed","template":"template-meeting-room.php","meta":{"footnotes":""},"categories":[],"class_list":["post-176","page","type-page","status-publish","hentry"],"acf":[],"yoast_head":"<!-- This site is optimized with the Yoast SEO plugin v26.9 - https:\/\/yoast.com\/product\/yoast-seo-wordpress\/ -->\n<title>Ph\u00f2ng H\u1ecdp 1 | Fairmont Hanoi | Kh\u00f4ng gian k\u1ebft n\u1ed1i cho s\u1ef1 ki\u1ec7n ri\u00eang t\u01b0<\/title>\n<meta name=\"description\" content=\"Fairmont Hanoi s\u1edf h\u1eefu 6 ph\u00f2ng h\u1ecdp cao c\u1ea5p, ti\u1ec1n s\u1ea3nh v\u00e0 Lounge trang nh\u00e3, l\u00fd t\u01b0\u1edfng cho c\u00e1c bu\u1ed5i g\u1eb7p g\u1ee1 v\u00e0 s\u1ef1 ki\u1ec7n ri\u00eang t\u01b0.\" \/>\n<meta name=\"robots\" content=\"index, follow, max-snippet:-1, max-image-preview:large, max-video-preview:-1\" \/>\n<link rel=\"canonical\" href=\"https:\/\/www.fairmonthanoi.com\/vi\/event-conference\/meeting-room-1\/\" \/>\n<meta property=\"og:locale\" content=\"vi_VN\" \/>\n<meta property=\"og:type\" content=\"article\" \/>\n<meta property=\"og:title\" content=\"Ph\u00f2ng H\u1ecdp 1 | Fairmont Hanoi | Kh\u00f4ng gian k\u1ebft n\u1ed1i cho s\u1ef1 ki\u1ec7n ri\u00eang t\u01b0\" \/>\n<meta property=\"og:description\" content=\"Fairmont Hanoi s\u1edf h\u1eefu 6 ph\u00f2ng h\u1ecdp cao c\u1ea5p, ti\u1ec1n s\u1ea3nh v\u00e0 Lounge trang nh\u00e3, l\u00fd t\u01b0\u1edfng cho c\u00e1c bu\u1ed5i g\u1eb7p g\u1ee1 v\u00e0 s\u1ef1 ki\u1ec7n ri\u00eang t\u01b0.\" \/>\n<meta property=\"og:url\" content=\"https:\/\/www.fairmonthanoi.com\/vi\/event-conference\/meeting-room-1\/\" \/>\n<meta property=\"og:site_name\" content=\"Fairmont Hanoi\" \/>\n<meta property=\"article:modified_time\" content=\"2026-01-29T07:35:56+00:00\" \/>\n<meta name=\"twitter:card\" content=\"summary_large_image\" \/>\n<meta name=\"twitter:label1\" content=\"Est. reading time\" \/>\n\t<meta name=\"twitter:data1\" content=\"1 minute\" \/>\n<script type=\"application\/ld+json\" class=\"yoast-schema-graph\">{\"@context\":\"https:\/\/schema.org\",\"@graph\":[{\"@type\":\"WebPage\",\"@id\":\"https:\/\/www.fairmonthanoi.com\/vi\/event-conference\/meeting-room-1\/\",\"url\":\"https:\/\/www.fairmonthanoi.com\/vi\/event-conference\/meeting-room-1\/\",\"name\":\"Ph\u00f2ng H\u1ecdp 1 | Fairmont Hanoi | Kh\u00f4ng gian k\u1ebft n\u1ed1i cho s\u1ef1 ki\u1ec7n ri\u00eang t\u01b0\",\"isPartOf\":{\"@id\":\"https:\/\/www.fairmonthanoi.com\/#website\"},\"datePublished\":\"2025-12-18T08:03:07+00:00\",\"dateModified\":\"2026-01-29T07:35:56+00:00\",\"description\":\"Fairmont Hanoi s\u1edf h\u1eefu 6 ph\u00f2ng h\u1ecdp cao c\u1ea5p, ti\u1ec1n s\u1ea3nh v\u00e0 Lounge trang nh\u00e3, l\u00fd t\u01b0\u1edfng cho c\u00e1c bu\u1ed5i g\u1eb7p g\u1ee1 v\u00e0 s\u1ef1 ki\u1ec7n ri\u00eang t\u01b0.\",\"breadcrumb\":{\"@id\":\"https:\/\/www.fairmonthanoi.com\/vi\/event-conference\/meeting-room-1\/#breadcrumb\"},\"inLanguage\":\"vi-VN\",\"potentialAction\":[{\"@type\":\"ReadAction\",\"target\":[\"https:\/\/www.fairmonthanoi.com\/vi\/event-conference\/meeting-room-1\/\"]}]},{\"@type\":\"BreadcrumbList\",\"@id\":\"https:\/\/www.fairmonthanoi.com\/vi\/event-conference\/meeting-room-1\/#breadcrumb\",\"itemListElement\":[{\"@type\":\"ListItem\",\"position\":1,\"name\":\"Home\",\"item\":\"https:\/\/www.fairmonthanoi.com\/vi\/\"},{\"@type\":\"ListItem\",\"position\":2,\"name\":\"H\u1ed8I NGH\u1eca &#038; S\u1ef0 KI\u1ec6N\",\"item\":\"https:\/\/www.fairmonthanoi.com\/vi\/event-conference\/\"},{\"@type\":\"ListItem\",\"position\":3,\"name\":\"PH\u00d2NG H\u1eccP 1\"}]},{\"@type\":\"WebSite\",\"@id\":\"https:\/\/www.fairmonthanoi.com\/#website\",\"url\":\"https:\/\/www.fairmonthanoi.com\/\",\"name\":\"Fairmont Hanoi\",\"description\":\"\",\"potentialAction\":[{\"@type\":\"SearchAction\",\"target\":{\"@type\":\"EntryPoint\",\"urlTemplate\":\"https:\/\/www.fairmonthanoi.com\/?s={search_term_string}\"},\"query-input\":{\"@type\":\"PropertyValueSpecification\",\"valueRequired\":true,\"valueName\":\"search_term_string\"}}],\"inLanguage\":\"vi-VN\"}]}<\/script>\n<!-- \/ Yoast SEO plugin. -->","yoast_head_json":{"title":"Ph\u00f2ng H\u1ecdp 1 | Fairmont Hanoi | Kh\u00f4ng gian k\u1ebft n\u1ed1i cho s\u1ef1 ki\u1ec7n ri\u00eang t\u01b0","description":"Fairmont Hanoi s\u1edf h\u1eefu 6 ph\u00f2ng h\u1ecdp cao c\u1ea5p, ti\u1ec1n s\u1ea3nh v\u00e0 Lounge trang nh\u00e3, l\u00fd t\u01b0\u1edfng cho c\u00e1c bu\u1ed5i g\u1eb7p g\u1ee1 v\u00e0 s\u1ef1 ki\u1ec7n ri\u00eang t\u01b0.","robots":{"index":"index","follow":"follow","max-snippet":"max-snippet:-1","max-image-preview":"max-image-preview:large","max-video-preview":"max-video-preview:-1"},"canonical":"https:\/\/www.fairmonthanoi.com\/vi\/event-conference\/meeting-room-1\/","og_locale":"vi_VN","og_type":"article","og_title":"Ph\u00f2ng H\u1ecdp 1 | Fairmont Hanoi | Kh\u00f4ng gian k\u1ebft n\u1ed1i cho s\u1ef1 ki\u1ec7n ri\u00eang t\u01b0","og_description":"Fairmont Hanoi s\u1edf h\u1eefu 6 ph\u00f2ng h\u1ecdp cao c\u1ea5p, ti\u1ec1n s\u1ea3nh v\u00e0 Lounge trang nh\u00e3, l\u00fd t\u01b0\u1edfng cho c\u00e1c bu\u1ed5i g\u1eb7p g\u1ee1 v\u00e0 s\u1ef1 ki\u1ec7n ri\u00eang t\u01b0.","og_url":"https:\/\/www.fairmonthanoi.com\/vi\/event-conference\/meeting-room-1\/","og_site_name":"Fairmont Hanoi","article_modified_time":"2026-01-29T07:35:56+00:00","twitter_card":"summary_large_image","twitter_misc":{"Est. reading time":"1 minute"},"schema":{"@context":"https:\/\/schema.org","@graph":[{"@type":"WebPage","@id":"https:\/\/www.fairmonthanoi.com\/vi\/event-conference\/meeting-room-1\/","url":"https:\/\/www.fairmonthanoi.com\/vi\/event-conference\/meeting-room-1\/","name":"Ph\u00f2ng H\u1ecdp 1 | Fairmont Hanoi | Kh\u00f4ng gian k\u1ebft n\u1ed1i cho s\u1ef1 ki\u1ec7n ri\u00eang t\u01b0","isPartOf":{"@id":"https:\/\/www.fairmonthanoi.com\/#website"},"datePublished":"2025-12-18T08:03:07+00:00","dateModified":"2026-01-29T07:35:56+00:00","description":"Fairmont Hanoi s\u1edf h\u1eefu 6 ph\u00f2ng h\u1ecdp cao c\u1ea5p, ti\u1ec1n s\u1ea3nh v\u00e0 Lounge trang nh\u00e3, l\u00fd t\u01b0\u1edfng cho c\u00e1c bu\u1ed5i g\u1eb7p g\u1ee1 v\u00e0 s\u1ef1 ki\u1ec7n ri\u00eang t\u01b0.","breadcrumb":{"@id":"https:\/\/www.fairmonthanoi.com\/vi\/event-conference\/meeting-room-1\/#breadcrumb"},"inLanguage":"vi-VN","potentialAction":[{"@type":"ReadAction","target":["https:\/\/www.fairmonthanoi.com\/vi\/event-conference\/meeting-room-1\/"]}]},{"@type":"BreadcrumbList","@id":"https:\/\/www.fairmonthanoi.com\/vi\/event-conference\/meeting-room-1\/#breadcrumb","itemListElement":[{"@type":"ListItem","position":1,"name":"Home","item":"https:\/\/www.fairmonthanoi.com\/vi\/"},{"@type":"ListItem","position":2,"name":"H\u1ed8I NGH\u1eca &#038; S\u1ef0 KI\u1ec6N","item":"https:\/\/www.fairmonthanoi.com\/vi\/event-conference\/"},{"@type":"ListItem","position":3,"name":"PH\u00d2NG H\u1eccP 1"}]},{"@type":"WebSite","@id":"https:\/\/www.fairmonthanoi.com\/#website","url":"https:\/\/www.fairmonthanoi.com\/","name":"Fairmont Hanoi","description":"","potentialAction":[{"@type":"SearchAction","target":{"@type":"EntryPoint","urlTemplate":"https:\/\/www.fairmonthanoi.com\/?s={search_term_string}"},"query-input":{"@type":"PropertyValueSpecification","valueRequired":true,"valueName":"search_term_string"}}],"inLanguage":"vi-VN"}]}},"_links":{"self":[{"href":"https:\/\/www.fairmonthanoi.com\/vi\/wp-json\/wp\/v2\/pages\/176","targetHints":{"allow":["GET"]}}],"collection":[{"href":"https:\/\/www.fairmonthanoi.com\/vi\/wp-json\/wp\/v2\/pages"}],"about":[{"href":"https:\/\/www.fairmonthanoi.com\/vi\/wp-json\/wp\/v2\/types\/page"}],"author":[{"embeddable":true,"href":"https:\/\/www.fairmonthanoi.com\/vi\/wp-json\/wp\/v2\/users\/30"}],"replies":[{"embeddable":true,"href":"https:\/\/www.fairmonthanoi.com\/vi\/wp-json\/wp\/v2\/comments?post=176"}],"version-history":[{"count":0,"href":"https:\/\/www.fairmonthanoi.com\/vi\/wp-json\/wp\/v2\/pages\/176\/revisions"}],"up":[{"embeddable":true,"href":"https:\/\/www.fairmonthanoi.com\/vi\/wp-json\/wp\/v2\/pages\/117"}],"wp:attachment":[{"href":"https:\/\/www.fairmonthanoi.com\/vi\/wp-json\/wp\/v2\/media?parent=176"}],"wp:term":[{"taxonomy":"category","embeddable":true,"href":"https:\/\/www.fairmonthanoi.com\/vi\/wp-json\/wp\/v2\/categories?post=176"}],"curies":[{"name":"wp","href":"https:\/\/api.w.org\/{rel}","templated":true}]}}