{"id":184,"date":"2025-12-18T08:15:56","date_gmt":"2025-12-18T08:15:56","guid":{"rendered":"https:\/\/fairmonthanoi.accorv2prod2.decms.eu\/weddings\/"},"modified":"2026-01-21T06:36:58","modified_gmt":"2026-01-21T06:36:58","slug":"weddings","status":"publish","type":"page","link":"https:\/\/www.fairmonthanoi.com\/vi\/weddings\/","title":{"rendered":"TI\u1ec6C C\u01af\u1edaI"},"content":{"rendered":"<p>T\u1ea1i Fairmont Hanoi, kho\u1ea3nh kh\u1eafc thi\u00eang li\u00eang nh\u1ea5t trong \u0111\u1eddi c\u1ea7n \u0111\u01b0\u1ee3c t\u1ecfa s\u00e1ng v\u00e0 kh\u1eafc ghi tr\u00ean m\u1ed9t s\u00e2n kh\u1ea5u x\u1ee9ng t\u1ea7m. T\u1eeb ph\u00f2ng \u0111\u1ea1i ti\u1ec7c tr\u00e1ng l\u1ec7 v\u1edbi s\u1ee9c ch\u1ee9a l\u00ean t\u1edbi 1.000 kh\u00e1ch, \u0111\u1ebfn nh\u1eefng kh\u00f4ng gian ti\u1ec7c th\u00e2n m\u1eadt, s\u1ea3nh ti\u1ec7c \u1ea5m c\u00fang, g\u00f3c ngo\u00e0i tr\u1eddi l\u00e3ng m\u1ea1n hay bridal lounge ri\u00eang t\u01b0, t\u1eebng b\u1ed1i c\u1ea3nh \u0111\u1ec1u \u0111\u01b0\u1ee3c thi\u1ebft k\u1ebf ch\u1ec9n chu, n\u01a1i ngh\u1ec7 thu\u1eadt v\u00e0 c\u1ea3m x\u00fac giao h\u00f2a, \u0111\u1ec3 t\u00ecnh y\u00eau kh\u00f4ng ch\u1ec9 hi\u1ec7n di\u1ec7n m\u00e0 c\u00f2n th\u0103ng hoa trong t\u1eebng kho\u1ea3nh kh\u1eafc. M\u1ed7i l\u1ec5 c\u01b0\u1edbi \u0111\u01b0\u1ee3c \u0111\u1ed9i ng\u0169 chuy\u00ean gia c\u1ee7a ch\u00fang t\u00f4i c\u00e1 nh\u00e2n h\u00f3a nh\u01b0 m\u1ed9t tuy\u00ean ng\u00f4n v\u1ec1 b\u1ea3n s\u1eafc v\u00e0 t\u00ecnh y\u00eau \u0111\u00edch th\u1ef1c. \u00c1nh s\u00e1ng, giai \u0111i\u1ec7u v\u00e0 chi ti\u1ebft \u0111\u1ec1u \u0111\u01b0\u1ee3c s\u1eafp \u0111\u1eb7t c\u1ea9n tr\u1ecdng, \u0111\u1ec3 t\u00f4n vinh th\u1eddi kh\u1eafc hai t\u00e2m h\u1ed3n h\u00f2a nh\u1ecbp v\u00e0 b\u01b0\u1edbc chung tr\u00ean m\u1ed9t h\u00e0nh tr\u00ecnh.<\/p>\n","protected":false},"excerpt":{"rendered":"<p>T\u1ea1i Fairmont Hanoi, kho\u1ea3nh kh\u1eafc thi\u00eang li\u00eang nh\u1ea5t trong \u0111\u1eddi c\u1ea7n \u0111\u01b0\u1ee3c t\u1ecfa s\u00e1ng v\u00e0 kh\u1eafc ghi tr\u00ean m\u1ed9t s\u00e2n kh\u1ea5u x\u1ee9ng t\u1ea7m. T\u1eeb ph\u00f2ng \u0111\u1ea1i ti\u1ec7c tr\u00e1ng l\u1ec7 v\u1edbi s\u1ee9c ch\u1ee9a l\u00ean t\u1edbi 1.000 kh\u00e1ch, \u0111\u1ebfn nh\u1eefng kh\u00f4ng gian ti\u1ec7c th\u00e2n m\u1eadt, s\u1ea3nh ti\u1ec7c \u1ea5m c\u00fang, g\u00f3c ngo\u00e0i tr\u1eddi l\u00e3ng m\u1ea1n hay bridal lounge [&hellip;]<\/p>\n","protected":false},"author":30,"featured_media":0,"parent":0,"menu_order":0,"comment_status":"closed","ping_status":"closed","template":"","meta":{"footnotes":""},"categories":[],"class_list":["post-184","page","type-page","status-publish","hentry"],"acf":[],"yoast_head":"<!-- This site is optimized with the Yoast SEO plugin v26.9 - https:\/\/yoast.com\/product\/yoast-seo-wordpress\/ -->\n<title>Ti\u1ec7c C\u01b0\u1edbi Fairmont Hanoi | Kh\u00f4ng gian trang nh\u00e3 v\u00e0 ti\u1ec7c c\u01b0\u1edbi d\u1ea5u \u1ea5n ri\u00eang<\/title>\n<meta name=\"description\" content=\"Hi\u1ec7n th\u1ef1c h\u00f3a l\u1ec5 c\u01b0\u1edbi trong m\u01a1 t\u1ea1i Fairmont Hanoi v\u1edbi kh\u00f4ng gian trang nh\u00e3, d\u1ecbch v\u1ee5 t\u1eadn t\u00e2m v\u00e0 l\u1ec5 c\u01b0\u1edbi nh\u00e2n h\u00f3a gi\u1eefa trung t\u00e2m H\u00e0 N\u1ed9i.\" \/>\n<meta name=\"robots\" content=\"index, follow, max-snippet:-1, max-image-preview:large, max-video-preview:-1\" \/>\n<link rel=\"canonical\" href=\"https:\/\/www.fairmonthanoi.com\/vi\/weddings\/\" \/>\n<meta property=\"og:locale\" content=\"vi_VN\" \/>\n<meta property=\"og:type\" content=\"article\" \/>\n<meta property=\"og:title\" content=\"Ti\u1ec7c C\u01b0\u1edbi Fairmont Hanoi | Kh\u00f4ng gian trang nh\u00e3 v\u00e0 ti\u1ec7c c\u01b0\u1edbi d\u1ea5u \u1ea5n ri\u00eang\" \/>\n<meta property=\"og:description\" content=\"Hi\u1ec7n th\u1ef1c h\u00f3a l\u1ec5 c\u01b0\u1edbi trong m\u01a1 t\u1ea1i Fairmont Hanoi v\u1edbi kh\u00f4ng gian trang nh\u00e3, d\u1ecbch v\u1ee5 t\u1eadn t\u00e2m v\u00e0 l\u1ec5 c\u01b0\u1edbi nh\u00e2n h\u00f3a gi\u1eefa trung t\u00e2m H\u00e0 N\u1ed9i.\" \/>\n<meta property=\"og:url\" content=\"https:\/\/www.fairmonthanoi.com\/vi\/weddings\/\" \/>\n<meta property=\"og:site_name\" content=\"Fairmont Hanoi\" \/>\n<meta property=\"article:modified_time\" content=\"2026-01-21T06:36:58+00:00\" \/>\n<meta name=\"twitter:card\" content=\"summary_large_image\" \/>\n<meta name=\"twitter:label1\" content=\"Est. reading time\" \/>\n\t<meta name=\"twitter:data1\" content=\"1 minute\" \/>\n<script type=\"application\/ld+json\" class=\"yoast-schema-graph\">{\"@context\":\"https:\/\/schema.org\",\"@graph\":[{\"@type\":\"WebPage\",\"@id\":\"https:\/\/www.fairmonthanoi.com\/vi\/weddings\/\",\"url\":\"https:\/\/www.fairmonthanoi.com\/vi\/weddings\/\",\"name\":\"Ti\u1ec7c C\u01b0\u1edbi Fairmont Hanoi | Kh\u00f4ng gian trang nh\u00e3 v\u00e0 ti\u1ec7c c\u01b0\u1edbi d\u1ea5u \u1ea5n ri\u00eang\",\"isPartOf\":{\"@id\":\"https:\/\/www.fairmonthanoi.com\/#website\"},\"datePublished\":\"2025-12-18T08:15:56+00:00\",\"dateModified\":\"2026-01-21T06:36:58+00:00\",\"description\":\"Hi\u1ec7n th\u1ef1c h\u00f3a l\u1ec5 c\u01b0\u1edbi trong m\u01a1 t\u1ea1i Fairmont Hanoi v\u1edbi kh\u00f4ng gian trang nh\u00e3, d\u1ecbch v\u1ee5 t\u1eadn t\u00e2m v\u00e0 l\u1ec5 c\u01b0\u1edbi nh\u00e2n h\u00f3a gi\u1eefa trung t\u00e2m H\u00e0 N\u1ed9i.\",\"breadcrumb\":{\"@id\":\"https:\/\/www.fairmonthanoi.com\/vi\/weddings\/#breadcrumb\"},\"inLanguage\":\"vi-VN\",\"potentialAction\":[{\"@type\":\"ReadAction\",\"target\":[\"https:\/\/www.fairmonthanoi.com\/vi\/weddings\/\"]}]},{\"@type\":\"BreadcrumbList\",\"@id\":\"https:\/\/www.fairmonthanoi.com\/vi\/weddings\/#breadcrumb\",\"itemListElement\":[{\"@type\":\"ListItem\",\"position\":1,\"name\":\"Home\",\"item\":\"https:\/\/www.fairmonthanoi.com\/vi\/\"},{\"@type\":\"ListItem\",\"position\":2,\"name\":\"TI\u1ec6C C\u01af\u1edaI\"}]},{\"@type\":\"WebSite\",\"@id\":\"https:\/\/www.fairmonthanoi.com\/#website\",\"url\":\"https:\/\/www.fairmonthanoi.com\/\",\"name\":\"Fairmont Hanoi\",\"description\":\"\",\"potentialAction\":[{\"@type\":\"SearchAction\",\"target\":{\"@type\":\"EntryPoint\",\"urlTemplate\":\"https:\/\/www.fairmonthanoi.com\/?s={search_term_string}\"},\"query-input\":{\"@type\":\"PropertyValueSpecification\",\"valueRequired\":true,\"valueName\":\"search_term_string\"}}],\"inLanguage\":\"vi-VN\"}]}<\/script>\n<!-- \/ Yoast SEO plugin. -->","yoast_head_json":{"title":"Ti\u1ec7c C\u01b0\u1edbi Fairmont Hanoi | Kh\u00f4ng gian trang nh\u00e3 v\u00e0 ti\u1ec7c c\u01b0\u1edbi d\u1ea5u \u1ea5n ri\u00eang","description":"Hi\u1ec7n th\u1ef1c h\u00f3a l\u1ec5 c\u01b0\u1edbi trong m\u01a1 t\u1ea1i Fairmont Hanoi v\u1edbi kh\u00f4ng gian trang nh\u00e3, d\u1ecbch v\u1ee5 t\u1eadn t\u00e2m v\u00e0 l\u1ec5 c\u01b0\u1edbi nh\u00e2n h\u00f3a gi\u1eefa trung t\u00e2m H\u00e0 N\u1ed9i.","robots":{"index":"index","follow":"follow","max-snippet":"max-snippet:-1","max-image-preview":"max-image-preview:large","max-video-preview":"max-video-preview:-1"},"canonical":"https:\/\/www.fairmonthanoi.com\/vi\/weddings\/","og_locale":"vi_VN","og_type":"article","og_title":"Ti\u1ec7c C\u01b0\u1edbi Fairmont Hanoi | Kh\u00f4ng gian trang nh\u00e3 v\u00e0 ti\u1ec7c c\u01b0\u1edbi d\u1ea5u \u1ea5n ri\u00eang","og_description":"Hi\u1ec7n th\u1ef1c h\u00f3a l\u1ec5 c\u01b0\u1edbi trong m\u01a1 t\u1ea1i Fairmont Hanoi v\u1edbi kh\u00f4ng gian trang nh\u00e3, d\u1ecbch v\u1ee5 t\u1eadn t\u00e2m v\u00e0 l\u1ec5 c\u01b0\u1edbi nh\u00e2n h\u00f3a gi\u1eefa trung t\u00e2m H\u00e0 N\u1ed9i.","og_url":"https:\/\/www.fairmonthanoi.com\/vi\/weddings\/","og_site_name":"Fairmont Hanoi","article_modified_time":"2026-01-21T06:36:58+00:00","twitter_card":"summary_large_image","twitter_misc":{"Est. reading time":"1 minute"},"schema":{"@context":"https:\/\/schema.org","@graph":[{"@type":"WebPage","@id":"https:\/\/www.fairmonthanoi.com\/vi\/weddings\/","url":"https:\/\/www.fairmonthanoi.com\/vi\/weddings\/","name":"Ti\u1ec7c C\u01b0\u1edbi Fairmont Hanoi | Kh\u00f4ng gian trang nh\u00e3 v\u00e0 ti\u1ec7c c\u01b0\u1edbi d\u1ea5u \u1ea5n ri\u00eang","isPartOf":{"@id":"https:\/\/www.fairmonthanoi.com\/#website"},"datePublished":"2025-12-18T08:15:56+00:00","dateModified":"2026-01-21T06:36:58+00:00","description":"Hi\u1ec7n th\u1ef1c h\u00f3a l\u1ec5 c\u01b0\u1edbi trong m\u01a1 t\u1ea1i Fairmont Hanoi v\u1edbi kh\u00f4ng gian trang nh\u00e3, d\u1ecbch v\u1ee5 t\u1eadn t\u00e2m v\u00e0 l\u1ec5 c\u01b0\u1edbi nh\u00e2n h\u00f3a gi\u1eefa trung t\u00e2m H\u00e0 N\u1ed9i.","breadcrumb":{"@id":"https:\/\/www.fairmonthanoi.com\/vi\/weddings\/#breadcrumb"},"inLanguage":"vi-VN","potentialAction":[{"@type":"ReadAction","target":["https:\/\/www.fairmonthanoi.com\/vi\/weddings\/"]}]},{"@type":"BreadcrumbList","@id":"https:\/\/www.fairmonthanoi.com\/vi\/weddings\/#breadcrumb","itemListElement":[{"@type":"ListItem","position":1,"name":"Home","item":"https:\/\/www.fairmonthanoi.com\/vi\/"},{"@type":"ListItem","position":2,"name":"TI\u1ec6C C\u01af\u1edaI"}]},{"@type":"WebSite","@id":"https:\/\/www.fairmonthanoi.com\/#website","url":"https:\/\/www.fairmonthanoi.com\/","name":"Fairmont Hanoi","description":"","potentialAction":[{"@type":"SearchAction","target":{"@type":"EntryPoint","urlTemplate":"https:\/\/www.fairmonthanoi.com\/?s={search_term_string}"},"query-input":{"@type":"PropertyValueSpecification","valueRequired":true,"valueName":"search_term_string"}}],"inLanguage":"vi-VN"}]}},"_links":{"self":[{"href":"https:\/\/www.fairmonthanoi.com\/vi\/wp-json\/wp\/v2\/pages\/184","targetHints":{"allow":["GET"]}}],"collection":[{"href":"https:\/\/www.fairmonthanoi.com\/vi\/wp-json\/wp\/v2\/pages"}],"about":[{"href":"https:\/\/www.fairmonthanoi.com\/vi\/wp-json\/wp\/v2\/types\/page"}],"author":[{"embeddable":true,"href":"https:\/\/www.fairmonthanoi.com\/vi\/wp-json\/wp\/v2\/users\/30"}],"replies":[{"embeddable":true,"href":"https:\/\/www.fairmonthanoi.com\/vi\/wp-json\/wp\/v2\/comments?post=184"}],"version-history":[{"count":0,"href":"https:\/\/www.fairmonthanoi.com\/vi\/wp-json\/wp\/v2\/pages\/184\/revisions"}],"wp:attachment":[{"href":"https:\/\/www.fairmonthanoi.com\/vi\/wp-json\/wp\/v2\/media?parent=184"}],"wp:term":[{"taxonomy":"category","embeddable":true,"href":"https:\/\/www.fairmonthanoi.com\/vi\/wp-json\/wp\/v2\/categories?post=184"}],"curies":[{"name":"wp","href":"https:\/\/api.w.org\/{rel}","templated":true}]}}