{"id":186,"date":"2025-12-17T05:33:08","date_gmt":"2025-12-17T05:33:08","guid":{"rendered":"https:\/\/fairmonthanoi.accorv2prod2.decms.eu\/fairmont-hanoi\/"},"modified":"2026-03-20T08:41:51","modified_gmt":"2026-03-20T08:41:51","slug":"fairmont-hanoi","status":"publish","type":"page","link":"https:\/\/www.fairmonthanoi.com\/vi\/","title":{"rendered":"FAIRMONT HANOI"},"content":{"rendered":"<p style=\"text-align: center\">T\u1ecda l\u1ea1c gi\u1eefa khu Ph\u1ed1 c\u1ed5, v\u00e0 khu ph\u1ed1 Ph\u00e1p, k\u1ec1 b\u00ean h\u1ed3 Ho\u00e0n Ki\u1ebfm, Fairmont Hanoi v\u01b0\u01a1n m\u00ecnh nh\u01b0 m\u1ed9t \u0111i\u1ec3m h\u1eb9n c\u1ee7a v\u0103n h\u00f3a, ngh\u1ec7 thu\u1eadt, v\u00e0 s\u1ef1 k\u1ebft n\u1ed1i. Kh\u00e1ch s\u1ea1n mang \u0111\u1ebfn tr\u1ea3i nghi\u1ec7m l\u01b0u tr\u00fa cao c\u1ea5p, h\u00e0nh tr\u00ecnh \u1ea9m th\u1ef1c li\u00ean l\u1ee5c \u0111\u1ecba, v\u00e0 ch\u1ea5t l\u01b0\u1ee3ng d\u1ecbch v\u1ee5 \u0111\u1ed9c nh\u1ea5t v\u1edbi 241 ph\u00f2ng ngh\u1ec9 v\u00e0 ph\u00f2ng suite, t\u00e1m nh\u00e0 h\u00e0ng v\u00e0 qu\u1ea7y bar, c\u00f9ng kh\u00f4ng gian s\u1ef1 ki\u1ec7n t\u1ea7m v\u00f3c. Fairmont Hanoi s\u1ebd l\u00e0 l\u1ef1a ch\u1ecdn l\u00fd t\u01b0\u1edfng cho nh\u1eefng k\u1ebft n\u1ed1i s\u00e2u s\u1eafc, nh\u1eefng d\u1ea5u \u1ea5n kh\u00f3 phai v\u00e0 nh\u1eefng gi\u00e2y ph\u00fat th\u01b0 gi\u00e3n l\u1eafng \u0111\u1ecdng trong t\u00e2m tr\u00ed kh\u00e1ch h\u00e0ng.<\/p>\n","protected":false},"excerpt":{"rendered":"<p>T\u1ecda l\u1ea1c gi\u1eefa khu Ph\u1ed1 c\u1ed5, v\u00e0 khu ph\u1ed1 Ph\u00e1p, k\u1ec1 b\u00ean h\u1ed3 Ho\u00e0n Ki\u1ebfm, Fairmont Hanoi v\u01b0\u01a1n m\u00ecnh nh\u01b0 m\u1ed9t \u0111i\u1ec3m h\u1eb9n c\u1ee7a v\u0103n h\u00f3a, ngh\u1ec7 thu\u1eadt, v\u00e0 s\u1ef1 k\u1ebft n\u1ed1i. Kh\u00e1ch s\u1ea1n mang \u0111\u1ebfn tr\u1ea3i nghi\u1ec7m l\u01b0u tr\u00fa cao c\u1ea5p, h\u00e0nh tr\u00ecnh \u1ea9m th\u1ef1c li\u00ean l\u1ee5c \u0111\u1ecba, v\u00e0 ch\u1ea5t l\u01b0\u1ee3ng d\u1ecbch v\u1ee5 \u0111\u1ed9c [&hellip;]<\/p>\n","protected":false},"author":30,"featured_media":94,"parent":0,"menu_order":0,"comment_status":"closed","ping_status":"closed","template":"","meta":{"footnotes":""},"categories":[],"class_list":["post-186","page","type-page","status-publish","has-post-thumbnail","hentry"],"acf":[],"yoast_head":"<!-- This site is optimized with the Yoast SEO plugin v26.9 - https:\/\/yoast.com\/product\/yoast-seo-wordpress\/ -->\n<title>kh\u00e1ch s\u1ea1n sang tr\u1ecdng \u1edf H\u00e0 N\u1ed9i | Fairmont Hanoi<\/title>\n<meta name=\"description\" content=\"H\u00e3y l\u01b0u tr\u00fa t\u1ea1i kh\u00e1ch s\u1ea1n h\u1ea1ng sang t\u1ed1t nh\u1ea5t H\u00e0 N\u1ed9i v\u00e0 t\u1eadn h\u01b0\u1edfng s\u1ef1 sang tr\u1ecdng \u0111\u00edch th\u1ef1c ngay trung t\u00e2m th\u00e0nh ph\u1ed1 H\u00e0 N\u1ed9i - Fairmont H\u00e0 N\u1ed9i\" \/>\n<meta name=\"robots\" content=\"index, follow, max-snippet:-1, max-image-preview:large, max-video-preview:-1\" \/>\n<link rel=\"canonical\" href=\"https:\/\/www.fairmonthanoi.com\/vi\/\" \/>\n<meta property=\"og:locale\" content=\"vi_VN\" \/>\n<meta property=\"og:type\" content=\"article\" \/>\n<meta property=\"og:title\" content=\"kh\u00e1ch s\u1ea1n sang tr\u1ecdng \u1edf H\u00e0 N\u1ed9i | Fairmont Hanoi\" \/>\n<meta property=\"og:description\" content=\"H\u00e3y l\u01b0u tr\u00fa t\u1ea1i kh\u00e1ch s\u1ea1n h\u1ea1ng sang t\u1ed1t nh\u1ea5t H\u00e0 N\u1ed9i v\u00e0 t\u1eadn h\u01b0\u1edfng s\u1ef1 sang tr\u1ecdng \u0111\u00edch th\u1ef1c ngay trung t\u00e2m th\u00e0nh ph\u1ed1 H\u00e0 N\u1ed9i - Fairmont H\u00e0 N\u1ed9i\" \/>\n<meta property=\"og:url\" content=\"https:\/\/www.fairmonthanoi.com\/vi\/\" \/>\n<meta property=\"og:site_name\" content=\"Fairmont Hanoi\" \/>\n<meta property=\"article:modified_time\" content=\"2026-03-20T08:41:51+00:00\" \/>\n<meta property=\"og:image\" content=\"http:\/\/www.fairmonthanoi.com\/wp-content\/uploads\/sites\/17\/2025\/12\/fairmont-hanoi-facade-2.jpg\" \/>\n\t<meta property=\"og:image:width\" content=\"2200\" \/>\n\t<meta property=\"og:image:height\" content=\"1333\" \/>\n\t<meta property=\"og:image:type\" content=\"image\/jpeg\" \/>\n<meta name=\"twitter:card\" content=\"summary_large_image\" \/>\n<meta name=\"twitter:label1\" content=\"Est. reading time\" \/>\n\t<meta name=\"twitter:data1\" content=\"1 minute\" \/>\n<script type=\"application\/ld+json\" class=\"yoast-schema-graph\">{\"@context\":\"https:\/\/schema.org\",\"@graph\":[{\"@type\":\"WebPage\",\"@id\":\"https:\/\/www.fairmonthanoi.com\/vi\/\",\"url\":\"https:\/\/www.fairmonthanoi.com\/vi\/\",\"name\":\"kh\u00e1ch s\u1ea1n sang tr\u1ecdng \u1edf H\u00e0 N\u1ed9i | Fairmont Hanoi\",\"isPartOf\":{\"@id\":\"https:\/\/www.fairmonthanoi.com\/#website\"},\"primaryImageOfPage\":{\"@id\":\"https:\/\/www.fairmonthanoi.com\/vi\/#primaryimage\"},\"image\":{\"@id\":\"https:\/\/www.fairmonthanoi.com\/vi\/#primaryimage\"},\"thumbnailUrl\":\"https:\/\/www.fairmonthanoi.com\/wp-content\/uploads\/sites\/17\/2025\/12\/fairmont-hanoi-facade-2.jpg\",\"datePublished\":\"2025-12-17T05:33:08+00:00\",\"dateModified\":\"2026-03-20T08:41:51+00:00\",\"description\":\"H\u00e3y l\u01b0u tr\u00fa t\u1ea1i kh\u00e1ch s\u1ea1n h\u1ea1ng sang t\u1ed1t nh\u1ea5t H\u00e0 N\u1ed9i v\u00e0 t\u1eadn h\u01b0\u1edfng s\u1ef1 sang tr\u1ecdng \u0111\u00edch th\u1ef1c ngay trung t\u00e2m th\u00e0nh ph\u1ed1 H\u00e0 N\u1ed9i - Fairmont H\u00e0 N\u1ed9i\",\"breadcrumb\":{\"@id\":\"https:\/\/www.fairmonthanoi.com\/vi\/#breadcrumb\"},\"inLanguage\":\"vi-VN\",\"potentialAction\":[{\"@type\":\"ReadAction\",\"target\":[\"https:\/\/www.fairmonthanoi.com\/vi\/\"]}]},{\"@type\":\"ImageObject\",\"inLanguage\":\"vi-VN\",\"@id\":\"https:\/\/www.fairmonthanoi.com\/vi\/#primaryimage\",\"url\":\"https:\/\/www.fairmonthanoi.com\/wp-content\/uploads\/sites\/17\/2025\/12\/fairmont-hanoi-facade-2.jpg\",\"contentUrl\":\"https:\/\/www.fairmonthanoi.com\/wp-content\/uploads\/sites\/17\/2025\/12\/fairmont-hanoi-facade-2.jpg\",\"width\":2200,\"height\":1333,\"caption\":\"Luxury Hotel in Hanoi - Fairmont Hanoi | kh\u00e1ch s\u1ea1n sang tr\u1ecdng \u1edf h\u00e0 n\u1ed9i\"},{\"@type\":\"BreadcrumbList\",\"@id\":\"https:\/\/www.fairmonthanoi.com\/vi\/#breadcrumb\",\"itemListElement\":[{\"@type\":\"ListItem\",\"position\":1,\"name\":\"Home\",\"item\":\"https:\/\/www.fairmonthanoi.com\/vi\/\"},{\"@type\":\"ListItem\",\"position\":2,\"name\":\"FAIRMONT HANOI\"}]},{\"@type\":\"WebSite\",\"@id\":\"https:\/\/www.fairmonthanoi.com\/#website\",\"url\":\"https:\/\/www.fairmonthanoi.com\/\",\"name\":\"Fairmont Hanoi\",\"description\":\"\",\"potentialAction\":[{\"@type\":\"SearchAction\",\"target\":{\"@type\":\"EntryPoint\",\"urlTemplate\":\"https:\/\/www.fairmonthanoi.com\/?s={search_term_string}\"},\"query-input\":{\"@type\":\"PropertyValueSpecification\",\"valueRequired\":true,\"valueName\":\"search_term_string\"}}],\"inLanguage\":\"vi-VN\"}]}<\/script>\n<!-- \/ Yoast SEO plugin. -->","yoast_head_json":{"title":"kh\u00e1ch s\u1ea1n sang tr\u1ecdng \u1edf H\u00e0 N\u1ed9i | Fairmont Hanoi","description":"H\u00e3y l\u01b0u tr\u00fa t\u1ea1i kh\u00e1ch s\u1ea1n h\u1ea1ng sang t\u1ed1t nh\u1ea5t H\u00e0 N\u1ed9i v\u00e0 t\u1eadn h\u01b0\u1edfng s\u1ef1 sang tr\u1ecdng \u0111\u00edch th\u1ef1c ngay trung t\u00e2m th\u00e0nh ph\u1ed1 H\u00e0 N\u1ed9i - Fairmont H\u00e0 N\u1ed9i","robots":{"index":"index","follow":"follow","max-snippet":"max-snippet:-1","max-image-preview":"max-image-preview:large","max-video-preview":"max-video-preview:-1"},"canonical":"https:\/\/www.fairmonthanoi.com\/vi\/","og_locale":"vi_VN","og_type":"article","og_title":"kh\u00e1ch s\u1ea1n sang tr\u1ecdng \u1edf H\u00e0 N\u1ed9i | Fairmont Hanoi","og_description":"H\u00e3y l\u01b0u tr\u00fa t\u1ea1i kh\u00e1ch s\u1ea1n h\u1ea1ng sang t\u1ed1t nh\u1ea5t H\u00e0 N\u1ed9i v\u00e0 t\u1eadn h\u01b0\u1edfng s\u1ef1 sang tr\u1ecdng \u0111\u00edch th\u1ef1c ngay trung t\u00e2m th\u00e0nh ph\u1ed1 H\u00e0 N\u1ed9i - Fairmont H\u00e0 N\u1ed9i","og_url":"https:\/\/www.fairmonthanoi.com\/vi\/","og_site_name":"Fairmont Hanoi","article_modified_time":"2026-03-20T08:41:51+00:00","og_image":[{"width":2200,"height":1333,"url":"http:\/\/www.fairmonthanoi.com\/wp-content\/uploads\/sites\/17\/2025\/12\/fairmont-hanoi-facade-2.jpg","type":"image\/jpeg"}],"twitter_card":"summary_large_image","twitter_misc":{"Est. reading time":"1 minute"},"schema":{"@context":"https:\/\/schema.org","@graph":[{"@type":"WebPage","@id":"https:\/\/www.fairmonthanoi.com\/vi\/","url":"https:\/\/www.fairmonthanoi.com\/vi\/","name":"kh\u00e1ch s\u1ea1n sang tr\u1ecdng \u1edf H\u00e0 N\u1ed9i | Fairmont Hanoi","isPartOf":{"@id":"https:\/\/www.fairmonthanoi.com\/#website"},"primaryImageOfPage":{"@id":"https:\/\/www.fairmonthanoi.com\/vi\/#primaryimage"},"image":{"@id":"https:\/\/www.fairmonthanoi.com\/vi\/#primaryimage"},"thumbnailUrl":"https:\/\/www.fairmonthanoi.com\/wp-content\/uploads\/sites\/17\/2025\/12\/fairmont-hanoi-facade-2.jpg","datePublished":"2025-12-17T05:33:08+00:00","dateModified":"2026-03-20T08:41:51+00:00","description":"H\u00e3y l\u01b0u tr\u00fa t\u1ea1i kh\u00e1ch s\u1ea1n h\u1ea1ng sang t\u1ed1t nh\u1ea5t H\u00e0 N\u1ed9i v\u00e0 t\u1eadn h\u01b0\u1edfng s\u1ef1 sang tr\u1ecdng \u0111\u00edch th\u1ef1c ngay trung t\u00e2m th\u00e0nh ph\u1ed1 H\u00e0 N\u1ed9i - Fairmont H\u00e0 N\u1ed9i","breadcrumb":{"@id":"https:\/\/www.fairmonthanoi.com\/vi\/#breadcrumb"},"inLanguage":"vi-VN","potentialAction":[{"@type":"ReadAction","target":["https:\/\/www.fairmonthanoi.com\/vi\/"]}]},{"@type":"ImageObject","inLanguage":"vi-VN","@id":"https:\/\/www.fairmonthanoi.com\/vi\/#primaryimage","url":"https:\/\/www.fairmonthanoi.com\/wp-content\/uploads\/sites\/17\/2025\/12\/fairmont-hanoi-facade-2.jpg","contentUrl":"https:\/\/www.fairmonthanoi.com\/wp-content\/uploads\/sites\/17\/2025\/12\/fairmont-hanoi-facade-2.jpg","width":2200,"height":1333,"caption":"Luxury Hotel in Hanoi - Fairmont Hanoi | kh\u00e1ch s\u1ea1n sang tr\u1ecdng \u1edf h\u00e0 n\u1ed9i"},{"@type":"BreadcrumbList","@id":"https:\/\/www.fairmonthanoi.com\/vi\/#breadcrumb","itemListElement":[{"@type":"ListItem","position":1,"name":"Home","item":"https:\/\/www.fairmonthanoi.com\/vi\/"},{"@type":"ListItem","position":2,"name":"FAIRMONT HANOI"}]},{"@type":"WebSite","@id":"https:\/\/www.fairmonthanoi.com\/#website","url":"https:\/\/www.fairmonthanoi.com\/","name":"Fairmont Hanoi","description":"","potentialAction":[{"@type":"SearchAction","target":{"@type":"EntryPoint","urlTemplate":"https:\/\/www.fairmonthanoi.com\/?s={search_term_string}"},"query-input":{"@type":"PropertyValueSpecification","valueRequired":true,"valueName":"search_term_string"}}],"inLanguage":"vi-VN"}]}},"_links":{"self":[{"href":"https:\/\/www.fairmonthanoi.com\/vi\/wp-json\/wp\/v2\/pages\/186","targetHints":{"allow":["GET"]}}],"collection":[{"href":"https:\/\/www.fairmonthanoi.com\/vi\/wp-json\/wp\/v2\/pages"}],"about":[{"href":"https:\/\/www.fairmonthanoi.com\/vi\/wp-json\/wp\/v2\/types\/page"}],"author":[{"embeddable":true,"href":"https:\/\/www.fairmonthanoi.com\/vi\/wp-json\/wp\/v2\/users\/30"}],"replies":[{"embeddable":true,"href":"https:\/\/www.fairmonthanoi.com\/vi\/wp-json\/wp\/v2\/comments?post=186"}],"version-history":[{"count":0,"href":"https:\/\/www.fairmonthanoi.com\/vi\/wp-json\/wp\/v2\/pages\/186\/revisions"}],"wp:featuredmedia":[{"embeddable":true,"href":"https:\/\/www.fairmonthanoi.com\/vi\/wp-json\/wp\/v2\/media\/94"}],"wp:attachment":[{"href":"https:\/\/www.fairmonthanoi.com\/vi\/wp-json\/wp\/v2\/media?parent=186"}],"wp:term":[{"taxonomy":"category","embeddable":true,"href":"https:\/\/www.fairmonthanoi.com\/vi\/wp-json\/wp\/v2\/categories?post=186"}],"curies":[{"name":"wp","href":"https:\/\/api.w.org\/{rel}","templated":true}]}}