{"id":22,"date":"2025-12-17T06:38:17","date_gmt":"2025-12-17T06:38:17","guid":{"rendered":"https:\/\/fairmonthanoi.accorv2prod2.decms.eu\/accomodation\/"},"modified":"2025-12-19T06:53:10","modified_gmt":"2025-12-19T06:53:10","slug":"accomodation","status":"publish","type":"page","link":"https:\/\/www.fairmonthanoi.com\/vi\/accomodation\/","title":{"rendered":"Ph\u00f2ng ngh\u1ec9 &#038; Suite"},"content":{"rendered":"<p>Trong nh\u1ecbp s\u1ed1ng h\u1ed1i h\u1ea3 c\u1ee7a m\u1ed9t th\u00e0nh ph\u1ed1 kh\u00f4ng ng\u1eebng chuy\u1ec3n \u0111\u1ed9ng, c\u0103n ph\u00f2ng c\u1ee7a Qu\u00fd kh\u00e1ch ch\u00ednh l\u00e0 n\u00fat t\u1ea1m d\u1eebng nh\u1eb9 nh\u00e0ng v\u00e0 th\u01b0 th\u00e1i. D\u00f9 h\u01b0\u1edbng ra khu ph\u1ed1 s\u00f4i \u0111\u1ed9ng hay kho\u1ea3ng xanh y\u00ean b\u00ecnh c\u1ee7a v\u01b0\u1eddn Fairmont, m\u1ed7i c\u0103n ph\u00f2ng \u0111\u1ec1u mang \u0111\u1ebfn kho\u1ea3nh kh\u1eafc t\u0129nh l\u1eb7ng tuy\u1ec7t \u0111\u1ed1i, gi\u1eefa h\u01b0\u01a1ng g\u1ed7 m\u1ed9c m\u1ea1c, s\u1eafc l\u1ee5a m\u1ec1m m\u1ea1i v\u00e0 \u00e1nh s\u01a1n m\u00e0i \u00f3ng \u1ea3. Nh\u1eefng c\u0103n ph\u00f2ng v\u1edbi ban c\u00f4ng ri\u00eang bi\u1ec7t l\u00e0 l\u1ef1a ch\u1ecdn ho\u00e0n h\u1ea3o cho bu\u1ed5i s\u00e1ng th\u1ea3nh th\u01a1i hay m\u1ed9t \u0111\u00eam th\u01b0 gi\u00e3n b\u00ean ly cocktail trong l\u00e0n gi\u00f3 m\u00e1t. T\u1eeb c\u0103n ph\u00f2ng ngh\u1ec9 \u1ea5m c\u00fang \u0111\u1ebfn nh\u1eefng c\u0103n suite r\u1ed9ng r\u00e3i, m\u1ecdi kh\u00f4ng gian \u0111\u1ec1u \u0111\u01b0\u1ee3c thi\u1ebft k\u1ebf \u0111\u1ec3 t\u1eadn h\u01b0\u1edfng nh\u1eefng ph\u00fat gi\u00e2y th\u01b0 gi\u00e3n. N\u00e2ng t\u1ea7m tr\u1ea3i nghi\u1ec7m v\u1edbi \u0111\u1eb7c quy\u1ec1n Fairmont Gold: check-in c\u00e1 nh\u00e2n, lounge ri\u00eang t\u01b0 v\u00e0 d\u1ecbch v\u1ee5 tinh t\u1ebf \u0111\u1eb3ng c\u1ea5p. <\/p>\n","protected":false},"excerpt":{"rendered":"<p>Trong nh\u1ecbp s\u1ed1ng h\u1ed1i h\u1ea3 c\u1ee7a m\u1ed9t th\u00e0nh ph\u1ed1 kh\u00f4ng ng\u1eebng chuy\u1ec3n \u0111\u1ed9ng, c\u0103n ph\u00f2ng c\u1ee7a Qu\u00fd kh\u00e1ch ch\u00ednh l\u00e0 n\u00fat t\u1ea1m d\u1eebng nh\u1eb9 nh\u00e0ng v\u00e0 th\u01b0 th\u00e1i. D\u00f9 h\u01b0\u1edbng ra khu ph\u1ed1 s\u00f4i \u0111\u1ed9ng hay kho\u1ea3ng xanh y\u00ean b\u00ecnh c\u1ee7a v\u01b0\u1eddn Fairmont, m\u1ed7i c\u0103n ph\u00f2ng \u0111\u1ec1u mang \u0111\u1ebfn kho\u1ea3nh kh\u1eafc t\u0129nh l\u1eb7ng tuy\u1ec7t \u0111\u1ed1i, [&hellip;]<\/p>\n","protected":false},"author":30,"featured_media":0,"parent":0,"menu_order":0,"comment_status":"closed","ping_status":"closed","template":"template-rooms.php","meta":{"footnotes":""},"categories":[],"class_list":["post-22","page","type-page","status-publish","hentry"],"acf":[],"yoast_head":"<!-- This site is optimized with the Yoast SEO plugin v26.9 - https:\/\/yoast.com\/product\/yoast-seo-wordpress\/ -->\n<title>Ph\u00f2ng ngh\u1ec9 &amp; Suite T\u1ea1i Trung T\u00e2m H\u00e0 N\u1ed9i<\/title>\n<meta name=\"description\" content=\"Kh\u00e1m ph\u00e1 h\u1ec7 th\u1ed1ng ph\u00f2ng ngh\u1ec9 v\u00e0 ph\u00f2ng suite tinh t\u1ebf t\u1ea1i Fairmont Hanoi. M\u1ed7i kh\u00f4ng gian r\u1ed9ng r\u00e3i \u0111\u01b0\u1ee3c thi\u1ebft k\u1ebf mang \u0111\u1eadm \u00e2m h\u01b0\u1edfng v\u0103n h\u00f3a Vi\u1ec7t Nam, c\u00f9ng c\u00e1c ti\u1ec7n nghi hi\u1ec7n \u0111\u1ea1i v\u00e0 t\u1ea7m nh\u00ecn \u0111\u1eaft gi\u00e1 h\u01b0\u1edbng th\u1eb3ng ra khu trung t\u00e2m Ho\u00e0n Ki\u1ebfm.\" \/>\n<meta name=\"robots\" content=\"index, follow, max-snippet:-1, max-image-preview:large, max-video-preview:-1\" \/>\n<link rel=\"canonical\" href=\"https:\/\/www.fairmonthanoi.com\/vi\/accomodation\/\" \/>\n<meta property=\"og:locale\" content=\"vi_VN\" \/>\n<meta property=\"og:type\" content=\"article\" \/>\n<meta property=\"og:title\" content=\"Ph\u00f2ng ngh\u1ec9 &amp; Suite T\u1ea1i Trung T\u00e2m H\u00e0 N\u1ed9i\" \/>\n<meta property=\"og:description\" content=\"Kh\u00e1m ph\u00e1 h\u1ec7 th\u1ed1ng ph\u00f2ng ngh\u1ec9 v\u00e0 ph\u00f2ng suite tinh t\u1ebf t\u1ea1i Fairmont Hanoi. M\u1ed7i kh\u00f4ng gian r\u1ed9ng r\u00e3i \u0111\u01b0\u1ee3c thi\u1ebft k\u1ebf mang \u0111\u1eadm \u00e2m h\u01b0\u1edfng v\u0103n h\u00f3a Vi\u1ec7t Nam, c\u00f9ng c\u00e1c ti\u1ec7n nghi hi\u1ec7n \u0111\u1ea1i v\u00e0 t\u1ea7m nh\u00ecn \u0111\u1eaft gi\u00e1 h\u01b0\u1edbng th\u1eb3ng ra khu trung t\u00e2m Ho\u00e0n Ki\u1ebfm.\" \/>\n<meta property=\"og:url\" content=\"https:\/\/www.fairmonthanoi.com\/vi\/accomodation\/\" \/>\n<meta property=\"og:site_name\" content=\"Fairmont Hanoi\" \/>\n<meta property=\"article:modified_time\" content=\"2025-12-19T06:53:10+00:00\" \/>\n<meta name=\"twitter:card\" content=\"summary_large_image\" \/>\n<meta name=\"twitter:label1\" content=\"Est. reading time\" \/>\n\t<meta name=\"twitter:data1\" content=\"1 minute\" \/>\n<script type=\"application\/ld+json\" class=\"yoast-schema-graph\">{\"@context\":\"https:\/\/schema.org\",\"@graph\":[{\"@type\":\"WebPage\",\"@id\":\"https:\/\/www.fairmonthanoi.com\/vi\/accomodation\/\",\"url\":\"https:\/\/www.fairmonthanoi.com\/vi\/accomodation\/\",\"name\":\"Ph\u00f2ng ngh\u1ec9 & Suite T\u1ea1i Trung T\u00e2m H\u00e0 N\u1ed9i\",\"isPartOf\":{\"@id\":\"https:\/\/www.fairmonthanoi.com\/#website\"},\"datePublished\":\"2025-12-17T06:38:17+00:00\",\"dateModified\":\"2025-12-19T06:53:10+00:00\",\"description\":\"Kh\u00e1m ph\u00e1 h\u1ec7 th\u1ed1ng ph\u00f2ng ngh\u1ec9 v\u00e0 ph\u00f2ng suite tinh t\u1ebf t\u1ea1i Fairmont Hanoi. M\u1ed7i kh\u00f4ng gian r\u1ed9ng r\u00e3i \u0111\u01b0\u1ee3c thi\u1ebft k\u1ebf mang \u0111\u1eadm \u00e2m h\u01b0\u1edfng v\u0103n h\u00f3a Vi\u1ec7t Nam, c\u00f9ng c\u00e1c ti\u1ec7n nghi hi\u1ec7n \u0111\u1ea1i v\u00e0 t\u1ea7m nh\u00ecn \u0111\u1eaft gi\u00e1 h\u01b0\u1edbng th\u1eb3ng ra khu trung t\u00e2m Ho\u00e0n Ki\u1ebfm.\",\"breadcrumb\":{\"@id\":\"https:\/\/www.fairmonthanoi.com\/vi\/accomodation\/#breadcrumb\"},\"inLanguage\":\"vi-VN\",\"potentialAction\":[{\"@type\":\"ReadAction\",\"target\":[\"https:\/\/www.fairmonthanoi.com\/vi\/accomodation\/\"]}]},{\"@type\":\"BreadcrumbList\",\"@id\":\"https:\/\/www.fairmonthanoi.com\/vi\/accomodation\/#breadcrumb\",\"itemListElement\":[{\"@type\":\"ListItem\",\"position\":1,\"name\":\"Home\",\"item\":\"https:\/\/www.fairmonthanoi.com\/vi\/\"},{\"@type\":\"ListItem\",\"position\":2,\"name\":\"Ph\u00f2ng ngh\u1ec9 &#038; Suite\"}]},{\"@type\":\"WebSite\",\"@id\":\"https:\/\/www.fairmonthanoi.com\/#website\",\"url\":\"https:\/\/www.fairmonthanoi.com\/\",\"name\":\"Fairmont Hanoi\",\"description\":\"\",\"potentialAction\":[{\"@type\":\"SearchAction\",\"target\":{\"@type\":\"EntryPoint\",\"urlTemplate\":\"https:\/\/www.fairmonthanoi.com\/?s={search_term_string}\"},\"query-input\":{\"@type\":\"PropertyValueSpecification\",\"valueRequired\":true,\"valueName\":\"search_term_string\"}}],\"inLanguage\":\"vi-VN\"}]}<\/script>\n<!-- \/ Yoast SEO plugin. -->","yoast_head_json":{"title":"Ph\u00f2ng ngh\u1ec9 & Suite T\u1ea1i Trung T\u00e2m H\u00e0 N\u1ed9i","description":"Kh\u00e1m ph\u00e1 h\u1ec7 th\u1ed1ng ph\u00f2ng ngh\u1ec9 v\u00e0 ph\u00f2ng suite tinh t\u1ebf t\u1ea1i Fairmont Hanoi. M\u1ed7i kh\u00f4ng gian r\u1ed9ng r\u00e3i \u0111\u01b0\u1ee3c thi\u1ebft k\u1ebf mang \u0111\u1eadm \u00e2m h\u01b0\u1edfng v\u0103n h\u00f3a Vi\u1ec7t Nam, c\u00f9ng c\u00e1c ti\u1ec7n nghi hi\u1ec7n \u0111\u1ea1i v\u00e0 t\u1ea7m nh\u00ecn \u0111\u1eaft gi\u00e1 h\u01b0\u1edbng th\u1eb3ng ra khu trung t\u00e2m Ho\u00e0n Ki\u1ebfm.","robots":{"index":"index","follow":"follow","max-snippet":"max-snippet:-1","max-image-preview":"max-image-preview:large","max-video-preview":"max-video-preview:-1"},"canonical":"https:\/\/www.fairmonthanoi.com\/vi\/accomodation\/","og_locale":"vi_VN","og_type":"article","og_title":"Ph\u00f2ng ngh\u1ec9 & Suite T\u1ea1i Trung T\u00e2m H\u00e0 N\u1ed9i","og_description":"Kh\u00e1m ph\u00e1 h\u1ec7 th\u1ed1ng ph\u00f2ng ngh\u1ec9 v\u00e0 ph\u00f2ng suite tinh t\u1ebf t\u1ea1i Fairmont Hanoi. M\u1ed7i kh\u00f4ng gian r\u1ed9ng r\u00e3i \u0111\u01b0\u1ee3c thi\u1ebft k\u1ebf mang \u0111\u1eadm \u00e2m h\u01b0\u1edfng v\u0103n h\u00f3a Vi\u1ec7t Nam, c\u00f9ng c\u00e1c ti\u1ec7n nghi hi\u1ec7n \u0111\u1ea1i v\u00e0 t\u1ea7m nh\u00ecn \u0111\u1eaft gi\u00e1 h\u01b0\u1edbng th\u1eb3ng ra khu trung t\u00e2m Ho\u00e0n Ki\u1ebfm.","og_url":"https:\/\/www.fairmonthanoi.com\/vi\/accomodation\/","og_site_name":"Fairmont Hanoi","article_modified_time":"2025-12-19T06:53:10+00:00","twitter_card":"summary_large_image","twitter_misc":{"Est. reading time":"1 minute"},"schema":{"@context":"https:\/\/schema.org","@graph":[{"@type":"WebPage","@id":"https:\/\/www.fairmonthanoi.com\/vi\/accomodation\/","url":"https:\/\/www.fairmonthanoi.com\/vi\/accomodation\/","name":"Ph\u00f2ng ngh\u1ec9 & Suite T\u1ea1i Trung T\u00e2m H\u00e0 N\u1ed9i","isPartOf":{"@id":"https:\/\/www.fairmonthanoi.com\/#website"},"datePublished":"2025-12-17T06:38:17+00:00","dateModified":"2025-12-19T06:53:10+00:00","description":"Kh\u00e1m ph\u00e1 h\u1ec7 th\u1ed1ng ph\u00f2ng ngh\u1ec9 v\u00e0 ph\u00f2ng suite tinh t\u1ebf t\u1ea1i Fairmont Hanoi. M\u1ed7i kh\u00f4ng gian r\u1ed9ng r\u00e3i \u0111\u01b0\u1ee3c thi\u1ebft k\u1ebf mang \u0111\u1eadm \u00e2m h\u01b0\u1edfng v\u0103n h\u00f3a Vi\u1ec7t Nam, c\u00f9ng c\u00e1c ti\u1ec7n nghi hi\u1ec7n \u0111\u1ea1i v\u00e0 t\u1ea7m nh\u00ecn \u0111\u1eaft gi\u00e1 h\u01b0\u1edbng th\u1eb3ng ra khu trung t\u00e2m Ho\u00e0n Ki\u1ebfm.","breadcrumb":{"@id":"https:\/\/www.fairmonthanoi.com\/vi\/accomodation\/#breadcrumb"},"inLanguage":"vi-VN","potentialAction":[{"@type":"ReadAction","target":["https:\/\/www.fairmonthanoi.com\/vi\/accomodation\/"]}]},{"@type":"BreadcrumbList","@id":"https:\/\/www.fairmonthanoi.com\/vi\/accomodation\/#breadcrumb","itemListElement":[{"@type":"ListItem","position":1,"name":"Home","item":"https:\/\/www.fairmonthanoi.com\/vi\/"},{"@type":"ListItem","position":2,"name":"Ph\u00f2ng ngh\u1ec9 &#038; Suite"}]},{"@type":"WebSite","@id":"https:\/\/www.fairmonthanoi.com\/#website","url":"https:\/\/www.fairmonthanoi.com\/","name":"Fairmont Hanoi","description":"","potentialAction":[{"@type":"SearchAction","target":{"@type":"EntryPoint","urlTemplate":"https:\/\/www.fairmonthanoi.com\/?s={search_term_string}"},"query-input":{"@type":"PropertyValueSpecification","valueRequired":true,"valueName":"search_term_string"}}],"inLanguage":"vi-VN"}]}},"_links":{"self":[{"href":"https:\/\/www.fairmonthanoi.com\/vi\/wp-json\/wp\/v2\/pages\/22","targetHints":{"allow":["GET"]}}],"collection":[{"href":"https:\/\/www.fairmonthanoi.com\/vi\/wp-json\/wp\/v2\/pages"}],"about":[{"href":"https:\/\/www.fairmonthanoi.com\/vi\/wp-json\/wp\/v2\/types\/page"}],"author":[{"embeddable":true,"href":"https:\/\/www.fairmonthanoi.com\/vi\/wp-json\/wp\/v2\/users\/30"}],"replies":[{"embeddable":true,"href":"https:\/\/www.fairmonthanoi.com\/vi\/wp-json\/wp\/v2\/comments?post=22"}],"version-history":[{"count":0,"href":"https:\/\/www.fairmonthanoi.com\/vi\/wp-json\/wp\/v2\/pages\/22\/revisions"}],"wp:attachment":[{"href":"https:\/\/www.fairmonthanoi.com\/vi\/wp-json\/wp\/v2\/media?parent=22"}],"wp:term":[{"taxonomy":"category","embeddable":true,"href":"https:\/\/www.fairmonthanoi.com\/vi\/wp-json\/wp\/v2\/categories?post=22"}],"curies":[{"name":"wp","href":"https:\/\/api.w.org\/{rel}","templated":true}]}}