{"id":28,"date":"2025-12-17T06:55:36","date_gmt":"2025-12-17T06:55:36","guid":{"rendered":"https:\/\/fairmonthanoi.accorv2prod2.decms.eu\/accomodation\/fairmont-king\/"},"modified":"2025-12-17T07:03:07","modified_gmt":"2025-12-17T07:03:07","slug":"fairmont-king","status":"publish","type":"page","link":"https:\/\/www.fairmonthanoi.com\/vi\/accomodation\/fairmont-king\/","title":{"rendered":"PH\u00d2NG FAIRMONT KING"},"content":{"rendered":"<p>Ph\u00f2ng Fairmont King mang \u0111\u1ebfn m\u1ed9t kh\u00f4ng gian y\u00ean t\u0129nh v\u1edbi n\u1ed9i th\u1ea5t g\u1ed7 tr\u1ea7m \u1ea5m, ti\u1ec7n nghi tinh t\u1ebf \u0111\u01b0\u1ee3c l\u1ea5y c\u1ea3m h\u1ee9ng t\u1eeb c\u00e1c l\u00e0ng ngh\u1ec1 th\u1ee7 c\u00f4ng Vi\u1ec7t Nam. Gi\u01b0\u1eddng c\u1ee1 l\u1edbn \u00eam \u00e1i, ph\u00f2ng t\u1eafm l\u00e1t \u0111\u00e1 c\u1ea9m th\u1ea1ch v\u1edbi khu v\u00f2i sen v\u00e0 b\u1ed3n t\u1eafm ri\u00eang bi\u1ec7t mang l\u1ea1i c\u1ea3m gi\u00e1c th\u01b0 th\u00e1i v\u00e0 ngh\u1ec9 ng\u01a1i ho\u00e0n h\u1ea3o. C\u0103n ph\u00f2ng tr\u00e0n ng\u1eadp \u00e1nh s\u00e1ng t\u1ef1 nhi\u00ean v\u1edbi t\u1ea7m nh\u00ecn m\u1edf ra h\u01b0\u1edbng trung t\u00e2m ph\u1ed1 c\u1ed5 ho\u1eb7c khu v\u01b0\u1eddn xanh m\u00e1t. B\u1ed9 s\u1ea3n ph\u1ea9m t\u1eafm Le Labo, loa Marshall, v\u00e0 m\u00e1y pha c\u00e0 ph\u00ea Nespresso l\u00e0 nh\u1eefng l\u1ef1a ch\u1ecdn kh\u00e9o l\u00e9o \u0111\u1ec3 n\u00e2ng t\u1ea7m k\u1ef3 ngh\u1ec9 c\u1ee7a Qu\u00fd kh\u00e1ch t\u1ea1i H\u00e0 N\u1ed9i. <\/p>\n","protected":false},"excerpt":{"rendered":"<p>Ph\u00f2ng Fairmont King mang \u0111\u1ebfn m\u1ed9t kh\u00f4ng gian y\u00ean t\u0129nh v\u1edbi n\u1ed9i th\u1ea5t g\u1ed7 tr\u1ea7m \u1ea5m, ti\u1ec7n nghi tinh t\u1ebf \u0111\u01b0\u1ee3c l\u1ea5y c\u1ea3m h\u1ee9ng t\u1eeb c\u00e1c l\u00e0ng ngh\u1ec1 th\u1ee7 c\u00f4ng Vi\u1ec7t Nam. Gi\u01b0\u1eddng c\u1ee1 l\u1edbn \u00eam \u00e1i, ph\u00f2ng t\u1eafm l\u00e1t \u0111\u00e1 c\u1ea9m th\u1ea1ch v\u1edbi khu v\u00f2i sen v\u00e0 b\u1ed3n t\u1eafm ri\u00eang bi\u1ec7t mang l\u1ea1i c\u1ea3m [&hellip;]<\/p>\n","protected":false},"author":30,"featured_media":0,"parent":22,"menu_order":1,"comment_status":"closed","ping_status":"closed","template":"template-room.php","meta":{"footnotes":""},"categories":[20],"class_list":["post-28","page","type-page","status-publish","hentry","category-phong-fairmont-king"],"acf":[],"yoast_head":"<!-- This site is optimized with the Yoast SEO plugin v26.9 - https:\/\/yoast.com\/product\/yoast-seo-wordpress\/ -->\n<title>Ph\u00f2ng Fairmont King t\u1ea1i Trung T\u00e2m H\u00e0 N\u1ed9i | Fairmont Hanoi<\/title>\n<meta name=\"description\" content=\"Kh\u00e1m ph\u00e1 h\u1ea1ng ph\u00f2ng Fairmont King t\u1ea1i trung t\u00e2m H\u00e0 N\u1ed9i. V\u1edbi nh\u1eefng \u0111i\u1ec3m nh\u1ea5n b\u1eb1ng g\u1ed7 t\u1ef1 nhi\u00ean tr\u1ea7m \u1ea5m, ph\u00f2ng t\u1eafm l\u00e1t \u0111\u00e1 c\u1ea9m th\u1ea1ch, c\u00f9ng c\u00e1c ti\u1ec7n nghi hi\u1ec7n \u0111\u1ea1i t\u1ea1o n\u00ean m\u1ed9t kh\u00f4ng gian y\u00ean t\u0129nh, t\u00e1ch bi\u1ec7t kh\u1ecfi nh\u1ecbp s\u1ed1ng s\u00f4i \u0111\u1ed9ng c\u1ee7a th\u1ee7 \u0111\u00f4.\" \/>\n<meta name=\"robots\" content=\"index, follow, max-snippet:-1, max-image-preview:large, max-video-preview:-1\" \/>\n<link rel=\"canonical\" href=\"https:\/\/www.fairmonthanoi.com\/vi\/accomodation\/fairmont-king\/\" \/>\n<meta property=\"og:locale\" content=\"vi_VN\" \/>\n<meta property=\"og:type\" content=\"article\" \/>\n<meta property=\"og:title\" content=\"Ph\u00f2ng Fairmont King t\u1ea1i Trung T\u00e2m H\u00e0 N\u1ed9i | Fairmont Hanoi\" \/>\n<meta property=\"og:description\" content=\"Kh\u00e1m ph\u00e1 h\u1ea1ng ph\u00f2ng Fairmont King t\u1ea1i trung t\u00e2m H\u00e0 N\u1ed9i. V\u1edbi nh\u1eefng \u0111i\u1ec3m nh\u1ea5n b\u1eb1ng g\u1ed7 t\u1ef1 nhi\u00ean tr\u1ea7m \u1ea5m, ph\u00f2ng t\u1eafm l\u00e1t \u0111\u00e1 c\u1ea9m th\u1ea1ch, c\u00f9ng c\u00e1c ti\u1ec7n nghi hi\u1ec7n \u0111\u1ea1i t\u1ea1o n\u00ean m\u1ed9t kh\u00f4ng gian y\u00ean t\u0129nh, t\u00e1ch bi\u1ec7t kh\u1ecfi nh\u1ecbp s\u1ed1ng s\u00f4i \u0111\u1ed9ng c\u1ee7a th\u1ee7 \u0111\u00f4.\" \/>\n<meta property=\"og:url\" content=\"https:\/\/www.fairmonthanoi.com\/vi\/accomodation\/fairmont-king\/\" \/>\n<meta property=\"og:site_name\" content=\"Fairmont Hanoi\" \/>\n<meta property=\"article:modified_time\" content=\"2025-12-17T07:03:07+00:00\" \/>\n<meta name=\"twitter:card\" content=\"summary_large_image\" \/>\n<meta name=\"twitter:label1\" content=\"Est. reading time\" \/>\n\t<meta name=\"twitter:data1\" content=\"1 minute\" \/>\n<script type=\"application\/ld+json\" class=\"yoast-schema-graph\">{\"@context\":\"https:\/\/schema.org\",\"@graph\":[{\"@type\":\"WebPage\",\"@id\":\"https:\/\/www.fairmonthanoi.com\/vi\/accomodation\/fairmont-king\/\",\"url\":\"https:\/\/www.fairmonthanoi.com\/vi\/accomodation\/fairmont-king\/\",\"name\":\"Ph\u00f2ng Fairmont King t\u1ea1i Trung T\u00e2m H\u00e0 N\u1ed9i | Fairmont Hanoi\",\"isPartOf\":{\"@id\":\"https:\/\/www.fairmonthanoi.com\/#website\"},\"datePublished\":\"2025-12-17T06:55:36+00:00\",\"dateModified\":\"2025-12-17T07:03:07+00:00\",\"description\":\"Kh\u00e1m ph\u00e1 h\u1ea1ng ph\u00f2ng Fairmont King t\u1ea1i trung t\u00e2m H\u00e0 N\u1ed9i. V\u1edbi nh\u1eefng \u0111i\u1ec3m nh\u1ea5n b\u1eb1ng g\u1ed7 t\u1ef1 nhi\u00ean tr\u1ea7m \u1ea5m, ph\u00f2ng t\u1eafm l\u00e1t \u0111\u00e1 c\u1ea9m th\u1ea1ch, c\u00f9ng c\u00e1c ti\u1ec7n nghi hi\u1ec7n \u0111\u1ea1i t\u1ea1o n\u00ean m\u1ed9t kh\u00f4ng gian y\u00ean t\u0129nh, t\u00e1ch bi\u1ec7t kh\u1ecfi nh\u1ecbp s\u1ed1ng s\u00f4i \u0111\u1ed9ng c\u1ee7a th\u1ee7 \u0111\u00f4.\",\"breadcrumb\":{\"@id\":\"https:\/\/www.fairmonthanoi.com\/vi\/accomodation\/fairmont-king\/#breadcrumb\"},\"inLanguage\":\"vi-VN\",\"potentialAction\":[{\"@type\":\"ReadAction\",\"target\":[\"https:\/\/www.fairmonthanoi.com\/vi\/accomodation\/fairmont-king\/\"]}]},{\"@type\":\"BreadcrumbList\",\"@id\":\"https:\/\/www.fairmonthanoi.com\/vi\/accomodation\/fairmont-king\/#breadcrumb\",\"itemListElement\":[{\"@type\":\"ListItem\",\"position\":1,\"name\":\"Home\",\"item\":\"https:\/\/www.fairmonthanoi.com\/vi\/\"},{\"@type\":\"ListItem\",\"position\":2,\"name\":\"Ph\u00f2ng ngh\u1ec9 &#038; Suite\",\"item\":\"https:\/\/www.fairmonthanoi.com\/vi\/rooms-suites\/\"},{\"@type\":\"ListItem\",\"position\":3,\"name\":\"PH\u00d2NG FAIRMONT KING\"}]},{\"@type\":\"WebSite\",\"@id\":\"https:\/\/www.fairmonthanoi.com\/#website\",\"url\":\"https:\/\/www.fairmonthanoi.com\/\",\"name\":\"Fairmont Hanoi\",\"description\":\"\",\"potentialAction\":[{\"@type\":\"SearchAction\",\"target\":{\"@type\":\"EntryPoint\",\"urlTemplate\":\"https:\/\/www.fairmonthanoi.com\/?s={search_term_string}\"},\"query-input\":{\"@type\":\"PropertyValueSpecification\",\"valueRequired\":true,\"valueName\":\"search_term_string\"}}],\"inLanguage\":\"vi-VN\"}]}<\/script>\n<!-- \/ Yoast SEO plugin. -->","yoast_head_json":{"title":"Ph\u00f2ng Fairmont King t\u1ea1i Trung T\u00e2m H\u00e0 N\u1ed9i | Fairmont Hanoi","description":"Kh\u00e1m ph\u00e1 h\u1ea1ng ph\u00f2ng Fairmont King t\u1ea1i trung t\u00e2m H\u00e0 N\u1ed9i. V\u1edbi nh\u1eefng \u0111i\u1ec3m nh\u1ea5n b\u1eb1ng g\u1ed7 t\u1ef1 nhi\u00ean tr\u1ea7m \u1ea5m, ph\u00f2ng t\u1eafm l\u00e1t \u0111\u00e1 c\u1ea9m th\u1ea1ch, c\u00f9ng c\u00e1c ti\u1ec7n nghi hi\u1ec7n \u0111\u1ea1i t\u1ea1o n\u00ean m\u1ed9t kh\u00f4ng gian y\u00ean t\u0129nh, t\u00e1ch bi\u1ec7t kh\u1ecfi nh\u1ecbp s\u1ed1ng s\u00f4i \u0111\u1ed9ng c\u1ee7a th\u1ee7 \u0111\u00f4.","robots":{"index":"index","follow":"follow","max-snippet":"max-snippet:-1","max-image-preview":"max-image-preview:large","max-video-preview":"max-video-preview:-1"},"canonical":"https:\/\/www.fairmonthanoi.com\/vi\/accomodation\/fairmont-king\/","og_locale":"vi_VN","og_type":"article","og_title":"Ph\u00f2ng Fairmont King t\u1ea1i Trung T\u00e2m H\u00e0 N\u1ed9i | Fairmont Hanoi","og_description":"Kh\u00e1m ph\u00e1 h\u1ea1ng ph\u00f2ng Fairmont King t\u1ea1i trung t\u00e2m H\u00e0 N\u1ed9i. V\u1edbi nh\u1eefng \u0111i\u1ec3m nh\u1ea5n b\u1eb1ng g\u1ed7 t\u1ef1 nhi\u00ean tr\u1ea7m \u1ea5m, ph\u00f2ng t\u1eafm l\u00e1t \u0111\u00e1 c\u1ea9m th\u1ea1ch, c\u00f9ng c\u00e1c ti\u1ec7n nghi hi\u1ec7n \u0111\u1ea1i t\u1ea1o n\u00ean m\u1ed9t kh\u00f4ng gian y\u00ean t\u0129nh, t\u00e1ch bi\u1ec7t kh\u1ecfi nh\u1ecbp s\u1ed1ng s\u00f4i \u0111\u1ed9ng c\u1ee7a th\u1ee7 \u0111\u00f4.","og_url":"https:\/\/www.fairmonthanoi.com\/vi\/accomodation\/fairmont-king\/","og_site_name":"Fairmont Hanoi","article_modified_time":"2025-12-17T07:03:07+00:00","twitter_card":"summary_large_image","twitter_misc":{"Est. reading time":"1 minute"},"schema":{"@context":"https:\/\/schema.org","@graph":[{"@type":"WebPage","@id":"https:\/\/www.fairmonthanoi.com\/vi\/accomodation\/fairmont-king\/","url":"https:\/\/www.fairmonthanoi.com\/vi\/accomodation\/fairmont-king\/","name":"Ph\u00f2ng Fairmont King t\u1ea1i Trung T\u00e2m H\u00e0 N\u1ed9i | Fairmont Hanoi","isPartOf":{"@id":"https:\/\/www.fairmonthanoi.com\/#website"},"datePublished":"2025-12-17T06:55:36+00:00","dateModified":"2025-12-17T07:03:07+00:00","description":"Kh\u00e1m ph\u00e1 h\u1ea1ng ph\u00f2ng Fairmont King t\u1ea1i trung t\u00e2m H\u00e0 N\u1ed9i. V\u1edbi nh\u1eefng \u0111i\u1ec3m nh\u1ea5n b\u1eb1ng g\u1ed7 t\u1ef1 nhi\u00ean tr\u1ea7m \u1ea5m, ph\u00f2ng t\u1eafm l\u00e1t \u0111\u00e1 c\u1ea9m th\u1ea1ch, c\u00f9ng c\u00e1c ti\u1ec7n nghi hi\u1ec7n \u0111\u1ea1i t\u1ea1o n\u00ean m\u1ed9t kh\u00f4ng gian y\u00ean t\u0129nh, t\u00e1ch bi\u1ec7t kh\u1ecfi nh\u1ecbp s\u1ed1ng s\u00f4i \u0111\u1ed9ng c\u1ee7a th\u1ee7 \u0111\u00f4.","breadcrumb":{"@id":"https:\/\/www.fairmonthanoi.com\/vi\/accomodation\/fairmont-king\/#breadcrumb"},"inLanguage":"vi-VN","potentialAction":[{"@type":"ReadAction","target":["https:\/\/www.fairmonthanoi.com\/vi\/accomodation\/fairmont-king\/"]}]},{"@type":"BreadcrumbList","@id":"https:\/\/www.fairmonthanoi.com\/vi\/accomodation\/fairmont-king\/#breadcrumb","itemListElement":[{"@type":"ListItem","position":1,"name":"Home","item":"https:\/\/www.fairmonthanoi.com\/vi\/"},{"@type":"ListItem","position":2,"name":"Ph\u00f2ng ngh\u1ec9 &#038; Suite","item":"https:\/\/www.fairmonthanoi.com\/vi\/rooms-suites\/"},{"@type":"ListItem","position":3,"name":"PH\u00d2NG FAIRMONT KING"}]},{"@type":"WebSite","@id":"https:\/\/www.fairmonthanoi.com\/#website","url":"https:\/\/www.fairmonthanoi.com\/","name":"Fairmont Hanoi","description":"","potentialAction":[{"@type":"SearchAction","target":{"@type":"EntryPoint","urlTemplate":"https:\/\/www.fairmonthanoi.com\/?s={search_term_string}"},"query-input":{"@type":"PropertyValueSpecification","valueRequired":true,"valueName":"search_term_string"}}],"inLanguage":"vi-VN"}]}},"_links":{"self":[{"href":"https:\/\/www.fairmonthanoi.com\/vi\/wp-json\/wp\/v2\/pages\/28","targetHints":{"allow":["GET"]}}],"collection":[{"href":"https:\/\/www.fairmonthanoi.com\/vi\/wp-json\/wp\/v2\/pages"}],"about":[{"href":"https:\/\/www.fairmonthanoi.com\/vi\/wp-json\/wp\/v2\/types\/page"}],"author":[{"embeddable":true,"href":"https:\/\/www.fairmonthanoi.com\/vi\/wp-json\/wp\/v2\/users\/30"}],"replies":[{"embeddable":true,"href":"https:\/\/www.fairmonthanoi.com\/vi\/wp-json\/wp\/v2\/comments?post=28"}],"version-history":[{"count":0,"href":"https:\/\/www.fairmonthanoi.com\/vi\/wp-json\/wp\/v2\/pages\/28\/revisions"}],"up":[{"embeddable":true,"href":"https:\/\/www.fairmonthanoi.com\/vi\/wp-json\/wp\/v2\/pages\/22"}],"wp:attachment":[{"href":"https:\/\/www.fairmonthanoi.com\/vi\/wp-json\/wp\/v2\/media?parent=28"}],"wp:term":[{"taxonomy":"category","embeddable":true,"href":"https:\/\/www.fairmonthanoi.com\/vi\/wp-json\/wp\/v2\/categories?post=28"}],"curies":[{"name":"wp","href":"https:\/\/api.w.org\/{rel}","templated":true}]}}