{"id":57,"date":"2025-12-17T08:11:55","date_gmt":"2025-12-17T08:11:55","guid":{"rendered":"https:\/\/fairmonthanoi.accorv2prod2.decms.eu\/restaurants-bars\/"},"modified":"2025-12-17T08:16:00","modified_gmt":"2025-12-17T08:16:00","slug":"restaurants-bars","status":"publish","type":"page","link":"https:\/\/www.fairmonthanoi.com\/vi\/restaurants-bars\/","title":{"rendered":"NH\u00c0 H\u00c0NG &#038; BAR"},"content":{"rendered":"<p>T\u00e1m nh\u00e0 h\u00e0ng v\u00e0 qu\u1ea7y bar m\u1edf ra m\u1ed9t h\u00e0nh tr\u00ecnh \u1ea9m th\u1ef1c gi\u00e0u x\u00fac c\u1ea3m, n\u01a1i ngh\u1ec7 thu\u1eadt ch\u1ebf bi\u1ebfn, chi\u1ec1u s\u00e2u v\u0103n h\u00f3a v\u00e0 tinh th\u1ea7n k\u1ebft n\u1ed1i c\u00f9ng nhau giao h\u00f2a. Ng\u00e0y m\u1edbi b\u1eaft \u0111\u1ea7u t\u1ea1i 10 Central v\u1edbi h\u01b0\u01a1ng b\u00e1nh th\u01a1m ng\u00e1t quy\u1ec7n c\u00f9ng nh\u1eefng t\u00e1ch c\u00e0 ph\u00ea \u0111\u1eb7c s\u1ea3n, tr\u01b0\u1edbc khi d\u1eabn l\u1ed1i \u0111\u1ebfn s\u00e2n kh\u1ea5u \u1ea9m th\u1ef1c \u00dd ph\u00f3ng kho\u00e1ng t\u1ea1i Bacco hay m\u00e0n tr\u00ecnh di\u1ec5n teppanyaki tinh x\u1ea3o t\u1ea1i Hiryu. Tr\u1ea3i nghi\u1ec7m v\u1ecb gi\u00e1c th\u0103ng hoa t\u1ea1i Tr\u1ea7n Dynasty, n\u01a1i di s\u1ea3n \u1ea9m th\u1ef1c Vi\u1ec7t \u0111\u01b0\u1ee3c t\u00e1i hi\u1ec7n theo tinh th\u1ea7n \u0111\u01b0\u01a1ng \u0111\u1ea1i nh\u01b0ng v\u1eabn \u0111\u1eadm \u0111\u00e0 b\u1ea3n s\u1eafc. Hay v\u00e9n m\u00e0n nh\u1ecbp s\u1ed1ng th\u00e0nh ph\u1ed1 v\u1ec1 \u0111\u00eam t\u1ea1i bar t\u1ea7ng th\u01b0\u1ee3ng c\u00f9ng t\u1ea7m nh\u00ecn to\u00e0n c\u1ea3nh ngo\u1ea1n m\u1ee5c, v\u00e0 \u0111\u1eafm ch\u00ecm trong nh\u1ecbp \u0111i\u1ec7u s\u00f4i \u0111\u1ed9ng c\u1ee7a YY Bar v\u1edbi nh\u1eefng ly cocktail th\u1ee7 c\u00f4ng tinh t\u1ebf. D\u00e0nh cho nh\u1eefng ai t\u00ecm ki\u1ebfm s\u1ef1 ri\u00eang t\u01b0 tuy\u1ec7t \u0111\u1ed1i, 8 Saville Row g\u1ee3i m\u1edf s\u1ee9c h\u00fat huy\u1ec1n \u1ea3o d\u01b0\u1edbi \u00e1nh n\u1ebfn c\u00f9ng nh\u1eefng d\u00f2ng whisky hi\u1ebfm \u0111\u01b0\u1ee3c tinh tuy\u1ec3n k\u1ef9 l\u01b0\u1ee1ng. T\u1ea5t c\u1ea3 c\u00f9ng t\u00f4n vinh tinh th\u1ea7n c\u1ee7a m\u1ed9t H\u00e0 N\u1ed9i hi\u1ec7n \u0111\u1ea1i, qua t\u1eebng \u0111i\u1ec3m ch\u1ea1m c\u1ee7a h\u01b0\u01a1ng v\u1ecb, k\u1ebft c\u1ea5u v\u00e0 kh\u00f4ng gian.<\/p>\n","protected":false},"excerpt":{"rendered":"<p>T\u00e1m nh\u00e0 h\u00e0ng v\u00e0 qu\u1ea7y bar m\u1edf ra m\u1ed9t h\u00e0nh tr\u00ecnh \u1ea9m th\u1ef1c gi\u00e0u x\u00fac c\u1ea3m, n\u01a1i ngh\u1ec7 thu\u1eadt ch\u1ebf bi\u1ebfn, chi\u1ec1u s\u00e2u v\u0103n h\u00f3a v\u00e0 tinh th\u1ea7n k\u1ebft n\u1ed1i c\u00f9ng nhau giao h\u00f2a. Ng\u00e0y m\u1edbi b\u1eaft \u0111\u1ea7u t\u1ea1i 10 Central v\u1edbi h\u01b0\u01a1ng b\u00e1nh th\u01a1m ng\u00e1t quy\u1ec7n c\u00f9ng nh\u1eefng t\u00e1ch c\u00e0 ph\u00ea \u0111\u1eb7c s\u1ea3n, tr\u01b0\u1edbc [&hellip;]<\/p>\n","protected":false},"author":30,"featured_media":0,"parent":0,"menu_order":0,"comment_status":"closed","ping_status":"closed","template":"template-restaurants.php","meta":{"footnotes":""},"categories":[],"class_list":["post-57","page","type-page","status-publish","hentry"],"acf":[],"yoast_head":"<!-- This site is optimized with the Yoast SEO plugin v26.9 - https:\/\/yoast.com\/product\/yoast-seo-wordpress\/ -->\n<title>Nh\u00e0 h\u00e0ng &amp; Bar t\u1ea1i Fairmont Hanoi | Tr\u1ea3i nghi\u1ec7m \u1ea9m th\u1ef1c t\u1ea1i trung t\u00e2m H\u00e0 N\u1ed9i<\/title>\n<meta name=\"description\" content=\"Kh\u00e1m ph\u00e1 \u1ea9m th\u1ef1c t\u1ea1i Fairmont Hanoi, t\u1eeb h\u01b0\u01a1ng v\u1ecb \u00dd tinh t\u1ebf, ngh\u1ec7 thu\u1eadt teppanyaki, cocktail t\u1ea7ng th\u01b0\u1ee3ng, \u0111\u1ebfn \u1ea9m th\u1ef1c Vi\u1ec7t Nam cao c\u1ea5p v\u00e0 nh\u1eefng qu\u1ea7y bar \u0111\u1eb7c tr\u01b0ng ngay gi\u1eefa l\u00f2ng th\u00e0nh ph\u1ed1.\" \/>\n<meta name=\"robots\" content=\"index, follow, max-snippet:-1, max-image-preview:large, max-video-preview:-1\" \/>\n<link rel=\"canonical\" href=\"https:\/\/www.fairmonthanoi.com\/vi\/restaurants-bars\/\" \/>\n<meta property=\"og:locale\" content=\"vi_VN\" \/>\n<meta property=\"og:type\" content=\"article\" \/>\n<meta property=\"og:title\" content=\"Nh\u00e0 h\u00e0ng &amp; Bar t\u1ea1i Fairmont Hanoi | Tr\u1ea3i nghi\u1ec7m \u1ea9m th\u1ef1c t\u1ea1i trung t\u00e2m H\u00e0 N\u1ed9i\" \/>\n<meta property=\"og:description\" content=\"Kh\u00e1m ph\u00e1 \u1ea9m th\u1ef1c t\u1ea1i Fairmont Hanoi, t\u1eeb h\u01b0\u01a1ng v\u1ecb \u00dd tinh t\u1ebf, ngh\u1ec7 thu\u1eadt teppanyaki, cocktail t\u1ea7ng th\u01b0\u1ee3ng, \u0111\u1ebfn \u1ea9m th\u1ef1c Vi\u1ec7t Nam cao c\u1ea5p v\u00e0 nh\u1eefng qu\u1ea7y bar \u0111\u1eb7c tr\u01b0ng ngay gi\u1eefa l\u00f2ng th\u00e0nh ph\u1ed1.\" \/>\n<meta property=\"og:url\" content=\"https:\/\/www.fairmonthanoi.com\/vi\/restaurants-bars\/\" \/>\n<meta property=\"og:site_name\" content=\"Fairmont Hanoi\" \/>\n<meta property=\"article:modified_time\" content=\"2025-12-17T08:16:00+00:00\" \/>\n<meta name=\"twitter:card\" content=\"summary_large_image\" \/>\n<meta name=\"twitter:label1\" content=\"Est. reading time\" \/>\n\t<meta name=\"twitter:data1\" content=\"1 minute\" \/>\n<script type=\"application\/ld+json\" class=\"yoast-schema-graph\">{\"@context\":\"https:\/\/schema.org\",\"@graph\":[{\"@type\":\"WebPage\",\"@id\":\"https:\/\/www.fairmonthanoi.com\/vi\/restaurants-bars\/\",\"url\":\"https:\/\/www.fairmonthanoi.com\/vi\/restaurants-bars\/\",\"name\":\"Nh\u00e0 h\u00e0ng & Bar t\u1ea1i Fairmont Hanoi | Tr\u1ea3i nghi\u1ec7m \u1ea9m th\u1ef1c t\u1ea1i trung t\u00e2m H\u00e0 N\u1ed9i\",\"isPartOf\":{\"@id\":\"https:\/\/www.fairmonthanoi.com\/#website\"},\"datePublished\":\"2025-12-17T08:11:55+00:00\",\"dateModified\":\"2025-12-17T08:16:00+00:00\",\"description\":\"Kh\u00e1m ph\u00e1 \u1ea9m th\u1ef1c t\u1ea1i Fairmont Hanoi, t\u1eeb h\u01b0\u01a1ng v\u1ecb \u00dd tinh t\u1ebf, ngh\u1ec7 thu\u1eadt teppanyaki, cocktail t\u1ea7ng th\u01b0\u1ee3ng, \u0111\u1ebfn \u1ea9m th\u1ef1c Vi\u1ec7t Nam cao c\u1ea5p v\u00e0 nh\u1eefng qu\u1ea7y bar \u0111\u1eb7c tr\u01b0ng ngay gi\u1eefa l\u00f2ng th\u00e0nh ph\u1ed1.\",\"breadcrumb\":{\"@id\":\"https:\/\/www.fairmonthanoi.com\/vi\/restaurants-bars\/#breadcrumb\"},\"inLanguage\":\"vi-VN\",\"potentialAction\":[{\"@type\":\"ReadAction\",\"target\":[\"https:\/\/www.fairmonthanoi.com\/vi\/restaurants-bars\/\"]}]},{\"@type\":\"BreadcrumbList\",\"@id\":\"https:\/\/www.fairmonthanoi.com\/vi\/restaurants-bars\/#breadcrumb\",\"itemListElement\":[{\"@type\":\"ListItem\",\"position\":1,\"name\":\"Home\",\"item\":\"https:\/\/www.fairmonthanoi.com\/vi\/\"},{\"@type\":\"ListItem\",\"position\":2,\"name\":\"NH\u00c0 H\u00c0NG &#038; BAR\"}]},{\"@type\":\"WebSite\",\"@id\":\"https:\/\/www.fairmonthanoi.com\/#website\",\"url\":\"https:\/\/www.fairmonthanoi.com\/\",\"name\":\"Fairmont Hanoi\",\"description\":\"\",\"potentialAction\":[{\"@type\":\"SearchAction\",\"target\":{\"@type\":\"EntryPoint\",\"urlTemplate\":\"https:\/\/www.fairmonthanoi.com\/?s={search_term_string}\"},\"query-input\":{\"@type\":\"PropertyValueSpecification\",\"valueRequired\":true,\"valueName\":\"search_term_string\"}}],\"inLanguage\":\"vi-VN\"}]}<\/script>\n<!-- \/ Yoast SEO plugin. -->","yoast_head_json":{"title":"Nh\u00e0 h\u00e0ng & Bar t\u1ea1i Fairmont Hanoi | Tr\u1ea3i nghi\u1ec7m \u1ea9m th\u1ef1c t\u1ea1i trung t\u00e2m H\u00e0 N\u1ed9i","description":"Kh\u00e1m ph\u00e1 \u1ea9m th\u1ef1c t\u1ea1i Fairmont Hanoi, t\u1eeb h\u01b0\u01a1ng v\u1ecb \u00dd tinh t\u1ebf, ngh\u1ec7 thu\u1eadt teppanyaki, cocktail t\u1ea7ng th\u01b0\u1ee3ng, \u0111\u1ebfn \u1ea9m th\u1ef1c Vi\u1ec7t Nam cao c\u1ea5p v\u00e0 nh\u1eefng qu\u1ea7y bar \u0111\u1eb7c tr\u01b0ng ngay gi\u1eefa l\u00f2ng th\u00e0nh ph\u1ed1.","robots":{"index":"index","follow":"follow","max-snippet":"max-snippet:-1","max-image-preview":"max-image-preview:large","max-video-preview":"max-video-preview:-1"},"canonical":"https:\/\/www.fairmonthanoi.com\/vi\/restaurants-bars\/","og_locale":"vi_VN","og_type":"article","og_title":"Nh\u00e0 h\u00e0ng & Bar t\u1ea1i Fairmont Hanoi | Tr\u1ea3i nghi\u1ec7m \u1ea9m th\u1ef1c t\u1ea1i trung t\u00e2m H\u00e0 N\u1ed9i","og_description":"Kh\u00e1m ph\u00e1 \u1ea9m th\u1ef1c t\u1ea1i Fairmont Hanoi, t\u1eeb h\u01b0\u01a1ng v\u1ecb \u00dd tinh t\u1ebf, ngh\u1ec7 thu\u1eadt teppanyaki, cocktail t\u1ea7ng th\u01b0\u1ee3ng, \u0111\u1ebfn \u1ea9m th\u1ef1c Vi\u1ec7t Nam cao c\u1ea5p v\u00e0 nh\u1eefng qu\u1ea7y bar \u0111\u1eb7c tr\u01b0ng ngay gi\u1eefa l\u00f2ng th\u00e0nh ph\u1ed1.","og_url":"https:\/\/www.fairmonthanoi.com\/vi\/restaurants-bars\/","og_site_name":"Fairmont Hanoi","article_modified_time":"2025-12-17T08:16:00+00:00","twitter_card":"summary_large_image","twitter_misc":{"Est. reading time":"1 minute"},"schema":{"@context":"https:\/\/schema.org","@graph":[{"@type":"WebPage","@id":"https:\/\/www.fairmonthanoi.com\/vi\/restaurants-bars\/","url":"https:\/\/www.fairmonthanoi.com\/vi\/restaurants-bars\/","name":"Nh\u00e0 h\u00e0ng & Bar t\u1ea1i Fairmont Hanoi | Tr\u1ea3i nghi\u1ec7m \u1ea9m th\u1ef1c t\u1ea1i trung t\u00e2m H\u00e0 N\u1ed9i","isPartOf":{"@id":"https:\/\/www.fairmonthanoi.com\/#website"},"datePublished":"2025-12-17T08:11:55+00:00","dateModified":"2025-12-17T08:16:00+00:00","description":"Kh\u00e1m ph\u00e1 \u1ea9m th\u1ef1c t\u1ea1i Fairmont Hanoi, t\u1eeb h\u01b0\u01a1ng v\u1ecb \u00dd tinh t\u1ebf, ngh\u1ec7 thu\u1eadt teppanyaki, cocktail t\u1ea7ng th\u01b0\u1ee3ng, \u0111\u1ebfn \u1ea9m th\u1ef1c Vi\u1ec7t Nam cao c\u1ea5p v\u00e0 nh\u1eefng qu\u1ea7y bar \u0111\u1eb7c tr\u01b0ng ngay gi\u1eefa l\u00f2ng th\u00e0nh ph\u1ed1.","breadcrumb":{"@id":"https:\/\/www.fairmonthanoi.com\/vi\/restaurants-bars\/#breadcrumb"},"inLanguage":"vi-VN","potentialAction":[{"@type":"ReadAction","target":["https:\/\/www.fairmonthanoi.com\/vi\/restaurants-bars\/"]}]},{"@type":"BreadcrumbList","@id":"https:\/\/www.fairmonthanoi.com\/vi\/restaurants-bars\/#breadcrumb","itemListElement":[{"@type":"ListItem","position":1,"name":"Home","item":"https:\/\/www.fairmonthanoi.com\/vi\/"},{"@type":"ListItem","position":2,"name":"NH\u00c0 H\u00c0NG &#038; BAR"}]},{"@type":"WebSite","@id":"https:\/\/www.fairmonthanoi.com\/#website","url":"https:\/\/www.fairmonthanoi.com\/","name":"Fairmont Hanoi","description":"","potentialAction":[{"@type":"SearchAction","target":{"@type":"EntryPoint","urlTemplate":"https:\/\/www.fairmonthanoi.com\/?s={search_term_string}"},"query-input":{"@type":"PropertyValueSpecification","valueRequired":true,"valueName":"search_term_string"}}],"inLanguage":"vi-VN"}]}},"_links":{"self":[{"href":"https:\/\/www.fairmonthanoi.com\/vi\/wp-json\/wp\/v2\/pages\/57","targetHints":{"allow":["GET"]}}],"collection":[{"href":"https:\/\/www.fairmonthanoi.com\/vi\/wp-json\/wp\/v2\/pages"}],"about":[{"href":"https:\/\/www.fairmonthanoi.com\/vi\/wp-json\/wp\/v2\/types\/page"}],"author":[{"embeddable":true,"href":"https:\/\/www.fairmonthanoi.com\/vi\/wp-json\/wp\/v2\/users\/30"}],"replies":[{"embeddable":true,"href":"https:\/\/www.fairmonthanoi.com\/vi\/wp-json\/wp\/v2\/comments?post=57"}],"version-history":[{"count":0,"href":"https:\/\/www.fairmonthanoi.com\/vi\/wp-json\/wp\/v2\/pages\/57\/revisions"}],"wp:attachment":[{"href":"https:\/\/www.fairmonthanoi.com\/vi\/wp-json\/wp\/v2\/media?parent=57"}],"wp:term":[{"taxonomy":"category","embeddable":true,"href":"https:\/\/www.fairmonthanoi.com\/vi\/wp-json\/wp\/v2\/categories?post=57"}],"curies":[{"name":"wp","href":"https:\/\/api.w.org\/{rel}","templated":true}]}}