{"id":58,"date":"2025-12-03T01:24:30","date_gmt":"2025-12-03T01:24:30","guid":{"rendered":"https:\/\/fairmonthanoi.accorv2prod2.decms.eu\/contact-us\/"},"modified":"2025-12-17T08:19:07","modified_gmt":"2025-12-17T08:19:07","slug":"contact-us","status":"publish","type":"page","link":"https:\/\/www.fairmonthanoi.com\/vi\/contact-us\/","title":{"rendered":"LI\u00caN H\u1ec6 V\u1edaI CH\u00daNG T\u00d4I"},"content":{"rendered":"<p>Ch\u00fang t\u00f4i lu\u00f4n s\u1eb5n s\u00e0ng h\u1ed7 tr\u1ee3 m\u1ecdi th\u1eafc m\u1eafc li\u00ean quan \u0111\u1ebfn qu\u00e1 tr\u00ecnh l\u01b0u tr\u00fa, \u1ea9m th\u1ef1c, s\u1ef1 ki\u1ec7n hay nh\u1eefng tr\u1ea3i nghi\u1ec7m kh\u00e1c c\u1ee7a Qu\u00fd kh\u00e1ch t\u1ea1i Fairmont Hanoi. Li\u00ean h\u1ec7 v\u1edbi \u0111\u1ed9i ng\u0169 c\u1ee7a ch\u00fang t\u00f4i \u0111\u1ec3 \u0111\u01b0\u1ee3c t\u01b0 v\u1ea5n c\u1ee5 th\u1ec3, h\u1ed7 tr\u1ee3 \u0111\u1eb7t ch\u1ed7, ho\u1eb7c l\u00ean k\u1ebf ho\u1ea1ch cho h\u00e0nh tr\u00ecnh kh\u00e1m ph\u00e1 th\u1ee7 \u0111\u00f4 c\u1ee7a Qu\u00fd kh\u00e1ch.<\/p>\n","protected":false},"excerpt":{"rendered":"<p>Ch\u00fang t\u00f4i lu\u00f4n s\u1eb5n s\u00e0ng h\u1ed7 tr\u1ee3 m\u1ecdi th\u1eafc m\u1eafc li\u00ean quan \u0111\u1ebfn qu\u00e1 tr\u00ecnh l\u01b0u tr\u00fa, \u1ea9m th\u1ef1c, s\u1ef1 ki\u1ec7n hay nh\u1eefng tr\u1ea3i nghi\u1ec7m kh\u00e1c c\u1ee7a Qu\u00fd kh\u00e1ch t\u1ea1i Fairmont Hanoi. Li\u00ean h\u1ec7 v\u1edbi \u0111\u1ed9i ng\u0169 c\u1ee7a ch\u00fang t\u00f4i \u0111\u1ec3 \u0111\u01b0\u1ee3c t\u01b0 v\u1ea5n c\u1ee5 th\u1ec3, h\u1ed7 tr\u1ee3 \u0111\u1eb7t ch\u1ed7, ho\u1eb7c l\u00ean k\u1ebf ho\u1ea1ch cho [&hellip;]<\/p>\n","protected":false},"author":30,"featured_media":0,"parent":0,"menu_order":0,"comment_status":"closed","ping_status":"closed","template":"template-contact.php","meta":{"footnotes":""},"categories":[],"class_list":["post-58","page","type-page","status-publish","hentry"],"acf":[],"yoast_head":"<!-- This site is optimized with the Yoast SEO plugin v26.9 - https:\/\/yoast.com\/product\/yoast-seo-wordpress\/ -->\n<title>Li\u00ean h\u1ec7 v\u1edbi Fairmont Hanoi | \u0110\u1eb7t l\u1ecbch, T\u01b0 v\u1ea5n v\u00e0 H\u1ed7 tr\u1ee3<\/title>\n<meta name=\"description\" content=\"Li\u00ean h\u1ec7 Fairmont Hanoi \u0111\u1ec3 \u0111\u1eb7t ph\u00f2ng, s\u1ef1 ki\u1ec7n, \u0111\u1eb7t b\u00e0n ho\u1eb7c nh\u1eadn h\u1ed7 tr\u1ee3. Ch\u00fang t\u00f4i lu\u00f4n s\u1eb5n l\u00f2ng \u0111\u1ed3ng h\u00e0nh c\u00f9ng Qu\u00fd kh\u00e1ch trong su\u1ed1t k\u1ef3 l\u01b0u tr\u00fa t\u1ea1i th\u1ee7 \u0111\u00f4.\" \/>\n<meta name=\"robots\" content=\"index, follow, max-snippet:-1, max-image-preview:large, max-video-preview:-1\" \/>\n<link rel=\"canonical\" href=\"https:\/\/www.fairmonthanoi.com\/vi\/contact-us\/\" \/>\n<meta property=\"og:locale\" content=\"vi_VN\" \/>\n<meta property=\"og:type\" content=\"article\" \/>\n<meta property=\"og:title\" content=\"Li\u00ean h\u1ec7 v\u1edbi Fairmont Hanoi | \u0110\u1eb7t l\u1ecbch, T\u01b0 v\u1ea5n v\u00e0 H\u1ed7 tr\u1ee3\" \/>\n<meta property=\"og:description\" content=\"Li\u00ean h\u1ec7 Fairmont Hanoi \u0111\u1ec3 \u0111\u1eb7t ph\u00f2ng, s\u1ef1 ki\u1ec7n, \u0111\u1eb7t b\u00e0n ho\u1eb7c nh\u1eadn h\u1ed7 tr\u1ee3. Ch\u00fang t\u00f4i lu\u00f4n s\u1eb5n l\u00f2ng \u0111\u1ed3ng h\u00e0nh c\u00f9ng Qu\u00fd kh\u00e1ch trong su\u1ed1t k\u1ef3 l\u01b0u tr\u00fa t\u1ea1i th\u1ee7 \u0111\u00f4.\" \/>\n<meta property=\"og:url\" content=\"https:\/\/www.fairmonthanoi.com\/vi\/contact-us\/\" \/>\n<meta property=\"og:site_name\" content=\"Fairmont Hanoi\" \/>\n<meta property=\"article:modified_time\" content=\"2025-12-17T08:19:07+00:00\" \/>\n<meta name=\"twitter:card\" content=\"summary_large_image\" \/>\n<meta name=\"twitter:label1\" content=\"Est. reading time\" \/>\n\t<meta name=\"twitter:data1\" content=\"1 minute\" \/>\n<script type=\"application\/ld+json\" class=\"yoast-schema-graph\">{\"@context\":\"https:\/\/schema.org\",\"@graph\":[{\"@type\":\"WebPage\",\"@id\":\"https:\/\/www.fairmonthanoi.com\/vi\/contact-us\/\",\"url\":\"https:\/\/www.fairmonthanoi.com\/vi\/contact-us\/\",\"name\":\"Li\u00ean h\u1ec7 v\u1edbi Fairmont Hanoi | \u0110\u1eb7t l\u1ecbch, T\u01b0 v\u1ea5n v\u00e0 H\u1ed7 tr\u1ee3\",\"isPartOf\":{\"@id\":\"https:\/\/www.fairmonthanoi.com\/#website\"},\"datePublished\":\"2025-12-03T01:24:30+00:00\",\"dateModified\":\"2025-12-17T08:19:07+00:00\",\"description\":\"Li\u00ean h\u1ec7 Fairmont Hanoi \u0111\u1ec3 \u0111\u1eb7t ph\u00f2ng, s\u1ef1 ki\u1ec7n, \u0111\u1eb7t b\u00e0n ho\u1eb7c nh\u1eadn h\u1ed7 tr\u1ee3. Ch\u00fang t\u00f4i lu\u00f4n s\u1eb5n l\u00f2ng \u0111\u1ed3ng h\u00e0nh c\u00f9ng Qu\u00fd kh\u00e1ch trong su\u1ed1t k\u1ef3 l\u01b0u tr\u00fa t\u1ea1i th\u1ee7 \u0111\u00f4.\",\"breadcrumb\":{\"@id\":\"https:\/\/www.fairmonthanoi.com\/vi\/contact-us\/#breadcrumb\"},\"inLanguage\":\"vi-VN\",\"potentialAction\":[{\"@type\":\"ReadAction\",\"target\":[\"https:\/\/www.fairmonthanoi.com\/vi\/contact-us\/\"]}]},{\"@type\":\"BreadcrumbList\",\"@id\":\"https:\/\/www.fairmonthanoi.com\/vi\/contact-us\/#breadcrumb\",\"itemListElement\":[{\"@type\":\"ListItem\",\"position\":1,\"name\":\"Home\",\"item\":\"https:\/\/www.fairmonthanoi.com\/vi\/\"},{\"@type\":\"ListItem\",\"position\":2,\"name\":\"LI\u00caN H\u1ec6 V\u1edaI CH\u00daNG T\u00d4I\"}]},{\"@type\":\"WebSite\",\"@id\":\"https:\/\/www.fairmonthanoi.com\/#website\",\"url\":\"https:\/\/www.fairmonthanoi.com\/\",\"name\":\"Fairmont Hanoi\",\"description\":\"\",\"potentialAction\":[{\"@type\":\"SearchAction\",\"target\":{\"@type\":\"EntryPoint\",\"urlTemplate\":\"https:\/\/www.fairmonthanoi.com\/?s={search_term_string}\"},\"query-input\":{\"@type\":\"PropertyValueSpecification\",\"valueRequired\":true,\"valueName\":\"search_term_string\"}}],\"inLanguage\":\"vi-VN\"}]}<\/script>\n<!-- \/ Yoast SEO plugin. -->","yoast_head_json":{"title":"Li\u00ean h\u1ec7 v\u1edbi Fairmont Hanoi | \u0110\u1eb7t l\u1ecbch, T\u01b0 v\u1ea5n v\u00e0 H\u1ed7 tr\u1ee3","description":"Li\u00ean h\u1ec7 Fairmont Hanoi \u0111\u1ec3 \u0111\u1eb7t ph\u00f2ng, s\u1ef1 ki\u1ec7n, \u0111\u1eb7t b\u00e0n ho\u1eb7c nh\u1eadn h\u1ed7 tr\u1ee3. Ch\u00fang t\u00f4i lu\u00f4n s\u1eb5n l\u00f2ng \u0111\u1ed3ng h\u00e0nh c\u00f9ng Qu\u00fd kh\u00e1ch trong su\u1ed1t k\u1ef3 l\u01b0u tr\u00fa t\u1ea1i th\u1ee7 \u0111\u00f4.","robots":{"index":"index","follow":"follow","max-snippet":"max-snippet:-1","max-image-preview":"max-image-preview:large","max-video-preview":"max-video-preview:-1"},"canonical":"https:\/\/www.fairmonthanoi.com\/vi\/contact-us\/","og_locale":"vi_VN","og_type":"article","og_title":"Li\u00ean h\u1ec7 v\u1edbi Fairmont Hanoi | \u0110\u1eb7t l\u1ecbch, T\u01b0 v\u1ea5n v\u00e0 H\u1ed7 tr\u1ee3","og_description":"Li\u00ean h\u1ec7 Fairmont Hanoi \u0111\u1ec3 \u0111\u1eb7t ph\u00f2ng, s\u1ef1 ki\u1ec7n, \u0111\u1eb7t b\u00e0n ho\u1eb7c nh\u1eadn h\u1ed7 tr\u1ee3. Ch\u00fang t\u00f4i lu\u00f4n s\u1eb5n l\u00f2ng \u0111\u1ed3ng h\u00e0nh c\u00f9ng Qu\u00fd kh\u00e1ch trong su\u1ed1t k\u1ef3 l\u01b0u tr\u00fa t\u1ea1i th\u1ee7 \u0111\u00f4.","og_url":"https:\/\/www.fairmonthanoi.com\/vi\/contact-us\/","og_site_name":"Fairmont Hanoi","article_modified_time":"2025-12-17T08:19:07+00:00","twitter_card":"summary_large_image","twitter_misc":{"Est. reading time":"1 minute"},"schema":{"@context":"https:\/\/schema.org","@graph":[{"@type":"WebPage","@id":"https:\/\/www.fairmonthanoi.com\/vi\/contact-us\/","url":"https:\/\/www.fairmonthanoi.com\/vi\/contact-us\/","name":"Li\u00ean h\u1ec7 v\u1edbi Fairmont Hanoi | \u0110\u1eb7t l\u1ecbch, T\u01b0 v\u1ea5n v\u00e0 H\u1ed7 tr\u1ee3","isPartOf":{"@id":"https:\/\/www.fairmonthanoi.com\/#website"},"datePublished":"2025-12-03T01:24:30+00:00","dateModified":"2025-12-17T08:19:07+00:00","description":"Li\u00ean h\u1ec7 Fairmont Hanoi \u0111\u1ec3 \u0111\u1eb7t ph\u00f2ng, s\u1ef1 ki\u1ec7n, \u0111\u1eb7t b\u00e0n ho\u1eb7c nh\u1eadn h\u1ed7 tr\u1ee3. Ch\u00fang t\u00f4i lu\u00f4n s\u1eb5n l\u00f2ng \u0111\u1ed3ng h\u00e0nh c\u00f9ng Qu\u00fd kh\u00e1ch trong su\u1ed1t k\u1ef3 l\u01b0u tr\u00fa t\u1ea1i th\u1ee7 \u0111\u00f4.","breadcrumb":{"@id":"https:\/\/www.fairmonthanoi.com\/vi\/contact-us\/#breadcrumb"},"inLanguage":"vi-VN","potentialAction":[{"@type":"ReadAction","target":["https:\/\/www.fairmonthanoi.com\/vi\/contact-us\/"]}]},{"@type":"BreadcrumbList","@id":"https:\/\/www.fairmonthanoi.com\/vi\/contact-us\/#breadcrumb","itemListElement":[{"@type":"ListItem","position":1,"name":"Home","item":"https:\/\/www.fairmonthanoi.com\/vi\/"},{"@type":"ListItem","position":2,"name":"LI\u00caN H\u1ec6 V\u1edaI CH\u00daNG T\u00d4I"}]},{"@type":"WebSite","@id":"https:\/\/www.fairmonthanoi.com\/#website","url":"https:\/\/www.fairmonthanoi.com\/","name":"Fairmont Hanoi","description":"","potentialAction":[{"@type":"SearchAction","target":{"@type":"EntryPoint","urlTemplate":"https:\/\/www.fairmonthanoi.com\/?s={search_term_string}"},"query-input":{"@type":"PropertyValueSpecification","valueRequired":true,"valueName":"search_term_string"}}],"inLanguage":"vi-VN"}]}},"_links":{"self":[{"href":"https:\/\/www.fairmonthanoi.com\/vi\/wp-json\/wp\/v2\/pages\/58","targetHints":{"allow":["GET"]}}],"collection":[{"href":"https:\/\/www.fairmonthanoi.com\/vi\/wp-json\/wp\/v2\/pages"}],"about":[{"href":"https:\/\/www.fairmonthanoi.com\/vi\/wp-json\/wp\/v2\/types\/page"}],"author":[{"embeddable":true,"href":"https:\/\/www.fairmonthanoi.com\/vi\/wp-json\/wp\/v2\/users\/30"}],"replies":[{"embeddable":true,"href":"https:\/\/www.fairmonthanoi.com\/vi\/wp-json\/wp\/v2\/comments?post=58"}],"version-history":[{"count":0,"href":"https:\/\/www.fairmonthanoi.com\/vi\/wp-json\/wp\/v2\/pages\/58\/revisions"}],"wp:attachment":[{"href":"https:\/\/www.fairmonthanoi.com\/vi\/wp-json\/wp\/v2\/media?parent=58"}],"wp:term":[{"taxonomy":"category","embeddable":true,"href":"https:\/\/www.fairmonthanoi.com\/vi\/wp-json\/wp\/v2\/categories?post=58"}],"curies":[{"name":"wp","href":"https:\/\/api.w.org\/{rel}","templated":true}]}}