{"id":60,"date":"2025-12-17T08:19:36","date_gmt":"2025-12-17T08:19:36","guid":{"rendered":"https:\/\/fairmonthanoi.accorv2prod2.decms.eu\/legal-notice\/"},"modified":"2025-12-17T08:20:30","modified_gmt":"2025-12-17T08:20:30","slug":"legal-notice","status":"publish","type":"page","link":"https:\/\/www.fairmonthanoi.com\/vi\/legal-notice\/","title":{"rendered":"\u0110I\u1ec0U KHO\u1ea2N PH\u00c1P L\u00dd"},"content":{"rendered":"","protected":false},"excerpt":{"rendered":"","protected":false},"author":30,"featured_media":0,"parent":0,"menu_order":0,"comment_status":"closed","ping_status":"closed","template":"template-legal-notice.php","meta":{"footnotes":""},"categories":[],"class_list":["post-60","page","type-page","status-publish","hentry"],"acf":[],"yoast_head":"<!-- This site is optimized with the Yoast SEO plugin v26.9 - https:\/\/yoast.com\/product\/yoast-seo-wordpress\/ -->\n<title>\u0110i\u1ec1u kho\u1ea3n ph\u00e1p l\u00fd | Ch\u00ednh s\u00e1ch c\u1ee7a Chi nh\u00e1nh GELEX Ho\u00e0n Ki\u1ebfm &amp; Fairmont Hanoi<\/title>\n<meta name=\"description\" content=\"Tham kh\u1ea3o c\u00e1c \u0111i\u1ec1u kho\u1ea3n ph\u00e1p l\u00fd c\u1ee7a Fairmont Hanoi v\u00e0 Chi nh\u00e1nh Ho\u00e0n Ki\u1ebfm \u2013 C\u00f4ng ty C\u1ed5 ph\u1ea7n T\u1eadp \u0111o\u00e0n GELEX, bao g\u1ed3m \u0111i\u1ec1u kho\u1ea3n s\u1eed d\u1ee5ng, b\u1ea3o v\u1ec7 d\u1eef li\u1ec7u, mi\u1ec5n tr\u1eeb tr\u00e1ch nhi\u1ec7m v\u00e0 tu\u00e2n th\u1ee7 ph\u00e1p lu\u1eadt Vi\u1ec7t Nam.\" \/>\n<meta name=\"robots\" content=\"index, follow, max-snippet:-1, max-image-preview:large, max-video-preview:-1\" \/>\n<link rel=\"canonical\" href=\"https:\/\/www.fairmonthanoi.com\/vi\/legal-notice\/\" \/>\n<meta property=\"og:locale\" content=\"vi_VN\" \/>\n<meta property=\"og:type\" content=\"article\" \/>\n<meta property=\"og:title\" content=\"\u0110i\u1ec1u kho\u1ea3n ph\u00e1p l\u00fd | Ch\u00ednh s\u00e1ch c\u1ee7a Chi nh\u00e1nh GELEX Ho\u00e0n Ki\u1ebfm &amp; Fairmont Hanoi\" \/>\n<meta property=\"og:description\" content=\"Tham kh\u1ea3o c\u00e1c \u0111i\u1ec1u kho\u1ea3n ph\u00e1p l\u00fd c\u1ee7a Fairmont Hanoi v\u00e0 Chi nh\u00e1nh Ho\u00e0n Ki\u1ebfm \u2013 C\u00f4ng ty C\u1ed5 ph\u1ea7n T\u1eadp \u0111o\u00e0n GELEX, bao g\u1ed3m \u0111i\u1ec1u kho\u1ea3n s\u1eed d\u1ee5ng, b\u1ea3o v\u1ec7 d\u1eef li\u1ec7u, mi\u1ec5n tr\u1eeb tr\u00e1ch nhi\u1ec7m v\u00e0 tu\u00e2n th\u1ee7 ph\u00e1p lu\u1eadt Vi\u1ec7t Nam.\" \/>\n<meta property=\"og:url\" content=\"https:\/\/www.fairmonthanoi.com\/vi\/legal-notice\/\" \/>\n<meta property=\"og:site_name\" content=\"Fairmont Hanoi\" \/>\n<meta property=\"article:modified_time\" content=\"2025-12-17T08:20:30+00:00\" \/>\n<meta name=\"twitter:card\" content=\"summary_large_image\" \/>\n<script type=\"application\/ld+json\" class=\"yoast-schema-graph\">{\"@context\":\"https:\/\/schema.org\",\"@graph\":[{\"@type\":\"WebPage\",\"@id\":\"https:\/\/www.fairmonthanoi.com\/vi\/legal-notice\/\",\"url\":\"https:\/\/www.fairmonthanoi.com\/vi\/legal-notice\/\",\"name\":\"\u0110i\u1ec1u kho\u1ea3n ph\u00e1p l\u00fd | Ch\u00ednh s\u00e1ch c\u1ee7a Chi nh\u00e1nh GELEX Ho\u00e0n Ki\u1ebfm & Fairmont Hanoi\",\"isPartOf\":{\"@id\":\"https:\/\/www.fairmonthanoi.com\/#website\"},\"datePublished\":\"2025-12-17T08:19:36+00:00\",\"dateModified\":\"2025-12-17T08:20:30+00:00\",\"description\":\"Tham kh\u1ea3o c\u00e1c \u0111i\u1ec1u kho\u1ea3n ph\u00e1p l\u00fd c\u1ee7a Fairmont Hanoi v\u00e0 Chi nh\u00e1nh Ho\u00e0n Ki\u1ebfm \u2013 C\u00f4ng ty C\u1ed5 ph\u1ea7n T\u1eadp \u0111o\u00e0n GELEX, bao g\u1ed3m \u0111i\u1ec1u kho\u1ea3n s\u1eed d\u1ee5ng, b\u1ea3o v\u1ec7 d\u1eef li\u1ec7u, mi\u1ec5n tr\u1eeb tr\u00e1ch nhi\u1ec7m v\u00e0 tu\u00e2n th\u1ee7 ph\u00e1p lu\u1eadt Vi\u1ec7t Nam.\",\"breadcrumb\":{\"@id\":\"https:\/\/www.fairmonthanoi.com\/vi\/legal-notice\/#breadcrumb\"},\"inLanguage\":\"vi-VN\",\"potentialAction\":[{\"@type\":\"ReadAction\",\"target\":[\"https:\/\/www.fairmonthanoi.com\/vi\/legal-notice\/\"]}]},{\"@type\":\"BreadcrumbList\",\"@id\":\"https:\/\/www.fairmonthanoi.com\/vi\/legal-notice\/#breadcrumb\",\"itemListElement\":[{\"@type\":\"ListItem\",\"position\":1,\"name\":\"Home\",\"item\":\"https:\/\/www.fairmonthanoi.com\/vi\/\"},{\"@type\":\"ListItem\",\"position\":2,\"name\":\"\u0110I\u1ec0U KHO\u1ea2N PH\u00c1P L\u00dd\"}]},{\"@type\":\"WebSite\",\"@id\":\"https:\/\/www.fairmonthanoi.com\/#website\",\"url\":\"https:\/\/www.fairmonthanoi.com\/\",\"name\":\"Fairmont Hanoi\",\"description\":\"\",\"potentialAction\":[{\"@type\":\"SearchAction\",\"target\":{\"@type\":\"EntryPoint\",\"urlTemplate\":\"https:\/\/www.fairmonthanoi.com\/?s={search_term_string}\"},\"query-input\":{\"@type\":\"PropertyValueSpecification\",\"valueRequired\":true,\"valueName\":\"search_term_string\"}}],\"inLanguage\":\"vi-VN\"}]}<\/script>\n<!-- \/ Yoast SEO plugin. -->","yoast_head_json":{"title":"\u0110i\u1ec1u kho\u1ea3n ph\u00e1p l\u00fd | Ch\u00ednh s\u00e1ch c\u1ee7a Chi nh\u00e1nh GELEX Ho\u00e0n Ki\u1ebfm & Fairmont Hanoi","description":"Tham kh\u1ea3o c\u00e1c \u0111i\u1ec1u kho\u1ea3n ph\u00e1p l\u00fd c\u1ee7a Fairmont Hanoi v\u00e0 Chi nh\u00e1nh Ho\u00e0n Ki\u1ebfm \u2013 C\u00f4ng ty C\u1ed5 ph\u1ea7n T\u1eadp \u0111o\u00e0n GELEX, bao g\u1ed3m \u0111i\u1ec1u kho\u1ea3n s\u1eed d\u1ee5ng, b\u1ea3o v\u1ec7 d\u1eef li\u1ec7u, mi\u1ec5n tr\u1eeb tr\u00e1ch nhi\u1ec7m v\u00e0 tu\u00e2n th\u1ee7 ph\u00e1p lu\u1eadt Vi\u1ec7t Nam.","robots":{"index":"index","follow":"follow","max-snippet":"max-snippet:-1","max-image-preview":"max-image-preview:large","max-video-preview":"max-video-preview:-1"},"canonical":"https:\/\/www.fairmonthanoi.com\/vi\/legal-notice\/","og_locale":"vi_VN","og_type":"article","og_title":"\u0110i\u1ec1u kho\u1ea3n ph\u00e1p l\u00fd | Ch\u00ednh s\u00e1ch c\u1ee7a Chi nh\u00e1nh GELEX Ho\u00e0n Ki\u1ebfm & Fairmont Hanoi","og_description":"Tham kh\u1ea3o c\u00e1c \u0111i\u1ec1u kho\u1ea3n ph\u00e1p l\u00fd c\u1ee7a Fairmont Hanoi v\u00e0 Chi nh\u00e1nh Ho\u00e0n Ki\u1ebfm \u2013 C\u00f4ng ty C\u1ed5 ph\u1ea7n T\u1eadp \u0111o\u00e0n GELEX, bao g\u1ed3m \u0111i\u1ec1u kho\u1ea3n s\u1eed d\u1ee5ng, b\u1ea3o v\u1ec7 d\u1eef li\u1ec7u, mi\u1ec5n tr\u1eeb tr\u00e1ch nhi\u1ec7m v\u00e0 tu\u00e2n th\u1ee7 ph\u00e1p lu\u1eadt Vi\u1ec7t Nam.","og_url":"https:\/\/www.fairmonthanoi.com\/vi\/legal-notice\/","og_site_name":"Fairmont Hanoi","article_modified_time":"2025-12-17T08:20:30+00:00","twitter_card":"summary_large_image","schema":{"@context":"https:\/\/schema.org","@graph":[{"@type":"WebPage","@id":"https:\/\/www.fairmonthanoi.com\/vi\/legal-notice\/","url":"https:\/\/www.fairmonthanoi.com\/vi\/legal-notice\/","name":"\u0110i\u1ec1u kho\u1ea3n ph\u00e1p l\u00fd | Ch\u00ednh s\u00e1ch c\u1ee7a Chi nh\u00e1nh GELEX Ho\u00e0n Ki\u1ebfm & Fairmont Hanoi","isPartOf":{"@id":"https:\/\/www.fairmonthanoi.com\/#website"},"datePublished":"2025-12-17T08:19:36+00:00","dateModified":"2025-12-17T08:20:30+00:00","description":"Tham kh\u1ea3o c\u00e1c \u0111i\u1ec1u kho\u1ea3n ph\u00e1p l\u00fd c\u1ee7a Fairmont Hanoi v\u00e0 Chi nh\u00e1nh Ho\u00e0n Ki\u1ebfm \u2013 C\u00f4ng ty C\u1ed5 ph\u1ea7n T\u1eadp \u0111o\u00e0n GELEX, bao g\u1ed3m \u0111i\u1ec1u kho\u1ea3n s\u1eed d\u1ee5ng, b\u1ea3o v\u1ec7 d\u1eef li\u1ec7u, mi\u1ec5n tr\u1eeb tr\u00e1ch nhi\u1ec7m v\u00e0 tu\u00e2n th\u1ee7 ph\u00e1p lu\u1eadt Vi\u1ec7t Nam.","breadcrumb":{"@id":"https:\/\/www.fairmonthanoi.com\/vi\/legal-notice\/#breadcrumb"},"inLanguage":"vi-VN","potentialAction":[{"@type":"ReadAction","target":["https:\/\/www.fairmonthanoi.com\/vi\/legal-notice\/"]}]},{"@type":"BreadcrumbList","@id":"https:\/\/www.fairmonthanoi.com\/vi\/legal-notice\/#breadcrumb","itemListElement":[{"@type":"ListItem","position":1,"name":"Home","item":"https:\/\/www.fairmonthanoi.com\/vi\/"},{"@type":"ListItem","position":2,"name":"\u0110I\u1ec0U KHO\u1ea2N PH\u00c1P L\u00dd"}]},{"@type":"WebSite","@id":"https:\/\/www.fairmonthanoi.com\/#website","url":"https:\/\/www.fairmonthanoi.com\/","name":"Fairmont Hanoi","description":"","potentialAction":[{"@type":"SearchAction","target":{"@type":"EntryPoint","urlTemplate":"https:\/\/www.fairmonthanoi.com\/?s={search_term_string}"},"query-input":{"@type":"PropertyValueSpecification","valueRequired":true,"valueName":"search_term_string"}}],"inLanguage":"vi-VN"}]}},"_links":{"self":[{"href":"https:\/\/www.fairmonthanoi.com\/vi\/wp-json\/wp\/v2\/pages\/60","targetHints":{"allow":["GET"]}}],"collection":[{"href":"https:\/\/www.fairmonthanoi.com\/vi\/wp-json\/wp\/v2\/pages"}],"about":[{"href":"https:\/\/www.fairmonthanoi.com\/vi\/wp-json\/wp\/v2\/types\/page"}],"author":[{"embeddable":true,"href":"https:\/\/www.fairmonthanoi.com\/vi\/wp-json\/wp\/v2\/users\/30"}],"replies":[{"embeddable":true,"href":"https:\/\/www.fairmonthanoi.com\/vi\/wp-json\/wp\/v2\/comments?post=60"}],"version-history":[{"count":0,"href":"https:\/\/www.fairmonthanoi.com\/vi\/wp-json\/wp\/v2\/pages\/60\/revisions"}],"wp:attachment":[{"href":"https:\/\/www.fairmonthanoi.com\/vi\/wp-json\/wp\/v2\/media?parent=60"}],"wp:term":[{"taxonomy":"category","embeddable":true,"href":"https:\/\/www.fairmonthanoi.com\/vi\/wp-json\/wp\/v2\/categories?post=60"}],"curies":[{"name":"wp","href":"https:\/\/api.w.org\/{rel}","templated":true}]}}