{"id":96,"date":"2025-12-18T06:56:33","date_gmt":"2025-12-18T06:56:33","guid":{"rendered":"https:\/\/fairmonthanoi.accorv2prod2.decms.eu\/about-fairmont-hanoi\/"},"modified":"2026-01-21T06:16:57","modified_gmt":"2026-01-21T06:16:57","slug":"about-fairmont-hanoi","status":"publish","type":"page","link":"https:\/\/www.fairmonthanoi.com\/vi\/about-fairmont-hanoi\/","title":{"rendered":"V\u1ec0 FAIRMONT HANOI"},"content":{"rendered":"<p>T\u1ea1i Fairmont Hanoi, v\u1ebb \u0111\u1eb9p sang tr\u1ecdng v\u01b0\u1ee3t th\u1eddi gian giao h\u00f2a c\u00f9ng ngu\u1ed3n n\u0103ng l\u01b0\u1ee3ng s\u1ed1ng \u0111\u1ed9ng c\u1ee7a Th\u1ee7 \u0111\u00f4. T\u1ecda l\u1ea1c n\u01a1i giao thoa gi\u1eefa Ph\u1ed1 C\u1ed5 v\u00e0 khu Ph\u1ed1 Ph\u00e1p, kh\u00e1ch s\u1ea1n t\u00e1i \u0111\u1ecbnh ngh\u0129a ngh\u1ec7 thu\u1eadt hi\u1ebfu kh\u00e1ch th\u00f4ng qua thi\u1ebft k\u1ebf tinh t\u1ebf, d\u1ecbch v\u1ee5 t\u1eadn t\u00e2m v\u00e0 s\u1ef1 k\u1ebft n\u1ed1i v\u0103n h\u00f3a \u0111\u1ea7y chi\u1ec1u s\u00e2u.<br \/>\nT\u1eeb nh\u1eefng nh\u00e0 h\u00e0ng \u0111\u1eb7c tr\u01b0ng \u0111\u1ebfn bathhouse quy m\u00f4 b\u1eadc nh\u1ea5t th\u00e0nh ph\u1ed1, m\u1ed7i tr\u1ea3i nghi\u1ec7m \u0111\u1ec1u \u0111\u01b0\u1ee3c ki\u1ebfn t\u1ea1o v\u1edbi tinh th\u1ea7n b\u1ea3n \u0111\u1ecba r\u00f5 n\u00e9t. D\u00f9 Qu\u00fd kh\u00e1ch \u0111\u1ebfn H\u00e0 N\u1ed9i v\u00ec c\u00f4ng vi\u1ec7c, nh\u1eefng d\u1ecbp k\u1ef7 ni\u1ec7m hay h\u00e0nh tr\u00ecnh kh\u00e1m ph\u00e1, Fairmont Hanoi lu\u00f4n l\u00e0 \u0111i\u1ec3m \u0111\u1ebfn truy\u1ec1n c\u1ea3m h\u1ee9ng, n\u01a1i nh\u1eefng c\u00e2u chuy\u1ec7n \u0111\u01b0\u1ee3c vi\u1ebft ti\u1ebfp v\u00e0 H\u00e0 N\u1ed9i \u0111\u01b0\u01a1ng \u0111\u1ea1i d\u1ea7n hi\u1ec7n l\u00ean \u0111\u1ea7y s\u1ed1ng \u0111\u1ed9ng.<\/p>\n","protected":false},"excerpt":{"rendered":"<p>T\u1ea1i Fairmont Hanoi, v\u1ebb \u0111\u1eb9p sang tr\u1ecdng v\u01b0\u1ee3t th\u1eddi gian giao h\u00f2a c\u00f9ng ngu\u1ed3n n\u0103ng l\u01b0\u1ee3ng s\u1ed1ng \u0111\u1ed9ng c\u1ee7a Th\u1ee7 \u0111\u00f4. T\u1ecda l\u1ea1c n\u01a1i giao thoa gi\u1eefa Ph\u1ed1 C\u1ed5 v\u00e0 khu Ph\u1ed1 Ph\u00e1p, kh\u00e1ch s\u1ea1n t\u00e1i \u0111\u1ecbnh ngh\u0129a ngh\u1ec7 thu\u1eadt hi\u1ebfu kh\u00e1ch th\u00f4ng qua thi\u1ebft k\u1ebf tinh t\u1ebf, d\u1ecbch v\u1ee5 t\u1eadn t\u00e2m v\u00e0 s\u1ef1 k\u1ebft [&hellip;]<\/p>\n","protected":false},"author":30,"featured_media":0,"parent":0,"menu_order":0,"comment_status":"closed","ping_status":"closed","template":"","meta":{"footnotes":""},"categories":[],"class_list":["post-96","page","type-page","status-publish","hentry"],"acf":[],"yoast_head":"<!-- This site is optimized with the Yoast SEO plugin v26.9 - https:\/\/yoast.com\/product\/yoast-seo-wordpress\/ -->\n<title>Fairmont Hanoi | Kh\u00e1ch s\u1ea1n sang tr\u1ecdng gi\u1eefa giao l\u1ed9 Ph\u1ed1 C\u1ed5 &amp; Khu Ph\u1ed1 Ph\u00e1p<\/title>\n<meta name=\"description\" content=\"Kh\u00e1m ph\u00e1 Fairmont Hanoi: n\u01a1i di s\u1ea3n, ngh\u1ec7 thu\u1eadt ch\u1ebf t\u00e1c, \u1ea9m th\u1ef1c tinh tuy\u1ec3n v\u00e0 ch\u0103m s\u00f3c s\u1ee9c kh\u1ecfe to\u00e0n di\u1ec7n h\u1ed9i t\u1ee5 trong m\u1ed9t d\u1ea5u \u1ea5n l\u01b0u tr\u00fa \u0111\u1eb3ng c\u1ea5p, t\u1ecda l\u1ea1c t\u1ea1i giao \u0111i\u1ec3m l\u1ecbch s\u1eed c\u1ee7a H\u00e0 N\u1ed9i.\" \/>\n<meta name=\"robots\" content=\"index, follow, max-snippet:-1, max-image-preview:large, max-video-preview:-1\" \/>\n<link rel=\"canonical\" href=\"https:\/\/www.fairmonthanoi.com\/vi\/about-fairmont-hanoi\/\" \/>\n<meta property=\"og:locale\" content=\"vi_VN\" \/>\n<meta property=\"og:type\" content=\"article\" \/>\n<meta property=\"og:title\" content=\"Fairmont Hanoi | Kh\u00e1ch s\u1ea1n sang tr\u1ecdng gi\u1eefa giao l\u1ed9 Ph\u1ed1 C\u1ed5 &amp; Khu Ph\u1ed1 Ph\u00e1p\" \/>\n<meta property=\"og:description\" content=\"Kh\u00e1m ph\u00e1 Fairmont Hanoi: n\u01a1i di s\u1ea3n, ngh\u1ec7 thu\u1eadt ch\u1ebf t\u00e1c, \u1ea9m th\u1ef1c tinh tuy\u1ec3n v\u00e0 ch\u0103m s\u00f3c s\u1ee9c kh\u1ecfe to\u00e0n di\u1ec7n h\u1ed9i t\u1ee5 trong m\u1ed9t d\u1ea5u \u1ea5n l\u01b0u tr\u00fa \u0111\u1eb3ng c\u1ea5p, t\u1ecda l\u1ea1c t\u1ea1i giao \u0111i\u1ec3m l\u1ecbch s\u1eed c\u1ee7a H\u00e0 N\u1ed9i.\" \/>\n<meta property=\"og:url\" content=\"https:\/\/www.fairmonthanoi.com\/vi\/about-fairmont-hanoi\/\" \/>\n<meta property=\"og:site_name\" content=\"Fairmont Hanoi\" \/>\n<meta property=\"article:modified_time\" content=\"2026-01-21T06:16:57+00:00\" \/>\n<meta name=\"twitter:card\" content=\"summary_large_image\" \/>\n<meta name=\"twitter:label1\" content=\"Est. reading time\" \/>\n\t<meta name=\"twitter:data1\" content=\"1 minute\" \/>\n<script type=\"application\/ld+json\" class=\"yoast-schema-graph\">{\"@context\":\"https:\/\/schema.org\",\"@graph\":[{\"@type\":\"WebPage\",\"@id\":\"https:\/\/www.fairmonthanoi.com\/vi\/about-fairmont-hanoi\/\",\"url\":\"https:\/\/www.fairmonthanoi.com\/vi\/about-fairmont-hanoi\/\",\"name\":\"Fairmont Hanoi | Kh\u00e1ch s\u1ea1n sang tr\u1ecdng gi\u1eefa giao l\u1ed9 Ph\u1ed1 C\u1ed5 & Khu Ph\u1ed1 Ph\u00e1p\",\"isPartOf\":{\"@id\":\"https:\/\/www.fairmonthanoi.com\/#website\"},\"datePublished\":\"2025-12-18T06:56:33+00:00\",\"dateModified\":\"2026-01-21T06:16:57+00:00\",\"description\":\"Kh\u00e1m ph\u00e1 Fairmont Hanoi: n\u01a1i di s\u1ea3n, ngh\u1ec7 thu\u1eadt ch\u1ebf t\u00e1c, \u1ea9m th\u1ef1c tinh tuy\u1ec3n v\u00e0 ch\u0103m s\u00f3c s\u1ee9c kh\u1ecfe to\u00e0n di\u1ec7n h\u1ed9i t\u1ee5 trong m\u1ed9t d\u1ea5u \u1ea5n l\u01b0u tr\u00fa \u0111\u1eb3ng c\u1ea5p, t\u1ecda l\u1ea1c t\u1ea1i giao \u0111i\u1ec3m l\u1ecbch s\u1eed c\u1ee7a H\u00e0 N\u1ed9i.\",\"breadcrumb\":{\"@id\":\"https:\/\/www.fairmonthanoi.com\/vi\/about-fairmont-hanoi\/#breadcrumb\"},\"inLanguage\":\"vi-VN\",\"potentialAction\":[{\"@type\":\"ReadAction\",\"target\":[\"https:\/\/www.fairmonthanoi.com\/vi\/about-fairmont-hanoi\/\"]}]},{\"@type\":\"BreadcrumbList\",\"@id\":\"https:\/\/www.fairmonthanoi.com\/vi\/about-fairmont-hanoi\/#breadcrumb\",\"itemListElement\":[{\"@type\":\"ListItem\",\"position\":1,\"name\":\"Home\",\"item\":\"https:\/\/www.fairmonthanoi.com\/vi\/\"},{\"@type\":\"ListItem\",\"position\":2,\"name\":\"V\u1ec0 FAIRMONT HANOI\"}]},{\"@type\":\"WebSite\",\"@id\":\"https:\/\/www.fairmonthanoi.com\/#website\",\"url\":\"https:\/\/www.fairmonthanoi.com\/\",\"name\":\"Fairmont Hanoi\",\"description\":\"\",\"potentialAction\":[{\"@type\":\"SearchAction\",\"target\":{\"@type\":\"EntryPoint\",\"urlTemplate\":\"https:\/\/www.fairmonthanoi.com\/?s={search_term_string}\"},\"query-input\":{\"@type\":\"PropertyValueSpecification\",\"valueRequired\":true,\"valueName\":\"search_term_string\"}}],\"inLanguage\":\"vi-VN\"}]}<\/script>\n<!-- \/ Yoast SEO plugin. -->","yoast_head_json":{"title":"Fairmont Hanoi | Kh\u00e1ch s\u1ea1n sang tr\u1ecdng gi\u1eefa giao l\u1ed9 Ph\u1ed1 C\u1ed5 & Khu Ph\u1ed1 Ph\u00e1p","description":"Kh\u00e1m ph\u00e1 Fairmont Hanoi: n\u01a1i di s\u1ea3n, ngh\u1ec7 thu\u1eadt ch\u1ebf t\u00e1c, \u1ea9m th\u1ef1c tinh tuy\u1ec3n v\u00e0 ch\u0103m s\u00f3c s\u1ee9c kh\u1ecfe to\u00e0n di\u1ec7n h\u1ed9i t\u1ee5 trong m\u1ed9t d\u1ea5u \u1ea5n l\u01b0u tr\u00fa \u0111\u1eb3ng c\u1ea5p, t\u1ecda l\u1ea1c t\u1ea1i giao \u0111i\u1ec3m l\u1ecbch s\u1eed c\u1ee7a H\u00e0 N\u1ed9i.","robots":{"index":"index","follow":"follow","max-snippet":"max-snippet:-1","max-image-preview":"max-image-preview:large","max-video-preview":"max-video-preview:-1"},"canonical":"https:\/\/www.fairmonthanoi.com\/vi\/about-fairmont-hanoi\/","og_locale":"vi_VN","og_type":"article","og_title":"Fairmont Hanoi | Kh\u00e1ch s\u1ea1n sang tr\u1ecdng gi\u1eefa giao l\u1ed9 Ph\u1ed1 C\u1ed5 & Khu Ph\u1ed1 Ph\u00e1p","og_description":"Kh\u00e1m ph\u00e1 Fairmont Hanoi: n\u01a1i di s\u1ea3n, ngh\u1ec7 thu\u1eadt ch\u1ebf t\u00e1c, \u1ea9m th\u1ef1c tinh tuy\u1ec3n v\u00e0 ch\u0103m s\u00f3c s\u1ee9c kh\u1ecfe to\u00e0n di\u1ec7n h\u1ed9i t\u1ee5 trong m\u1ed9t d\u1ea5u \u1ea5n l\u01b0u tr\u00fa \u0111\u1eb3ng c\u1ea5p, t\u1ecda l\u1ea1c t\u1ea1i giao \u0111i\u1ec3m l\u1ecbch s\u1eed c\u1ee7a H\u00e0 N\u1ed9i.","og_url":"https:\/\/www.fairmonthanoi.com\/vi\/about-fairmont-hanoi\/","og_site_name":"Fairmont Hanoi","article_modified_time":"2026-01-21T06:16:57+00:00","twitter_card":"summary_large_image","twitter_misc":{"Est. reading time":"1 minute"},"schema":{"@context":"https:\/\/schema.org","@graph":[{"@type":"WebPage","@id":"https:\/\/www.fairmonthanoi.com\/vi\/about-fairmont-hanoi\/","url":"https:\/\/www.fairmonthanoi.com\/vi\/about-fairmont-hanoi\/","name":"Fairmont Hanoi | Kh\u00e1ch s\u1ea1n sang tr\u1ecdng gi\u1eefa giao l\u1ed9 Ph\u1ed1 C\u1ed5 & Khu Ph\u1ed1 Ph\u00e1p","isPartOf":{"@id":"https:\/\/www.fairmonthanoi.com\/#website"},"datePublished":"2025-12-18T06:56:33+00:00","dateModified":"2026-01-21T06:16:57+00:00","description":"Kh\u00e1m ph\u00e1 Fairmont Hanoi: n\u01a1i di s\u1ea3n, ngh\u1ec7 thu\u1eadt ch\u1ebf t\u00e1c, \u1ea9m th\u1ef1c tinh tuy\u1ec3n v\u00e0 ch\u0103m s\u00f3c s\u1ee9c kh\u1ecfe to\u00e0n di\u1ec7n h\u1ed9i t\u1ee5 trong m\u1ed9t d\u1ea5u \u1ea5n l\u01b0u tr\u00fa \u0111\u1eb3ng c\u1ea5p, t\u1ecda l\u1ea1c t\u1ea1i giao \u0111i\u1ec3m l\u1ecbch s\u1eed c\u1ee7a H\u00e0 N\u1ed9i.","breadcrumb":{"@id":"https:\/\/www.fairmonthanoi.com\/vi\/about-fairmont-hanoi\/#breadcrumb"},"inLanguage":"vi-VN","potentialAction":[{"@type":"ReadAction","target":["https:\/\/www.fairmonthanoi.com\/vi\/about-fairmont-hanoi\/"]}]},{"@type":"BreadcrumbList","@id":"https:\/\/www.fairmonthanoi.com\/vi\/about-fairmont-hanoi\/#breadcrumb","itemListElement":[{"@type":"ListItem","position":1,"name":"Home","item":"https:\/\/www.fairmonthanoi.com\/vi\/"},{"@type":"ListItem","position":2,"name":"V\u1ec0 FAIRMONT HANOI"}]},{"@type":"WebSite","@id":"https:\/\/www.fairmonthanoi.com\/#website","url":"https:\/\/www.fairmonthanoi.com\/","name":"Fairmont Hanoi","description":"","potentialAction":[{"@type":"SearchAction","target":{"@type":"EntryPoint","urlTemplate":"https:\/\/www.fairmonthanoi.com\/?s={search_term_string}"},"query-input":{"@type":"PropertyValueSpecification","valueRequired":true,"valueName":"search_term_string"}}],"inLanguage":"vi-VN"}]}},"_links":{"self":[{"href":"https:\/\/www.fairmonthanoi.com\/vi\/wp-json\/wp\/v2\/pages\/96","targetHints":{"allow":["GET"]}}],"collection":[{"href":"https:\/\/www.fairmonthanoi.com\/vi\/wp-json\/wp\/v2\/pages"}],"about":[{"href":"https:\/\/www.fairmonthanoi.com\/vi\/wp-json\/wp\/v2\/types\/page"}],"author":[{"embeddable":true,"href":"https:\/\/www.fairmonthanoi.com\/vi\/wp-json\/wp\/v2\/users\/30"}],"replies":[{"embeddable":true,"href":"https:\/\/www.fairmonthanoi.com\/vi\/wp-json\/wp\/v2\/comments?post=96"}],"version-history":[{"count":0,"href":"https:\/\/www.fairmonthanoi.com\/vi\/wp-json\/wp\/v2\/pages\/96\/revisions"}],"wp:attachment":[{"href":"https:\/\/www.fairmonthanoi.com\/vi\/wp-json\/wp\/v2\/media?parent=96"}],"wp:term":[{"taxonomy":"category","embeddable":true,"href":"https:\/\/www.fairmonthanoi.com\/vi\/wp-json\/wp\/v2\/categories?post=96"}],"curies":[{"name":"wp","href":"https:\/\/api.w.org\/{rel}","templated":true}]}}